{"id":429,"date":"2015-03-18T14:25:26","date_gmt":"2015-03-18T13:25:26","guid":{"rendered":"http:\/\/agora.xtec.cat\/inssobreques\/?page_id=429"},"modified":"2020-06-29T10:15:55","modified_gmt":"2020-06-29T08:15:55","slug":"documentacio-secretaria","status":"publish","type":"page","link":"https:\/\/agora.xtec.cat\/inssobreques\/secretaria\/documentacio-secretaria\/","title":{"rendered":"Documentaci\u00f3 Secretaria"},"content":{"rendered":"<h2>Acreditaci\u00f3 de catal\u00e0<\/h2>\n<table style=\"height: 96px;\">\n<tbody>\n<tr style=\"height: 32px;\">\n<td style=\"height: 32px; width: 631.46875px;\"><a href=\"https:\/\/drive.google.com\/open?id=0B-W78wKJGBihdzQtLWptLVFFTkE\" target=\"_blank\" rel=\"noopener noreferrer\">Normativa Acreditaci\u00f3 Nivell Catal\u00e0<\/a><\/td>\n<\/tr>\n<tr style=\"height: 32px;\">\n<td style=\"height: 32px; width: 631.46875px;\"><a href=\"https:\/\/drive.google.com\/file\/d\/1KsHBlqT6exGSobyJ73FEbHZdrVJ4kqSX\/view?usp=sharing\" target=\"_blank\" rel=\"noopener noreferrer\">Reconeixement de Nivell B2\/C1<\/a><\/td>\n<\/tr>\n<\/tbody>\n<\/table>\n<h2>Convalidacions<\/h2>\n<table>\n<tbody>\n<tr>\n<td><a href=\"https:\/\/drive.google.com\/open?id=0B-W78wKJGBihSTFuOU55aTQxTFk\" target=\"_blank\" rel=\"noopener noreferrer\">Requisits Batxillerat-Dansa<\/a><\/td>\n<\/tr>\n<tr>\n<td><a href=\"https:\/\/drive.google.com\/open?id=0B-W78wKJGBihVkE2RFFVcV9WXzQ\" target=\"_blank\" rel=\"noopener noreferrer\">Requisits Batxillerat-M\u00fasica<\/a><\/td>\n<\/tr>\n<tr>\n<td><a href=\"https:\/\/drive.google.com\/open?id=0B-W78wKJGBihQmhUSGNPZW1Sams\" target=\"_blank\" rel=\"noopener noreferrer\">Requisits ESO-M\u00fasica<\/a><\/td>\n<\/tr>\n<tr>\n<td><a href=\"https:\/\/drive.google.com\/open?id=0B-W78wKJGBihenNzaXBxZkl3WDA\" target=\"_blank\" rel=\"noopener noreferrer\">Sol\u00b7licitud Batxillerat-Dansa BDA3<\/a><\/td>\n<\/tr>\n<tr>\n<td><a href=\"https:\/\/drive.google.com\/open?id=0B-W78wKJGBihVl9zZG4zVE82U2s\" target=\"_blank\" rel=\"noopener noreferrer\">Sol\u00b7licitud Batxillerat-M\u00fasica BMU1<\/a><\/td>\n<\/tr>\n<tr>\n<td><a href=\"https:\/\/drive.google.com\/open?id=0B-W78wKJGBihM2NIdFhBRjFVVFE\" target=\"_blank\" rel=\"noopener noreferrer\">Sol\u00b7licitud ESO-M\u00fasica EMU1 \u00a0 \u00a0 \u00a0 \u00a0 \u00a0 \u00a0 \u00a0 \u00a0 \u00a0 \u00a0 \u00a0 \u00a0 \u00a0 \u00a0 \u00a0 \u00a0 \u00a0 \u00a0 \u00a0 \u00a0 \u00a0 \u00a0 \u00a0 \u00a0 \u00a0 \u00a0 \u00a0 \u00a0 \u00a0 \u00a0 \u00a0 \u00a0 \u00a0 \u00a0 \u00a0 \u00a0 \u00a0 \u00a0 \u00a0 \u00a0 \u00a0 \u00a0 \u00a0 \u00a0 \u00a0 \u00a0 \u00a0 \u00a0 \u00a0 \u00a0 \u00a0 \u00a0 \u00a0 \u00a0 \u00a0<\/a><\/td>\n<\/tr>\n<\/tbody>\n<\/table>\n<h2>Sol\u00b7licituds<\/h2>\n<table>\n<tbody>\n<tr>\n<td><a href=\"https:\/\/drive.google.com\/open?id=0B-W78wKJGBihYlJueGVnandYUUk\" target=\"_blank\" rel=\"noopener noreferrer\">Sol\u00b7licitud de t\u00edtol acad\u00e8mic Batxillerat \u00a0 \u00a0 \u00a0 \u00a0 \u00a0 \u00a0 \u00a0 \u00a0 \u00a0 \u00a0 \u00a0 \u00a0 \u00a0 \u00a0 \u00a0 \u00a0 \u00a0 \u00a0 \u00a0 \u00a0 \u00a0 \u00a0 \u00a0 \u00a0 \u00a0 \u00a0 \u00a0 \u00a0 \u00a0 \u00a0 \u00a0 \u00a0 \u00a0 \u00a0 \u00a0 \u00a0 \u00a0 \u00a0 \u00a0 \u00a0 \u00a0 \u00a0 \u00a0 \u00a0 \u00a0 \u00a0 \u00a0 \u00a0\u00a0<\/a><\/td>\n<\/tr>\n<tr>\n<td><a href=\"https:\/\/drive.google.com\/open?id=0B-W78wKJGBihYU02LVVrQnpJcWM\" target=\"_blank\" rel=\"noopener noreferrer\">Tramitaci\u00f3 de sol\u00b7licituds<\/a><\/td>\n<\/tr>\n<\/tbody>\n<\/table>\n<h2>Tramitaci\u00f3 de certificats<\/h2>\n<table>\n<tbody>\n<tr>\n<td><a href=\"https:\/\/drive.google.com\/open?id=0B-W78wKJGBihVzl6T3VqMEl4YlU\" target=\"_blank\" rel=\"noopener noreferrer\">Normativa de certificats \u00a0 \u00a0 \u00a0 \u00a0 \u00a0 \u00a0 \u00a0 \u00a0 \u00a0 \u00a0 \u00a0 \u00a0 \u00a0 \u00a0 \u00a0 \u00a0 \u00a0 \u00a0 \u00a0 \u00a0 \u00a0 \u00a0 \u00a0 \u00a0 \u00a0 \u00a0 \u00a0 \u00a0 \u00a0 \u00a0 \u00a0 \u00a0 \u00a0 \u00a0 \u00a0 \u00a0 \u00a0 \u00a0 \u00a0 \u00a0 \u00a0 \u00a0 \u00a0 \u00a0 \u00a0 \u00a0 \u00a0 \u00a0 \u00a0 \u00a0 \u00a0 \u00a0 \u00a0 \u00a0 \u00a0 \u00a0 \u00a0 \u00a0 \u00a0\u00a0<\/a><\/td>\n<\/tr>\n<\/tbody>\n<\/table>\n","protected":false},"excerpt":{"rendered":"<p>Acreditaci\u00f3 de catal\u00e0 Normativa Acreditaci\u00f3 Nivell Catal\u00e0 Reconeixement de Nivell B2\/C1 Convalidacions Requisits Batxillerat-Dansa Requisits Batxillerat-M\u00fasica Requisits ESO-M\u00fasica Sol\u00b7licitud Batxillerat-Dansa BDA3 Sol\u00b7licitud Batxillerat-M\u00fasica BMU1 Sol\u00b7licitud ESO-M\u00fasica EMU1 \u00a0 \u00a0 \u00a0 \u00a0 \u00a0 \u00a0 \u00a0 \u00a0 \u00a0 \u00a0 \u00a0 \u00a0 \u00a0 \u00a0 \u00a0 \u00a0 \u00a0 \u00a0 \u00a0 \u00a0 \u00a0 \u00a0 \u00a0 \u00a0 \u00a0 \u00a0 \u00a0 \u00a0 [&hellip;]<\/p>\n","protected":false},"author":1,"featured_media":0,"parent":81,"menu_order":0,"comment_status":"closed","ping_status":"closed","template":"","meta":{"_bbp_topic_count":0,"_bbp_reply_count":0,"_bbp_total_topic_count":0,"_bbp_total_reply_count":0,"_bbp_voice_count":0,"_bbp_anonymous_reply_count":0,"_bbp_topic_count_hidden":0,"_bbp_reply_count_hidden":0,"_bbp_forum_subforum_count":0,"site-sidebar-layout":"default","site-content-layout":"","ast-site-content-layout":"","site-content-style":"default","site-sidebar-style":"default","ast-global-header-display":"","ast-banner-title-visibility":"","ast-main-header-display":"","ast-hfb-above-header-display":"","ast-hfb-below-header-display":"","ast-hfb-mobile-header-display":"","site-post-title":"","ast-breadcrumbs-content":"","ast-featured-img":"","footer-sml-layout":"","theme-transparent-header-meta":"","adv-header-id-meta":"","stick-header-meta":"","header-above-stick-meta":"","header-main-stick-meta":"","header-below-stick-meta":"","astra-migrate-meta-layouts":"default","ast-page-background-enabled":"default","ast-page-background-meta":{"desktop":{"background-color":"var(--ast-global-color-4)","background-image":"","background-repeat":"repeat","background-position":"center center","background-size":"auto","background-attachment":"scroll","background-type":"","background-media":"","overlay-type":"","overlay-color":"","overlay-opacity":"","overlay-gradient":""},"tablet":{"background-color":"","background-image":"","background-repeat":"repeat","background-position":"center center","background-size":"auto","background-attachment":"scroll","background-type":"","background-media":"","overlay-type":"","overlay-color":"","overlay-opacity":"","overlay-gradient":""},"mobile":{"background-color":"","background-image":"","background-repeat":"repeat","background-position":"center center","background-size":"auto","background-attachment":"scroll","background-type":"","background-media":"","overlay-type":"","overlay-color":"","overlay-opacity":"","overlay-gradient":""}},"ast-content-background-meta":{"desktop":{"background-color":"var(--ast-global-color-5)","background-image":"","background-repeat":"repeat","background-position":"center center","background-size":"auto","background-attachment":"scroll","background-type":"","background-media":"","overlay-type":"","overlay-color":"","overlay-opacity":"","overlay-gradient":""},"tablet":{"background-color":"var(--ast-global-color-5)","background-image":"","background-repeat":"repeat","background-position":"center center","background-size":"auto","background-attachment":"scroll","background-type":"","background-media":"","overlay-type":"","overlay-color":"","overlay-opacity":"","overlay-gradient":""},"mobile":{"background-color":"var(--ast-global-color-5)","background-image":"","background-repeat":"repeat","background-position":"center center","background-size":"auto","background-attachment":"scroll","background-type":"","background-media":"","overlay-type":"","overlay-color":"","overlay-opacity":"","overlay-gradient":""}},"footnotes":""},"class_list":["post-429","page","type-page","status-publish","hentry"],"post_mailing_queue_ids":[],"_links":{"self":[{"href":"https:\/\/agora.xtec.cat\/inssobreques\/wp-json\/wp\/v2\/pages\/429","targetHints":{"allow":["GET"]}}],"collection":[{"href":"https:\/\/agora.xtec.cat\/inssobreques\/wp-json\/wp\/v2\/pages"}],"about":[{"href":"https:\/\/agora.xtec.cat\/inssobreques\/wp-json\/wp\/v2\/types\/page"}],"author":[{"embeddable":true,"href":"https:\/\/agora.xtec.cat\/inssobreques\/wp-json\/wp\/v2\/users\/1"}],"replies":[{"embeddable":true,"href":"https:\/\/agora.xtec.cat\/inssobreques\/wp-json\/wp\/v2\/comments?post=429"}],"version-history":[{"count":4,"href":"https:\/\/agora.xtec.cat\/inssobreques\/wp-json\/wp\/v2\/pages\/429\/revisions"}],"predecessor-version":[{"id":10687,"href":"https:\/\/agora.xtec.cat\/inssobreques\/wp-json\/wp\/v2\/pages\/429\/revisions\/10687"}],"up":[{"embeddable":true,"href":"https:\/\/agora.xtec.cat\/inssobreques\/wp-json\/wp\/v2\/pages\/81"}],"wp:attachment":[{"href":"https:\/\/agora.xtec.cat\/inssobreques\/wp-json\/wp\/v2\/media?parent=429"}],"curies":[{"name":"wp","href":"https:\/\/api.w.org\/{rel}","templated":true}]}}