{"id":309,"date":"2015-03-04T19:18:19","date_gmt":"2015-03-04T18:18:19","guid":{"rendered":"http:\/\/agora.xtec.cat\/inssobreques\/?page_id=309"},"modified":"2025-03-11T11:49:42","modified_gmt":"2025-03-11T10:49:42","slug":"tutories","status":"publish","type":"page","link":"https:\/\/agora.xtec.cat\/inssobreques\/linstitut\/organigrama\/tutories\/","title":{"rendered":"Tutories"},"content":{"rendered":"<p><strong>Primers d&#8217;ESO<\/strong><\/p>\n<table style=\"width: 26.9011%; height: 194px;\">\n<tbody>\n<tr style=\"height: 33px;\">\n<td style=\"height: 33px; width: 52.360515%;\"><b>GRUPS<\/b><\/td>\n<td style=\"height: 33px; width: 50.214592%;\"><strong>TUTORS<\/strong><\/td>\n<\/tr>\n<tr style=\"height: 32px;\">\n<td style=\"height: 32px; width: 52.360515%;\">1A ESO<\/td>\n<td style=\"height: 32px; width: 50.214592%;\">Mian Vich<\/td>\n<\/tr>\n<tr>\n<td style=\"width: 52.3605%;\">1B ESO<\/td>\n<td style=\"width: 50.2146%;\">Paquita Cuf\u00ed<\/td>\n<\/tr>\n<tr style=\"height: 32px;\">\n<td style=\"height: 32px; width: 52.360515%;\">1C ESO<\/td>\n<td style=\"height: 32px; width: 50.214592%;\">M\u00f2nica Dar\u00e0s<\/td>\n<\/tr>\n<tr style=\"height: 32px;\">\n<td style=\"height: 32px; width: 52.360515%;\">1D ESO<\/td>\n<td style=\"height: 32px; width: 50.214592%;\">Laura Gracia<\/td>\n<\/tr>\n<tr style=\"height: 32px;\">\n<td style=\"height: 32px; width: 52.360515%;\">1E ESO<\/td>\n<td style=\"height: 32px; width: 50.214592%;\">Lydia Zamora<\/td>\n<\/tr>\n<tr style=\"height: 33px;\">\n<td style=\"height: 33px; width: 52.360515%;\"><strong>COORDINACI\u00d3<\/strong><\/td>\n<td style=\"height: 33px; width: 50.214592%;\"><b>Josep Portell<\/b><\/td>\n<\/tr>\n<\/tbody>\n<\/table>\n<p><strong>Segons d&#8217;ESO<\/strong><\/p>\n<table>\n<tbody>\n<tr>\n<td><strong>GRUPS<\/strong><\/td>\n<td><strong>TUTORS<\/strong><\/td>\n<\/tr>\n<tr>\n<td>2A ESO<\/td>\n<td>Oscar Iranzo<\/td>\n<\/tr>\n<tr>\n<td>2B ESO<\/td>\n<td>Gl\u00f2ria Sol\u00e9s<\/td>\n<\/tr>\n<tr>\n<td>2C ESO<\/td>\n<td>Mireia G\u00f3mez<\/td>\n<\/tr>\n<tr>\n<td>2D ESO<\/td>\n<td>Anna Sol\u00e0<\/td>\n<\/tr>\n<tr>\n<td>2E ESO<\/td>\n<td>David Ripoll<\/td>\n<\/tr>\n<tr>\n<td><strong>COORDINACI\u00d3<\/strong><\/td>\n<td><strong style=\"font-family: inherit; font-size: 1em;\">Elena Padrosa<\/strong><\/td>\n<\/tr>\n<\/tbody>\n<\/table>\n<p><strong>Tercers d&#8217;ESO<\/strong><\/p>\n<table>\n<tbody>\n<tr>\n<td><strong>GRUPS<\/strong><\/td>\n<td><strong>TUTORS<\/strong><\/td>\n<\/tr>\n<tr>\n<td>3A ESO<\/td>\n<td>\u00c0lex Asensio<\/td>\n<\/tr>\n<tr>\n<td>3B ESO<\/td>\n<td>Nani B\u00fajer<\/td>\n<\/tr>\n<tr>\n<td>3C ESO<\/td>\n<td>Enric Hern\u00e1ndez<\/td>\n<\/tr>\n<tr>\n<td>3D ESO<\/td>\n<td>Amanda Soto<\/td>\n<\/tr>\n<tr>\n<td>3E ESO<\/td>\n<td>Ferran Serra<\/td>\n<\/tr>\n<tr>\n<td><strong>COORDINACI\u00d3<\/strong><\/td>\n<td><strong style=\"font-family: inherit; font-size: 1em;\">Cristina Llombart<\/strong><\/td>\n<\/tr>\n<\/tbody>\n<\/table>\n<p><strong>Quarts d&#8217;ESO<\/strong><\/p>\n<table>\n<tbody>\n<tr>\n<td><b>GRUPS<\/b><\/td>\n<td><strong>TUTORS<\/strong><\/td>\n<\/tr>\n<tr>\n<td>4A ESO<\/td>\n<td>Carolina Puig<\/td>\n<\/tr>\n<tr>\n<td>4B ESO<\/td>\n<td>Gemma Draper<\/td>\n<\/tr>\n<tr>\n<td>4C ESO<\/td>\n<td>Marc Roger<\/td>\n<\/tr>\n<tr>\n<td><strong>COORDINACI\u00d3<\/strong><\/td>\n<td><b>Paula Ordis<\/b><\/td>\n<\/tr>\n<\/tbody>\n<\/table>\n<p><strong>Primers de Batxillerat<\/strong><\/p>\n<table style=\"width: 31.0989%; height: 227px;\">\n<tbody>\n<tr style=\"height: 33px;\">\n<td style=\"height: 33px; width: 47.843137%;\"><strong>GRUPS<\/strong><\/td>\n<td style=\"height: 33px; width: 60.784314%;\"><strong>TUTORS<\/strong><\/td>\n<\/tr>\n<tr style=\"height: 32px;\">\n<td style=\"height: 32px; width: 47.843137%;\">1A BAT<\/td>\n<td style=\"height: 32px; width: 60.784314%;\">Pilar Lorente<\/td>\n<\/tr>\n<tr style=\"height: 32px;\">\n<td style=\"height: 32px; width: 47.843137%;\">1B BAT<\/td>\n<td style=\"height: 32px; width: 60.784314%;\">S\u00edlvia Esteve<\/td>\n<\/tr>\n<tr style=\"height: 32px;\">\n<td style=\"height: 32px; width: 47.843137%;\">1C BAT<\/td>\n<td style=\"height: 32px; width: 60.784314%;\">Jordi Centelles<\/td>\n<\/tr>\n<tr style=\"height: 47px;\">\n<td style=\"height: 33px; width: 47.8431%;\">1D BAT<\/td>\n<td style=\"height: 33px; width: 60.7843%;\">Albert Pascual<\/td>\n<\/tr>\n<tr style=\"height: 32px;\">\n<td style=\"height: 32px; width: 47.843137%;\">1E BAT<\/td>\n<td style=\"height: 32px; width: 60.784314%;\">Sara Torras<\/td>\n<\/tr>\n<tr style=\"height: 33px;\">\n<td style=\"height: 33px; width: 47.843137%;\"><strong>COORDINACI\u00d3<\/strong><\/td>\n<td style=\"height: 33px; width: 60.784314%;\"><strong>Maria Masoliver<\/strong><\/td>\n<\/tr>\n<\/tbody>\n<\/table>\n<p><b>Segons de Batxillerat<\/b><\/p>\n<table>\n<tbody>\n<tr>\n<td><strong>GRUPS<\/strong><\/td>\n<td><strong>TUTORS<\/strong><\/td>\n<\/tr>\n<tr>\n<td>2A BAT<\/td>\n<td>Alba Comas<\/td>\n<\/tr>\n<tr>\n<td>2B BAT<\/td>\n<td>Nat\u00e0lia Bosch<\/td>\n<\/tr>\n<tr>\n<td>2C BAT<\/td>\n<td>Carina Nadal<\/td>\n<\/tr>\n<tr>\n<td>2D BAT<\/td>\n<td>Sandro Alfaro<\/td>\n<\/tr>\n<tr>\n<td>2E BAT<\/td>\n<td>Juanjo Valeros<\/td>\n<\/tr>\n<tr>\n<td><strong>COORDINACI\u00d3<\/strong><\/td>\n<td><b>Jordi Armengol Roura<\/b><\/td>\n<\/tr>\n<\/tbody>\n<\/table>\n","protected":false},"excerpt":{"rendered":"<p>Primers d&#8217;ESO GRUPS TUTORS 1A ESO Mian Vich 1B ESO Paquita Cuf\u00ed 1C ESO M\u00f2nica Dar\u00e0s 1D ESO Laura Gracia 1E ESO Lydia Zamora COORDINACI\u00d3 Josep Portell Segons d&#8217;ESO GRUPS TUTORS 2A ESO Oscar Iranzo 2B ESO Gl\u00f2ria Sol\u00e9s 2C ESO Mireia G\u00f3mez 2D ESO Anna Sol\u00e0 2E ESO David Ripoll COORDINACI\u00d3 Elena Padrosa Tercers [&hellip;]<\/p>\n","protected":false},"author":1,"featured_media":0,"parent":46,"menu_order":0,"comment_status":"closed","ping_status":"closed","template":"","meta":{"_bbp_topic_count":0,"_bbp_reply_count":0,"_bbp_total_topic_count":0,"_bbp_total_reply_count":0,"_bbp_voice_count":0,"_bbp_anonymous_reply_count":0,"_bbp_topic_count_hidden":0,"_bbp_reply_count_hidden":0,"_bbp_forum_subforum_count":0,"site-sidebar-layout":"default","site-content-layout":"","ast-site-content-layout":"","site-content-style":"default","site-sidebar-style":"default","ast-global-header-display":"","ast-banner-title-visibility":"","ast-main-header-display":"","ast-hfb-above-header-display":"","ast-hfb-below-header-display":"","ast-hfb-mobile-header-display":"","site-post-title":"","ast-breadcrumbs-content":"","ast-featured-img":"","footer-sml-layout":"","theme-transparent-header-meta":"","adv-header-id-meta":"","stick-header-meta":"","header-above-stick-meta":"","header-main-stick-meta":"","header-below-stick-meta":"","astra-migrate-meta-layouts":"default","ast-page-background-enabled":"default","ast-page-background-meta":{"desktop":{"background-color":"var(--ast-global-color-4)","background-image":"","background-repeat":"repeat","background-position":"center center","background-size":"auto","background-attachment":"scroll","background-type":"","background-media":"","overlay-type":"","overlay-color":"","overlay-opacity":"","overlay-gradient":""},"tablet":{"background-color":"","background-image":"","background-repeat":"repeat","background-position":"center center","background-size":"auto","background-attachment":"scroll","background-type":"","background-media":"","overlay-type":"","overlay-color":"","overlay-opacity":"","overlay-gradient":""},"mobile":{"background-color":"","background-image":"","background-repeat":"repeat","background-position":"center center","background-size":"auto","background-attachment":"scroll","background-type":"","background-media":"","overlay-type":"","overlay-color":"","overlay-opacity":"","overlay-gradient":""}},"ast-content-background-meta":{"desktop":{"background-color":"var(--ast-global-color-5)","background-image":"","background-repeat":"repeat","background-position":"center center","background-size":"auto","background-attachment":"scroll","background-type":"","background-media":"","overlay-type":"","overlay-color":"","overlay-opacity":"","overlay-gradient":""},"tablet":{"background-color":"var(--ast-global-color-5)","background-image":"","background-repeat":"repeat","background-position":"center center","background-size":"auto","background-attachment":"scroll","background-type":"","background-media":"","overlay-type":"","overlay-color":"","overlay-opacity":"","overlay-gradient":""},"mobile":{"background-color":"var(--ast-global-color-5)","background-image":"","background-repeat":"repeat","background-position":"center center","background-size":"auto","background-attachment":"scroll","background-type":"","background-media":"","overlay-type":"","overlay-color":"","overlay-opacity":"","overlay-gradient":""}},"footnotes":""},"class_list":["post-309","page","type-page","status-publish","hentry"],"post_mailing_queue_ids":[],"_links":{"self":[{"href":"https:\/\/agora.xtec.cat\/inssobreques\/wp-json\/wp\/v2\/pages\/309","targetHints":{"allow":["GET"]}}],"collection":[{"href":"https:\/\/agora.xtec.cat\/inssobreques\/wp-json\/wp\/v2\/pages"}],"about":[{"href":"https:\/\/agora.xtec.cat\/inssobreques\/wp-json\/wp\/v2\/types\/page"}],"author":[{"embeddable":true,"href":"https:\/\/agora.xtec.cat\/inssobreques\/wp-json\/wp\/v2\/users\/1"}],"replies":[{"embeddable":true,"href":"https:\/\/agora.xtec.cat\/inssobreques\/wp-json\/wp\/v2\/comments?post=309"}],"version-history":[{"count":3,"href":"https:\/\/agora.xtec.cat\/inssobreques\/wp-json\/wp\/v2\/pages\/309\/revisions"}],"predecessor-version":[{"id":12451,"href":"https:\/\/agora.xtec.cat\/inssobreques\/wp-json\/wp\/v2\/pages\/309\/revisions\/12451"}],"up":[{"embeddable":true,"href":"https:\/\/agora.xtec.cat\/inssobreques\/wp-json\/wp\/v2\/pages\/46"}],"wp:attachment":[{"href":"https:\/\/agora.xtec.cat\/inssobreques\/wp-json\/wp\/v2\/media?parent=309"}],"curies":[{"name":"wp","href":"https:\/\/api.w.org\/{rel}","templated":true}]}}