{"id":307,"date":"2015-03-04T18:48:01","date_gmt":"2015-03-04T17:48:01","guid":{"rendered":"http:\/\/agora.xtec.cat\/inssobreques\/?page_id=307"},"modified":"2015-03-04T18:48:01","modified_gmt":"2015-03-04T17:48:01","slug":"coordinacio-informatica","status":"publish","type":"page","link":"https:\/\/agora.xtec.cat\/inssobreques\/projecte-educatiu\/coordinacio-informatica\/","title":{"rendered":"Coordinaci\u00f3 Inform\u00e0tica"},"content":{"rendered":"<p style=\"text-align: justify;\"><strong>Equipaments inform\u00e0tics<\/strong><\/p>\n<p style=\"text-align: justify;\">El centre disposa de:<\/p>\n<ul style=\"text-align: justify;\">\n<li>30 PC&#8217;s a l&#8217;Aula Inform\u00e0tica.<\/li>\n<li>11 PC&#8217;s i 3 port\u00e0tils a l&#8217;Aula d&#8217;Imatge.<\/li>\n<li>14 port\u00e0tils Aula TIC2.<\/li>\n<li>2 Carros de port\u00e0tils amb 25 netbooks.<\/li>\n<li>4 PC&#8217;s a l&#8217;Aula d&#8217;Idiomes.<\/li>\n<li>5 PC&#8217;s a l&#8217;Aula de Dibuix.<\/li>\n<li>5 PC&#8217;s a la Biblioteca.<\/li>\n<li>Projectors o PDI&#8217;s a totes les aules.<\/li>\n<li>60 ordinadors port\u00e0tils per al professorat.<\/li>\n<li>6 ordinadors a la sala de professors.<\/li>\n<\/ul>\n<p style=\"text-align: justify;\"><strong>Normes \u00fas a les aules d&#8217;inform\u00e0tica<\/strong><\/p>\n<ul style=\"text-align: justify;\">\n<li>L&#8217;ocupaci\u00f3 de les aules d&#8217;inform\u00e0tica es distribuir\u00e0 a principi de curs.<\/li>\n<li>El professorat podr\u00e0 fer \u00fas de les aules d&#8217;inform\u00e0tica quan es trobin disponibles, sempre pr\u00e8via reserva a la intranet.<\/li>\n<li>El professor ser\u00e0 el responsable del bon \u00fas dels dispositius inform\u00e0tics.<\/li>\n<li>En finalitzar la classe, l&#8217;aula haur\u00e0 de quedar completament ordenada, amb els ordinadors i pantalles apagats.<\/li>\n<li>Queda totalment prohibit tocar el cablejat que acompanya a cada ordinador.<\/li>\n<li>No \u00e9s recomanable l&#8217;intercanvi dels ratolins entre ordinadors.<\/li>\n<li>En cas que es detecti algun aparell que no funcioni, s&#8217;apagar\u00e0 i s&#8217;informar\u00e0 al Coordinador Inform\u00e0tic.<\/li>\n<li>Es recomana l&#8217;\u00fas de la Intranet per comunicar les incid\u00e8ncies inform\u00e0tiques a les aules.<\/li>\n<\/ul>\n<p style=\"text-align: justify;\"><strong>Tasques del coordinador inform\u00e0tic<\/strong><\/p>\n<ul>\n<li style=\"text-align: justify;\">El coordinador inform\u00e0tic disposar\u00e0 d&#8217;unes hores espec\u00edfiques dins del seu horari, per a feines exclusives del c\u00e0rrec.<\/li>\n<li style=\"text-align: justify;\">Responsable de l&#8217;inventari i vetllar\u00e0 pel bon funcionament de tots els dispositius electr\u00f2nics del centre.<\/li>\n<li style=\"text-align: justify;\">Responsable del funcionament del Moodle del centre: crear cursos, usuaris&#8230;<\/li>\n<li style=\"text-align: justify;\">Coordinaci\u00f3 amb el Departament per al bon funcionament de les xarxes, projectors,PDI&#8217;s, i elements electr\u00f2nics en general.<\/li>\n<li style=\"text-align: justify;\">Instal\u00b7laci\u00f3 de programari. Es recomana al professorat comunicar les necessitats de programari amb una setmana d&#8217;antelaci\u00f3.<\/li>\n<li style=\"text-align: justify;\">Coordinaci\u00f3 del Projecte TAC conjuntament amb Direcci\u00f3.<\/li>\n<\/ul>\n","protected":false},"excerpt":{"rendered":"<p>Equipaments inform\u00e0tics El centre disposa de: 30 PC&#8217;s a l&#8217;Aula Inform\u00e0tica. 11 PC&#8217;s i 3 port\u00e0tils a l&#8217;Aula d&#8217;Imatge. 14 port\u00e0tils Aula TIC2. 2 Carros de port\u00e0tils amb 25 netbooks. 4 PC&#8217;s a l&#8217;Aula d&#8217;Idiomes. 5 PC&#8217;s a l&#8217;Aula de Dibuix. 5 PC&#8217;s a la Biblioteca. Projectors o PDI&#8217;s a totes les aules. 60 ordinadors [&hellip;]<\/p>\n","protected":false},"author":1,"featured_media":0,"parent":57,"menu_order":0,"comment_status":"closed","ping_status":"closed","template":"","meta":{"_bbp_topic_count":0,"_bbp_reply_count":0,"_bbp_total_topic_count":0,"_bbp_total_reply_count":0,"_bbp_voice_count":0,"_bbp_anonymous_reply_count":0,"_bbp_topic_count_hidden":0,"_bbp_reply_count_hidden":0,"_bbp_forum_subforum_count":0,"site-sidebar-layout":"default","site-content-layout":"","ast-site-content-layout":"","site-content-style":"default","site-sidebar-style":"default","ast-global-header-display":"","ast-banner-title-visibility":"","ast-main-header-display":"","ast-hfb-above-header-display":"","ast-hfb-below-header-display":"","ast-hfb-mobile-header-display":"","site-post-title":"","ast-breadcrumbs-content":"","ast-featured-img":"","footer-sml-layout":"","theme-transparent-header-meta":"","adv-header-id-meta":"","stick-header-meta":"","header-above-stick-meta":"","header-main-stick-meta":"","header-below-stick-meta":"","astra-migrate-meta-layouts":"default","ast-page-background-enabled":"default","ast-page-background-meta":{"desktop":{"background-color":"var(--ast-global-color-4)","background-image":"","background-repeat":"repeat","background-position":"center center","background-size":"auto","background-attachment":"scroll","background-type":"","background-media":"","overlay-type":"","overlay-color":"","overlay-opacity":"","overlay-gradient":""},"tablet":{"background-color":"","background-image":"","background-repeat":"repeat","background-position":"center center","background-size":"auto","background-attachment":"scroll","background-type":"","background-media":"","overlay-type":"","overlay-color":"","overlay-opacity":"","overlay-gradient":""},"mobile":{"background-color":"","background-image":"","background-repeat":"repeat","background-position":"center center","background-size":"auto","background-attachment":"scroll","background-type":"","background-media":"","overlay-type":"","overlay-color":"","overlay-opacity":"","overlay-gradient":""}},"ast-content-background-meta":{"desktop":{"background-color":"var(--ast-global-color-5)","background-image":"","background-repeat":"repeat","background-position":"center center","background-size":"auto","background-attachment":"scroll","background-type":"","background-media":"","overlay-type":"","overlay-color":"","overlay-opacity":"","overlay-gradient":""},"tablet":{"background-color":"var(--ast-global-color-5)","background-image":"","background-repeat":"repeat","background-position":"center center","background-size":"auto","background-attachment":"scroll","background-type":"","background-media":"","overlay-type":"","overlay-color":"","overlay-opacity":"","overlay-gradient":""},"mobile":{"background-color":"var(--ast-global-color-5)","background-image":"","background-repeat":"repeat","background-position":"center center","background-size":"auto","background-attachment":"scroll","background-type":"","background-media":"","overlay-type":"","overlay-color":"","overlay-opacity":"","overlay-gradient":""}},"footnotes":""},"class_list":["post-307","page","type-page","status-publish","hentry"],"post_mailing_queue_ids":[],"_links":{"self":[{"href":"https:\/\/agora.xtec.cat\/inssobreques\/wp-json\/wp\/v2\/pages\/307","targetHints":{"allow":["GET"]}}],"collection":[{"href":"https:\/\/agora.xtec.cat\/inssobreques\/wp-json\/wp\/v2\/pages"}],"about":[{"href":"https:\/\/agora.xtec.cat\/inssobreques\/wp-json\/wp\/v2\/types\/page"}],"author":[{"embeddable":true,"href":"https:\/\/agora.xtec.cat\/inssobreques\/wp-json\/wp\/v2\/users\/1"}],"replies":[{"embeddable":true,"href":"https:\/\/agora.xtec.cat\/inssobreques\/wp-json\/wp\/v2\/comments?post=307"}],"version-history":[{"count":1,"href":"https:\/\/agora.xtec.cat\/inssobreques\/wp-json\/wp\/v2\/pages\/307\/revisions"}],"predecessor-version":[{"id":308,"href":"https:\/\/agora.xtec.cat\/inssobreques\/wp-json\/wp\/v2\/pages\/307\/revisions\/308"}],"up":[{"embeddable":true,"href":"https:\/\/agora.xtec.cat\/inssobreques\/wp-json\/wp\/v2\/pages\/57"}],"wp:attachment":[{"href":"https:\/\/agora.xtec.cat\/inssobreques\/wp-json\/wp\/v2\/media?parent=307"}],"curies":[{"name":"wp","href":"https:\/\/api.w.org\/{rel}","templated":true}]}}