{"id":305,"date":"2015-03-04T18:37:43","date_gmt":"2015-03-04T17:37:43","guid":{"rendered":"http:\/\/agora.xtec.cat\/inssobreques\/?page_id=305"},"modified":"2015-03-04T18:37:43","modified_gmt":"2015-03-04T17:37:43","slug":"biblioteca","status":"publish","type":"page","link":"https:\/\/agora.xtec.cat\/inssobreques\/projecte-educatiu\/biblioteca\/","title":{"rendered":"Biblioteca"},"content":{"rendered":"<p>L\u2019horari de la a biblioteca \u00e9s :<\/p>\n<ul>\n<li>Hores del pati de dilluns a divendres.<\/li>\n<li>Dilluns i dimarts de 4 a 6.<\/li>\n<\/ul>\n<p>S\u2019hi ofereix servei de pr\u00e9stec amb un termini de retorn de tres setmanes. En cas de no respectar-lo no es prestar\u00e0 cap altre llibre a aquest usuari. Les enciclop\u00e8dies, diccionaris, etc no entren en el servei de pr\u00e9stec; nom\u00e9s s\u00f3n llibres de consulta a la mateixa biblioteca o a les aules, sempre que un professor en doni l\u2019autoritzaci\u00f3. En acabar la classe, s\u2019ha de retornar a la biblioteca.<\/p>\n<p>Hi ha 5 ordinadors amb connexi\u00f3 a Internet disponibles per als alumnes, que en cap cas s\u00f3n una eina d\u2019esplai o joc; per tant queda prohibit accedir a xat, facebook, etc. Per fer \u00fas de la impressora, cal demanar perm\u00eds al responsable de la biblioteca d\u2019aquell moment.<br \/>\nA la biblioteca, com a la resta d\u2019aules del centre, est\u00e0 totalment prohibit menjar i beure.<br \/>\nS\u2019intenta dinamitzar aquest espai i incentivar el gust per la lectura dels alumnes. Amb aquests objectius, a banda de les hores lectives assignades a la lectura, s\u2019hi organitzen activitats puntuals (Sant Jordi, NadaL&#8230;) per focalitzar l\u2019inter\u00e8s en les biblioteques.<\/p>\n<p>S\u2019ocupa d\u2019aquest \u00e0mbit, la professora Pilar Lorente, assumint la coordinaci\u00f3 de les tasques seg\u00fcents:<\/p>\n<ul>\n<li>Organitzaci\u00f3 de la biblioteca escolar.<\/li>\n<li>Catalogaci\u00f3 dels recursos amb el programa e-P\u00e8rgam.<\/li>\n<li>Revisi\u00f3 dels recursos i establiment dels criteris d\u2019adquisici\u00f3 de material.<\/li>\n<li>Adequaci\u00f3 dels sistemes de seguiment d\u2019assist\u00e8ncia i de pr\u00e9stec de material.<\/li>\n<li>Seguiment de la p\u00e0gina web de la biblioteca escolar.<\/li>\n<li>Ampliaci\u00f3 de les activitats de potenciaci\u00f3 i millora de l\u2019\u00fas de la biblioteca escolar.<\/li>\n<li>Inici de les activitats conjuntes amb els centres educatius (Montilivi) i les biblioteques p\u00fabliques (Municipal) de la poblaci\u00f3.<\/li>\n<li>Inici del Pla de lectura amb pares del centre (alumnes d\u2019ESO).<\/li>\n<li>Inici del projecte Comenius Literatour, especialment a tercer curs d\u2019 ESO.<\/li>\n<\/ul>\n","protected":false},"excerpt":{"rendered":"<p>L\u2019horari de la a biblioteca \u00e9s : Hores del pati de dilluns a divendres. Dilluns i dimarts de 4 a 6. S\u2019hi ofereix servei de pr\u00e9stec amb un termini de retorn de tres setmanes. En cas de no respectar-lo no es prestar\u00e0 cap altre llibre a aquest usuari. Les enciclop\u00e8dies, diccionaris, etc no entren en [&hellip;]<\/p>\n","protected":false},"author":1,"featured_media":0,"parent":57,"menu_order":0,"comment_status":"closed","ping_status":"closed","template":"","meta":{"_bbp_topic_count":0,"_bbp_reply_count":0,"_bbp_total_topic_count":0,"_bbp_total_reply_count":0,"_bbp_voice_count":0,"_bbp_anonymous_reply_count":0,"_bbp_topic_count_hidden":0,"_bbp_reply_count_hidden":0,"_bbp_forum_subforum_count":0,"site-sidebar-layout":"default","site-content-layout":"","ast-site-content-layout":"","site-content-style":"default","site-sidebar-style":"default","ast-global-header-display":"","ast-banner-title-visibility":"","ast-main-header-display":"","ast-hfb-above-header-display":"","ast-hfb-below-header-display":"","ast-hfb-mobile-header-display":"","site-post-title":"","ast-breadcrumbs-content":"","ast-featured-img":"","footer-sml-layout":"","theme-transparent-header-meta":"","adv-header-id-meta":"","stick-header-meta":"","header-above-stick-meta":"","header-main-stick-meta":"","header-below-stick-meta":"","astra-migrate-meta-layouts":"default","ast-page-background-enabled":"default","ast-page-background-meta":{"desktop":{"background-color":"var(--ast-global-color-4)","background-image":"","background-repeat":"repeat","background-position":"center center","background-size":"auto","background-attachment":"scroll","background-type":"","background-media":"","overlay-type":"","overlay-color":"","overlay-opacity":"","overlay-gradient":""},"tablet":{"background-color":"","background-image":"","background-repeat":"repeat","background-position":"center center","background-size":"auto","background-attachment":"scroll","background-type":"","background-media":"","overlay-type":"","overlay-color":"","overlay-opacity":"","overlay-gradient":""},"mobile":{"background-color":"","background-image":"","background-repeat":"repeat","background-position":"center center","background-size":"auto","background-attachment":"scroll","background-type":"","background-media":"","overlay-type":"","overlay-color":"","overlay-opacity":"","overlay-gradient":""}},"ast-content-background-meta":{"desktop":{"background-color":"var(--ast-global-color-5)","background-image":"","background-repeat":"repeat","background-position":"center center","background-size":"auto","background-attachment":"scroll","background-type":"","background-media":"","overlay-type":"","overlay-color":"","overlay-opacity":"","overlay-gradient":""},"tablet":{"background-color":"var(--ast-global-color-5)","background-image":"","background-repeat":"repeat","background-position":"center center","background-size":"auto","background-attachment":"scroll","background-type":"","background-media":"","overlay-type":"","overlay-color":"","overlay-opacity":"","overlay-gradient":""},"mobile":{"background-color":"var(--ast-global-color-5)","background-image":"","background-repeat":"repeat","background-position":"center center","background-size":"auto","background-attachment":"scroll","background-type":"","background-media":"","overlay-type":"","overlay-color":"","overlay-opacity":"","overlay-gradient":""}},"footnotes":""},"class_list":["post-305","page","type-page","status-publish","hentry"],"post_mailing_queue_ids":[],"_links":{"self":[{"href":"https:\/\/agora.xtec.cat\/inssobreques\/wp-json\/wp\/v2\/pages\/305","targetHints":{"allow":["GET"]}}],"collection":[{"href":"https:\/\/agora.xtec.cat\/inssobreques\/wp-json\/wp\/v2\/pages"}],"about":[{"href":"https:\/\/agora.xtec.cat\/inssobreques\/wp-json\/wp\/v2\/types\/page"}],"author":[{"embeddable":true,"href":"https:\/\/agora.xtec.cat\/inssobreques\/wp-json\/wp\/v2\/users\/1"}],"replies":[{"embeddable":true,"href":"https:\/\/agora.xtec.cat\/inssobreques\/wp-json\/wp\/v2\/comments?post=305"}],"version-history":[{"count":1,"href":"https:\/\/agora.xtec.cat\/inssobreques\/wp-json\/wp\/v2\/pages\/305\/revisions"}],"predecessor-version":[{"id":306,"href":"https:\/\/agora.xtec.cat\/inssobreques\/wp-json\/wp\/v2\/pages\/305\/revisions\/306"}],"up":[{"embeddable":true,"href":"https:\/\/agora.xtec.cat\/inssobreques\/wp-json\/wp\/v2\/pages\/57"}],"wp:attachment":[{"href":"https:\/\/agora.xtec.cat\/inssobreques\/wp-json\/wp\/v2\/media?parent=305"}],"curies":[{"name":"wp","href":"https:\/\/api.w.org\/{rel}","templated":true}]}}