{"id":301,"date":"2015-03-04T18:25:25","date_gmt":"2015-03-04T17:25:25","guid":{"rendered":"http:\/\/agora.xtec.cat\/inssobreques\/?page_id=301"},"modified":"2024-09-05T09:32:26","modified_gmt":"2024-09-05T07:32:26","slug":"socialitzacio-de-llibres","status":"publish","type":"page","link":"https:\/\/agora.xtec.cat\/inssobreques\/projecte-educatiu\/socialitzacio-de-llibres\/","title":{"rendered":"Projecte de reutilitzaci\u00f3 de llibres de text"},"content":{"rendered":"<table>\n<tbody>\n<tr>\n<td>\n<h3>INFORMACI\u00d3 SOCIALITZACI\u00d3 DE LLIBRES PER AL CURS 2024-2025<\/h3>\n<\/td>\n<\/tr>\n<tr>\n<td>\n<div id=\"gmail-:16h\">\n<div id=\"gmail-:16g\">\n<div dir=\"ltr\">\n<p><strong>INFORMACI\u00d3 IMPORTANT:<\/strong><\/p>\n<p>Les fam\u00edlies de <strong>1r d\u2019ESO podeu fer la comanda a partir del dia <span dir=\"ltr\">10 de juliol<\/span><\/strong> quan el centre ja s\u00e0piga els grups i qu\u00e8 fa cada alumne de manera espec\u00edfica.<\/p>\n<p>La resta de l\u2019alumnat recordeu que les\u00a0comandes de socialitzaci\u00f3 es poden realitzar d\u2019<span dir=\"ltr\">aquest dimarts<\/span> dia <strong><span dir=\"ltr\">2 al 21 de juliol<\/span><\/strong> a trav\u00e9s de la p\u00e0gina web\u00a0<a href=\"http:\/\/www.llibrestext.com\/\" target=\"_blank\" rel=\"noopener\">www.llibrestext.com<\/a><\/p>\n<p>Adjunt hi teniu dos documents per poder seguir b\u00e9 les instruccions per fer la comanda:<\/p>\n<ul>\n<li><a href=\"https:\/\/drive.google.com\/file\/d\/1urGrnJasPvSq1NZVOQr1EMziul3XQwSV\/view?usp=sharing\" target=\"_blank\" rel=\"noopener\">Carta AFA Socialitzaci\u00f3 de Llibres Curs 2024-2025<\/a><\/li>\n<li><a href=\"https:\/\/drive.google.com\/file\/d\/1C1zJXvwgIYOGNw7ggl0hF0SQgsQvLR0X\/view?usp=sharing\" target=\"_blank\" rel=\"noopener\">Guia comanda online Llibres Text<\/a><\/li>\n<\/ul>\n<p>Sobretot, <strong>les fam\u00edlies que tenen motxilla econ\u00f2mica, el centre els hi far\u00e0 la comanda directament i per tant\u00a0no l\u2019han de demanar.<\/strong><\/p>\n<ul>\n<li>Socialitzaci\u00f3:\u00a0<a href=\"https:\/\/sites.google.com\/view\/afa-ins-sobreques\/afa\/projecte-de-socialitzaci%C3%B3\" target=\"_blank\" rel=\"noopener\">https:\/\/sites.google.com\/view\/afa-ins-sobreques\/afa\/projecte-de-socialitzaci%C3%B3<\/a><\/li>\n<li>Comanda Llibres: <a href=\"https:\/\/sites.google.com\/view\/afa-ins-sobreques\/afa\/comandes-llibres\" target=\"_blank\" rel=\"noopener\">https:\/\/sites.google.com\/view\/afa-ins-sobreques\/afa\/comandes-llibres<\/a><\/li>\n<\/ul>\n<\/div>\n<\/div>\n<\/div>\n<\/td>\n<\/tr>\n<\/tbody>\n<\/table>\n<p><span class=\"s3\">Benvolgudes fam\u00edlies,<\/span><\/p>\n<p><span class=\"s3\">a la reuni\u00f3 informativa del passat 20 de juny, vam explicar que aquest any la socialitzaci\u00f3 es fa a trav\u00e9s de Llibres Text.<\/span><\/p>\n<ul>\n<li><span class=\"s3\">Les comandes es poden realitzar del <strong>7<\/strong><\/span><span class=\"s4\"><strong>\u00a0al 20 de juliol<\/strong>.<\/span><\/li>\n<li><span class=\"s3\">Podeu demanar els llibres a trav\u00e9s de la p\u00e0gina web <\/span><a href=\"http:\/\/www.llibrestext.com\" target=\"_blank\" rel=\"noopener\"><span class=\"s4\">www.llibrestext.com<\/span><\/a><\/li>\n<li><span class=\"s3\">Haureu d&#8217;identificar el nostre centre amb el n\u00famero facilitat: <strong>SB48423<\/strong><\/span><\/li>\n<li><span class=\"s3\">En aquesta web hi trobareu un enlla\u00e7 amb <strong>un document guia<\/strong> que us explica com l&#8217;heu de demanar i que resol diferents dubtes que <\/span><span class=\"s3\">podr\u00edeu<\/span><span class=\"s3\">\u00a0tenir.<\/span><\/li>\n<li><strong>Per a incid\u00e8ncies amb la web de comandes podeu contactar amb LLIBRES TEXT S.L.<\/strong><\/li>\n<\/ul>\n<p><a href=\"https:\/\/drive.google.com\/file\/d\/1A9LR5k2JOFdnQTNe_ZYUKBLru3r_aydt\/view?usp=drive_link\" target=\"_blank\" rel=\"noopener\"><span class=\"s3\">GUIA COMANDA SOCIALITZACI\u00d3 DE LLIBRES<\/span><\/a><\/p>\n<p><span class=\"s3\">Les\u00a0fam\u00edlies\u00a0fareu la comanda per mitj\u00e0 de la web de Llibres Text qui preparar\u00e0 els lots per al\u00a0curs vinent.<\/span><span class=\"s3\"><br \/>\n<\/span><span class=\"s3\">Hi haur\u00e0 llibres per a tothom; el projecte de socialitzaci\u00f3 de llibres ja \u00e9s un fet i l&#8217;AMPA ha adquirit el comprom\u00eds de subministrar tots els llibres que es reservin.<\/span><span class=\"s3\"><br \/>\n<\/span><span class=\"s3\"><br \/>\n<\/span><span class=\"s3\">Tot el\u00a0lot\u00a0de\u00a0llibres\u00a0encarregats i pagats es lliuraran a l&#8217;institut: els vostres fills els trobaran a l&#8217;aula el primer dia de curs.<\/span><span class=\"s3\"><br \/>\n<\/span><\/p>\n<p><span class=\"s3\"><strong>Ser\u00e0 imprescindible ser soci de l&#8217;AMPA<\/strong> per poder gaudir d&#8217;aquest servei.<\/span><span class=\"s3\"><br \/>\n<\/span><span class=\"s3\"><strong>En el mateix moment en qu\u00e8 es faci la comanda,<\/strong> tamb\u00e9 es far\u00e0 el pagament de la quota de l&#8217;AMPA (24<\/span><span class=\"s5\">\u202f<\/span><span class=\"s3\">\u20ac) i el dip\u00f2sit de (40<\/span><span class=\"s5\">\u202f<\/span><span class=\"s3\">\u20ac). <\/span><span class=\"s3\"><strong>A partir del 2n fill<\/strong>, nom\u00e9s caldr\u00e0 pagar la quota de dip\u00f2sit (40<\/span><span class=\"s5\">\u202f<\/span><span class=\"s3\">\u20ac).<\/span><span class=\"s3\"><br \/>\n<\/span><\/p>\n<p><span class=\"s3\">Aquest any <strong>tots els cursos pagaran aquest dip\u00f2sit,<\/strong> que serveix de fian\u00e7a i <strong>es retornar\u00e0 a final de 4t ESO i 2n de BAT, quan s&#8217;hagin tornat els llibres.<\/strong><\/span><\/p>\n<p><span class=\"s3\">A <strong>ESO<\/strong> hi ha un <strong>LOT tancat amb les mat\u00e8ries obligat\u00f2ries<\/strong>, nom\u00e9s han de marcar les optatives o el franc\u00e8s.<\/span><\/p>\n<p>A <strong>BAT<\/strong> <strong>es pot marcar el que es necessiti<\/strong> segons la modalitat triada per l&#8217;alumne.<\/p>\n<p><strong>Hi ha mat\u00e8ries que no surten?<\/strong><\/p>\n<p><span class=\"s3\">Si alguna mat\u00e8ria no surt \u00e9s perqu\u00e8 no es necessita llibre i es treballar\u00e0 amb material que proporcionar\u00e0 l&#8217;Institut.<\/span><\/p>\n<p><strong><span class=\"s3\">Si ja tinc un dels llibres i nom\u00e9s vull una part?<\/span><\/strong><\/p>\n<p><span class=\"s3\"><strong>A ESO el LOT \u00e9s tancat<\/strong> i per tant s&#8217;ha d&#8217;agafar el LOT sencer, no es poden triar nom\u00e9s algun llibre. A BAT es poden seleccionar els llibres que es vulgui.<\/span><\/p>\n<p><strong>Es pot pagar a terminis?<\/strong><\/p>\n<p>No, s&#8217;ha de pagar la totalitat d&#8217;un sol cop.<\/p>\n<p><strong>Tinc concedida una MOTXILLA (beca), com ho he de fer?<\/strong><\/p>\n<p>El centre gestionar\u00e0 la comanda directament amb l&#8217;AMPA i LLIBRES TEXT a trav\u00e9s d&#8217;aquest ajut. A l&#8217;alumne se&#8217;ls hi donaran el primer dia de classe. Ara per la comanda no s&#8217;ha de preocupar en pagar res.<\/p>\n<p>\u00c9s possible que la quota de l&#8217;AMPA 24\u20ac i el dip\u00f2sit 40\u20ac s&#8217;hagin de pagar a banda, possiblement al setembre, el centre est\u00e0 esperant la resposta del Departament d&#8217;Educaci\u00f3, per saber com s&#8217;han de gestionar aquests conceptes.<\/p>\n<p><span class=\"s3\"><br \/>\n<\/span><span class=\"s3\">Moltes gr\u00e0cies a tots<\/span><span class=\"s3\"> per la\u00a0 bon estiu.<\/span><span class=\"s3\"><br \/>\n<\/span><span class=\"s3\"><br \/>\n<\/span><span class=\"s3\">AMPA INS Santiago Sobrequ\u00e9s i Vidal.<\/span><\/p>\n","protected":false},"excerpt":{"rendered":"<p>INFORMACI\u00d3 SOCIALITZACI\u00d3 DE LLIBRES PER AL CURS 2024-2025 INFORMACI\u00d3 IMPORTANT: Les fam\u00edlies de 1r d\u2019ESO podeu fer la comanda a partir del dia 10 de juliol quan el centre ja s\u00e0piga els grups i qu\u00e8 fa cada alumne de manera espec\u00edfica. La resta de l\u2019alumnat recordeu que les\u00a0comandes de socialitzaci\u00f3 es poden realitzar d\u2019aquest dimarts [&hellip;]<\/p>\n","protected":false},"author":1,"featured_media":0,"parent":57,"menu_order":0,"comment_status":"closed","ping_status":"closed","template":"","meta":{"_bbp_topic_count":0,"_bbp_reply_count":0,"_bbp_total_topic_count":0,"_bbp_total_reply_count":0,"_bbp_voice_count":0,"_bbp_anonymous_reply_count":0,"_bbp_topic_count_hidden":0,"_bbp_reply_count_hidden":0,"_bbp_forum_subforum_count":0,"site-sidebar-layout":"default","site-content-layout":"","ast-site-content-layout":"","site-content-style":"default","site-sidebar-style":"default","ast-global-header-display":"","ast-banner-title-visibility":"","ast-main-header-display":"","ast-hfb-above-header-display":"","ast-hfb-below-header-display":"","ast-hfb-mobile-header-display":"","site-post-title":"","ast-breadcrumbs-content":"","ast-featured-img":"","footer-sml-layout":"","theme-transparent-header-meta":"","adv-header-id-meta":"","stick-header-meta":"","header-above-stick-meta":"","header-main-stick-meta":"","header-below-stick-meta":"","astra-migrate-meta-layouts":"default","ast-page-background-enabled":"default","ast-page-background-meta":{"desktop":{"background-color":"var(--ast-global-color-4)","background-image":"","background-repeat":"repeat","background-position":"center center","background-size":"auto","background-attachment":"scroll","background-type":"","background-media":"","overlay-type":"","overlay-color":"","overlay-opacity":"","overlay-gradient":""},"tablet":{"background-color":"","background-image":"","background-repeat":"repeat","background-position":"center center","background-size":"auto","background-attachment":"scroll","background-type":"","background-media":"","overlay-type":"","overlay-color":"","overlay-opacity":"","overlay-gradient":""},"mobile":{"background-color":"","background-image":"","background-repeat":"repeat","background-position":"center center","background-size":"auto","background-attachment":"scroll","background-type":"","background-media":"","overlay-type":"","overlay-color":"","overlay-opacity":"","overlay-gradient":""}},"ast-content-background-meta":{"desktop":{"background-color":"var(--ast-global-color-5)","background-image":"","background-repeat":"repeat","background-position":"center center","background-size":"auto","background-attachment":"scroll","background-type":"","background-media":"","overlay-type":"","overlay-color":"","overlay-opacity":"","overlay-gradient":""},"tablet":{"background-color":"var(--ast-global-color-5)","background-image":"","background-repeat":"repeat","background-position":"center center","background-size":"auto","background-attachment":"scroll","background-type":"","background-media":"","overlay-type":"","overlay-color":"","overlay-opacity":"","overlay-gradient":""},"mobile":{"background-color":"var(--ast-global-color-5)","background-image":"","background-repeat":"repeat","background-position":"center center","background-size":"auto","background-attachment":"scroll","background-type":"","background-media":"","overlay-type":"","overlay-color":"","overlay-opacity":"","overlay-gradient":""}},"footnotes":""},"class_list":["post-301","page","type-page","status-publish","hentry"],"post_mailing_queue_ids":[],"_links":{"self":[{"href":"https:\/\/agora.xtec.cat\/inssobreques\/wp-json\/wp\/v2\/pages\/301","targetHints":{"allow":["GET"]}}],"collection":[{"href":"https:\/\/agora.xtec.cat\/inssobreques\/wp-json\/wp\/v2\/pages"}],"about":[{"href":"https:\/\/agora.xtec.cat\/inssobreques\/wp-json\/wp\/v2\/types\/page"}],"author":[{"embeddable":true,"href":"https:\/\/agora.xtec.cat\/inssobreques\/wp-json\/wp\/v2\/users\/1"}],"replies":[{"embeddable":true,"href":"https:\/\/agora.xtec.cat\/inssobreques\/wp-json\/wp\/v2\/comments?post=301"}],"version-history":[{"count":3,"href":"https:\/\/agora.xtec.cat\/inssobreques\/wp-json\/wp\/v2\/pages\/301\/revisions"}],"predecessor-version":[{"id":12299,"href":"https:\/\/agora.xtec.cat\/inssobreques\/wp-json\/wp\/v2\/pages\/301\/revisions\/12299"}],"up":[{"embeddable":true,"href":"https:\/\/agora.xtec.cat\/inssobreques\/wp-json\/wp\/v2\/pages\/57"}],"wp:attachment":[{"href":"https:\/\/agora.xtec.cat\/inssobreques\/wp-json\/wp\/v2\/media?parent=301"}],"curies":[{"name":"wp","href":"https:\/\/api.w.org\/{rel}","templated":true}]}}