{"id":298,"date":"2015-03-04T18:03:02","date_gmt":"2015-03-04T17:03:02","guid":{"rendered":"http:\/\/agora.xtec.cat\/inssobreques\/?page_id=298"},"modified":"2015-03-04T18:03:02","modified_gmt":"2015-03-04T17:03:02","slug":"escoles-verdes-2","status":"publish","type":"page","link":"https:\/\/agora.xtec.cat\/inssobreques\/projecte-educatiu\/escoles-verdes-2\/","title":{"rendered":"Escoles Verdes"},"content":{"rendered":"<p>El nostre centre forma part del Programa d&#8217;Escoles Verdes de la Generalitat de Catalunya des de l&#8217;octubre del 2003.<\/p>\n<table>\n<tbody>\n<tr>\n<td><a href=\"http:\/\/agora.xtec.cat\/inssobreques\/wp-content\/uploads\/usu152\/2015\/03\/Escola-Verda.jpg\"><img loading=\"lazy\" decoding=\"async\" class=\"aligncenter size-medium wp-image-299\" src=\"http:\/\/agora.xtec.cat\/inssobreques\/wp-content\/uploads\/usu152\/2015\/03\/Escola-Verda-300x248.jpg\" alt=\"Escola Verda\" width=\"300\" height=\"248\" srcset=\"https:\/\/agora.xtec.cat\/inssobreques\/wp-content\/uploads\/usu152\/2015\/03\/Escola-Verda-300x248.jpg 300w, https:\/\/agora.xtec.cat\/inssobreques\/wp-content\/uploads\/usu152\/2015\/03\/Escola-Verda.jpg 369w\" sizes=\"auto, (max-width: 300px) 100vw, 300px\" \/><\/a><\/td>\n<td>\n<table>\n<tbody>\n<tr>\n<td><strong>PROFESSORAT COMIT\u00c8 ESCOLES VERDES<\/strong><\/td>\n<\/tr>\n<tr>\n<td>Merc\u00e8 Espunya<\/td>\n<\/tr>\n<tr>\n<td>Imma Torrent<\/td>\n<\/tr>\n<tr>\n<td>Imma Arango<\/td>\n<\/tr>\n<tr>\n<td>Margarita Custey<\/td>\n<\/tr>\n<tr>\n<td>Teia Romaguera<\/td>\n<\/tr>\n<\/tbody>\n<\/table>\n<\/td>\n<\/tr>\n<\/tbody>\n<\/table>\n<p>Els objectius que es desenvolupen s\u00f3n els seg\u00fcents:<\/p>\n<ul>\n<li>Promoure la reducci\u00f3 i recollida selectiva dels residus.<\/li>\n<li>Reduir i, si pot ser, eliminar l\u2019\u00fas de l\u2019alumini en els embolcalls dels esmorzars, utilitzant altres tipus d\u2019embolcalls no tan perjudicials per al medi ambient (paper, tovallons, \u201cboc\u00b4n roll,\u201d carmanyoles, recipients reutilitzables&#8230;).<\/li>\n<li>Fomentar l\u2019\u00fas racional del material escolar.<\/li>\n<li>Evitar el malbaratament d\u2019aliments.<\/li>\n<li>Fomentar l\u2019estalvi d\u2019aigua i electricitat.<\/li>\n<li>Incentivar els despla\u00e7aments a peu i en bici.<\/li>\n<li>Cuidar l\u2019entorn proper en les activitats que es desenvolupin en el medi natural (parcs, platja, muntanya\u2026).<\/li>\n<li>Fomentar l\u2019educaci\u00f3 ambiental, procurant difondre idees i h\u00e0bits sostenibles.<\/li>\n<li>Promoure la implicaci\u00f3 de la comunitat educativa en el programa d\u2019E.Verdes tot dinamitzant el Comit\u00e8 Ambiental amb la participaci\u00f3 m\u00e0xima dels alumnes.<\/li>\n<li>Incentivar accions que afavoreixin la participaci\u00f3 entre diferents centres i participar en projectes i actuacions d\u2019altres entitats.<\/li>\n<li>Fer difusi\u00f3 de les actuacions que s\u2019estan realitzant al centre a trav\u00e9s del bloc: \u201dBloc de les Escoles Verdes\u201d (www.iessobreques.org) i del bloc conjunt de la xarxa d\u2019 E.V. (http:escolesverdesgirona.blog.pangea.org).<\/li>\n<\/ul>\n<p>Aquests objectius es treballen a les tutories i se\u2019n fa difusi\u00f3 a les fam\u00edlies amb una carta a principi de curs. S\u2019incorporen alumnes al comit\u00e8 que es reuneix trimestralment.<\/p>\n","protected":false},"excerpt":{"rendered":"<p>El nostre centre forma part del Programa d&#8217;Escoles Verdes de la Generalitat de Catalunya des de l&#8217;octubre del 2003. PROFESSORAT COMIT\u00c8 ESCOLES VERDES Merc\u00e8 Espunya Imma Torrent Imma Arango Margarita Custey Teia Romaguera Els objectius que es desenvolupen s\u00f3n els seg\u00fcents: Promoure la reducci\u00f3 i recollida selectiva dels residus. Reduir i, si pot ser, eliminar [&hellip;]<\/p>\n","protected":false},"author":1,"featured_media":0,"parent":57,"menu_order":0,"comment_status":"closed","ping_status":"closed","template":"","meta":{"_bbp_topic_count":0,"_bbp_reply_count":0,"_bbp_total_topic_count":0,"_bbp_total_reply_count":0,"_bbp_voice_count":0,"_bbp_anonymous_reply_count":0,"_bbp_topic_count_hidden":0,"_bbp_reply_count_hidden":0,"_bbp_forum_subforum_count":0,"site-sidebar-layout":"default","site-content-layout":"","ast-site-content-layout":"","site-content-style":"default","site-sidebar-style":"default","ast-global-header-display":"","ast-banner-title-visibility":"","ast-main-header-display":"","ast-hfb-above-header-display":"","ast-hfb-below-header-display":"","ast-hfb-mobile-header-display":"","site-post-title":"","ast-breadcrumbs-content":"","ast-featured-img":"","footer-sml-layout":"","theme-transparent-header-meta":"","adv-header-id-meta":"","stick-header-meta":"","header-above-stick-meta":"","header-main-stick-meta":"","header-below-stick-meta":"","astra-migrate-meta-layouts":"default","ast-page-background-enabled":"default","ast-page-background-meta":{"desktop":{"background-color":"var(--ast-global-color-4)","background-image":"","background-repeat":"repeat","background-position":"center center","background-size":"auto","background-attachment":"scroll","background-type":"","background-media":"","overlay-type":"","overlay-color":"","overlay-opacity":"","overlay-gradient":""},"tablet":{"background-color":"","background-image":"","background-repeat":"repeat","background-position":"center center","background-size":"auto","background-attachment":"scroll","background-type":"","background-media":"","overlay-type":"","overlay-color":"","overlay-opacity":"","overlay-gradient":""},"mobile":{"background-color":"","background-image":"","background-repeat":"repeat","background-position":"center center","background-size":"auto","background-attachment":"scroll","background-type":"","background-media":"","overlay-type":"","overlay-color":"","overlay-opacity":"","overlay-gradient":""}},"ast-content-background-meta":{"desktop":{"background-color":"var(--ast-global-color-5)","background-image":"","background-repeat":"repeat","background-position":"center center","background-size":"auto","background-attachment":"scroll","background-type":"","background-media":"","overlay-type":"","overlay-color":"","overlay-opacity":"","overlay-gradient":""},"tablet":{"background-color":"var(--ast-global-color-5)","background-image":"","background-repeat":"repeat","background-position":"center center","background-size":"auto","background-attachment":"scroll","background-type":"","background-media":"","overlay-type":"","overlay-color":"","overlay-opacity":"","overlay-gradient":""},"mobile":{"background-color":"var(--ast-global-color-5)","background-image":"","background-repeat":"repeat","background-position":"center center","background-size":"auto","background-attachment":"scroll","background-type":"","background-media":"","overlay-type":"","overlay-color":"","overlay-opacity":"","overlay-gradient":""}},"footnotes":""},"class_list":["post-298","page","type-page","status-publish","hentry"],"post_mailing_queue_ids":[],"_links":{"self":[{"href":"https:\/\/agora.xtec.cat\/inssobreques\/wp-json\/wp\/v2\/pages\/298","targetHints":{"allow":["GET"]}}],"collection":[{"href":"https:\/\/agora.xtec.cat\/inssobreques\/wp-json\/wp\/v2\/pages"}],"about":[{"href":"https:\/\/agora.xtec.cat\/inssobreques\/wp-json\/wp\/v2\/types\/page"}],"author":[{"embeddable":true,"href":"https:\/\/agora.xtec.cat\/inssobreques\/wp-json\/wp\/v2\/users\/1"}],"replies":[{"embeddable":true,"href":"https:\/\/agora.xtec.cat\/inssobreques\/wp-json\/wp\/v2\/comments?post=298"}],"version-history":[{"count":1,"href":"https:\/\/agora.xtec.cat\/inssobreques\/wp-json\/wp\/v2\/pages\/298\/revisions"}],"predecessor-version":[{"id":300,"href":"https:\/\/agora.xtec.cat\/inssobreques\/wp-json\/wp\/v2\/pages\/298\/revisions\/300"}],"up":[{"embeddable":true,"href":"https:\/\/agora.xtec.cat\/inssobreques\/wp-json\/wp\/v2\/pages\/57"}],"wp:attachment":[{"href":"https:\/\/agora.xtec.cat\/inssobreques\/wp-json\/wp\/v2\/media?parent=298"}],"curies":[{"name":"wp","href":"https:\/\/api.w.org\/{rel}","templated":true}]}}