{"id":12304,"date":"2024-09-11T18:51:05","date_gmt":"2024-09-11T16:51:05","guid":{"rendered":"https:\/\/agora.xtec.cat\/inssobreques\/?page_id=12304"},"modified":"2024-09-11T18:51:05","modified_gmt":"2024-09-11T16:51:05","slug":"criteris-de-seleccio-de-lalumnat-deso-per-als-intercanvis","status":"publish","type":"page","link":"https:\/\/agora.xtec.cat\/inssobreques\/criteris-de-seleccio-de-lalumnat-deso-per-als-intercanvis\/","title":{"rendered":"Criteris de selecci\u00f3 de l&#8217;alumnat d&#8217;ESO per als intercanvis"},"content":{"rendered":"\n<p>A l\u2019Institut Santiago Sobrequ\u00e9s i Vidal creiem en la import\u00e0ncia de la participaci\u00f3 en intercanvis internacionals tant per l\u2019experi\u00e8ncia que suposa, com per al creixement personal de l\u2019alumnat que hi participa.<\/p>\n\n\n\n<p>Per tal d\u2019aconseguir l\u2019aprofitament m\u00e0xim de l\u2019experi\u00e8ncia i per al bon funcionament de l\u2019estada, s&#8217;estableixen uns criteris de selecci\u00f3 de l\u2019alumnat que hi participa:<\/p>\n\n\n\n<ol class=\"wp-block-list\">\n<li>De les darreres qualificacions oficials, es tindr\u00e0 en compte per una banda l\u2019expedient acad\u00e8mic de l\u2019\u00faltim curs superat per l\u2019alumne\/a (40%) i, per l\u2019altra, les qualificacions de l\u2019idioma estranger que cursi al centre com a primera llengua (60%) prioritzant sempre la llengua de l\u2019intercanvi depenent de les places ofertades.<\/li>\n\n\n\n<li>Ser\u00e0 un requisit obligatori cursar la llengua en la qual es realitza l\u2019intercanvi.<\/li>\n\n\n\n<li>En quedaran exclosos els alumnes que acumulin incid\u00e8ncies per actituds incorrectes a l\u2019aula.<\/li>\n\n\n\n<li>L\u2019alumnat adm\u00e8s en un intercanvi tamb\u00e9 pot ser excl\u00f2s si posteriorment el seu rendiment acad\u00e8mic o la seva actitud a l\u2019aula no s\u00f3n adequats.<\/li>\n\n\n\n<li>En cas de dubte ser\u00e0 l\u2019equip docent qui valorar\u00e0 la participaci\u00f3 de l\u2019alumnat a l\u2019intercanvi.<\/li>\n<\/ol>\n\n\n\n<p>Pensem, a m\u00e9s, que aquestes activitats s\u00f3n un bon motiu per incentivar l\u2019alumnat en les bones pr\u00e0ctiques i aconseguir aix\u00ed, millors resultats acad\u00e8mics.<\/p>\n\n\n\n<p><strong>\u27a2 Intercanvi de 2n d&#8217;ESO a Londres<\/strong><\/p>\n\n\n\n<p>L\u2019elecci\u00f3 de l\u2019alumnat participant en aquest intercanvi es pot veure condicionada pel g\u00e8nere dels alumnes que hi participin, fins al punt que una distribuci\u00f3 parit\u00e0ria no sigui possible.<\/p>\n","protected":false},"excerpt":{"rendered":"<p>A l\u2019Institut Santiago Sobrequ\u00e9s i Vidal creiem en la import\u00e0ncia de la participaci\u00f3 en intercanvis internacionals tant per l\u2019experi\u00e8ncia que suposa, com per al creixement personal de l\u2019alumnat que hi participa. Per tal d\u2019aconseguir l\u2019aprofitament m\u00e0xim de l\u2019experi\u00e8ncia i per al bon funcionament de l\u2019estada, s&#8217;estableixen uns criteris de selecci\u00f3 de l\u2019alumnat que hi participa: [&hellip;]<\/p>\n","protected":false},"author":1,"featured_media":0,"parent":0,"menu_order":0,"comment_status":"closed","ping_status":"close","template":"","meta":{"_bbp_topic_count":0,"_bbp_reply_count":0,"_bbp_total_topic_count":0,"_bbp_total_reply_count":0,"_bbp_voice_count":0,"_bbp_anonymous_reply_count":0,"_bbp_topic_count_hidden":0,"_bbp_reply_count_hidden":0,"_bbp_forum_subforum_count":0,"site-sidebar-layout":"default","site-content-layout":"","ast-site-content-layout":"","site-content-style":"default","site-sidebar-style":"default","ast-global-header-display":"","ast-banner-title-visibility":"","ast-main-header-display":"","ast-hfb-above-header-display":"","ast-hfb-below-header-display":"","ast-hfb-mobile-header-display":"","site-post-title":"","ast-breadcrumbs-content":"","ast-featured-img":"","footer-sml-layout":"","theme-transparent-header-meta":"","adv-header-id-meta":"","stick-header-meta":"","header-above-stick-meta":"","header-main-stick-meta":"","header-below-stick-meta":"","astra-migrate-meta-layouts":"default","ast-page-background-enabled":"default","ast-page-background-meta":{"desktop":{"background-color":"var(--ast-global-color-4)","background-image":"","background-repeat":"repeat","background-position":"center center","background-size":"auto","background-attachment":"scroll","background-type":"","background-media":"","overlay-type":"","overlay-color":"","overlay-opacity":"","overlay-gradient":""},"tablet":{"background-color":"","background-image":"","background-repeat":"repeat","background-position":"center center","background-size":"auto","background-attachment":"scroll","background-type":"","background-media":"","overlay-type":"","overlay-color":"","overlay-opacity":"","overlay-gradient":""},"mobile":{"background-color":"","background-image":"","background-repeat":"repeat","background-position":"center center","background-size":"auto","background-attachment":"scroll","background-type":"","background-media":"","overlay-type":"","overlay-color":"","overlay-opacity":"","overlay-gradient":""}},"ast-content-background-meta":{"desktop":{"background-color":"var(--ast-global-color-5)","background-image":"","background-repeat":"repeat","background-position":"center center","background-size":"auto","background-attachment":"scroll","background-type":"","background-media":"","overlay-type":"","overlay-color":"","overlay-opacity":"","overlay-gradient":""},"tablet":{"background-color":"var(--ast-global-color-5)","background-image":"","background-repeat":"repeat","background-position":"center center","background-size":"auto","background-attachment":"scroll","background-type":"","background-media":"","overlay-type":"","overlay-color":"","overlay-opacity":"","overlay-gradient":""},"mobile":{"background-color":"var(--ast-global-color-5)","background-image":"","background-repeat":"repeat","background-position":"center center","background-size":"auto","background-attachment":"scroll","background-type":"","background-media":"","overlay-type":"","overlay-color":"","overlay-opacity":"","overlay-gradient":""}},"footnotes":""},"class_list":["post-12304","page","type-page","status-publish","hentry"],"post_mailing_queue_ids":[],"_links":{"self":[{"href":"https:\/\/agora.xtec.cat\/inssobreques\/wp-json\/wp\/v2\/pages\/12304","targetHints":{"allow":["GET"]}}],"collection":[{"href":"https:\/\/agora.xtec.cat\/inssobreques\/wp-json\/wp\/v2\/pages"}],"about":[{"href":"https:\/\/agora.xtec.cat\/inssobreques\/wp-json\/wp\/v2\/types\/page"}],"author":[{"embeddable":true,"href":"https:\/\/agora.xtec.cat\/inssobreques\/wp-json\/wp\/v2\/users\/1"}],"replies":[{"embeddable":true,"href":"https:\/\/agora.xtec.cat\/inssobreques\/wp-json\/wp\/v2\/comments?post=12304"}],"version-history":[{"count":1,"href":"https:\/\/agora.xtec.cat\/inssobreques\/wp-json\/wp\/v2\/pages\/12304\/revisions"}],"predecessor-version":[{"id":12305,"href":"https:\/\/agora.xtec.cat\/inssobreques\/wp-json\/wp\/v2\/pages\/12304\/revisions\/12305"}],"wp:attachment":[{"href":"https:\/\/agora.xtec.cat\/inssobreques\/wp-json\/wp\/v2\/media?parent=12304"}],"curies":[{"name":"wp","href":"https:\/\/api.w.org\/{rel}","templated":true}]}}