{"id":12268,"date":"2024-08-30T22:46:55","date_gmt":"2024-08-30T20:46:55","guid":{"rendered":"https:\/\/agora.xtec.cat\/inssobreques\/?page_id=12268"},"modified":"2026-01-19T12:05:49","modified_gmt":"2026-01-19T11:05:49","slug":"documentacio-de-centre","status":"publish","type":"page","link":"https:\/\/agora.xtec.cat\/inssobreques\/documentacio-de-centre\/","title":{"rendered":"Documentaci\u00f3 de centre"},"content":{"rendered":"\n<hr class=\"wp-block-separator has-alpha-channel-opacity\"\/>\n\n\n\n<p class=\"has-medium-font-size\"><strong>TR\u00c0MITS OFICINES<\/strong><\/p>\n\n\n\n<div class=\"wp-block-buttons is-content-justification-center is-layout-flex wp-container-core-buttons-is-layout-1 wp-block-buttons-is-layout-flex\">\n<div class=\"wp-block-button has-custom-width wp-block-button__width-25\"><a class=\"wp-block-button__link has-white-color has-vivid-red-background-color has-text-color has-background has-link-color has-text-align-center wp-element-button\" href=\"https:\/\/docs.google.com\/document\/d\/1T98ff1xfT_Oo3jTxVq48H3m5ka_wLRQK\/edit?usp=sharing&amp;ouid=114727773639992137740&amp;rtpof=true&amp;sd=true\" target=\"_blank\" rel=\"noreferrer noopener\">Informaci\u00f3 tramitaci\u00f3 documentaci\u00f3<\/a><\/div>\n\n\n\n<div class=\"wp-block-button has-custom-width wp-block-button__width-25\"><a class=\"wp-block-button__link has-white-color has-vivid-red-background-color has-text-color has-background has-link-color wp-element-button\" href=\"https:\/\/drive.google.com\/file\/d\/1wUJ9S4VnvUNGxkvXHCGrQtGIaUngmTjv\/view?usp=sharing\" target=\"_blank\" rel=\"noreferrer noopener\">Sol\u00b7licitud de t\u00edtol de batxillerat<\/a><\/div>\n\n\n\n<div class=\"wp-block-button has-custom-width wp-block-button__width-25 is-style-outline is-style-outline--1\"><a class=\"wp-block-button__link has-white-color has-vivid-red-background-color has-text-color has-background has-link-color wp-element-button\" href=\"https:\/\/drive.google.com\/file\/d\/1-kV1PpSY6l7CNZV2Nr855JRhYD8AgmU9\/view?usp=sharing\" target=\"_blank\" rel=\"noreferrer noopener\">Inst\u00e0ncia gen\u00e8rica<\/a><\/div>\n<\/div>\n\n\n\n<hr class=\"wp-block-separator has-alpha-channel-opacity\"\/>\n\n\n\n<p class=\"has-medium-font-size\"><strong>SOL\u00b7LICITUDS CERTIFICAT NIVELL CATAL\u00c0<\/strong><\/p>\n\n\n\n<div class=\"wp-block-buttons is-content-justification-center is-layout-flex wp-container-core-buttons-is-layout-2 wp-block-buttons-is-layout-flex\">\n<div class=\"wp-block-button has-custom-width wp-block-button__width-25\"><a class=\"wp-block-button__link has-white-color has-vivid-red-background-color has-text-color has-background has-link-color has-text-align-center wp-element-button\" href=\"https:\/\/docs.google.com\/document\/d\/11s1qgaaoIBqztq70dO5m5LqAX0kKAK3pGwApmZHON7c\/edit?usp=sharing\" target=\"_blank\" rel=\"noreferrer noopener\">Informaci\u00f3 tramitaci\u00f3 documentaci\u00f3<\/a><\/div>\n\n\n\n<div class=\"wp-block-button has-custom-width wp-block-button__width-25\"><a class=\"wp-block-button__link has-white-color has-vivid-red-background-color has-text-color has-background has-link-color wp-element-button\" href=\"https:\/\/drive.google.com\/file\/d\/1jsexyG5v4DAewrFHsj6sgjanL6fZbQnM\/view?usp=sharing\" target=\"_blank\" rel=\"noreferrer noopener\">Sol\u00b7licitud de nivell catal\u00e0<\/a><\/div>\n<\/div>\n\n\n\n<hr class=\"wp-block-separator has-alpha-channel-opacity\"\/>\n\n\n\n<p class=\"has-medium-font-size\"><strong>SOL\u00b7LICITUDS CONVALIDACIONS ESO<\/strong><\/p>\n\n\n\n<div class=\"wp-block-buttons is-content-justification-center is-layout-flex wp-container-core-buttons-is-layout-3 wp-block-buttons-is-layout-flex\">\n<div class=\"wp-block-button has-custom-width wp-block-button__width-25\"><a class=\"wp-block-button__link has-white-color has-vivid-red-background-color has-text-color has-background has-link-color has-text-align-center wp-element-button\" href=\"https:\/\/drive.google.com\/file\/d\/1jAgDOvfZ83Vv_0Vu23hLz8a9Wbo5cgpg\/view?usp=sharing\" target=\"_blank\" rel=\"noreferrer noopener\">Sol\u00b7licitud convalidaci\u00f3 Educaci\u00f3 F\u00edsica<\/a><\/div>\n\n\n\n<div class=\"wp-block-button has-custom-width wp-block-button__width-25\"><a class=\"wp-block-button__link has-white-color has-vivid-red-background-color has-text-color has-background has-link-color wp-element-button\" href=\"https:\/\/drive.google.com\/file\/d\/1TCfDAxhjB1wsT3xCzFbLEW0O7bxLwyLp\/view?usp=sharing\" target=\"_blank\" rel=\"noreferrer noopener\">Sol\u00b7licitud convalidaci\u00f3 M\u00fasica<\/a><\/div>\n\n\n\n<div class=\"wp-block-button has-custom-width wp-block-button__width-25 is-style-outline is-style-outline--2\"><a class=\"wp-block-button__link has-white-color has-vivid-red-background-color has-text-color has-background has-link-color wp-element-button\" href=\"https:\/\/drive.google.com\/file\/d\/1uNJNcAkPtVrNDc-yQ9oJsBEAsXdkYOw_\/view?usp=sharing\" target=\"_blank\" rel=\"noreferrer noopener\">Sol\u00b7licitud convalidaci\u00f3 Dansa<\/a><\/div>\n<\/div>\n\n\n\n<hr class=\"wp-block-separator has-alpha-channel-opacity\"\/>\n\n\n\n<p class=\"has-medium-font-size\"><strong>SOL\u00b7LICITUDS CONVALIDACIONS BATXILLERAT<\/strong><\/p>\n\n\n\n<div class=\"wp-block-buttons is-horizontal is-content-justification-center is-nowrap is-layout-flex wp-container-core-buttons-is-layout-4 wp-block-buttons-is-layout-flex\">\n<div class=\"wp-block-button has-custom-width wp-block-button__width-25 is-style-outline is-style-outline--3\"><a class=\"wp-block-button__link has-white-color has-vivid-red-background-color has-text-color has-background has-link-color wp-element-button\" href=\"https:\/\/drive.google.com\/file\/d\/1FT9c8ph8lSf3mdGA8lOwApEuuxQnTHzX\/view?usp=sharing\" target=\"_blank\" rel=\"noreferrer noopener\">M\u00fasica escola autoritzada<\/a><\/div>\n\n\n\n<div class=\"wp-block-button has-custom-width wp-block-button__width-25 is-style-outline is-style-outline--4\"><a class=\"wp-block-button__link has-white-color has-vivid-red-background-color has-text-color has-background has-link-color wp-element-button\" href=\"https:\/\/drive.google.com\/file\/d\/15taipVrN2fnFlQTk0WO8PDrVJ0c8CnRe\/view?usp=sharing\" target=\"_blank\" rel=\"noreferrer noopener\">M\u00fasica conservatori o centre professional<\/a><\/div>\n\n\n\n<div class=\"wp-block-button has-custom-width wp-block-button__width-25 is-style-fill\"><a class=\"wp-block-button__link has-white-color has-vivid-red-background-color has-text-color has-background has-link-color wp-element-button\" href=\"https:\/\/drive.google.com\/file\/d\/1doVv77lXw-MxBTeXeSSLwoyHlyrnl1lB\/view?usp=sharing\" target=\"_blank\" rel=\"noreferrer noopener\">Educaci\u00f3 F\u00edsica per dedicaci\u00f3 significativa a l&#8217;esport<\/a><\/div>\n\n\n\n<div class=\"wp-block-button has-custom-width wp-block-button__width-25\"><a class=\"wp-block-button__link has-white-color has-vivid-red-background-color has-text-color has-background has-link-color wp-element-button\" href=\"https:\/\/drive.google.com\/file\/d\/17K4VzEN7-7W-lPDF_Z6cvBq1LYs1h-vN\/view?usp=sharing\" target=\"_blank\" rel=\"noreferrer noopener\">Escola de dansa autoritzada<\/a><\/div>\n\n\n\n<div class=\"wp-block-button has-custom-width wp-block-button__width-25\"><a class=\"wp-block-button__link has-white-color has-vivid-red-background-color has-text-color has-background has-link-color wp-element-button\" href=\"https:\/\/drive.google.com\/file\/d\/1ZK1mA21wpXX48BklwE38CT08xvWfZQmv\/view?usp=sharing\" target=\"_blank\" rel=\"noreferrer noopener\">Conservatori o centre professional de dansa<\/a><\/div>\n<\/div>\n\n\n\n<hr class=\"wp-block-separator has-alpha-channel-opacity\"\/>\n\n\n\n<p class=\"has-medium-font-size\"><strong>CERTIFICATS ESO I BATXILLERAT<\/strong><\/p>\n\n\n\n<figure class=\"wp-block-table\"><table><tbody><tr><td><strong>Simultane\u00eftat d&#8217;estudis amb dansa<\/strong><\/td><td><\/td><\/tr><tr><td>Certificat expedit pel conservatori o pel centre professional de dansa en qu\u00e8 s\u2019acredita el curs que fa l\u2019alumne\/a. CDA1<\/td><td><a href=\"https:\/\/drive.google.com\/file\/d\/1DnEZkm7S5Kd-oqoRi6W23egoPbXKo9S4\/view?usp=sharing\" target=\"_blank\" rel=\"noreferrer noopener\">A142<\/a><\/td><\/tr><tr><td>Certificat expedit per l\u2019escola de dansa autoritzada en qu\u00e8 s\u2019acredita el curs i el nombre d\u2019hores de dedicaci\u00f3 setmanal que fa l\u2019alumne\/a per al reconeixement dels estudis de dansa en l\u2019ESO o de la mat\u00e8ria d\u2019educaci\u00f3 f\u00edsica en el batxillerat. CDA2<\/td><td><a href=\"https:\/\/drive.google.com\/file\/d\/1o0g7J7zwP_0o96BadJpquS9MwxualZOa\/view?usp=sharing\" target=\"_blank\" rel=\"noreferrer noopener\">A264<\/a><\/td><\/tr><tr><td>Certificat expedit per l\u2019escola de dansa autoritzada per tal que l\u2019alumne\/a pugui acollir-se al reconeixement amb reducci\u00f3 de mat\u00e8ries de batxillerat de la franja d\u2019espec\u00edfiques i\/o de l\u2019educaci\u00f3 f\u00edsica. CDA3<\/td><td><a href=\"https:\/\/drive.google.com\/file\/d\/11psEEQhZStvzbGjjA3lebVsMt-qc071o\/view?usp=sharing\" target=\"_blank\" rel=\"noreferrer noopener\">A144<\/a><\/td><\/tr><tr><td><strong>Simultane\u00eftat d\u2019estudis amb m\u00fasica<\/strong><\/td><td><\/td><\/tr><tr><td>Certificat expedit pel conservatori o pel centre professional de m\u00fasica en qu\u00e8 s\u2019acredita el curs que fa l\u2019alumne\/a. CMU1<\/td><td><a href=\"https:\/\/drive.google.com\/file\/d\/1MYrk5eUEXq3J_y-z299pXQ8jZeI6xvQL\/view?usp=drive_link\" target=\"_blank\" rel=\"noreferrer noopener\">A136<\/a><\/td><\/tr><tr><td>Certificat expedit per l\u2019escola de m\u00fasica autoritzada en qu\u00e8 s\u2019acredita el que fa l\u2019alumne\/a per al reconeixement dels estudis de m\u00fasica en l\u2019ESO. CMU2<\/td><td><a href=\"https:\/\/drive.google.com\/file\/d\/1m6YtCqip05xATLfT9VWARny-AucR7gWU\/view?usp=sharing\" target=\"_blank\" rel=\"noreferrer noopener\">A155<\/a><\/td><\/tr><tr><td>Certificat expedit per l\u2019escola de m\u00fasica autoritzada per tal que l\u2019alumne\/a pugui acollir-se al reconeixement amb reducci\u00f3 de mat\u00e8ries de batxillerat de la franja d\u2019espec\u00edfiques. CMU3<\/td><td><a href=\"https:\/\/drive.google.com\/file\/d\/15i-gZG7jUy9HRTzKKP_QlaQCUrgUT3tW\/view?usp=sharing\">A137<\/a><\/td><\/tr><\/tbody><\/table><\/figure>\n","protected":false},"excerpt":{"rendered":"<p>TR\u00c0MITS OFICINES SOL\u00b7LICITUDS CERTIFICAT NIVELL CATAL\u00c0 SOL\u00b7LICITUDS CONVALIDACIONS ESO SOL\u00b7LICITUDS CONVALIDACIONS BATXILLERAT CERTIFICATS ESO I BATXILLERAT Simultane\u00eftat d&#8217;estudis amb dansa Certificat expedit pel conservatori o pel centre professional de dansa en qu\u00e8 s\u2019acredita el curs que fa l\u2019alumne\/a. CDA1 A142 Certificat expedit per l\u2019escola de dansa autoritzada en qu\u00e8 s\u2019acredita el curs i el nombre [&hellip;]<\/p>\n","protected":false},"author":1,"featured_media":0,"parent":0,"menu_order":0,"comment_status":"closed","ping_status":"close","template":"","meta":{"_bbp_topic_count":0,"_bbp_reply_count":0,"_bbp_total_topic_count":0,"_bbp_total_reply_count":0,"_bbp_voice_count":0,"_bbp_anonymous_reply_count":0,"_bbp_topic_count_hidden":0,"_bbp_reply_count_hidden":0,"_bbp_forum_subforum_count":0,"site-sidebar-layout":"default","site-content-layout":"","ast-site-content-layout":"","site-content-style":"default","site-sidebar-style":"default","ast-global-header-display":"","ast-banner-title-visibility":"","ast-main-header-display":"","ast-hfb-above-header-display":"","ast-hfb-below-header-display":"","ast-hfb-mobile-header-display":"","site-post-title":"","ast-breadcrumbs-content":"","ast-featured-img":"","footer-sml-layout":"","theme-transparent-header-meta":"","adv-header-id-meta":"","stick-header-meta":"","header-above-stick-meta":"","header-main-stick-meta":"","header-below-stick-meta":"","astra-migrate-meta-layouts":"default","ast-page-background-enabled":"default","ast-page-background-meta":{"desktop":{"background-color":"var(--ast-global-color-4)","background-image":"","background-repeat":"repeat","background-position":"center center","background-size":"auto","background-attachment":"scroll","background-type":"","background-media":"","overlay-type":"","overlay-color":"","overlay-opacity":"","overlay-gradient":""},"tablet":{"background-color":"","background-image":"","background-repeat":"repeat","background-position":"center center","background-size":"auto","background-attachment":"scroll","background-type":"","background-media":"","overlay-type":"","overlay-color":"","overlay-opacity":"","overlay-gradient":""},"mobile":{"background-color":"","background-image":"","background-repeat":"repeat","background-position":"center center","background-size":"auto","background-attachment":"scroll","background-type":"","background-media":"","overlay-type":"","overlay-color":"","overlay-opacity":"","overlay-gradient":""}},"ast-content-background-meta":{"desktop":{"background-color":"var(--ast-global-color-5)","background-image":"","background-repeat":"repeat","background-position":"center center","background-size":"auto","background-attachment":"scroll","background-type":"","background-media":"","overlay-type":"","overlay-color":"","overlay-opacity":"","overlay-gradient":""},"tablet":{"background-color":"var(--ast-global-color-5)","background-image":"","background-repeat":"repeat","background-position":"center center","background-size":"auto","background-attachment":"scroll","background-type":"","background-media":"","overlay-type":"","overlay-color":"","overlay-opacity":"","overlay-gradient":""},"mobile":{"background-color":"var(--ast-global-color-5)","background-image":"","background-repeat":"repeat","background-position":"center center","background-size":"auto","background-attachment":"scroll","background-type":"","background-media":"","overlay-type":"","overlay-color":"","overlay-opacity":"","overlay-gradient":""}},"footnotes":""},"class_list":["post-12268","page","type-page","status-publish","hentry"],"post_mailing_queue_ids":[],"_links":{"self":[{"href":"https:\/\/agora.xtec.cat\/inssobreques\/wp-json\/wp\/v2\/pages\/12268","targetHints":{"allow":["GET"]}}],"collection":[{"href":"https:\/\/agora.xtec.cat\/inssobreques\/wp-json\/wp\/v2\/pages"}],"about":[{"href":"https:\/\/agora.xtec.cat\/inssobreques\/wp-json\/wp\/v2\/types\/page"}],"author":[{"embeddable":true,"href":"https:\/\/agora.xtec.cat\/inssobreques\/wp-json\/wp\/v2\/users\/1"}],"replies":[{"embeddable":true,"href":"https:\/\/agora.xtec.cat\/inssobreques\/wp-json\/wp\/v2\/comments?post=12268"}],"version-history":[{"count":6,"href":"https:\/\/agora.xtec.cat\/inssobreques\/wp-json\/wp\/v2\/pages\/12268\/revisions"}],"predecessor-version":[{"id":12929,"href":"https:\/\/agora.xtec.cat\/inssobreques\/wp-json\/wp\/v2\/pages\/12268\/revisions\/12929"}],"wp:attachment":[{"href":"https:\/\/agora.xtec.cat\/inssobreques\/wp-json\/wp\/v2\/media?parent=12268"}],"curies":[{"name":"wp","href":"https:\/\/api.w.org\/{rel}","templated":true}]}}