{"id":11083,"date":"2021-09-30T13:41:36","date_gmt":"2021-09-30T11:41:36","guid":{"rendered":"https:\/\/agora.xtec.cat\/inssobreques\/?page_id=11083"},"modified":"2024-01-16T09:45:13","modified_gmt":"2024-01-16T08:45:13","slug":"caps-de-departament","status":"publish","type":"page","link":"https:\/\/agora.xtec.cat\/inssobreques\/linstitut\/organigrama\/caps-de-departament\/","title":{"rendered":"Caps d&#8217;\u00c0mbit"},"content":{"rendered":"<table style=\"border-collapse: collapse; width: 60.0871%;\">\n<tbody>\n<tr>\n<td style=\"width: 38.075%;\"><b>\u00c0MBIT<\/b><\/td>\n<td style=\"width: 27.4202%;\"><strong>CAP<\/strong><\/td>\n<\/tr>\n<tr>\n<td style=\"width: 38.075%;\">Matem\u00e0tic<\/td>\n<td style=\"width: 27.4202%;\">Jordi Vilarrub\u00ed<\/td>\n<\/tr>\n<tr>\n<td style=\"width: 38.075%;\">Cient\u00edfic i Tecnol\u00f2gic<\/td>\n<td style=\"width: 27.4202%;\">Marga Custey<\/td>\n<\/tr>\n<tr>\n<td style=\"width: 38.075%;\">Ling\u00fc\u00edstic<\/td>\n<td style=\"width: 27.4202%;\">Cristina Garc\u00eda Molina<\/td>\n<\/tr>\n<tr>\n<td style=\"width: 38.075%;\">Ling\u00fc\u00edstic Lleng\u00fces Estrangeres<\/td>\n<td style=\"width: 27.4202%;\">Maria Jos\u00e9 Garc\u00eda<\/td>\n<\/tr>\n<tr>\n<td style=\"width: 38.075%;\">Geografia i Hist\u00f2ria \/ Filosofia \/ Cl\u00e0ssiques<\/td>\n<td style=\"width: 27.4202%;\">Joan Boada<\/td>\n<\/tr>\n<tr>\n<td style=\"width: 38.075%;\">Expressions<\/td>\n<td style=\"width: 27.4202%;\">Montse Miquel<\/td>\n<\/tr>\n<\/tbody>\n<\/table>\n","protected":false},"excerpt":{"rendered":"<p>\u00c0MBIT CAP Matem\u00e0tic Jordi Vilarrub\u00ed Cient\u00edfic i Tecnol\u00f2gic Marga Custey Ling\u00fc\u00edstic Cristina Garc\u00eda Molina Ling\u00fc\u00edstic Lleng\u00fces Estrangeres Maria Jos\u00e9 Garc\u00eda Geografia i Hist\u00f2ria \/ Filosofia \/ Cl\u00e0ssiques Joan Boada Expressions Montse Miquel<\/p>\n","protected":false},"author":1,"featured_media":0,"parent":46,"menu_order":0,"comment_status":"closed","ping_status":"closed","template":"","meta":{"_bbp_topic_count":0,"_bbp_reply_count":0,"_bbp_total_topic_count":0,"_bbp_total_reply_count":0,"_bbp_voice_count":0,"_bbp_anonymous_reply_count":0,"_bbp_topic_count_hidden":0,"_bbp_reply_count_hidden":0,"_bbp_forum_subforum_count":0,"site-sidebar-layout":"default","site-content-layout":"","ast-site-content-layout":"","site-content-style":"default","site-sidebar-style":"default","ast-global-header-display":"","ast-banner-title-visibility":"","ast-main-header-display":"","ast-hfb-above-header-display":"","ast-hfb-below-header-display":"","ast-hfb-mobile-header-display":"","site-post-title":"","ast-breadcrumbs-content":"","ast-featured-img":"","footer-sml-layout":"","theme-transparent-header-meta":"","adv-header-id-meta":"","stick-header-meta":"","header-above-stick-meta":"","header-main-stick-meta":"","header-below-stick-meta":"","astra-migrate-meta-layouts":"default","ast-page-background-enabled":"default","ast-page-background-meta":{"desktop":{"background-color":"var(--ast-global-color-4)","background-image":"","background-repeat":"repeat","background-position":"center center","background-size":"auto","background-attachment":"scroll","background-type":"","background-media":"","overlay-type":"","overlay-color":"","overlay-opacity":"","overlay-gradient":""},"tablet":{"background-color":"","background-image":"","background-repeat":"repeat","background-position":"center center","background-size":"auto","background-attachment":"scroll","background-type":"","background-media":"","overlay-type":"","overlay-color":"","overlay-opacity":"","overlay-gradient":""},"mobile":{"background-color":"","background-image":"","background-repeat":"repeat","background-position":"center center","background-size":"auto","background-attachment":"scroll","background-type":"","background-media":"","overlay-type":"","overlay-color":"","overlay-opacity":"","overlay-gradient":""}},"ast-content-background-meta":{"desktop":{"background-color":"var(--ast-global-color-5)","background-image":"","background-repeat":"repeat","background-position":"center center","background-size":"auto","background-attachment":"scroll","background-type":"","background-media":"","overlay-type":"","overlay-color":"","overlay-opacity":"","overlay-gradient":""},"tablet":{"background-color":"var(--ast-global-color-5)","background-image":"","background-repeat":"repeat","background-position":"center center","background-size":"auto","background-attachment":"scroll","background-type":"","background-media":"","overlay-type":"","overlay-color":"","overlay-opacity":"","overlay-gradient":""},"mobile":{"background-color":"var(--ast-global-color-5)","background-image":"","background-repeat":"repeat","background-position":"center center","background-size":"auto","background-attachment":"scroll","background-type":"","background-media":"","overlay-type":"","overlay-color":"","overlay-opacity":"","overlay-gradient":""}},"footnotes":""},"class_list":["post-11083","page","type-page","status-publish","hentry"],"post_mailing_queue_ids":[],"_links":{"self":[{"href":"https:\/\/agora.xtec.cat\/inssobreques\/wp-json\/wp\/v2\/pages\/11083","targetHints":{"allow":["GET"]}}],"collection":[{"href":"https:\/\/agora.xtec.cat\/inssobreques\/wp-json\/wp\/v2\/pages"}],"about":[{"href":"https:\/\/agora.xtec.cat\/inssobreques\/wp-json\/wp\/v2\/types\/page"}],"author":[{"embeddable":true,"href":"https:\/\/agora.xtec.cat\/inssobreques\/wp-json\/wp\/v2\/users\/1"}],"replies":[{"embeddable":true,"href":"https:\/\/agora.xtec.cat\/inssobreques\/wp-json\/wp\/v2\/comments?post=11083"}],"version-history":[{"count":5,"href":"https:\/\/agora.xtec.cat\/inssobreques\/wp-json\/wp\/v2\/pages\/11083\/revisions"}],"predecessor-version":[{"id":11914,"href":"https:\/\/agora.xtec.cat\/inssobreques\/wp-json\/wp\/v2\/pages\/11083\/revisions\/11914"}],"up":[{"embeddable":true,"href":"https:\/\/agora.xtec.cat\/inssobreques\/wp-json\/wp\/v2\/pages\/46"}],"wp:attachment":[{"href":"https:\/\/agora.xtec.cat\/inssobreques\/wp-json\/wp\/v2\/media?parent=11083"}],"curies":[{"name":"wp","href":"https:\/\/api.w.org\/{rel}","templated":true}]}}