{"id":10568,"date":"2020-05-06T17:26:34","date_gmt":"2020-05-06T15:26:34","guid":{"rendered":"https:\/\/agora.xtec.cat\/inssobreques\/?page_id=10568"},"modified":"2023-03-27T17:16:24","modified_gmt":"2023-03-27T15:16:24","slug":"universitats","status":"publish","type":"page","link":"https:\/\/agora.xtec.cat\/inssobreques\/universitats\/","title":{"rendered":"Universitats"},"content":{"rendered":"<p>Alumnes i fam\u00edlies, aqu\u00ed trobareu informaci\u00f3 de les diferents Universitats que ens fan arribar informaci\u00f3 sobre els seus graus i jornades de portes obertes virtuals que enguany duran a terme.<\/p>\n<p>La informaci\u00f3 s&#8217;anir\u00e0 actualitzant.<\/p>\n<table style=\"height: 610px;\">\n<tbody>\n<tr style=\"height: 49px;\">\n<td style=\"width: 393px; height: 49px;\">\n<h5>UNIVERSITAT<\/h5>\n<\/td>\n<td style=\"width: 309px; height: 49px;\">\n<h5>ENLLA\u00c7 INSCRIPCI\u00d3 XERRADES<\/h5>\n<\/td>\n<td style=\"width: 204px; height: 49px;\">\n<h5>DATES<\/h5>\n<\/td>\n<\/tr>\n<tr style=\"height: 49px;\">\n<td style=\"width: 393px; height: 49px;\">\n<h5><a href=\"https:\/\/www.salleurl.edu\/ca\" target=\"_blank\" rel=\"noopener noreferrer\">La Salle Universitat Ramon Llull<\/a><\/h5>\n<\/td>\n<td style=\"width: 309px; height: 49px;\"><a href=\"https:\/\/www.salleurl.edu\/ca\/grados-faqs-proces-admissio-i-beques\" target=\"_blank\" rel=\"noopener noreferrer\">Enlla\u00e7 xerrada<\/a><\/td>\n<td style=\"width: 204px; height: 49px;\"><\/td>\n<\/tr>\n<tr style=\"height: 49px;\">\n<td style=\"width: 393px; height: 49px;\">\n<h5><a href=\"http:\/\/www.udg.edu\/ice\" target=\"_blank\" rel=\"noopener noreferrer\">Institut de Ci\u00e8ncies de l&#8217;Educaci\u00f3 UdG<\/a><\/h5>\n<\/td>\n<td style=\"width: 309px; height: 49px;\"><\/td>\n<td style=\"text-align: right; width: 204px; height: 49px;\"><\/td>\n<\/tr>\n<tr style=\"height: 49px;\">\n<td style=\"width: 393px; height: 49px;\">\n<h5><a href=\"http:\/\/www.udl.cat\/ca\/\" target=\"_blank\" rel=\"noopener noreferrer\">Universitat de Lleida<\/a><\/h5>\n<\/td>\n<td style=\"width: 309px; height: 49px;\"><\/td>\n<td style=\"text-align: right; width: 204px; height: 49px;\"><\/td>\n<\/tr>\n<tr style=\"height: 49px;\">\n<td style=\"width: 393px; height: 49px;\">\n<h5><a href=\"https:\/\/www.uab.cat\/web\/estudiar\/grau\/oferta-de-graus\/tots-els-graus-1345661751752.html?utm_source=emailmarketing2020&amp;utm_medium=email&amp;utm_campaign=FutursUABers2021\" target=\"_blank\" rel=\"noopener noreferrer\">UAB<\/a><\/h5>\n<\/td>\n<td style=\"width: 309px; height: 49px;\"><a href=\"https:\/\/www.uab.cat\/web\/estudiar\/-tesperemalauab\/jornades-de-portes-obertes-1345662188932.html\" target=\"_blank\" rel=\"noopener noreferrer\">Enlla\u00e7 inscripci\u00f3 Portes Obertes<\/a><\/td>\n<td style=\"width: 204px; text-align: left; height: 49px;\"><\/td>\n<\/tr>\n<tr style=\"height: 49px;\">\n<td style=\"width: 393px; height: 49px;\">\n<h5><a href=\"https:\/\/www.ub.edu\/web\/ub\/ca\/\" target=\"_blank\" rel=\"noopener noreferrer\">UB<\/a><\/h5>\n<\/td>\n<td style=\"width: 309px; height: 49px;\"><\/td>\n<td style=\"text-align: right; width: 204px; height: 49px;\"><\/td>\n<\/tr>\n<tr style=\"height: 49px;\">\n<td style=\"width: 393px; height: 49px;\">\n<h5><a href=\"https:\/\/www.upc.edu\/ca\" target=\"_blank\" rel=\"noopener noreferrer\">UPC<\/a><\/h5>\n<\/td>\n<td style=\"width: 309px; height: 49px;\"><a href=\"https:\/\/www.upc.edu\/ca\/futurs-estudiants\/jpo\" target=\"_blank\" rel=\"noopener noreferrer\">Calendari Portes Obertes<\/a><\/td>\n<td style=\"text-align: right; width: 204px; height: 49px;\"><\/td>\n<\/tr>\n<tr style=\"height: 49px;\">\n<td style=\"width: 393px; height: 49px;\">\n<h5><a href=\"https:\/\/www.epsem.upc.edu\/ca\" target=\"_blank\" rel=\"noopener noreferrer\">UPC Manresa<\/a><\/h5>\n<\/td>\n<td style=\"width: 309px; height: 49px;\"><a href=\"https:\/\/www.epsem.upc.edu\/ca\/portes-obertes\/\" target=\"_blank\" rel=\"noopener noreferrer\">Jornada Portes Obertes<\/a><\/td>\n<td style=\"width: 204px; text-align: left; height: 49px;\"><\/td>\n<\/tr>\n<tr style=\"height: 49px;\">\n<td style=\"width: 393px; height: 49px;\">\n<h5><a href=\"https:\/\/www.upf.edu\" target=\"_blank\" rel=\"noopener noreferrer\">UPF (Universitat Pompeu Fabra)<\/a><\/h5>\n<\/td>\n<td style=\"width: 309px; height: 49px;\"><a href=\"https:\/\/www.upf.edu\/web\/graus\/sessions-informatives\" target=\"_blank\" rel=\"noopener noreferrer\">Calendari Portes Obertes<\/a><\/td>\n<td style=\"width: 204px; text-align: left; height: 49px;\"><\/td>\n<\/tr>\n<tr style=\"height: 49px;\">\n<td style=\"width: 393px; height: 49px;\">\n<h5><a href=\"https:\/\/www.tecnocampus.cat\/ca\/inicio\" target=\"_blank\" rel=\"noopener noreferrer\">UPF Tecnocampus<\/a><\/h5>\n<\/td>\n<td style=\"width: 309px; height: 49px;\"><a href=\"https:\/\/futurestudiant.tecnocampus.cat\/setmana-informativa-de-graus-online\/\" target=\"_blank\" rel=\"noopener noreferrer\">Setmana informativa de graus<\/a><\/td>\n<td style=\"width: 204px; height: 49px; text-align: left;\"><\/td>\n<\/tr>\n<tr style=\"height: 71px;\">\n<td style=\"width: 393px; height: 71px;\">\n<h5>Setmana d&#8217;orientaci\u00f3 universit\u00e0ria de graus virtual UdG<\/h5>\n<\/td>\n<td style=\"width: 309px; height: 71px;\"><\/td>\n<td style=\"text-align: right; width: 204px; height: 71px;\"><\/td>\n<\/tr>\n<tr style=\"height: 49px;\">\n<td style=\"width: 393px; height: 49px;\">\n<h5><a href=\"https:\/\/www.uvic.cat\/\">UVic<\/a><\/h5>\n<\/td>\n<td style=\"width: 309px; height: 49px;\"><a href=\"https:\/\/www.uvic.cat\/sessions-obertes?utm_source=uvic.cat&amp;utm_medium=Slider-Home-CA&amp;utm_campaign=Sessions-Obertes-2021\">Sessions d&#8217;orientaci\u00f3 universit\u00e0ria obertes<\/a><\/td>\n<td style=\"text-align: right; width: 204px; height: 49px;\"><\/td>\n<\/tr>\n<\/tbody>\n<\/table>\n","protected":false},"excerpt":{"rendered":"<p>Alumnes i fam\u00edlies, aqu\u00ed trobareu informaci\u00f3 de les diferents Universitats que ens fan arribar informaci\u00f3 sobre els seus graus i jornades de portes obertes virtuals que enguany duran a terme. La informaci\u00f3 s&#8217;anir\u00e0 actualitzant. UNIVERSITAT ENLLA\u00c7 INSCRIPCI\u00d3 XERRADES DATES La Salle Universitat Ramon Llull Enlla\u00e7 xerrada Institut de Ci\u00e8ncies de l&#8217;Educaci\u00f3 UdG Universitat de Lleida [&hellip;]<\/p>\n","protected":false},"author":1,"featured_media":0,"parent":0,"menu_order":0,"comment_status":"closed","ping_status":"closed","template":"","meta":{"_bbp_topic_count":0,"_bbp_reply_count":0,"_bbp_total_topic_count":0,"_bbp_total_reply_count":0,"_bbp_voice_count":0,"_bbp_anonymous_reply_count":0,"_bbp_topic_count_hidden":0,"_bbp_reply_count_hidden":0,"_bbp_forum_subforum_count":0,"site-sidebar-layout":"default","site-content-layout":"","ast-site-content-layout":"","site-content-style":"default","site-sidebar-style":"default","ast-global-header-display":"","ast-banner-title-visibility":"","ast-main-header-display":"","ast-hfb-above-header-display":"","ast-hfb-below-header-display":"","ast-hfb-mobile-header-display":"","site-post-title":"","ast-breadcrumbs-content":"","ast-featured-img":"","footer-sml-layout":"","theme-transparent-header-meta":"","adv-header-id-meta":"","stick-header-meta":"","header-above-stick-meta":"","header-main-stick-meta":"","header-below-stick-meta":"","astra-migrate-meta-layouts":"default","ast-page-background-enabled":"default","ast-page-background-meta":{"desktop":{"background-color":"var(--ast-global-color-4)","background-image":"","background-repeat":"repeat","background-position":"center center","background-size":"auto","background-attachment":"scroll","background-type":"","background-media":"","overlay-type":"","overlay-color":"","overlay-opacity":"","overlay-gradient":""},"tablet":{"background-color":"","background-image":"","background-repeat":"repeat","background-position":"center center","background-size":"auto","background-attachment":"scroll","background-type":"","background-media":"","overlay-type":"","overlay-color":"","overlay-opacity":"","overlay-gradient":""},"mobile":{"background-color":"","background-image":"","background-repeat":"repeat","background-position":"center center","background-size":"auto","background-attachment":"scroll","background-type":"","background-media":"","overlay-type":"","overlay-color":"","overlay-opacity":"","overlay-gradient":""}},"ast-content-background-meta":{"desktop":{"background-color":"var(--ast-global-color-5)","background-image":"","background-repeat":"repeat","background-position":"center center","background-size":"auto","background-attachment":"scroll","background-type":"","background-media":"","overlay-type":"","overlay-color":"","overlay-opacity":"","overlay-gradient":""},"tablet":{"background-color":"var(--ast-global-color-5)","background-image":"","background-repeat":"repeat","background-position":"center center","background-size":"auto","background-attachment":"scroll","background-type":"","background-media":"","overlay-type":"","overlay-color":"","overlay-opacity":"","overlay-gradient":""},"mobile":{"background-color":"var(--ast-global-color-5)","background-image":"","background-repeat":"repeat","background-position":"center center","background-size":"auto","background-attachment":"scroll","background-type":"","background-media":"","overlay-type":"","overlay-color":"","overlay-opacity":"","overlay-gradient":""}},"footnotes":""},"class_list":["post-10568","page","type-page","status-publish","hentry"],"post_mailing_queue_ids":[],"_links":{"self":[{"href":"https:\/\/agora.xtec.cat\/inssobreques\/wp-json\/wp\/v2\/pages\/10568","targetHints":{"allow":["GET"]}}],"collection":[{"href":"https:\/\/agora.xtec.cat\/inssobreques\/wp-json\/wp\/v2\/pages"}],"about":[{"href":"https:\/\/agora.xtec.cat\/inssobreques\/wp-json\/wp\/v2\/types\/page"}],"author":[{"embeddable":true,"href":"https:\/\/agora.xtec.cat\/inssobreques\/wp-json\/wp\/v2\/users\/1"}],"replies":[{"embeddable":true,"href":"https:\/\/agora.xtec.cat\/inssobreques\/wp-json\/wp\/v2\/comments?post=10568"}],"version-history":[{"count":3,"href":"https:\/\/agora.xtec.cat\/inssobreques\/wp-json\/wp\/v2\/pages\/10568\/revisions"}],"predecessor-version":[{"id":11517,"href":"https:\/\/agora.xtec.cat\/inssobreques\/wp-json\/wp\/v2\/pages\/10568\/revisions\/11517"}],"wp:attachment":[{"href":"https:\/\/agora.xtec.cat\/inssobreques\/wp-json\/wp\/v2\/media?parent=10568"}],"curies":[{"name":"wp","href":"https:\/\/api.w.org\/{rel}","templated":true}]}}