{"id":10547,"date":"2020-05-04T12:46:34","date_gmt":"2020-05-04T10:46:34","guid":{"rendered":"https:\/\/agora.xtec.cat\/inssobreques\/?page_id=10547"},"modified":"2023-11-08T10:49:53","modified_gmt":"2023-11-08T09:49:53","slug":"pau-2020","status":"publish","type":"page","link":"https:\/\/agora.xtec.cat\/inssobreques\/pau-2020\/","title":{"rendered":"PAU 2024"},"content":{"rendered":"<p style=\"text-align: justify;\">Dins d&#8217;aquesta p\u00e0gina podreu trobar tota la informaci\u00f3 rellevant sobre les PAU 2024. Cliqueu sobre els enlla\u00e7os i accedireu a la web del Departament d&#8217;Educaci\u00f3 amb la informaci\u00f3 actualitzada sobre els tr\u00e0mits, preguntes freq\u00fcents, models, etc.<\/p>\n<h3 class=\"NG-menu__title\">Dates clau per a la PAU<\/h3>\n<p><span class=\"TextRun Highlight SCXO2829043 BCX0\" lang=\"CA-ES\" xml:lang=\"CA-ES\" data-contrast=\"none\"><span class=\"NormalTextRun SCXO2829043 BCX0\">Troba tota la informaci\u00f3 sobre les dates que has de tenir en compte i els horaris de la prova de cada tribunal.<\/span><\/span><span class=\"EOP SCXO2829043 BCX0\">\u00a0<\/span><\/p>\n<p><strong>Dates convocat\u00f2ria ordin\u00e0ria PAU 2024<\/strong>: dimarts 4, dimecres 5 i dijous 6 de juny<br \/>\n<strong>Dates convocat\u00f2ria extraordin\u00e0ria PAU 2024<\/strong>: dimarts 3, dimecres 4 i dijous 5 de setembre<\/p>\n<p>Properament s\u2019actualitzar\u00e0 la resta de dates clau.<\/p>\n<table style=\"border-collapse: collapse; width: 100%;\">\n<tbody>\n<tr>\n<td style=\"width: 100%;\"><a href=\"https:\/\/documents.espai.educacio.gencat.cat\/documents_publics\/Centres\/20230915-informacio-pau2024.pdf\" target=\"_blank\" rel=\"noopener\"><strong>Informaci\u00f3 sobre la prova d&#8217;acc\u00e9s a la universitat a Catalunya &#8211; PAU 2024<\/strong><\/a><\/td>\n<\/tr>\n<tr>\n<td style=\"width: 100%;\"><strong><a href=\"https:\/\/universitats.gencat.cat\/web\/.content\/01_acces_i_admissio\/preinscripcions\/documentacio\/Ponderacions-2024_v3.pdf\" target=\"_blank\" rel=\"noopener\">Coeficients Ponderaci\u00f3 2024<\/a><\/strong><\/td>\n<\/tr>\n<\/tbody>\n<\/table>\n","protected":false},"excerpt":{"rendered":"<p>Dins d&#8217;aquesta p\u00e0gina podreu trobar tota la informaci\u00f3 rellevant sobre les PAU 2024. Cliqueu sobre els enlla\u00e7os i accedireu a la web del Departament d&#8217;Educaci\u00f3 amb la informaci\u00f3 actualitzada sobre els tr\u00e0mits, preguntes freq\u00fcents, models, etc. Dates clau per a la PAU Troba tota la informaci\u00f3 sobre les dates que has de tenir en compte [&hellip;]<\/p>\n","protected":false},"author":1,"featured_media":0,"parent":0,"menu_order":0,"comment_status":"closed","ping_status":"closed","template":"","meta":{"_bbp_topic_count":0,"_bbp_reply_count":0,"_bbp_total_topic_count":0,"_bbp_total_reply_count":0,"_bbp_voice_count":0,"_bbp_anonymous_reply_count":0,"_bbp_topic_count_hidden":0,"_bbp_reply_count_hidden":0,"_bbp_forum_subforum_count":0,"site-sidebar-layout":"default","site-content-layout":"","ast-site-content-layout":"","site-content-style":"default","site-sidebar-style":"default","ast-global-header-display":"","ast-banner-title-visibility":"","ast-main-header-display":"","ast-hfb-above-header-display":"","ast-hfb-below-header-display":"","ast-hfb-mobile-header-display":"","site-post-title":"","ast-breadcrumbs-content":"","ast-featured-img":"","footer-sml-layout":"","theme-transparent-header-meta":"","adv-header-id-meta":"","stick-header-meta":"","header-above-stick-meta":"","header-main-stick-meta":"","header-below-stick-meta":"","astra-migrate-meta-layouts":"default","ast-page-background-enabled":"default","ast-page-background-meta":{"desktop":{"background-color":"var(--ast-global-color-4)","background-image":"","background-repeat":"repeat","background-position":"center center","background-size":"auto","background-attachment":"scroll","background-type":"","background-media":"","overlay-type":"","overlay-color":"","overlay-opacity":"","overlay-gradient":""},"tablet":{"background-color":"","background-image":"","background-repeat":"repeat","background-position":"center center","background-size":"auto","background-attachment":"scroll","background-type":"","background-media":"","overlay-type":"","overlay-color":"","overlay-opacity":"","overlay-gradient":""},"mobile":{"background-color":"","background-image":"","background-repeat":"repeat","background-position":"center center","background-size":"auto","background-attachment":"scroll","background-type":"","background-media":"","overlay-type":"","overlay-color":"","overlay-opacity":"","overlay-gradient":""}},"ast-content-background-meta":{"desktop":{"background-color":"var(--ast-global-color-5)","background-image":"","background-repeat":"repeat","background-position":"center center","background-size":"auto","background-attachment":"scroll","background-type":"","background-media":"","overlay-type":"","overlay-color":"","overlay-opacity":"","overlay-gradient":""},"tablet":{"background-color":"var(--ast-global-color-5)","background-image":"","background-repeat":"repeat","background-position":"center center","background-size":"auto","background-attachment":"scroll","background-type":"","background-media":"","overlay-type":"","overlay-color":"","overlay-opacity":"","overlay-gradient":""},"mobile":{"background-color":"var(--ast-global-color-5)","background-image":"","background-repeat":"repeat","background-position":"center center","background-size":"auto","background-attachment":"scroll","background-type":"","background-media":"","overlay-type":"","overlay-color":"","overlay-opacity":"","overlay-gradient":""}},"footnotes":""},"class_list":["post-10547","page","type-page","status-publish","hentry"],"post_mailing_queue_ids":[],"_links":{"self":[{"href":"https:\/\/agora.xtec.cat\/inssobreques\/wp-json\/wp\/v2\/pages\/10547","targetHints":{"allow":["GET"]}}],"collection":[{"href":"https:\/\/agora.xtec.cat\/inssobreques\/wp-json\/wp\/v2\/pages"}],"about":[{"href":"https:\/\/agora.xtec.cat\/inssobreques\/wp-json\/wp\/v2\/types\/page"}],"author":[{"embeddable":true,"href":"https:\/\/agora.xtec.cat\/inssobreques\/wp-json\/wp\/v2\/users\/1"}],"replies":[{"embeddable":true,"href":"https:\/\/agora.xtec.cat\/inssobreques\/wp-json\/wp\/v2\/comments?post=10547"}],"version-history":[{"count":6,"href":"https:\/\/agora.xtec.cat\/inssobreques\/wp-json\/wp\/v2\/pages\/10547\/revisions"}],"predecessor-version":[{"id":11727,"href":"https:\/\/agora.xtec.cat\/inssobreques\/wp-json\/wp\/v2\/pages\/10547\/revisions\/11727"}],"wp:attachment":[{"href":"https:\/\/agora.xtec.cat\/inssobreques\/wp-json\/wp\/v2\/media?parent=10547"}],"curies":[{"name":"wp","href":"https:\/\/api.w.org\/{rel}","templated":true}]}}