{"id":9068,"date":"2019-10-12T08:07:59","date_gmt":"2019-10-12T06:07:59","guid":{"rendered":"http:\/\/agora.xtec.cat\/insserradenoet\/?page_id=9068"},"modified":"2022-10-14T08:48:26","modified_gmt":"2022-10-14T06:48:26","slug":"espai-educa","status":"publish","type":"page","link":"https:\/\/agora.xtec.cat\/insserradenoet\/espai-educa\/","title":{"rendered":"Espai Educa"},"content":{"rendered":"<p><a href=\"https:\/\/agora.xtec.cat\/insserradenoet\/wp-content\/uploads\/usu924\/2020\/02\/5053596761_bf1ed11005_c-e1581138733555.jpg\"><img loading=\"lazy\" decoding=\"async\" class=\" wp-image-9219 alignleft\" src=\"https:\/\/agora.xtec.cat\/insserradenoet\/wp-content\/uploads\/usu924\/2020\/02\/5053596761_bf1ed11005_c-e1581138733555.jpg\" alt=\"\" width=\"113\" height=\"223\" srcset=\"https:\/\/agora.xtec.cat\/insserradenoet\/wp-content\/uploads\/usu924\/2020\/02\/5053596761_bf1ed11005_c-e1581138733555.jpg 386w, https:\/\/agora.xtec.cat\/insserradenoet\/wp-content\/uploads\/usu924\/2020\/02\/5053596761_bf1ed11005_c-e1581138733555-152x300.jpg 152w\" sizes=\"auto, (max-width: 113px) 100vw, 113px\" \/><\/a><\/p>\n<p style=\"text-align: justify;\">L\u2019adolesc\u00e8ncia \u00e9s un per\u00edode de la vida amb molts canvis i tamb\u00e9 amb molts reptes familiars. \u00c9s un temps d\u2019<strong>intensitat emocional<\/strong>,\u00a0<strong>implicaci\u00f3 social<\/strong>\u00a0i\u00a0<strong>tamb\u00e9 de creativitat<\/strong>.<\/p>\n<p style=\"text-align: justify;\">Aquest espai pret\u00e9n ser un lloc on els pares, mares i professorat pugueu consultar ressenyes de llibres, v\u00eddeos o documents que hem trobat interessants per la relaci\u00f3 que tenen amb l\u2019educaci\u00f3 dels adolescents.<\/p>\n<p style=\"text-align: justify;\">Esperem us sigui \u00fatil per aquest cam\u00ed a vegades complicat.<\/p>\n<p style=\"text-align: justify;\"><strong><em>Font imatge: Valerie Hadida<\/em><\/strong><\/p>\n<p>&nbsp;<\/p>\n<p><strong style=\"color: #000000; font-size: 1.4375em;\">RESSENYES DE LLIBRES:<\/strong><\/p>\n<ul>\n<li><a href=\"https:\/\/agora.xtec.cat\/insserradenoet\/wp-content\/uploads\/usu924\/2019\/10\/El-oficio-de-ser-madre.pdf\">EL OFICIO DE SER MADRE de Gemma C\u00e0novas<\/a><\/li>\n<li><a href=\"https:\/\/agora.xtec.cat\/insserradenoet\/wp-content\/uploads\/usu924\/2019\/10\/Ressenya-MJosep-Comellas.pdf\">FAM\u00cdLIA I ESCOLA: COMPARTIR L\u2019EDUACI\u00d3 i EDUCAR NO ES TAN DIF\u00cdCIL COMO CREEMOS de Ma Josep Comellas<\/a><\/li>\n<li><a href=\"https:\/\/agora.xtec.cat\/insserradenoet\/wp-content\/uploads\/usu924\/2019\/10\/La-causa-de-los-adolescentes.pdf\">LA CAUSA DE LOS ADOLESCENTES de Francoise Dolto<\/a><\/li>\n<li><a href=\"https:\/\/agora.xtec.cat\/insserradenoet\/wp-content\/uploads\/usu924\/2019\/10\/8-coses-que-el-teu-fill-adolescent-et-demana.pdf\">8 COSES QUE EL TEU FILL ADOLESCENT ET DEMANA, SENSE SABER-HO de Erika Gait\u00e1n<\/a><\/li>\n<li><a href=\"https:\/\/agora.xtec.cat\/insserradenoet\/wp-content\/uploads\/usu924\/2019\/12\/Toro-El-cuerpo-como-delito.pdf\">EL CUERPO COMO DELITO: ANOREXIA, BULIMIA, CULTURA Y SOCIEDAD de Josep Toro<\/a><\/li>\n<li><a href=\"https:\/\/agora.xtec.cat\/insserradenoet\/wp-content\/uploads\/usu924\/2020\/02\/Ramon-riera-emocional.pdf\">LA HERENCIA EMOCIONAL i LA CONEXI\u00d3N EMOCIONAL de Ramon Riera i Alib\u00e9s<\/a><\/li>\n<li>\n<div><a href=\"https:\/\/faros.hsjdbcn.org\/ca\/node\/10468\/download\/3b1323705aef1f0b378c094f411a7f31\">&#8220;UNA MIRADA A LA SALUT MENTAL DELS ADOLESCENTS&#8221;. Informe\u00a0Faros. Hospital Sant Joan de D\u00e9u<\/a><\/div>\n<\/li>\n<\/ul>\n<h4><span style=\"color: #000000;\"><strong>DOCUMENTS INTERESSANTS:<\/strong><\/span><\/h4>\n<ul>\n<li><a href=\"https:\/\/agora.xtec.cat\/insserradenoet\/wp-content\/uploads\/usu924\/2020\/02\/Mirada_adolescencia.pdf\">Una mirada a l&#8217;adolesc\u00e8ncia<\/a><\/li>\n<li><a href=\"https:\/\/agora.xtec.cat\/insserradenoet\/wp-content\/uploads\/usu924\/2020\/01\/Separaci\u00f3-de-la-parella-Milos-Salgueda.pdf\">Separaci\u00f3 de la parella<\/a><\/li>\n<li><a href=\"https:\/\/agora.xtec.cat\/insserradenoet\/wp-content\/uploads\/usu924\/2020\/02\/84997896.pdf\">Estrat\u00e8gies per intervenir en alumnes o fills amb situacions de mal comportament extrem<\/a><\/li>\n<li>\n<p class=\"title\"><a href=\"https:\/\/faros.hsjdbcn.org\/ca\/articulo\/afrontar-lansietat-poden-fer-families\">Afrontar l&#8217;ansietat: qu\u00e8 poden fer les fam\u00edlies?<\/a><\/p>\n<p class=\"title\">L&#8217;ansietat en els adolescents pot produir dificultats de concentraci\u00f3 i repercutir en l&#8217;habilitat per mantenir un rendiment acad\u00e8mic, pot interferir tamb\u00e9 en les relacions amb els amics. De vegades, fins i tot, l&#8217;adolescent amb ansietat evita relacionar-se. D&#8217;altra banda, l&#8217;ansietat persistent pot associar-se a mals de cap o a d&#8217;altres parts del cos, fatiga i dificultat per dormir a la nit. Tot aix\u00f2 pot repercutir en el benestar de l&#8217;adolescent i afectar a la seva qualitat de vida. Per llegir m\u00e9s sobre el tema: <a href=\"https:\/\/faros.hsjdbcn.org\/ca\/articulo\/afrontar-lansietat-poden-fer-families?mc_cid=a1237e20a5&amp;mc_eid=679d54fa15\" target=\"_blank\" rel=\"noopener\" data-saferedirecturl=\"https:\/\/www.google.com\/url?q=https:\/\/faros.hsjdbcn.org\/ca\/articulo\/afrontar-lansietat-poden-fer-families?mc_cid%3Da1237e20a5%26mc_eid%3D679d54fa15&amp;source=gmail&amp;ust=1665815075487000&amp;usg=AOvVaw30eWxBGkc1hYnNHojYvtTA\">https:\/\/faros.hsjdbcn.org\/ca\/<wbr \/>articulo\/afrontar-lansietat-<wbr \/>poden-fer-families?mc_cid=<wbr \/>a1237e20a5&amp;mc_eid=679d54fa15<\/a><\/p>\n<p class=\"title\"><strong style=\"font-family: inherit; font-size: 1em;\">V\u00cdDEOS:<\/strong><\/p>\n<\/li>\n<\/ul>\n<table>\n<tbody>\n<tr>\n<td><iframe loading=\"lazy\" src=\"https:\/\/www.youtube.com\/embed\/VzW1bgMLjQY\" width=\"360\" height=\"215\" frameborder=\"0\"><span data-mce-type=\"bookmark\" style=\"display: inline-block; width: 0px; overflow: hidden; line-height: 0;\" class=\"mce_SELRES_start\">\ufeff<\/span><\/iframe><\/td>\n<td><iframe loading=\"lazy\" src=\"https:\/\/www.youtube.com\/embed\/T_QZi2Syrd8\" width=\"360\" height=\"215\" frameborder=\"0\"><\/iframe><\/td>\n<\/tr>\n<tr>\n<td><iframe loading=\"lazy\" src=\"https:\/\/www.youtube.com\/embed\/nXQe7I5WBXs\" width=\"360\" height=\"215\" frameborder=\"0\"><\/iframe><\/td>\n<td><iframe loading=\"lazy\" src=\"https:\/\/www.ccma.cat\/video\/embed\/5368311\/\" width=\"360px\" height=\"215px\" frameborder=\"0\"><span data-mce-type=\"bookmark\" style=\"display: inline-block; width: 0px; overflow: hidden; line-height: 0;\" class=\"mce_SELRES_start\">\ufeff<\/span><\/iframe><\/td>\n<\/tr>\n<\/tbody>\n<\/table>\n","protected":false},"excerpt":{"rendered":"<p>L\u2019adolesc\u00e8ncia \u00e9s un per\u00edode de la vida amb molts canvis i tamb\u00e9 amb molts reptes familiars. \u00c9s un temps d\u2019intensitat emocional,\u00a0implicaci\u00f3 social\u00a0i\u00a0tamb\u00e9 de creativitat. Aquest espai pret\u00e9n ser un lloc on els pares, mares i professorat pugueu consultar ressenyes de llibres, v\u00eddeos o documents que hem trobat interessants per la relaci\u00f3 que tenen amb l\u2019educaci\u00f3 [&hellip;]<\/p>\n","protected":false},"author":1,"featured_media":0,"parent":0,"menu_order":0,"comment_status":"closed","ping_status":"closed","template":"","meta":{"_bbp_topic_count":0,"_bbp_reply_count":0,"_bbp_total_topic_count":0,"_bbp_total_reply_count":0,"_bbp_voice_count":0,"_bbp_anonymous_reply_count":0,"_bbp_topic_count_hidden":0,"_bbp_reply_count_hidden":0,"_bbp_forum_subforum_count":0,"site-sidebar-layout":"default","site-content-layout":"","ast-site-content-layout":"","site-content-style":"default","site-sidebar-style":"default","ast-global-header-display":"","ast-banner-title-visibility":"","ast-main-header-display":"","ast-hfb-above-header-display":"","ast-hfb-below-header-display":"","ast-hfb-mobile-header-display":"","site-post-title":"","ast-breadcrumbs-content":"","ast-featured-img":"","footer-sml-layout":"","theme-transparent-header-meta":"","adv-header-id-meta":"","stick-header-meta":"","header-above-stick-meta":"","header-main-stick-meta":"","header-below-stick-meta":"","astra-migrate-meta-layouts":"default","ast-page-background-enabled":"default","ast-page-background-meta":{"desktop":{"background-color":"var(--ast-global-color-4)","background-image":"","background-repeat":"repeat","background-position":"center center","background-size":"auto","background-attachment":"scroll","background-type":"","background-media":"","overlay-type":"","overlay-color":"","overlay-opacity":"","overlay-gradient":""},"tablet":{"background-color":"","background-image":"","background-repeat":"repeat","background-position":"center center","background-size":"auto","background-attachment":"scroll","background-type":"","background-media":"","overlay-type":"","overlay-color":"","overlay-opacity":"","overlay-gradient":""},"mobile":{"background-color":"","background-image":"","background-repeat":"repeat","background-position":"center center","background-size":"auto","background-attachment":"scroll","background-type":"","background-media":"","overlay-type":"","overlay-color":"","overlay-opacity":"","overlay-gradient":""}},"ast-content-background-meta":{"desktop":{"background-color":"var(--ast-global-color-5)","background-image":"","background-repeat":"repeat","background-position":"center center","background-size":"auto","background-attachment":"scroll","background-type":"","background-media":"","overlay-type":"","overlay-color":"","overlay-opacity":"","overlay-gradient":""},"tablet":{"background-color":"var(--ast-global-color-5)","background-image":"","background-repeat":"repeat","background-position":"center center","background-size":"auto","background-attachment":"scroll","background-type":"","background-media":"","overlay-type":"","overlay-color":"","overlay-opacity":"","overlay-gradient":""},"mobile":{"background-color":"var(--ast-global-color-5)","background-image":"","background-repeat":"repeat","background-position":"center center","background-size":"auto","background-attachment":"scroll","background-type":"","background-media":"","overlay-type":"","overlay-color":"","overlay-opacity":"","overlay-gradient":""}},"footnotes":""},"class_list":["post-9068","page","type-page","status-publish","hentry"],"post_mailing_queue_ids":[],"_links":{"self":[{"href":"https:\/\/agora.xtec.cat\/insserradenoet\/wp-json\/wp\/v2\/pages\/9068","targetHints":{"allow":["GET"]}}],"collection":[{"href":"https:\/\/agora.xtec.cat\/insserradenoet\/wp-json\/wp\/v2\/pages"}],"about":[{"href":"https:\/\/agora.xtec.cat\/insserradenoet\/wp-json\/wp\/v2\/types\/page"}],"author":[{"embeddable":true,"href":"https:\/\/agora.xtec.cat\/insserradenoet\/wp-json\/wp\/v2\/users\/1"}],"replies":[{"embeddable":true,"href":"https:\/\/agora.xtec.cat\/insserradenoet\/wp-json\/wp\/v2\/comments?post=9068"}],"version-history":[{"count":3,"href":"https:\/\/agora.xtec.cat\/insserradenoet\/wp-json\/wp\/v2\/pages\/9068\/revisions"}],"predecessor-version":[{"id":19675,"href":"https:\/\/agora.xtec.cat\/insserradenoet\/wp-json\/wp\/v2\/pages\/9068\/revisions\/19675"}],"wp:attachment":[{"href":"https:\/\/agora.xtec.cat\/insserradenoet\/wp-json\/wp\/v2\/media?parent=9068"}],"curies":[{"name":"wp","href":"https:\/\/api.w.org\/{rel}","templated":true}]}}