{"id":8855,"date":"2019-09-07T18:40:58","date_gmt":"2019-09-07T16:40:58","guid":{"rendered":"http:\/\/agora.xtec.cat\/insserradenoet\/?page_id=8855"},"modified":"2025-01-08T12:44:36","modified_gmt":"2025-01-08T11:44:36","slug":"projecte-mschools","status":"publish","type":"page","link":"https:\/\/agora.xtec.cat\/insserradenoet\/projectes-dinnovacio\/projectes-passats\/projecte-mschools\/","title":{"rendered":"Projecte mSchools"},"content":{"rendered":"<p style=\"text-align: justify;\">Des de l\u2019any 2013 el Departament d\u2019Educaci\u00f3 promou el programa mSchools impulsat per la Fundaci\u00f3 Mobile World Cap\u00ectal. En el marc d\u2019aquest projecte, s\u2019han desenvolupat diverses propostes did\u00e0ctiques:<\/p>\n<p style=\"text-align: justify;\"><strong>Scratch Challenge:<\/strong> on els alumnes han de resoldre reptes al voltant de la programaci\u00f3 amb Scratch i al nostre centre es treballar\u00e0 a Tecnologia de 1r d&#8217;ESO. Els materials s\u00f3n a la vostra disposici\u00f3 clicant els enlla\u00e7os seg\u00fcents:<\/p>\n<ul>\n<li style=\"text-align: justify;\"><a href=\"http:\/\/agora.xtec.cat\/insserradenoet\/projectes-dinnovacio\/modul-1\/\">M\u00f2dul 1: Comen\u00e7a l&#8217;Scratch-Aventura.<\/a><\/li>\n<li><a href=\"http:\/\/agora.xtec.cat\/insserradenoet\/projectes-dinnovacio\/projecte-mschools\/modul-3-dissenyem-el-nostre-scapescratch-scratch-3-0\/\">M\u00f2dul 3: Dissenyem el nostre ScapeScratch<\/a>.<\/li>\n<\/ul>\n<p style=\"text-align: justify;\"><strong>App Education:<\/strong> la iniciativa es centra en el disseny i la creaci\u00f3 d\u2019aplicacions per a dispositius m\u00f2bils, alhora que promou el treball en equip a l\u2019aula i fomenta l\u2019esperit emprenedor entre els alumnes i es treballar\u00e0 la mat\u00e8ria optativa d&#8217;inform\u00e0tica de 4t d&#8217;ESO<\/p>\n<p><a href=\"https:\/\/agora.xtec.cat\/insserradenoet\/wp-content\/uploads\/usu924\/2019\/09\/Captura.jpg\"><img loading=\"lazy\" decoding=\"async\" class=\"size-full wp-image-8856 aligncenter\" src=\"https:\/\/agora.xtec.cat\/insserradenoet\/wp-content\/uploads\/usu924\/2019\/09\/Captura.jpg\" alt=\"\" width=\"338\" height=\"92\" srcset=\"https:\/\/agora.xtec.cat\/insserradenoet\/wp-content\/uploads\/usu924\/2019\/09\/Captura.jpg 338w, https:\/\/agora.xtec.cat\/insserradenoet\/wp-content\/uploads\/usu924\/2019\/09\/Captura-300x82.jpg 300w\" sizes=\"auto, (max-width: 338px) 100vw, 338px\" \/><\/a><\/p>\n","protected":false},"excerpt":{"rendered":"<p>Des de l\u2019any 2013 el Departament d\u2019Educaci\u00f3 promou el programa mSchools impulsat per la Fundaci\u00f3 Mobile World Cap\u00ectal. En el marc d\u2019aquest projecte, s\u2019han desenvolupat diverses propostes did\u00e0ctiques: Scratch Challenge: on els alumnes han de resoldre reptes al voltant de la programaci\u00f3 amb Scratch i al nostre centre es treballar\u00e0 a Tecnologia de 1r d&#8217;ESO. [&hellip;]<\/p>\n","protected":false},"author":1,"featured_media":0,"parent":19836,"menu_order":1,"comment_status":"closed","ping_status":"closed","template":"page-templates\/side-menu.php","meta":{"_bbp_topic_count":0,"_bbp_reply_count":0,"_bbp_total_topic_count":0,"_bbp_total_reply_count":0,"_bbp_voice_count":0,"_bbp_anonymous_reply_count":0,"_bbp_topic_count_hidden":0,"_bbp_reply_count_hidden":0,"_bbp_forum_subforum_count":0,"site-sidebar-layout":"default","site-content-layout":"","ast-site-content-layout":"","site-content-style":"default","site-sidebar-style":"default","ast-global-header-display":"","ast-banner-title-visibility":"","ast-main-header-display":"","ast-hfb-above-header-display":"","ast-hfb-below-header-display":"","ast-hfb-mobile-header-display":"","site-post-title":"","ast-breadcrumbs-content":"","ast-featured-img":"","footer-sml-layout":"","theme-transparent-header-meta":"","adv-header-id-meta":"","stick-header-meta":"","header-above-stick-meta":"","header-main-stick-meta":"","header-below-stick-meta":"","astra-migrate-meta-layouts":"default","ast-page-background-enabled":"default","ast-page-background-meta":{"desktop":{"background-color":"var(--ast-global-color-4)","background-image":"","background-repeat":"repeat","background-position":"center center","background-size":"auto","background-attachment":"scroll","background-type":"","background-media":"","overlay-type":"","overlay-color":"","overlay-opacity":"","overlay-gradient":""},"tablet":{"background-color":"","background-image":"","background-repeat":"repeat","background-position":"center center","background-size":"auto","background-attachment":"scroll","background-type":"","background-media":"","overlay-type":"","overlay-color":"","overlay-opacity":"","overlay-gradient":""},"mobile":{"background-color":"","background-image":"","background-repeat":"repeat","background-position":"center center","background-size":"auto","background-attachment":"scroll","background-type":"","background-media":"","overlay-type":"","overlay-color":"","overlay-opacity":"","overlay-gradient":""}},"ast-content-background-meta":{"desktop":{"background-color":"var(--ast-global-color-5)","background-image":"","background-repeat":"repeat","background-position":"center center","background-size":"auto","background-attachment":"scroll","background-type":"","background-media":"","overlay-type":"","overlay-color":"","overlay-opacity":"","overlay-gradient":""},"tablet":{"background-color":"var(--ast-global-color-5)","background-image":"","background-repeat":"repeat","background-position":"center center","background-size":"auto","background-attachment":"scroll","background-type":"","background-media":"","overlay-type":"","overlay-color":"","overlay-opacity":"","overlay-gradient":""},"mobile":{"background-color":"var(--ast-global-color-5)","background-image":"","background-repeat":"repeat","background-position":"center center","background-size":"auto","background-attachment":"scroll","background-type":"","background-media":"","overlay-type":"","overlay-color":"","overlay-opacity":"","overlay-gradient":""}},"footnotes":""},"class_list":["post-8855","page","type-page","status-publish","hentry"],"post_mailing_queue_ids":[],"_links":{"self":[{"href":"https:\/\/agora.xtec.cat\/insserradenoet\/wp-json\/wp\/v2\/pages\/8855","targetHints":{"allow":["GET"]}}],"collection":[{"href":"https:\/\/agora.xtec.cat\/insserradenoet\/wp-json\/wp\/v2\/pages"}],"about":[{"href":"https:\/\/agora.xtec.cat\/insserradenoet\/wp-json\/wp\/v2\/types\/page"}],"author":[{"embeddable":true,"href":"https:\/\/agora.xtec.cat\/insserradenoet\/wp-json\/wp\/v2\/users\/1"}],"replies":[{"embeddable":true,"href":"https:\/\/agora.xtec.cat\/insserradenoet\/wp-json\/wp\/v2\/comments?post=8855"}],"version-history":[{"count":3,"href":"https:\/\/agora.xtec.cat\/insserradenoet\/wp-json\/wp\/v2\/pages\/8855\/revisions"}],"predecessor-version":[{"id":18444,"href":"https:\/\/agora.xtec.cat\/insserradenoet\/wp-json\/wp\/v2\/pages\/8855\/revisions\/18444"}],"up":[{"embeddable":true,"href":"https:\/\/agora.xtec.cat\/insserradenoet\/wp-json\/wp\/v2\/pages\/19836"}],"wp:attachment":[{"href":"https:\/\/agora.xtec.cat\/insserradenoet\/wp-json\/wp\/v2\/media?parent=8855"}],"curies":[{"name":"wp","href":"https:\/\/api.w.org\/{rel}","templated":true}]}}