{"id":8846,"date":"2019-09-07T18:07:59","date_gmt":"2019-09-07T16:07:59","guid":{"rendered":"http:\/\/agora.xtec.cat\/insserradenoet\/?page_id=8846"},"modified":"2023-02-21T21:31:16","modified_gmt":"2023-02-21T20:31:16","slug":"apps-noet-innovacio-mobils-edu","status":"publish","type":"page","link":"https:\/\/agora.xtec.cat\/insserradenoet\/projectes-dinnovacio\/projectes-passats\/apps-noet-innovacio-mobils-edu\/","title":{"rendered":"Apps Noet (Innovaci\u00f3 m\u00f2bils.edu)"},"content":{"rendered":"<p style=\"text-align: justify;\">&#8220;L&#8217;Apps Noet\u201d pertany al projecte presentat pel nostre centre al Programa d&#8217;Innovaci\u00f3 m\u00f2bils.edu del Departament d&#8217;Ensenyament. \u00c9s un projecte on es pret\u00e9n que l\u2019alumnat utilitzi el seu m\u00f2bil personal a l\u2019aula per a finalitats acad\u00e8miques i per aprendre&#8217;n a fer un \u00fas responsable. Els objectius d&#8217;aquest projecte s\u00f3n millorar la Compet\u00e8ncia Digital, crear h\u00e0bits responsables i sobretot donar a con\u00e8ixer i utilitzar el gran potencial d\u2019aquests dispositius com a eines educatives m\u00e9s enll\u00e0 de l\u2019\u00fas comunicatiu o d\u2019oci que fan habitualment.&#8221;<\/p>\n<p><a href=\"https:\/\/agora.xtec.cat\/insserradenoet\/wp-content\/uploads\/usu924\/2019\/09\/app.jpg\"><img loading=\"lazy\" decoding=\"async\" class=\" wp-image-8847\" src=\"https:\/\/agora.xtec.cat\/insserradenoet\/wp-content\/uploads\/usu924\/2019\/09\/app-1024x1024.jpg\" alt=\"\" width=\"442\" height=\"442\" srcset=\"https:\/\/agora.xtec.cat\/insserradenoet\/wp-content\/uploads\/usu924\/2019\/09\/app-1024x1024.jpg 1024w, https:\/\/agora.xtec.cat\/insserradenoet\/wp-content\/uploads\/usu924\/2019\/09\/app-150x150.jpg 150w, https:\/\/agora.xtec.cat\/insserradenoet\/wp-content\/uploads\/usu924\/2019\/09\/app-300x300.jpg 300w, https:\/\/agora.xtec.cat\/insserradenoet\/wp-content\/uploads\/usu924\/2019\/09\/app-768x768.jpg 768w, https:\/\/agora.xtec.cat\/insserradenoet\/wp-content\/uploads\/usu924\/2019\/09\/app.jpg 1800w\" sizes=\"auto, (max-width: 442px) 100vw, 442px\" \/><\/a><\/p>\n","protected":false},"excerpt":{"rendered":"<p>&#8220;L&#8217;Apps Noet\u201d pertany al projecte presentat pel nostre centre al Programa d&#8217;Innovaci\u00f3 m\u00f2bils.edu del Departament d&#8217;Ensenyament. \u00c9s un projecte on es pret\u00e9n que l\u2019alumnat utilitzi el seu m\u00f2bil personal a l\u2019aula per a finalitats acad\u00e8miques i per aprendre&#8217;n a fer un \u00fas responsable. Els objectius d&#8217;aquest projecte s\u00f3n millorar la Compet\u00e8ncia Digital, crear h\u00e0bits responsables [&hellip;]<\/p>\n","protected":false},"author":1,"featured_media":0,"parent":19836,"menu_order":2,"comment_status":"closed","ping_status":"closed","template":"","meta":{"_bbp_topic_count":0,"_bbp_reply_count":0,"_bbp_total_topic_count":0,"_bbp_total_reply_count":0,"_bbp_voice_count":0,"_bbp_anonymous_reply_count":0,"_bbp_topic_count_hidden":0,"_bbp_reply_count_hidden":0,"_bbp_forum_subforum_count":0,"site-sidebar-layout":"default","site-content-layout":"","ast-site-content-layout":"","site-content-style":"default","site-sidebar-style":"default","ast-global-header-display":"","ast-banner-title-visibility":"","ast-main-header-display":"","ast-hfb-above-header-display":"","ast-hfb-below-header-display":"","ast-hfb-mobile-header-display":"","site-post-title":"","ast-breadcrumbs-content":"","ast-featured-img":"","footer-sml-layout":"","theme-transparent-header-meta":"","adv-header-id-meta":"","stick-header-meta":"","header-above-stick-meta":"","header-main-stick-meta":"","header-below-stick-meta":"","astra-migrate-meta-layouts":"default","ast-page-background-enabled":"default","ast-page-background-meta":{"desktop":{"background-color":"var(--ast-global-color-4)","background-image":"","background-repeat":"repeat","background-position":"center center","background-size":"auto","background-attachment":"scroll","background-type":"","background-media":"","overlay-type":"","overlay-color":"","overlay-opacity":"","overlay-gradient":""},"tablet":{"background-color":"","background-image":"","background-repeat":"repeat","background-position":"center center","background-size":"auto","background-attachment":"scroll","background-type":"","background-media":"","overlay-type":"","overlay-color":"","overlay-opacity":"","overlay-gradient":""},"mobile":{"background-color":"","background-image":"","background-repeat":"repeat","background-position":"center center","background-size":"auto","background-attachment":"scroll","background-type":"","background-media":"","overlay-type":"","overlay-color":"","overlay-opacity":"","overlay-gradient":""}},"ast-content-background-meta":{"desktop":{"background-color":"var(--ast-global-color-5)","background-image":"","background-repeat":"repeat","background-position":"center center","background-size":"auto","background-attachment":"scroll","background-type":"","background-media":"","overlay-type":"","overlay-color":"","overlay-opacity":"","overlay-gradient":""},"tablet":{"background-color":"var(--ast-global-color-5)","background-image":"","background-repeat":"repeat","background-position":"center center","background-size":"auto","background-attachment":"scroll","background-type":"","background-media":"","overlay-type":"","overlay-color":"","overlay-opacity":"","overlay-gradient":""},"mobile":{"background-color":"var(--ast-global-color-5)","background-image":"","background-repeat":"repeat","background-position":"center center","background-size":"auto","background-attachment":"scroll","background-type":"","background-media":"","overlay-type":"","overlay-color":"","overlay-opacity":"","overlay-gradient":""}},"footnotes":""},"class_list":["post-8846","page","type-page","status-publish","hentry"],"post_mailing_queue_ids":[],"_links":{"self":[{"href":"https:\/\/agora.xtec.cat\/insserradenoet\/wp-json\/wp\/v2\/pages\/8846","targetHints":{"allow":["GET"]}}],"collection":[{"href":"https:\/\/agora.xtec.cat\/insserradenoet\/wp-json\/wp\/v2\/pages"}],"about":[{"href":"https:\/\/agora.xtec.cat\/insserradenoet\/wp-json\/wp\/v2\/types\/page"}],"author":[{"embeddable":true,"href":"https:\/\/agora.xtec.cat\/insserradenoet\/wp-json\/wp\/v2\/users\/1"}],"replies":[{"embeddable":true,"href":"https:\/\/agora.xtec.cat\/insserradenoet\/wp-json\/wp\/v2\/comments?post=8846"}],"version-history":[{"count":4,"href":"https:\/\/agora.xtec.cat\/insserradenoet\/wp-json\/wp\/v2\/pages\/8846\/revisions"}],"predecessor-version":[{"id":8854,"href":"https:\/\/agora.xtec.cat\/insserradenoet\/wp-json\/wp\/v2\/pages\/8846\/revisions\/8854"}],"up":[{"embeddable":true,"href":"https:\/\/agora.xtec.cat\/insserradenoet\/wp-json\/wp\/v2\/pages\/19836"}],"wp:attachment":[{"href":"https:\/\/agora.xtec.cat\/insserradenoet\/wp-json\/wp\/v2\/media?parent=8846"}],"curies":[{"name":"wp","href":"https:\/\/api.w.org\/{rel}","templated":true}]}}