{"id":563,"date":"2015-02-18T17:01:18","date_gmt":"2015-02-18T16:01:18","guid":{"rendered":"http:\/\/agora.xtec.cat\/insserradenoet\/?page_id=563"},"modified":"2023-02-21T21:32:08","modified_gmt":"2023-02-21T20:32:08","slug":"adopta-un-monument","status":"publish","type":"page","link":"https:\/\/agora.xtec.cat\/insserradenoet\/projectes-dinnovacio\/projectes-passats\/adopta-un-monument\/","title":{"rendered":"Adopta un Monument"},"content":{"rendered":"<p><b>Adopta un Monument<\/b><\/p>\n<p>Aquest projecte pret\u00e9n dinamitzar el coneixement del patrimoni hist\u00f2ric i arqueol\u00f2gic de cada municipi a trav\u00e9s d&#8217;un treball espec\u00edfic entorn a un monument proper. En el nostre cas, l\u2019alumnat de 3r d\u2019ESO treballa el Pavell\u00f3 de Su\u00e8cia des del punt de vista art\u00edstic i hist\u00f2ric en les optatives a la religi\u00f3 \u201cEspai i volum\u201d i \u201cUn temps, una hist\u00f2ria\u201d.<\/p>\n<p><a href=\"https:\/\/sites.google.com\/site\/peamadopciomonuments\/\">https:\/\/sites.google.com\/site\/peamadopciomonuments\/<\/a><\/p>\n<p><a href=\"http:\/\/agora.xtec.cat\/insserradenoet\/wp-content\/uploads\/usu924\/2015\/02\/Pavello-Suecia-1.jpg\"><img loading=\"lazy\" decoding=\"async\" class=\"size-full wp-image-2404 aligncenter\" src=\"http:\/\/agora.xtec.cat\/insserradenoet\/wp-content\/uploads\/usu924\/2015\/02\/Pavello-Suecia-1.jpg\" alt=\"pavello-suecia-1\" width=\"379\" height=\"202\" srcset=\"https:\/\/agora.xtec.cat\/insserradenoet\/wp-content\/uploads\/usu924\/2015\/02\/Pavello-Suecia-1.jpg 379w, https:\/\/agora.xtec.cat\/insserradenoet\/wp-content\/uploads\/usu924\/2015\/02\/Pavello-Suecia-1-300x160.jpg 300w\" sizes=\"auto, (max-width: 379px) 100vw, 379px\" \/><\/a><\/p>\n","protected":false},"excerpt":{"rendered":"<p>Adopta un Monument Aquest projecte pret\u00e9n dinamitzar el coneixement del patrimoni hist\u00f2ric i arqueol\u00f2gic de cada municipi a trav\u00e9s d&#8217;un treball espec\u00edfic entorn a un monument proper. En el nostre cas, l\u2019alumnat de 3r d\u2019ESO treballa el Pavell\u00f3 de Su\u00e8cia des del punt de vista art\u00edstic i hist\u00f2ric en les optatives a la religi\u00f3 \u201cEspai [&hellip;]<\/p>\n","protected":false},"author":1,"featured_media":0,"parent":19836,"menu_order":3,"comment_status":"closed","ping_status":"closed","template":"page-templates\/side-menu.php","meta":{"_bbp_topic_count":0,"_bbp_reply_count":0,"_bbp_total_topic_count":0,"_bbp_total_reply_count":0,"_bbp_voice_count":0,"_bbp_anonymous_reply_count":0,"_bbp_topic_count_hidden":0,"_bbp_reply_count_hidden":0,"_bbp_forum_subforum_count":0,"site-sidebar-layout":"default","site-content-layout":"","ast-site-content-layout":"","site-content-style":"default","site-sidebar-style":"default","ast-global-header-display":"","ast-banner-title-visibility":"","ast-main-header-display":"","ast-hfb-above-header-display":"","ast-hfb-below-header-display":"","ast-hfb-mobile-header-display":"","site-post-title":"","ast-breadcrumbs-content":"","ast-featured-img":"","footer-sml-layout":"","theme-transparent-header-meta":"","adv-header-id-meta":"","stick-header-meta":"","header-above-stick-meta":"","header-main-stick-meta":"","header-below-stick-meta":"","astra-migrate-meta-layouts":"default","ast-page-background-enabled":"default","ast-page-background-meta":{"desktop":{"background-color":"var(--ast-global-color-4)","background-image":"","background-repeat":"repeat","background-position":"center center","background-size":"auto","background-attachment":"scroll","background-type":"","background-media":"","overlay-type":"","overlay-color":"","overlay-opacity":"","overlay-gradient":""},"tablet":{"background-color":"","background-image":"","background-repeat":"repeat","background-position":"center center","background-size":"auto","background-attachment":"scroll","background-type":"","background-media":"","overlay-type":"","overlay-color":"","overlay-opacity":"","overlay-gradient":""},"mobile":{"background-color":"","background-image":"","background-repeat":"repeat","background-position":"center center","background-size":"auto","background-attachment":"scroll","background-type":"","background-media":"","overlay-type":"","overlay-color":"","overlay-opacity":"","overlay-gradient":""}},"ast-content-background-meta":{"desktop":{"background-color":"var(--ast-global-color-5)","background-image":"","background-repeat":"repeat","background-position":"center center","background-size":"auto","background-attachment":"scroll","background-type":"","background-media":"","overlay-type":"","overlay-color":"","overlay-opacity":"","overlay-gradient":""},"tablet":{"background-color":"var(--ast-global-color-5)","background-image":"","background-repeat":"repeat","background-position":"center center","background-size":"auto","background-attachment":"scroll","background-type":"","background-media":"","overlay-type":"","overlay-color":"","overlay-opacity":"","overlay-gradient":""},"mobile":{"background-color":"var(--ast-global-color-5)","background-image":"","background-repeat":"repeat","background-position":"center center","background-size":"auto","background-attachment":"scroll","background-type":"","background-media":"","overlay-type":"","overlay-color":"","overlay-opacity":"","overlay-gradient":""}},"footnotes":""},"class_list":["post-563","page","type-page","status-publish","hentry"],"post_mailing_queue_ids":[],"_links":{"self":[{"href":"https:\/\/agora.xtec.cat\/insserradenoet\/wp-json\/wp\/v2\/pages\/563","targetHints":{"allow":["GET"]}}],"collection":[{"href":"https:\/\/agora.xtec.cat\/insserradenoet\/wp-json\/wp\/v2\/pages"}],"about":[{"href":"https:\/\/agora.xtec.cat\/insserradenoet\/wp-json\/wp\/v2\/types\/page"}],"author":[{"embeddable":true,"href":"https:\/\/agora.xtec.cat\/insserradenoet\/wp-json\/wp\/v2\/users\/1"}],"replies":[{"embeddable":true,"href":"https:\/\/agora.xtec.cat\/insserradenoet\/wp-json\/wp\/v2\/comments?post=563"}],"version-history":[{"count":3,"href":"https:\/\/agora.xtec.cat\/insserradenoet\/wp-json\/wp\/v2\/pages\/563\/revisions"}],"predecessor-version":[{"id":4704,"href":"https:\/\/agora.xtec.cat\/insserradenoet\/wp-json\/wp\/v2\/pages\/563\/revisions\/4704"}],"up":[{"embeddable":true,"href":"https:\/\/agora.xtec.cat\/insserradenoet\/wp-json\/wp\/v2\/pages\/19836"}],"wp:attachment":[{"href":"https:\/\/agora.xtec.cat\/insserradenoet\/wp-json\/wp\/v2\/media?parent=563"}],"curies":[{"name":"wp","href":"https:\/\/api.w.org\/{rel}","templated":true}]}}