{"id":4694,"date":"2019-03-25T16:03:29","date_gmt":"2019-03-25T15:03:29","guid":{"rendered":"http:\/\/agora.xtec.cat\/insserradenoet\/?page_id=4694"},"modified":"2025-02-27T22:03:11","modified_gmt":"2025-02-27T21:03:11","slug":"construccio-de-ledifici-institut-serra-de-noet","status":"publish","type":"page","link":"https:\/\/agora.xtec.cat\/insserradenoet\/construccio-de-ledifici-institut-serra-de-noet\/","title":{"rendered":"Construcci\u00f3 de l&#8217;edifici Institut Serra de Noet"},"content":{"rendered":"<p style=\"text-align: left;\"><iframe loading=\"lazy\" src=\"https:\/\/www.youtube.com\/embed\/UqDbUdb25a8\" width=\"560\" height=\"315\" frameborder=\"0\"><\/iframe><\/p>\n<p style=\"text-align: left;\"><a href=\"https:\/\/www.naciodigital.cat\/bergueda\/noticia\/17269\/nou\/edifici\/institut\/serra\/noet\/guardonat\/amb\/premi\/catalunya\/construccio\/2019\">El nou edifici de l&#8217;Institut Serra de Noet, guardonat amb el Premi Catalunya Construcci\u00f3 2019<\/a> (Naci\u00f3 digital)<\/p>\n<p style=\"text-align: left;\"><a href=\"https:\/\/www.regio7.cat\/bergueda\/2019\/06\/25\/linstitut-serra-noet-berga-guanya\/553102.html\">L&#8217;Institut Serra de Noet de Berga guanya el Premi Catalunya Construcci\u00f3 2019<\/a> (Regi\u00f37)<\/p>\n<p><a href=\"https:\/\/fabregatfabregat.com\/index.php\/portfolio_page\/institut-serra-de-noet\/\">L&#8217;institut : Fabregat &amp; Fabregat arquitectes<\/a><\/p>\n","protected":false},"excerpt":{"rendered":"<p>El nou edifici de l&#8217;Institut Serra de Noet, guardonat amb el Premi Catalunya Construcci\u00f3 2019 (Naci\u00f3 digital) L&#8217;Institut Serra de Noet de Berga guanya el Premi Catalunya Construcci\u00f3 2019 (Regi\u00f37) L&#8217;institut : Fabregat &amp; Fabregat arquitectes<\/p>\n","protected":false},"author":1,"featured_media":0,"parent":0,"menu_order":0,"comment_status":"closed","ping_status":"closed","template":"page-templates\/side-menu.php","meta":{"_bbp_topic_count":0,"_bbp_reply_count":0,"_bbp_total_topic_count":0,"_bbp_total_reply_count":0,"_bbp_voice_count":0,"_bbp_anonymous_reply_count":0,"_bbp_topic_count_hidden":0,"_bbp_reply_count_hidden":0,"_bbp_forum_subforum_count":0,"site-sidebar-layout":"default","site-content-layout":"","ast-site-content-layout":"","site-content-style":"default","site-sidebar-style":"default","ast-global-header-display":"","ast-banner-title-visibility":"","ast-main-header-display":"","ast-hfb-above-header-display":"","ast-hfb-below-header-display":"","ast-hfb-mobile-header-display":"","site-post-title":"","ast-breadcrumbs-content":"","ast-featured-img":"","footer-sml-layout":"","theme-transparent-header-meta":"","adv-header-id-meta":"","stick-header-meta":"","header-above-stick-meta":"","header-main-stick-meta":"","header-below-stick-meta":"","astra-migrate-meta-layouts":"default","ast-page-background-enabled":"default","ast-page-background-meta":{"desktop":{"background-color":"var(--ast-global-color-4)","background-image":"","background-repeat":"repeat","background-position":"center center","background-size":"auto","background-attachment":"scroll","background-type":"","background-media":"","overlay-type":"","overlay-color":"","overlay-opacity":"","overlay-gradient":""},"tablet":{"background-color":"","background-image":"","background-repeat":"repeat","background-position":"center center","background-size":"auto","background-attachment":"scroll","background-type":"","background-media":"","overlay-type":"","overlay-color":"","overlay-opacity":"","overlay-gradient":""},"mobile":{"background-color":"","background-image":"","background-repeat":"repeat","background-position":"center center","background-size":"auto","background-attachment":"scroll","background-type":"","background-media":"","overlay-type":"","overlay-color":"","overlay-opacity":"","overlay-gradient":""}},"ast-content-background-meta":{"desktop":{"background-color":"var(--ast-global-color-5)","background-image":"","background-repeat":"repeat","background-position":"center center","background-size":"auto","background-attachment":"scroll","background-type":"","background-media":"","overlay-type":"","overlay-color":"","overlay-opacity":"","overlay-gradient":""},"tablet":{"background-color":"var(--ast-global-color-5)","background-image":"","background-repeat":"repeat","background-position":"center center","background-size":"auto","background-attachment":"scroll","background-type":"","background-media":"","overlay-type":"","overlay-color":"","overlay-opacity":"","overlay-gradient":""},"mobile":{"background-color":"var(--ast-global-color-5)","background-image":"","background-repeat":"repeat","background-position":"center center","background-size":"auto","background-attachment":"scroll","background-type":"","background-media":"","overlay-type":"","overlay-color":"","overlay-opacity":"","overlay-gradient":""}},"footnotes":""},"class_list":["post-4694","page","type-page","status-publish","hentry"],"post_mailing_queue_ids":[],"_links":{"self":[{"href":"https:\/\/agora.xtec.cat\/insserradenoet\/wp-json\/wp\/v2\/pages\/4694","targetHints":{"allow":["GET"]}}],"collection":[{"href":"https:\/\/agora.xtec.cat\/insserradenoet\/wp-json\/wp\/v2\/pages"}],"about":[{"href":"https:\/\/agora.xtec.cat\/insserradenoet\/wp-json\/wp\/v2\/types\/page"}],"author":[{"embeddable":true,"href":"https:\/\/agora.xtec.cat\/insserradenoet\/wp-json\/wp\/v2\/users\/1"}],"replies":[{"embeddable":true,"href":"https:\/\/agora.xtec.cat\/insserradenoet\/wp-json\/wp\/v2\/comments?post=4694"}],"version-history":[{"count":4,"href":"https:\/\/agora.xtec.cat\/insserradenoet\/wp-json\/wp\/v2\/pages\/4694\/revisions"}],"predecessor-version":[{"id":21004,"href":"https:\/\/agora.xtec.cat\/insserradenoet\/wp-json\/wp\/v2\/pages\/4694\/revisions\/21004"}],"wp:attachment":[{"href":"https:\/\/agora.xtec.cat\/insserradenoet\/wp-json\/wp\/v2\/media?parent=4694"}],"curies":[{"name":"wp","href":"https:\/\/api.w.org\/{rel}","templated":true}]}}