{"id":423,"date":"2014-12-14T13:15:53","date_gmt":"2014-12-14T12:15:53","guid":{"rendered":"http:\/\/agora.xtec.cat\/insserradenoet\/?page_id=423"},"modified":"2024-09-04T10:23:28","modified_gmt":"2024-09-04T08:23:28","slug":"consell-escolar","status":"publish","type":"page","link":"https:\/\/agora.xtec.cat\/insserradenoet\/linstitut\/organigrama\/consell-escolar\/","title":{"rendered":"Consell escolar"},"content":{"rendered":"<p>Durant aquest\u00a0curs hi hauran eleccions, de moment comptem amb la seg\u00fcent representaci\u00f3:<\/p>\n<table style=\"width: 38.6907%; height: 532px;\">\n<tbody>\n<tr style=\"height: 38px;\">\n<td style=\"width: 145px; height: 38px;\">Pares\/Mares<\/td>\n<td style=\"width: 211px; height: 38px;\">Janet Ferrer<\/p>\n<p>Cristina Sol\u00e0<\/td>\n<\/tr>\n<tr style=\"height: 32px;\">\n<td style=\"width: 145px; height: 32px;\">AFA<\/td>\n<td style=\"width: 211px; height: 32px;\"><span style=\"font-weight: 400;\">Elisabet Calv\u00e9s<\/span><\/td>\n<\/tr>\n<tr style=\"height: 72px;\">\n<td style=\"width: 145px; height: 72px;\">Alumnes<\/td>\n<td style=\"width: 211px; height: 72px;\">\n<div>Aran Casellas<\/div>\n<\/td>\n<\/tr>\n<tr style=\"height: 215px;\">\n<td style=\"width: 145px; height: 215px;\">Professors<\/td>\n<td style=\"width: 211px; height: 215px;\">M. Jos\u00e9 Rodr\u00edguez<\/p>\n<p>Elisenda But\u00ed<\/p>\n<p>S\u00edlvia Salvador<\/p>\n<p>Laura Villanueva<\/td>\n<\/tr>\n<tr style=\"height: 32px;\">\n<td style=\"width: 145px; height: 32px;\">PAS<\/td>\n<td style=\"width: 211px; height: 32px;\">Anna Hurtado<\/td>\n<\/tr>\n<tr style=\"height: 32px;\">\n<td style=\"width: 145px; height: 32px;\">Ajuntament<\/td>\n<td style=\"width: 211px; height: 32px;\">Rosa Rodr\u00edguez<\/td>\n<\/tr>\n<tr style=\"height: 47px;\">\n<td style=\"width: 145px; height: 47px;\">Secret\u00e0ria amb veu i sense vot<\/td>\n<td style=\"width: 211px; height: 47px;\">Montse Boixader<\/td>\n<\/tr>\n<tr style=\"height: 32px;\">\n<td style=\"width: 145px; height: 32px;\">Directora<\/td>\n<td style=\"width: 211px; height: 32px;\">Gemma Bayerri<\/td>\n<\/tr>\n<tr style=\"height: 32px;\">\n<td style=\"width: 145px; height: 32px;\">Cap d&#8217;Estudis<\/td>\n<td style=\"width: 211px; height: 32px;\">Marina Morales<\/td>\n<\/tr>\n<\/tbody>\n<\/table>\n<p>&nbsp;<\/p>\n","protected":false},"excerpt":{"rendered":"<p>Durant aquest\u00a0curs hi hauran eleccions, de moment comptem amb la seg\u00fcent representaci\u00f3: Pares\/Mares Janet Ferrer Cristina Sol\u00e0 AFA Elisabet Calv\u00e9s Alumnes Aran Casellas Professors M. Jos\u00e9 Rodr\u00edguez Elisenda But\u00ed S\u00edlvia Salvador Laura Villanueva PAS Anna Hurtado Ajuntament Rosa Rodr\u00edguez Secret\u00e0ria amb veu i sense vot Montse Boixader Directora Gemma Bayerri Cap d&#8217;Estudis Marina Morales &nbsp;<\/p>\n","protected":false},"author":1,"featured_media":0,"parent":46,"menu_order":0,"comment_status":"closed","ping_status":"closed","template":"page-templates\/side-menu.php","meta":{"_bbp_topic_count":0,"_bbp_reply_count":0,"_bbp_total_topic_count":0,"_bbp_total_reply_count":0,"_bbp_voice_count":0,"_bbp_anonymous_reply_count":0,"_bbp_topic_count_hidden":0,"_bbp_reply_count_hidden":0,"_bbp_forum_subforum_count":0,"site-sidebar-layout":"default","site-content-layout":"","ast-site-content-layout":"","site-content-style":"default","site-sidebar-style":"default","ast-global-header-display":"","ast-banner-title-visibility":"","ast-main-header-display":"","ast-hfb-above-header-display":"","ast-hfb-below-header-display":"","ast-hfb-mobile-header-display":"","site-post-title":"","ast-breadcrumbs-content":"","ast-featured-img":"","footer-sml-layout":"","theme-transparent-header-meta":"","adv-header-id-meta":"","stick-header-meta":"","header-above-stick-meta":"","header-main-stick-meta":"","header-below-stick-meta":"","astra-migrate-meta-layouts":"default","ast-page-background-enabled":"default","ast-page-background-meta":{"desktop":{"background-color":"var(--ast-global-color-4)","background-image":"","background-repeat":"repeat","background-position":"center center","background-size":"auto","background-attachment":"scroll","background-type":"","background-media":"","overlay-type":"","overlay-color":"","overlay-opacity":"","overlay-gradient":""},"tablet":{"background-color":"","background-image":"","background-repeat":"repeat","background-position":"center center","background-size":"auto","background-attachment":"scroll","background-type":"","background-media":"","overlay-type":"","overlay-color":"","overlay-opacity":"","overlay-gradient":""},"mobile":{"background-color":"","background-image":"","background-repeat":"repeat","background-position":"center center","background-size":"auto","background-attachment":"scroll","background-type":"","background-media":"","overlay-type":"","overlay-color":"","overlay-opacity":"","overlay-gradient":""}},"ast-content-background-meta":{"desktop":{"background-color":"var(--ast-global-color-5)","background-image":"","background-repeat":"repeat","background-position":"center center","background-size":"auto","background-attachment":"scroll","background-type":"","background-media":"","overlay-type":"","overlay-color":"","overlay-opacity":"","overlay-gradient":""},"tablet":{"background-color":"var(--ast-global-color-5)","background-image":"","background-repeat":"repeat","background-position":"center center","background-size":"auto","background-attachment":"scroll","background-type":"","background-media":"","overlay-type":"","overlay-color":"","overlay-opacity":"","overlay-gradient":""},"mobile":{"background-color":"var(--ast-global-color-5)","background-image":"","background-repeat":"repeat","background-position":"center center","background-size":"auto","background-attachment":"scroll","background-type":"","background-media":"","overlay-type":"","overlay-color":"","overlay-opacity":"","overlay-gradient":""}},"footnotes":""},"class_list":["post-423","page","type-page","status-publish","hentry"],"post_mailing_queue_ids":[],"_links":{"self":[{"href":"https:\/\/agora.xtec.cat\/insserradenoet\/wp-json\/wp\/v2\/pages\/423","targetHints":{"allow":["GET"]}}],"collection":[{"href":"https:\/\/agora.xtec.cat\/insserradenoet\/wp-json\/wp\/v2\/pages"}],"about":[{"href":"https:\/\/agora.xtec.cat\/insserradenoet\/wp-json\/wp\/v2\/types\/page"}],"author":[{"embeddable":true,"href":"https:\/\/agora.xtec.cat\/insserradenoet\/wp-json\/wp\/v2\/users\/1"}],"replies":[{"embeddable":true,"href":"https:\/\/agora.xtec.cat\/insserradenoet\/wp-json\/wp\/v2\/comments?post=423"}],"version-history":[{"count":7,"href":"https:\/\/agora.xtec.cat\/insserradenoet\/wp-json\/wp\/v2\/pages\/423\/revisions"}],"predecessor-version":[{"id":20628,"href":"https:\/\/agora.xtec.cat\/insserradenoet\/wp-json\/wp\/v2\/pages\/423\/revisions\/20628"}],"up":[{"embeddable":true,"href":"https:\/\/agora.xtec.cat\/insserradenoet\/wp-json\/wp\/v2\/pages\/46"}],"wp:attachment":[{"href":"https:\/\/agora.xtec.cat\/insserradenoet\/wp-json\/wp\/v2\/media?parent=423"}],"curies":[{"name":"wp","href":"https:\/\/api.w.org\/{rel}","templated":true}]}}