{"id":421,"date":"2014-12-14T13:09:48","date_gmt":"2014-12-14T12:09:48","guid":{"rendered":"http:\/\/agora.xtec.cat\/insserradenoet\/?page_id=421"},"modified":"2025-09-04T20:45:58","modified_gmt":"2025-09-04T18:45:58","slug":"tutories","status":"publish","type":"page","link":"https:\/\/agora.xtec.cat\/insserradenoet\/linstitut\/organigrama\/tutories\/","title":{"rendered":"Tutories"},"content":{"rendered":"<p>Llista de la relaci\u00f3 de tutors de grup de cada curs:<\/p>\n<p>&nbsp;<\/p>\n<table style=\"border-collapse: collapse; width: 100%; height: 868px;\">\n<tbody>\n<tr style=\"height: 32px;\">\n<td style=\"height: 32px; width: 9.33998%;\"><strong>CURS<\/strong><\/td>\n<td style=\"height: 32px; width: 23.9319%;\"><strong>Tutor de Grup<\/strong><\/td>\n<td style=\"height: 32px; width: 29.5547%;\"><strong>Correu<\/strong><\/td>\n<td style=\"height: 32px; width: 46.9609%;\"><strong>Tutors individuals<\/strong><\/td>\n<\/tr>\n<tr style=\"height: 70px;\">\n<td style=\"height: 46px; width: 9.33998%;\"><strong>1rESOA<\/strong><\/td>\n<td style=\"width: 23.9319%; height: 46px;\">Teresa Capdevila<\/td>\n<td style=\"width: 29.5547%; height: 46px;\">teresacc@serradenoet.cat<\/td>\n<td style=\"width: 46.9609%; height: 305px;\" rowspan=\"3\">Claudia Bosch (claudiab@serradenoet.cat)<\/p>\n<p>Elisenda But\u00ed<\/p>\n<p>(elisendab@serradenoet.cat)<\/p>\n<p>\u00c0ngel Mej\u00edas (angelm@serradenoet.cat)<\/p>\n<p>Estel Par\u00e9s (estelp@serradenoet.cat)<\/p>\n<p>Gemma Bosoms (gemmab@serradenoet.cat)<\/p>\n<p>Montse Boixader (montseb@serradenoet.cat)<\/p>\n<p>Guillem Vendranas (guillemv@serradenoet.cat)<\/p>\n<p>Marta Barnola (martaba@serradenoet.cat)<\/p>\n<p>&nbsp;<\/td>\n<\/tr>\n<tr style=\"height: 70px;\">\n<td style=\"height: 37px; width: 9.33998%;\"><strong>1rESOB<\/strong><\/td>\n<td style=\"width: 23.9319%; height: 37px;\">Ester Plans<\/td>\n<td style=\"width: 29.5547%; height: 37px;\">esterp@serradenoet.cat<\/td>\n<\/tr>\n<tr style=\"height: 222px;\">\n<td style=\"width: 9.33998%; height: 222px;\"><strong>1rESOC<\/strong><\/td>\n<td style=\"width: 23.9319%; height: 222px;\">Sonia Jofresa<\/td>\n<td style=\"width: 29.5547%; height: 222px;\">soniaj@serradenoet.cat<\/td>\n<\/tr>\n<tr style=\"height: 56px;\">\n<td style=\"width: 9.33998%; height: 56px;\"><strong>2nESOA<\/strong><\/td>\n<td style=\"width: 23.9319%; height: 56px;\">S\u00edlvia Comellas<\/td>\n<td style=\"width: 29.5547%; height: 56px;\">silviac@serradenoet.cat<\/td>\n<td style=\"width: 46.9609%; height: 127px;\" rowspan=\"2\">&nbsp;<\/p>\n<p>&nbsp;<\/p>\n<p>Miki L\u00f3pez (mikil<span class=\"\"><span class=\"\">@<\/span>serradenoet.cat)<\/span><\/p>\n<p>Gloria Junyent (gloriaj@serradenoet.cat)<\/p>\n<p>Anna Pujols (annap@serradenoet.cat)<\/p>\n<p>Rosa Catal\u00e0 (rosacm@serradenoet.cat)<\/p>\n<p>Marta Barnola (martaba@serradenoet.cat)<\/td>\n<\/tr>\n<tr style=\"height: 71px;\">\n<td style=\"width: 9.33998%; height: 71px;\"><strong>2nESOB<\/strong><\/td>\n<td style=\"width: 23.9319%; height: 71px;\">Laura Villanueva<\/td>\n<td style=\"width: 29.5547%; height: 71px;\">laurav@serradenoet.cat<\/td>\n<\/tr>\n<tr style=\"height: 119px;\">\n<td style=\"width: 9.33998%; height: 119px;\"><strong>3rESOA<\/strong><\/td>\n<td style=\"width: 23.9319%; height: 119px;\">N\u00faria Grag\u00e9s<\/td>\n<td style=\"width: 29.5547%; height: 119px;\">nuriag@serradenoet.cat<\/td>\n<td style=\"width: 46.9609%; height: 357px;\" rowspan=\"3\">&nbsp;<\/p>\n<p>Gemma Bayerri (gemmaba@serradenoet.cat)<\/p>\n<p>Jaume Espel (jaumee@serradenoet.cat)<\/p>\n<p>Imma Casas (immac@serradenoet.cat)<\/p>\n<p>Teresa Call (teresac@serradenoet.cat)<\/p>\n<p>Anna Mujal (annam@serradenoet.cat)<\/p>\n<p>Anna L\u00f3pez (anal@serradenoet.cat)<\/p>\n<p>Mariona Vinyals (marionav@serradenoet.cat)<\/p>\n<p>Sara de las Heras (sarah@serradenoet.cat)<\/p>\n<p>&nbsp;<\/td>\n<\/tr>\n<tr style=\"height: 119px;\">\n<td style=\"width: 9.33998%; height: 119px;\"><strong>3rESOB<\/strong><strong><br \/>\n<\/strong><\/td>\n<td style=\"width: 23.9319%; height: 119px;\">Judith L\u00f3pez<\/td>\n<td style=\"width: 29.5547%; height: 119px;\">judithlopez@serradenoet.cat<\/td>\n<\/tr>\n<tr style=\"height: 119px;\">\n<td style=\"width: 9.33998%; height: 119px;\"><strong>3rESOC<\/strong><\/td>\n<td style=\"width: 23.9319%; height: 119px;\">David Saborido<\/td>\n<td style=\"width: 29.5547%; height: 119px;\">davidsa@serradenoet.cat<\/td>\n<\/tr>\n<tr style=\"height: 58px;\">\n<td style=\"width: 9.33998%; height: 30px;\"><strong>4tESOA<\/strong><\/td>\n<td style=\"width: 23.9319%; height: 30px;\">Irene Casades\u00fas<\/td>\n<td style=\"width: 29.5547%; height: 30px;\">irencec@serradenoet.cat<\/td>\n<td style=\"width: 46.9609%; height: 47px;\" rowspan=\"2\">Sara de las Heras (sarah@serradenoet.cat)<\/p>\n<p>Cristina Arnau (cristinaa@serradenoet.cat)<\/p>\n<p>Ramon Camps (ramonc@serradenoet.cat)<\/p>\n<p>S\u00edlvia Salvador (silvias@serradenoet.cat)<\/p>\n<p>Ignasi Serra (ignasis@serradenoet.cat)<\/p>\n<p>Jordi Boixader (jordibo@serradenoet.cat)<\/p>\n<p>Anna Mujal (annam@serradenoet.cat)<\/p>\n<p>&nbsp;<\/td>\n<\/tr>\n<tr style=\"height: 17px;\">\n<td style=\"height: 17px; width: 9.33998%;\"><strong>4tESOB<\/strong><\/td>\n<td style=\"width: 23.9319%; height: 17px;\">In\u00e9s Boix<\/td>\n<td style=\"width: 29.5547%; height: 17px;\">inesb@serradenoet.cat<\/td>\n<\/tr>\n<\/tbody>\n<\/table>\n<p>&nbsp;<\/p>\n","protected":false},"excerpt":{"rendered":"<p>Llista de la relaci\u00f3 de tutors de grup de cada curs: &nbsp; CURS Tutor de Grup Correu Tutors individuals 1rESOA Teresa Capdevila teresacc@serradenoet.cat Claudia Bosch (claudiab@serradenoet.cat) Elisenda But\u00ed (elisendab@serradenoet.cat) \u00c0ngel Mej\u00edas (angelm@serradenoet.cat) Estel Par\u00e9s (estelp@serradenoet.cat) Gemma Bosoms (gemmab@serradenoet.cat) Montse Boixader (montseb@serradenoet.cat) Guillem Vendranas (guillemv@serradenoet.cat) Marta Barnola (martaba@serradenoet.cat) &nbsp; 1rESOB Ester Plans esterp@serradenoet.cat 1rESOC Sonia Jofresa [&hellip;]<\/p>\n","protected":false},"author":1,"featured_media":0,"parent":46,"menu_order":0,"comment_status":"closed","ping_status":"closed","template":"page-templates\/side-menu.php","meta":{"_bbp_topic_count":0,"_bbp_reply_count":0,"_bbp_total_topic_count":0,"_bbp_total_reply_count":0,"_bbp_voice_count":0,"_bbp_anonymous_reply_count":0,"_bbp_topic_count_hidden":0,"_bbp_reply_count_hidden":0,"_bbp_forum_subforum_count":0,"site-sidebar-layout":"default","site-content-layout":"","ast-site-content-layout":"","site-content-style":"default","site-sidebar-style":"default","ast-global-header-display":"","ast-banner-title-visibility":"","ast-main-header-display":"","ast-hfb-above-header-display":"","ast-hfb-below-header-display":"","ast-hfb-mobile-header-display":"","site-post-title":"","ast-breadcrumbs-content":"","ast-featured-img":"","footer-sml-layout":"","theme-transparent-header-meta":"","adv-header-id-meta":"","stick-header-meta":"","header-above-stick-meta":"","header-main-stick-meta":"","header-below-stick-meta":"","astra-migrate-meta-layouts":"default","ast-page-background-enabled":"default","ast-page-background-meta":{"desktop":{"background-color":"var(--ast-global-color-4)","background-image":"","background-repeat":"repeat","background-position":"center center","background-size":"auto","background-attachment":"scroll","background-type":"","background-media":"","overlay-type":"","overlay-color":"","overlay-opacity":"","overlay-gradient":""},"tablet":{"background-color":"","background-image":"","background-repeat":"repeat","background-position":"center center","background-size":"auto","background-attachment":"scroll","background-type":"","background-media":"","overlay-type":"","overlay-color":"","overlay-opacity":"","overlay-gradient":""},"mobile":{"background-color":"","background-image":"","background-repeat":"repeat","background-position":"center center","background-size":"auto","background-attachment":"scroll","background-type":"","background-media":"","overlay-type":"","overlay-color":"","overlay-opacity":"","overlay-gradient":""}},"ast-content-background-meta":{"desktop":{"background-color":"var(--ast-global-color-5)","background-image":"","background-repeat":"repeat","background-position":"center center","background-size":"auto","background-attachment":"scroll","background-type":"","background-media":"","overlay-type":"","overlay-color":"","overlay-opacity":"","overlay-gradient":""},"tablet":{"background-color":"var(--ast-global-color-5)","background-image":"","background-repeat":"repeat","background-position":"center center","background-size":"auto","background-attachment":"scroll","background-type":"","background-media":"","overlay-type":"","overlay-color":"","overlay-opacity":"","overlay-gradient":""},"mobile":{"background-color":"var(--ast-global-color-5)","background-image":"","background-repeat":"repeat","background-position":"center center","background-size":"auto","background-attachment":"scroll","background-type":"","background-media":"","overlay-type":"","overlay-color":"","overlay-opacity":"","overlay-gradient":""}},"footnotes":""},"class_list":["post-421","page","type-page","status-publish","hentry"],"post_mailing_queue_ids":[],"_links":{"self":[{"href":"https:\/\/agora.xtec.cat\/insserradenoet\/wp-json\/wp\/v2\/pages\/421","targetHints":{"allow":["GET"]}}],"collection":[{"href":"https:\/\/agora.xtec.cat\/insserradenoet\/wp-json\/wp\/v2\/pages"}],"about":[{"href":"https:\/\/agora.xtec.cat\/insserradenoet\/wp-json\/wp\/v2\/types\/page"}],"author":[{"embeddable":true,"href":"https:\/\/agora.xtec.cat\/insserradenoet\/wp-json\/wp\/v2\/users\/1"}],"replies":[{"embeddable":true,"href":"https:\/\/agora.xtec.cat\/insserradenoet\/wp-json\/wp\/v2\/comments?post=421"}],"version-history":[{"count":6,"href":"https:\/\/agora.xtec.cat\/insserradenoet\/wp-json\/wp\/v2\/pages\/421\/revisions"}],"predecessor-version":[{"id":21371,"href":"https:\/\/agora.xtec.cat\/insserradenoet\/wp-json\/wp\/v2\/pages\/421\/revisions\/21371"}],"up":[{"embeddable":true,"href":"https:\/\/agora.xtec.cat\/insserradenoet\/wp-json\/wp\/v2\/pages\/46"}],"wp:attachment":[{"href":"https:\/\/agora.xtec.cat\/insserradenoet\/wp-json\/wp\/v2\/media?parent=421"}],"curies":[{"name":"wp","href":"https:\/\/api.w.org\/{rel}","templated":true}]}}