{"id":419,"date":"2014-12-14T13:05:27","date_gmt":"2014-12-14T12:05:27","guid":{"rendered":"http:\/\/agora.xtec.cat\/insserradenoet\/?page_id=419"},"modified":"2025-09-04T20:44:54","modified_gmt":"2025-09-04T18:44:54","slug":"claustre-de-professors","status":"publish","type":"page","link":"https:\/\/agora.xtec.cat\/insserradenoet\/linstitut\/organigrama\/claustre-de-professors\/","title":{"rendered":"Claustre de professors"},"content":{"rendered":"<table style=\"width: 117.409%; height: 1497px;\">\n<tbody>\n<tr style=\"height: 256px;\">\n<td style=\"width: 20.3419%; height: 256px;\"><strong>Matem\u00e0tiques<\/strong><\/td>\n<td style=\"width: 32.8056%; height: 256px;\">Imma Casas<\/p>\n<p>S\u00edlvia Salvador<\/p>\n<p>Ignasi Serra<\/p>\n<p>Montse Boixader<\/p>\n<p>Anna Pujols<\/td>\n<td style=\"width: 45.7172%; height: 256px;\">immac@serradenoet.cat<\/p>\n<p>silvias@serradenoet.cat<\/p>\n<p>ignasis<span class=\"\">@serradenoet.ca<\/span>t<\/p>\n<p>montseb@serradenoet.cat<\/p>\n<p>annap<span class=\"\">@serradenoet.cat<\/span><\/td>\n<\/tr>\n<tr style=\"height: 96px;\">\n<td style=\"width: 20.3419%; height: 96px;\"><strong>Biologia i Geologia<br \/>\n<\/strong><\/td>\n<td style=\"width: 32.8056%; height: 96px;\">Irene Casades\u00fas<\/p>\n<p>Elisenda But\u00ed<\/p>\n<p>N\u00faria Grag\u00e9s<\/td>\n<td style=\"width: 45.7172%; height: 96px;\">irenec@serradenoet.cat<\/p>\n<p>elisendab@serradenoet.cat<\/p>\n<p>ngrages@serradenoet.cat<\/td>\n<\/tr>\n<tr style=\"height: 96px;\">\n<td style=\"width: 20.3419%; height: 96px;\"><strong>F\u00edsica i qu\u00edmica<br \/>\n<\/strong><\/td>\n<td style=\"width: 32.8056%; height: 96px;\">Ramon Camps<\/p>\n<p>N\u00faria Grag\u00e9s<\/td>\n<td style=\"width: 45.7172%; height: 96px;\">ramonc@serradenoet.cat<\/p>\n<p>nuriag@serradenoet.cat<\/td>\n<\/tr>\n<tr style=\"height: 136px;\">\n<td style=\"width: 20.3419%; height: 136px;\"><strong>Tecnologia<\/strong><\/td>\n<td style=\"width: 32.8056%; height: 136px;\">Gemma Bosoms<\/p>\n<p>Jaume Espel<\/p>\n<p>Guillem Vendranas<\/td>\n<td style=\"width: 45.7172%; height: 136px;\">gemmabc@serradenoet.cat<\/p>\n<p>jaumee@serradenoet.cat<\/p>\n<p>guillemb@serradenoet.cat<\/td>\n<\/tr>\n<tr style=\"height: 175px;\">\n<td style=\"width: 20.3419%; height: 175px;\"><strong>Ci\u00e8ncies Socials, Geografia i Hist\u00f2ria<\/strong><\/td>\n<td style=\"width: 32.8056%; height: 175px;\">Teresa Call<\/p>\n<p>Rosa Catal\u00e0<\/p>\n<p>Jordi Boixader<\/td>\n<td style=\"width: 45.7172%; height: 175px;\">teresac@serradenoet.cat<\/p>\n<p>rosacm@serradenoet.cat<\/p>\n<p>jordibo@serradenoet.cat<\/td>\n<\/tr>\n<tr style=\"height: 96px;\">\n<td style=\"width: 20.3419%; height: 96px;\"><strong>Educaci\u00f3 F\u00edsica<\/strong><\/td>\n<td style=\"width: 32.8056%; height: 96px;\">Judith L\u00f3pez<\/p>\n<p>Miki L\u00f3pez<\/td>\n<td style=\"width: 45.7172%; height: 96px;\">judithl@serradenoet.cat<\/p>\n<p>mikil@serradenoet.cat<\/td>\n<\/tr>\n<tr style=\"height: 48px;\">\n<td style=\"width: 20.3419%; height: 48px;\"><strong>Educaci\u00f3 Visual i Pl\u00e0stica<\/strong><\/td>\n<td style=\"width: 32.8056%; height: 48px;\">\u00c0ngel Mej\u00edas<\/td>\n<td style=\"width: 45.7172%; height: 48px;\">angelm@serradenoet.cat<\/td>\n<\/tr>\n<tr style=\"height: 215px;\">\n<td style=\"width: 20.3419%; height: 215px;\"><strong>Llengua Estrangera<\/strong><\/td>\n<td style=\"width: 32.8056%; height: 215px;\">Cristina Arnau<\/p>\n<p>In\u00e8s Boix<\/p>\n<p>S\u00edlvia Comellas<\/p>\n<p>Ester Plans<\/p>\n<p>Mariona Vinyals<\/td>\n<td style=\"width: 45.7172%; height: 215px;\">cristinaa@serradenoet.cat<\/p>\n<p>inesb<span class=\"\"><span class=\"\">@<\/span>serradenoet.cat<\/span><\/p>\n<p>silviac<span class=\"\">@serradenoet.cat<\/span><\/p>\n<p>esterp@serradenoet.cat<\/p>\n<p>marionav@serradenoet.cat<\/td>\n<\/tr>\n<tr style=\"height: 16px;\">\n<td style=\"width: 20.3419%; height: 16px;\"><strong>Llengua Catalana i Literatura<\/strong><\/td>\n<td style=\"width: 32.8056%; height: 16px;\">Gl\u00f2ria Junyent<\/p>\n<p>Teresa Capdevila<\/p>\n<p>Gemma Bayerri<\/td>\n<td style=\"width: 45.7172%; height: 16px;\">gloriaj@serradenoet.cat<\/p>\n<p>teresacc@serradenoet.cat<\/p>\n<p>gemmaba@serradenoet.cat<\/td>\n<\/tr>\n<tr style=\"height: 136px;\">\n<td style=\"width: 20.3419%; height: 136px;\"><strong>Llengua Castellana i Literatura<\/strong><\/td>\n<td style=\"width: 32.8056%; height: 136px;\">Laura Villanueva<\/p>\n<p>Cl\u00e0udia Bosch<\/p>\n<p>David Saborido<\/td>\n<td style=\"width: 45.7172%; height: 136px;\">laurav@serradenoet.cat<\/p>\n<p>claudiab@serradenoet.cat<\/p>\n<p>davids@serradenoet.cat<\/td>\n<\/tr>\n<tr style=\"height: 33px;\">\n<td style=\"width: 20.3419%; height: 33px;\"><strong>M\u00fasica<\/strong><\/td>\n<td style=\"width: 32.8056%; height: 33px;\">S\u00f2nia Jofresa<\/td>\n<td style=\"width: 45.7172%; height: 33px;\">soniaj@serradenoet.cat<\/td>\n<\/tr>\n<tr style=\"height: 33px;\">\n<td style=\"width: 20.3419%; height: 33px;\"><strong>Religi\u00f3<\/strong><\/td>\n<td style=\"width: 32.8056%; height: 33px;\">Ana L\u00f3pez<\/td>\n<td style=\"width: 45.7172%; height: 33px;\">anal@serradenoet.cat<\/td>\n<\/tr>\n<tr style=\"height: 33px;\">\n<td style=\"width: 20.3419%; height: 33px;\"><strong>Psicopedagoga<\/strong><\/td>\n<td style=\"width: 32.8056%; height: 33px;\">Anna Mujal<\/p>\n<p>Marta Barnola<\/td>\n<td style=\"width: 45.7172%; height: 33px;\">annam@serradenoet.cat<\/p>\n<p>martaba@serradenoet.cat<\/td>\n<\/tr>\n<tr style=\"height: 32px;\">\n<td style=\"width: 20.3419%; height: 32px;\"><strong>Aula d&#8217;Acollida<\/strong><\/td>\n<td style=\"width: 32.8056%; height: 32px;\">Sara de las Heras<\/td>\n<td style=\"width: 45.7172%; height: 32px;\">sarah<span class=\"\">@serradenoet.ca<\/span>t<\/td>\n<\/tr>\n<tr style=\"height: 96px;\">\n<td style=\"width: 20.3419%; height: 96px;\"><strong>AIS<\/strong><\/td>\n<td style=\"width: 32.8056%; height: 96px;\">Esther Aguilar<\/p>\n<p>Neus Camprub\u00ed<\/td>\n<td style=\"width: 45.7172%; height: 96px;\">esthera@serradenoet.cat<\/p>\n<p>neusc@serradenoet.cat<\/td>\n<\/tr>\n<\/tbody>\n<\/table>\n<p>&nbsp;<\/p>\n","protected":false},"excerpt":{"rendered":"<p>Matem\u00e0tiques Imma Casas S\u00edlvia Salvador Ignasi Serra Montse Boixader Anna Pujols immac@serradenoet.cat silvias@serradenoet.cat ignasis@serradenoet.cat montseb@serradenoet.cat annap@serradenoet.cat Biologia i Geologia Irene Casades\u00fas Elisenda But\u00ed N\u00faria Grag\u00e9s irenec@serradenoet.cat elisendab@serradenoet.cat ngrages@serradenoet.cat F\u00edsica i qu\u00edmica Ramon Camps N\u00faria Grag\u00e9s ramonc@serradenoet.cat nuriag@serradenoet.cat Tecnologia Gemma Bosoms Jaume Espel Guillem Vendranas gemmabc@serradenoet.cat jaumee@serradenoet.cat guillemb@serradenoet.cat Ci\u00e8ncies Socials, Geografia i Hist\u00f2ria Teresa Call Rosa [&hellip;]<\/p>\n","protected":false},"author":1,"featured_media":0,"parent":46,"menu_order":0,"comment_status":"closed","ping_status":"closed","template":"page-templates\/side-menu.php","meta":{"_bbp_topic_count":0,"_bbp_reply_count":0,"_bbp_total_topic_count":0,"_bbp_total_reply_count":0,"_bbp_voice_count":0,"_bbp_anonymous_reply_count":0,"_bbp_topic_count_hidden":0,"_bbp_reply_count_hidden":0,"_bbp_forum_subforum_count":0,"site-sidebar-layout":"default","site-content-layout":"","ast-site-content-layout":"","site-content-style":"default","site-sidebar-style":"default","ast-global-header-display":"","ast-banner-title-visibility":"","ast-main-header-display":"","ast-hfb-above-header-display":"","ast-hfb-below-header-display":"","ast-hfb-mobile-header-display":"","site-post-title":"","ast-breadcrumbs-content":"","ast-featured-img":"","footer-sml-layout":"","theme-transparent-header-meta":"","adv-header-id-meta":"","stick-header-meta":"","header-above-stick-meta":"","header-main-stick-meta":"","header-below-stick-meta":"","astra-migrate-meta-layouts":"default","ast-page-background-enabled":"default","ast-page-background-meta":{"desktop":{"background-color":"var(--ast-global-color-4)","background-image":"","background-repeat":"repeat","background-position":"center center","background-size":"auto","background-attachment":"scroll","background-type":"","background-media":"","overlay-type":"","overlay-color":"","overlay-opacity":"","overlay-gradient":""},"tablet":{"background-color":"","background-image":"","background-repeat":"repeat","background-position":"center center","background-size":"auto","background-attachment":"scroll","background-type":"","background-media":"","overlay-type":"","overlay-color":"","overlay-opacity":"","overlay-gradient":""},"mobile":{"background-color":"","background-image":"","background-repeat":"repeat","background-position":"center center","background-size":"auto","background-attachment":"scroll","background-type":"","background-media":"","overlay-type":"","overlay-color":"","overlay-opacity":"","overlay-gradient":""}},"ast-content-background-meta":{"desktop":{"background-color":"var(--ast-global-color-5)","background-image":"","background-repeat":"repeat","background-position":"center center","background-size":"auto","background-attachment":"scroll","background-type":"","background-media":"","overlay-type":"","overlay-color":"","overlay-opacity":"","overlay-gradient":""},"tablet":{"background-color":"var(--ast-global-color-5)","background-image":"","background-repeat":"repeat","background-position":"center center","background-size":"auto","background-attachment":"scroll","background-type":"","background-media":"","overlay-type":"","overlay-color":"","overlay-opacity":"","overlay-gradient":""},"mobile":{"background-color":"var(--ast-global-color-5)","background-image":"","background-repeat":"repeat","background-position":"center center","background-size":"auto","background-attachment":"scroll","background-type":"","background-media":"","overlay-type":"","overlay-color":"","overlay-opacity":"","overlay-gradient":""}},"footnotes":""},"class_list":["post-419","page","type-page","status-publish","hentry"],"post_mailing_queue_ids":[],"_links":{"self":[{"href":"https:\/\/agora.xtec.cat\/insserradenoet\/wp-json\/wp\/v2\/pages\/419","targetHints":{"allow":["GET"]}}],"collection":[{"href":"https:\/\/agora.xtec.cat\/insserradenoet\/wp-json\/wp\/v2\/pages"}],"about":[{"href":"https:\/\/agora.xtec.cat\/insserradenoet\/wp-json\/wp\/v2\/types\/page"}],"author":[{"embeddable":true,"href":"https:\/\/agora.xtec.cat\/insserradenoet\/wp-json\/wp\/v2\/users\/1"}],"replies":[{"embeddable":true,"href":"https:\/\/agora.xtec.cat\/insserradenoet\/wp-json\/wp\/v2\/comments?post=419"}],"version-history":[{"count":6,"href":"https:\/\/agora.xtec.cat\/insserradenoet\/wp-json\/wp\/v2\/pages\/419\/revisions"}],"predecessor-version":[{"id":21370,"href":"https:\/\/agora.xtec.cat\/insserradenoet\/wp-json\/wp\/v2\/pages\/419\/revisions\/21370"}],"up":[{"embeddable":true,"href":"https:\/\/agora.xtec.cat\/insserradenoet\/wp-json\/wp\/v2\/pages\/46"}],"wp:attachment":[{"href":"https:\/\/agora.xtec.cat\/insserradenoet\/wp-json\/wp\/v2\/media?parent=419"}],"curies":[{"name":"wp","href":"https:\/\/api.w.org\/{rel}","templated":true}]}}