{"id":330,"date":"2014-11-06T11:09:51","date_gmt":"2014-11-06T10:09:51","guid":{"rendered":"http:\/\/agora.xtec.cat\/insserradenoet\/?page_id=330"},"modified":"2024-12-29T11:24:10","modified_gmt":"2024-12-29T10:24:10","slug":"projectes-dinnovacio","status":"publish","type":"page","link":"https:\/\/agora.xtec.cat\/insserradenoet\/projectes-dinnovacio\/","title":{"rendered":"Projectes de Centre"},"content":{"rendered":"<p dir=\"ltr\">El nostre centre sempre s&#8217;ha caracteritzat per participar en projectes d\u2019innovaci\u00f3.<\/p>\n<p>El nostre centre destaca per la seva participaci\u00f3 activa en projectes d\u2019innovaci\u00f3 educativa.<\/p>\n<p>Aquest curs forma part de la Xarxa de Compet\u00e8ncies B\u00e0siques, la Formaci\u00f3 Interna de Centre per impulsar l\u2019Estrat\u00e8gia Digital, el Programa de Generaci\u00f3 Pluriling\u00fce, el suport a la Certificaci\u00f3 de Lleng\u00fces, el Programa de Recerca, Creaci\u00f3 i Servei, i el Programa d\u2019Innovaci\u00f3 Pedag\u00f2gica (MUFPS). Tamb\u00e9 participa en el nou projecte FAIG (Fent per Aprendre, Imaginant Globalment) i continuem implementant el curr\u00edculum d\u2019ESO amb projectes basats en situacions d\u2019aprenentatge reals.\u00a0 Altres iniciatives com Vivim Aventures, Skamot Noet i m\u00f2bils.edu reforcen valors com la lectura, la sostenibilitat i la digitalitzaci\u00f3.<\/p>\n<p>Al men\u00fa de l&#8217;esquerre podeu accedir a la informaci\u00f3 d&#8217;alguns dels projectes que es realitzen al centre.<\/p>\n<p><img loading=\"lazy\" decoding=\"async\" class=\"aligncenter wp-image-19839 size-full\" src=\"https:\/\/agora.xtec.cat\/insserradenoet\/wp-content\/uploads\/usu924\/2023\/02\/PROJECTES-Copy.png\" alt=\"\" width=\"960\" height=\"768\" srcset=\"https:\/\/agora.xtec.cat\/insserradenoet\/wp-content\/uploads\/usu924\/2023\/02\/PROJECTES-Copy.png 960w, https:\/\/agora.xtec.cat\/insserradenoet\/wp-content\/uploads\/usu924\/2023\/02\/PROJECTES-Copy-300x240.png 300w, https:\/\/agora.xtec.cat\/insserradenoet\/wp-content\/uploads\/usu924\/2023\/02\/PROJECTES-Copy-768x614.png 768w\" sizes=\"auto, (max-width: 960px) 100vw, 960px\" \/><\/p>\n","protected":false},"excerpt":{"rendered":"<p>El nostre centre sempre s&#8217;ha caracteritzat per participar en projectes d\u2019innovaci\u00f3. El nostre centre destaca per la seva participaci\u00f3 activa en projectes d\u2019innovaci\u00f3 educativa. Aquest curs forma part de la Xarxa de Compet\u00e8ncies B\u00e0siques, la Formaci\u00f3 Interna de Centre per impulsar l\u2019Estrat\u00e8gia Digital, el Programa de Generaci\u00f3 Pluriling\u00fce, el suport a la Certificaci\u00f3 de Lleng\u00fces, [&hellip;]<\/p>\n","protected":false},"author":1,"featured_media":0,"parent":0,"menu_order":0,"comment_status":"closed","ping_status":"closed","template":"page-templates\/side-menu.php","meta":{"_bbp_topic_count":0,"_bbp_reply_count":0,"_bbp_total_topic_count":0,"_bbp_total_reply_count":0,"_bbp_voice_count":0,"_bbp_anonymous_reply_count":0,"_bbp_topic_count_hidden":0,"_bbp_reply_count_hidden":0,"_bbp_forum_subforum_count":0,"site-sidebar-layout":"default","site-content-layout":"","ast-site-content-layout":"","site-content-style":"default","site-sidebar-style":"default","ast-global-header-display":"","ast-banner-title-visibility":"","ast-main-header-display":"","ast-hfb-above-header-display":"","ast-hfb-below-header-display":"","ast-hfb-mobile-header-display":"","site-post-title":"","ast-breadcrumbs-content":"","ast-featured-img":"","footer-sml-layout":"","theme-transparent-header-meta":"","adv-header-id-meta":"","stick-header-meta":"","header-above-stick-meta":"","header-main-stick-meta":"","header-below-stick-meta":"","astra-migrate-meta-layouts":"default","ast-page-background-enabled":"default","ast-page-background-meta":{"desktop":{"background-color":"var(--ast-global-color-4)","background-image":"","background-repeat":"repeat","background-position":"center center","background-size":"auto","background-attachment":"scroll","background-type":"","background-media":"","overlay-type":"","overlay-color":"","overlay-opacity":"","overlay-gradient":""},"tablet":{"background-color":"","background-image":"","background-repeat":"repeat","background-position":"center center","background-size":"auto","background-attachment":"scroll","background-type":"","background-media":"","overlay-type":"","overlay-color":"","overlay-opacity":"","overlay-gradient":""},"mobile":{"background-color":"","background-image":"","background-repeat":"repeat","background-position":"center center","background-size":"auto","background-attachment":"scroll","background-type":"","background-media":"","overlay-type":"","overlay-color":"","overlay-opacity":"","overlay-gradient":""}},"ast-content-background-meta":{"desktop":{"background-color":"var(--ast-global-color-5)","background-image":"","background-repeat":"repeat","background-position":"center center","background-size":"auto","background-attachment":"scroll","background-type":"","background-media":"","overlay-type":"","overlay-color":"","overlay-opacity":"","overlay-gradient":""},"tablet":{"background-color":"var(--ast-global-color-5)","background-image":"","background-repeat":"repeat","background-position":"center center","background-size":"auto","background-attachment":"scroll","background-type":"","background-media":"","overlay-type":"","overlay-color":"","overlay-opacity":"","overlay-gradient":""},"mobile":{"background-color":"var(--ast-global-color-5)","background-image":"","background-repeat":"repeat","background-position":"center center","background-size":"auto","background-attachment":"scroll","background-type":"","background-media":"","overlay-type":"","overlay-color":"","overlay-opacity":"","overlay-gradient":""}},"footnotes":""},"class_list":["post-330","page","type-page","status-publish","hentry"],"post_mailing_queue_ids":[],"_links":{"self":[{"href":"https:\/\/agora.xtec.cat\/insserradenoet\/wp-json\/wp\/v2\/pages\/330","targetHints":{"allow":["GET"]}}],"collection":[{"href":"https:\/\/agora.xtec.cat\/insserradenoet\/wp-json\/wp\/v2\/pages"}],"about":[{"href":"https:\/\/agora.xtec.cat\/insserradenoet\/wp-json\/wp\/v2\/types\/page"}],"author":[{"embeddable":true,"href":"https:\/\/agora.xtec.cat\/insserradenoet\/wp-json\/wp\/v2\/users\/1"}],"replies":[{"embeddable":true,"href":"https:\/\/agora.xtec.cat\/insserradenoet\/wp-json\/wp\/v2\/comments?post=330"}],"version-history":[{"count":5,"href":"https:\/\/agora.xtec.cat\/insserradenoet\/wp-json\/wp\/v2\/pages\/330\/revisions"}],"predecessor-version":[{"id":20833,"href":"https:\/\/agora.xtec.cat\/insserradenoet\/wp-json\/wp\/v2\/pages\/330\/revisions\/20833"}],"wp:attachment":[{"href":"https:\/\/agora.xtec.cat\/insserradenoet\/wp-json\/wp\/v2\/media?parent=330"}],"curies":[{"name":"wp","href":"https:\/\/api.w.org\/{rel}","templated":true}]}}