{"id":27,"date":"2014-09-17T16:24:03","date_gmt":"2014-09-17T14:24:03","guid":{"rendered":"http:\/\/agora.xtec.cat\/insserradenoet\/\/?page_id=27"},"modified":"2023-02-21T18:30:04","modified_gmt":"2023-02-21T17:30:04","slug":"historia","status":"publish","type":"page","link":"https:\/\/agora.xtec.cat\/insserradenoet\/linstitut\/historia\/","title":{"rendered":"Hist\u00f2ria"},"content":{"rendered":"<p style=\"text-align: justify;\">L\u2019Institut Serra de Noet \u00e9s un centre p\u00fablic de secund\u00e0ria que va obrir les portes el 2006 amb una particular visi\u00f3 de futur: mantenir la cohesi\u00f3 social dels seus membres; i donar una acurada formaci\u00f3 a nivell human\u00edstic, cultural, ling\u00fc\u00edstic i tecnol\u00f2gic, amb l\u2019objectiu de formar persones de manera integral.<\/p>\n<p style=\"text-align: justify;\">L\u2019Institut Serra de Noet \u00e9s un centre acollidor, facilita als alumnes un creixement intel\u00b7lectual i personal, tenint en compte que l\u2019adolesc\u00e8ncia \u00e9s una etapa fonamental de la seva vida. Els alumnes aprenen els continguts propis de cada mat\u00e8ria i a valorar la import\u00e0ncia de la pertinen\u00e7a a una comunitat i a un entorn acceptant unes normes de conviv\u00e8ncia basades en el respecte, el di\u00e0leg i l\u2019esfor\u00e7 individual i col\u00b7lectiu.<\/p>\n<p style=\"text-align: justify;\">La tasca docent de l\u2019equip de professors est\u00e0 orientada a la formaci\u00f3 del nostre alumnat d\u2019una manera integral, aix\u00f2 passa per organitzar i implementar projectes que preparin els nostres alumnes per a la participaci\u00f3 activa en la vida social i cultural, d\u2019acord amb all\u00f2 que demana la societat actual.<\/p>\n<ul style=\"text-align: justify;\">\n<li>Escola 2.0 amb la versi\u00f3\u00a0un ordinador un alumne.<\/li>\n<li>Estades esportives i d\u2019immersi\u00f3 ling\u00fc\u00edstica en\u00a0angl\u00e8s.<\/li>\n<li>Tutories compartides\u00a0a tots els cursos.<\/li>\n<li>Utilitzaci\u00f3 de les\u00a0TIC\u00a0en totes les \u00e0rees.<\/li>\n<li>Treballs de s\u00edntesi amb\u00a0estades fora del centre\u00a0a tots els nivells educatius.<\/li>\n<li>Educaci\u00f3 f\u00edsica en\u00a0angl\u00e8s.<\/li>\n<li>Potenciem les\u00a0arts\u00a0i la\u00a0m\u00fasica\u00a0amb una programaci\u00f3 transversal d\u2019\u00e0rees optatives i activitats diverses.<\/li>\n<li>Promovem la mediaci\u00f3 escolar: el nostre lema \u00e9s \u201cParlem per entendre\u2019ns\u201d.<\/li>\n<li>Formem en una segona llengua estrangera, que en el nostre cas \u00e9s\u00a0l\u2019alemany.<\/li>\n<li>Duem a terme projectes internacionals<\/li>\n<li>Participem en els Projectes:\n<ul>\n<li>\u201cEmpresa Joven Europea\u201d<\/li>\n<li>Escola adopta un monument (PEAM).<\/li>\n<li>E-twining.<\/li>\n<li>Pla d\u2019impuls de la lectura (ILEC).<\/li>\n<\/ul>\n<\/li>\n<\/ul>\n<p style=\"text-align: justify;\">Durant 12 anys vam estar ubicats en unes instal\u00b7lacions provisionals al C\/del Programari Lliure, 9. Tot i aquesta ubicaci\u00f3 temporal, els alumnes van comptar amb els mitjans materials necessaris per treballar totes les mat\u00e8ries, ja sigui a l\u2019aula, al taller, al laboratori; i van gaudir de les instal\u00b7lacions esportives del Pavell\u00f3 Esportiu de Berga, aix\u00ed com d\u2019una excepcional sala d\u2019actes, el Pavell\u00f3 de Su\u00e8cia, on ens reun\u00edem tot l\u2019alumnat i el professorat per a la celebraci\u00f3 de diversos actes com les jornades d\u2019Inici de Curs, de Nadal, de Sant Jordi, de final de curs i comiat dels alumnes de 4t d\u2019ESO.<\/p>\n<p style=\"text-align: justify;\"><a href=\"https:\/\/agora.xtec.cat\/insserradenoet\/wp-content\/uploads\/usu924\/2019\/07\/edifici_vell1.png\"><img loading=\"lazy\" decoding=\"async\" class=\"wp-image-5101 alignleft\" src=\"https:\/\/agora.xtec.cat\/insserradenoet\/wp-content\/uploads\/usu924\/2019\/07\/edifici_vell1.png\" alt=\"\" width=\"346\" height=\"213\" srcset=\"https:\/\/agora.xtec.cat\/insserradenoet\/wp-content\/uploads\/usu924\/2019\/07\/edifici_vell1.png 685w, https:\/\/agora.xtec.cat\/insserradenoet\/wp-content\/uploads\/usu924\/2019\/07\/edifici_vell1-300x184.png 300w\" sizes=\"auto, (max-width: 346px) 100vw, 346px\" \/><\/a><a href=\"https:\/\/agora.xtec.cat\/insserradenoet\/wp-content\/uploads\/usu924\/2019\/07\/edifici_vell2.png.jpg\"><img loading=\"lazy\" decoding=\"async\" class=\"wp-image-5102 alignleft\" src=\"https:\/\/agora.xtec.cat\/insserradenoet\/wp-content\/uploads\/usu924\/2019\/07\/edifici_vell2.png.jpg\" alt=\"\" width=\"284\" height=\"213\" srcset=\"https:\/\/agora.xtec.cat\/insserradenoet\/wp-content\/uploads\/usu924\/2019\/07\/edifici_vell2.png.jpg 300w, https:\/\/agora.xtec.cat\/insserradenoet\/wp-content\/uploads\/usu924\/2019\/07\/edifici_vell2.png-200x150.jpg 200w\" sizes=\"auto, (max-width: 284px) 100vw, 284px\" \/><\/a><\/p>\n<p style=\"text-align: justify;\">\n<p>&nbsp;<\/p>\n<p>&nbsp;<\/p>\n<p>&nbsp;<\/p>\n<p>&nbsp;<\/p>\n<p>&nbsp;<\/p>\n<p style=\"text-align: justify;\">Finalment i despr\u00e9s de molt esperar, es va estrenar l\u2019edifici nou el dia 30 d\u2019abril de 2019. Amb molta il\u00b7lusi\u00f3 professorat i alumnat va iniciar les classes en un edifici amb amplitud, molta llum i acollidor.<\/p>\n<p style=\"text-align: justify;\">L\u2019equip d\u2019arquitectes que van construir l\u2019edifici va ser guardonat amb el Premi Catalunya Construcci\u00f3 2019 en la categoria d&#8217;Innovaci\u00f3 en la construcci\u00f3.<\/p>\n<p style=\"text-align: justify;\">El nou institut \u00e9s l&#8217;edifici p\u00fablic m\u00e9s gran que s&#8217;ha fet a Catalunya amb un sistema pioner de fusta contralaminada. L&#8217;immoble disposa d&#8217;una superf\u00edcie constru\u00efda de 3500 metres quadrats.<\/p>\n<p style=\"text-align: justify;\"><a href=\"https:\/\/agora.xtec.cat\/insserradenoet\/wp-content\/uploads\/usu924\/2019\/07\/edifici_nou1.jpg\"><img loading=\"lazy\" decoding=\"async\" class=\"alignnone wp-image-5103\" src=\"https:\/\/agora.xtec.cat\/insserradenoet\/wp-content\/uploads\/usu924\/2019\/07\/edifici_nou1.jpg\" alt=\"\" width=\"423\" height=\"234\" srcset=\"https:\/\/agora.xtec.cat\/insserradenoet\/wp-content\/uploads\/usu924\/2019\/07\/edifici_nou1.jpg 643w, https:\/\/agora.xtec.cat\/insserradenoet\/wp-content\/uploads\/usu924\/2019\/07\/edifici_nou1-300x166.jpg 300w\" sizes=\"auto, (max-width: 423px) 100vw, 423px\" \/><\/a> <a href=\"https:\/\/agora.xtec.cat\/insserradenoet\/wp-content\/uploads\/usu924\/2019\/07\/edifici_nou2.jpg\"><img loading=\"lazy\" decoding=\"async\" class=\"alignnone wp-image-5104\" src=\"https:\/\/agora.xtec.cat\/insserradenoet\/wp-content\/uploads\/usu924\/2019\/07\/edifici_nou2.jpg\" alt=\"\" width=\"429\" height=\"234\" srcset=\"https:\/\/agora.xtec.cat\/insserradenoet\/wp-content\/uploads\/usu924\/2019\/07\/edifici_nou2.jpg 657w, https:\/\/agora.xtec.cat\/insserradenoet\/wp-content\/uploads\/usu924\/2019\/07\/edifici_nou2-300x163.jpg 300w\" sizes=\"auto, (max-width: 429px) 100vw, 429px\" \/><\/a><\/p>\n<p style=\"text-align: justify;\"><a href=\"https:\/\/agora.xtec.cat\/insserradenoet\/wp-content\/uploads\/usu924\/2019\/07\/edifici_nou3.jpg\"><img loading=\"lazy\" decoding=\"async\" class=\"alignnone wp-image-5105\" src=\"https:\/\/agora.xtec.cat\/insserradenoet\/wp-content\/uploads\/usu924\/2019\/07\/edifici_nou3.jpg\" alt=\"\" width=\"462\" height=\"210\" \/><\/a> <a href=\"https:\/\/agora.xtec.cat\/insserradenoet\/wp-content\/uploads\/usu924\/2019\/07\/edifici_nou4.jpg\"><img loading=\"lazy\" decoding=\"async\" class=\"alignnone wp-image-5106\" src=\"https:\/\/agora.xtec.cat\/insserradenoet\/wp-content\/uploads\/usu924\/2019\/07\/edifici_nou4.jpg\" alt=\"\" width=\"392\" height=\"217\" srcset=\"https:\/\/agora.xtec.cat\/insserradenoet\/wp-content\/uploads\/usu924\/2019\/07\/edifici_nou4.jpg 656w, https:\/\/agora.xtec.cat\/insserradenoet\/wp-content\/uploads\/usu924\/2019\/07\/edifici_nou4-300x166.jpg 300w\" sizes=\"auto, (max-width: 392px) 100vw, 392px\" \/><\/a><\/p>\n<p style=\"text-align: justify;\">Amb aquest nou edifici s\u2019inicia una nova etapa amb la il\u00b7lusi\u00f3 i empenta de l\u2019equip de professors per ser un centre d\u2019excel\u00b7l\u00e8ncia com sempre.<\/p>\n","protected":false},"excerpt":{"rendered":"<p>L\u2019Institut Serra de Noet \u00e9s un centre p\u00fablic de secund\u00e0ria que va obrir les portes el 2006 amb una particular visi\u00f3 de futur: mantenir la cohesi\u00f3 social dels seus membres; i donar una acurada formaci\u00f3 a nivell human\u00edstic, cultural, ling\u00fc\u00edstic i tecnol\u00f2gic, amb l\u2019objectiu de formar persones de manera integral. L\u2019Institut Serra de Noet \u00e9s [&hellip;]<\/p>\n","protected":false},"author":1,"featured_media":0,"parent":19,"menu_order":2,"comment_status":"closed","ping_status":"closed","template":"page-templates\/side-menu.php","meta":{"_bbp_topic_count":0,"_bbp_reply_count":0,"_bbp_total_topic_count":0,"_bbp_total_reply_count":0,"_bbp_voice_count":0,"_bbp_anonymous_reply_count":0,"_bbp_topic_count_hidden":0,"_bbp_reply_count_hidden":0,"_bbp_forum_subforum_count":0,"site-sidebar-layout":"default","site-content-layout":"","ast-site-content-layout":"","site-content-style":"default","site-sidebar-style":"default","ast-global-header-display":"","ast-banner-title-visibility":"","ast-main-header-display":"","ast-hfb-above-header-display":"","ast-hfb-below-header-display":"","ast-hfb-mobile-header-display":"","site-post-title":"","ast-breadcrumbs-content":"","ast-featured-img":"","footer-sml-layout":"","theme-transparent-header-meta":"","adv-header-id-meta":"","stick-header-meta":"","header-above-stick-meta":"","header-main-stick-meta":"","header-below-stick-meta":"","astra-migrate-meta-layouts":"default","ast-page-background-enabled":"default","ast-page-background-meta":{"desktop":{"background-color":"var(--ast-global-color-4)","background-image":"","background-repeat":"repeat","background-position":"center center","background-size":"auto","background-attachment":"scroll","background-type":"","background-media":"","overlay-type":"","overlay-color":"","overlay-opacity":"","overlay-gradient":""},"tablet":{"background-color":"","background-image":"","background-repeat":"repeat","background-position":"center center","background-size":"auto","background-attachment":"scroll","background-type":"","background-media":"","overlay-type":"","overlay-color":"","overlay-opacity":"","overlay-gradient":""},"mobile":{"background-color":"","background-image":"","background-repeat":"repeat","background-position":"center center","background-size":"auto","background-attachment":"scroll","background-type":"","background-media":"","overlay-type":"","overlay-color":"","overlay-opacity":"","overlay-gradient":""}},"ast-content-background-meta":{"desktop":{"background-color":"var(--ast-global-color-5)","background-image":"","background-repeat":"repeat","background-position":"center center","background-size":"auto","background-attachment":"scroll","background-type":"","background-media":"","overlay-type":"","overlay-color":"","overlay-opacity":"","overlay-gradient":""},"tablet":{"background-color":"var(--ast-global-color-5)","background-image":"","background-repeat":"repeat","background-position":"center center","background-size":"auto","background-attachment":"scroll","background-type":"","background-media":"","overlay-type":"","overlay-color":"","overlay-opacity":"","overlay-gradient":""},"mobile":{"background-color":"var(--ast-global-color-5)","background-image":"","background-repeat":"repeat","background-position":"center center","background-size":"auto","background-attachment":"scroll","background-type":"","background-media":"","overlay-type":"","overlay-color":"","overlay-opacity":"","overlay-gradient":""}},"footnotes":""},"class_list":["post-27","page","type-page","status-publish","hentry"],"post_mailing_queue_ids":[],"_links":{"self":[{"href":"https:\/\/agora.xtec.cat\/insserradenoet\/wp-json\/wp\/v2\/pages\/27","targetHints":{"allow":["GET"]}}],"collection":[{"href":"https:\/\/agora.xtec.cat\/insserradenoet\/wp-json\/wp\/v2\/pages"}],"about":[{"href":"https:\/\/agora.xtec.cat\/insserradenoet\/wp-json\/wp\/v2\/types\/page"}],"author":[{"embeddable":true,"href":"https:\/\/agora.xtec.cat\/insserradenoet\/wp-json\/wp\/v2\/users\/1"}],"replies":[{"embeddable":true,"href":"https:\/\/agora.xtec.cat\/insserradenoet\/wp-json\/wp\/v2\/comments?post=27"}],"version-history":[{"count":3,"href":"https:\/\/agora.xtec.cat\/insserradenoet\/wp-json\/wp\/v2\/pages\/27\/revisions"}],"predecessor-version":[{"id":5111,"href":"https:\/\/agora.xtec.cat\/insserradenoet\/wp-json\/wp\/v2\/pages\/27\/revisions\/5111"}],"up":[{"embeddable":true,"href":"https:\/\/agora.xtec.cat\/insserradenoet\/wp-json\/wp\/v2\/pages\/19"}],"wp:attachment":[{"href":"https:\/\/agora.xtec.cat\/insserradenoet\/wp-json\/wp\/v2\/media?parent=27"}],"curies":[{"name":"wp","href":"https:\/\/api.w.org\/{rel}","templated":true}]}}