{"id":20824,"date":"2024-12-29T11:09:28","date_gmt":"2024-12-29T10:09:28","guid":{"rendered":"https:\/\/agora.xtec.cat\/insserradenoet\/?page_id=20824"},"modified":"2024-12-29T11:10:51","modified_gmt":"2024-12-29T10:10:51","slug":"centre-formador-de-practiques","status":"publish","type":"page","link":"https:\/\/agora.xtec.cat\/insserradenoet\/projectes-dinnovacio\/centre-formador-de-practiques\/","title":{"rendered":"Centre Formador de pr\u00e0ctiques"},"content":{"rendered":"<p>L&#8217;Institut Serra de Noet som centre formador.<\/p>\n<p>Els Centres Formadors s\u00f3n centres educatius p\u00fablics que acullen estudiants en pr\u00e0ctiques de graus i m\u00e0sters universitaris, promovent la professionalitzaci\u00f3 docent. S\u00f3n espais d\u2019aprenentatge i reflexi\u00f3 pedag\u00f2gica compartida, on es fomenta el treball en equip, l\u2019aprenentatge competencial i l\u2019orientaci\u00f3 tutorial. Segons l\u2019ORDRE EDU\/39\/2021, han de garantir un acompanyament que afavoreixi la reflexi\u00f3 i la millora cont\u00ednua de l\u2019estudiant. Basen la seva identitat en cinc principis: acollida i acompanyament, lideratge professional, formaci\u00f3 docent, col\u00b7laboraci\u00f3 amb universitats i avaluaci\u00f3 com a eina transformadora. Aquestes directrius defineixen el seu comprom\u00eds amb l\u2019\u00e8xit educatiu i la innovaci\u00f3 docent.<\/p>\n<p>Aqu\u00ed podeu veure la<a href=\"https:\/\/sites.google.com\/xtec.cat\/mupfsserradenoet\/p%C3%A0gina-principal\/carpeta-daprenentatge-digital?authuser=0\"> nostra p\u00e0gina web<\/a><\/p>\n<p>&nbsp;<\/p>\n<p><a href=\"https:\/\/projectes.xtec.cat\/centresformadors\/\">https:\/\/projectes.xtec.cat\/centresformadors\/<\/a><\/p>\n","protected":false},"excerpt":{"rendered":"<p>L&#8217;Institut Serra de Noet som centre formador. Els Centres Formadors s\u00f3n centres educatius p\u00fablics que acullen estudiants en pr\u00e0ctiques de graus i m\u00e0sters universitaris, promovent la professionalitzaci\u00f3 docent. S\u00f3n espais d\u2019aprenentatge i reflexi\u00f3 pedag\u00f2gica compartida, on es fomenta el treball en equip, l\u2019aprenentatge competencial i l\u2019orientaci\u00f3 tutorial. Segons l\u2019ORDRE EDU\/39\/2021, han de garantir un acompanyament [&hellip;]<\/p>\n","protected":false},"author":1,"featured_media":0,"parent":330,"menu_order":0,"comment_status":"closed","ping_status":"closed","template":"","meta":{"_bbp_topic_count":0,"_bbp_reply_count":0,"_bbp_total_topic_count":0,"_bbp_total_reply_count":0,"_bbp_voice_count":0,"_bbp_anonymous_reply_count":0,"_bbp_topic_count_hidden":0,"_bbp_reply_count_hidden":0,"_bbp_forum_subforum_count":0,"site-sidebar-layout":"default","site-content-layout":"","ast-site-content-layout":"","site-content-style":"default","site-sidebar-style":"default","ast-global-header-display":"","ast-banner-title-visibility":"","ast-main-header-display":"","ast-hfb-above-header-display":"","ast-hfb-below-header-display":"","ast-hfb-mobile-header-display":"","site-post-title":"","ast-breadcrumbs-content":"","ast-featured-img":"","footer-sml-layout":"","theme-transparent-header-meta":"","adv-header-id-meta":"","stick-header-meta":"","header-above-stick-meta":"","header-main-stick-meta":"","header-below-stick-meta":"","astra-migrate-meta-layouts":"default","ast-page-background-enabled":"default","ast-page-background-meta":{"desktop":{"background-color":"var(--ast-global-color-4)","background-image":"","background-repeat":"repeat","background-position":"center center","background-size":"auto","background-attachment":"scroll","background-type":"","background-media":"","overlay-type":"","overlay-color":"","overlay-opacity":"","overlay-gradient":""},"tablet":{"background-color":"","background-image":"","background-repeat":"repeat","background-position":"center center","background-size":"auto","background-attachment":"scroll","background-type":"","background-media":"","overlay-type":"","overlay-color":"","overlay-opacity":"","overlay-gradient":""},"mobile":{"background-color":"","background-image":"","background-repeat":"repeat","background-position":"center center","background-size":"auto","background-attachment":"scroll","background-type":"","background-media":"","overlay-type":"","overlay-color":"","overlay-opacity":"","overlay-gradient":""}},"ast-content-background-meta":{"desktop":{"background-color":"var(--ast-global-color-5)","background-image":"","background-repeat":"repeat","background-position":"center center","background-size":"auto","background-attachment":"scroll","background-type":"","background-media":"","overlay-type":"","overlay-color":"","overlay-opacity":"","overlay-gradient":""},"tablet":{"background-color":"var(--ast-global-color-5)","background-image":"","background-repeat":"repeat","background-position":"center center","background-size":"auto","background-attachment":"scroll","background-type":"","background-media":"","overlay-type":"","overlay-color":"","overlay-opacity":"","overlay-gradient":""},"mobile":{"background-color":"var(--ast-global-color-5)","background-image":"","background-repeat":"repeat","background-position":"center center","background-size":"auto","background-attachment":"scroll","background-type":"","background-media":"","overlay-type":"","overlay-color":"","overlay-opacity":"","overlay-gradient":""}},"footnotes":""},"class_list":["post-20824","page","type-page","status-publish","hentry"],"post_mailing_queue_ids":[],"_links":{"self":[{"href":"https:\/\/agora.xtec.cat\/insserradenoet\/wp-json\/wp\/v2\/pages\/20824","targetHints":{"allow":["GET"]}}],"collection":[{"href":"https:\/\/agora.xtec.cat\/insserradenoet\/wp-json\/wp\/v2\/pages"}],"about":[{"href":"https:\/\/agora.xtec.cat\/insserradenoet\/wp-json\/wp\/v2\/types\/page"}],"author":[{"embeddable":true,"href":"https:\/\/agora.xtec.cat\/insserradenoet\/wp-json\/wp\/v2\/users\/1"}],"replies":[{"embeddable":true,"href":"https:\/\/agora.xtec.cat\/insserradenoet\/wp-json\/wp\/v2\/comments?post=20824"}],"version-history":[{"count":2,"href":"https:\/\/agora.xtec.cat\/insserradenoet\/wp-json\/wp\/v2\/pages\/20824\/revisions"}],"predecessor-version":[{"id":20826,"href":"https:\/\/agora.xtec.cat\/insserradenoet\/wp-json\/wp\/v2\/pages\/20824\/revisions\/20826"}],"up":[{"embeddable":true,"href":"https:\/\/agora.xtec.cat\/insserradenoet\/wp-json\/wp\/v2\/pages\/330"}],"wp:attachment":[{"href":"https:\/\/agora.xtec.cat\/insserradenoet\/wp-json\/wp\/v2\/media?parent=20824"}],"curies":[{"name":"wp","href":"https:\/\/api.w.org\/{rel}","templated":true}]}}