{"id":20822,"date":"2024-12-29T10:41:32","date_gmt":"2024-12-29T09:41:32","guid":{"rendered":"https:\/\/agora.xtec.cat\/insserradenoet\/?page_id=20822"},"modified":"2024-12-30T23:10:20","modified_gmt":"2024-12-30T22:10:20","slug":"projecte-faig","status":"publish","type":"page","link":"https:\/\/agora.xtec.cat\/insserradenoet\/projectes-dinnovacio\/projecte-faig\/","title":{"rendered":"Projecte FAIG (Fent per aprendre imaginant globalment)"},"content":{"rendered":"<p>FAIG \u00e9s un programa experimental de suport a la innovaci\u00f3 del Departament d\u2019Educaci\u00f3 de Catalunya promogut per la Direcci\u00f3 General d\u2019Innovaci\u00f3, Digitalitzaci\u00f3 i Curr\u00edculum.<\/p>\n<p>Des del curs 2023-24, a l&#8217;INS Serra de Noet participem en el Programa d&#8217;Innovaci\u00f3 Pedag\u00f2gica FAIG, una oportunitat per crear entorns d&#8217;aprenentatge amb sentit, on l&#8217;alumnat \u00e9s al centre del proc\u00e9s, escoltant-ne la veu per contribuir a la creaci\u00f3 d\u2019un m\u00f3n millor per viure i conviure.<\/p>\n<p>El repte del projecte \u00e9s promoure un proc\u00e9s d&#8217;innovaci\u00f3 pedag\u00f2gica en les pr\u00e0ctiques d&#8217;aprenentatge, que tingui un impacte positiu en els coneixements, les habilitats i les compet\u00e8ncies de l&#8217;alumnat, la comunitat docent i el seu entorn immediat.<\/p>\n<p>Un equip impulsor format per quatre professores del centre s&#8217;est\u00e0 formant per tal de transformar els projectes de centre en projectes FAIG. A m\u00e9s, estan rebent formaci\u00f3 sobre com utilitzar la maquin\u00e0ria amb la qual s\u2019ha dotat el centre, per aconseguir un millor acabat en els productes dels projectes. Aquesta maquin\u00e0ria inclou:<\/p>\n<ul>\n<li>2 impressores 3D<\/li>\n<li>1 talladora-gravadora l\u00e0ser<\/li>\n<li>1 pl\u00f2ter de tall<\/li>\n<li>1 brodadora digital<\/li>\n<li>1 esc\u00e0ner 3D<\/li>\n<li>2 bol\u00edgrafs 3D<\/li>\n<li>3 ordinadors amb el programari necessari per utilitzar la maquin\u00e0ria<\/li>\n<li>1 kit de rob\u00f2tica, font d&#8217;alimentaci\u00f3, mult\u00edmetre, etc.<\/li>\n<\/ul>\n","protected":false},"excerpt":{"rendered":"<p>FAIG \u00e9s un programa experimental de suport a la innovaci\u00f3 del Departament d\u2019Educaci\u00f3 de Catalunya promogut per la Direcci\u00f3 General d\u2019Innovaci\u00f3, Digitalitzaci\u00f3 i Curr\u00edculum. Des del curs 2023-24, a l&#8217;INS Serra de Noet participem en el Programa d&#8217;Innovaci\u00f3 Pedag\u00f2gica FAIG, una oportunitat per crear entorns d&#8217;aprenentatge amb sentit, on l&#8217;alumnat \u00e9s al centre del proc\u00e9s, [&hellip;]<\/p>\n","protected":false},"author":1,"featured_media":0,"parent":330,"menu_order":0,"comment_status":"closed","ping_status":"closed","template":"page-templates\/side-menu.php","meta":{"_bbp_topic_count":0,"_bbp_reply_count":0,"_bbp_total_topic_count":0,"_bbp_total_reply_count":0,"_bbp_voice_count":0,"_bbp_anonymous_reply_count":0,"_bbp_topic_count_hidden":0,"_bbp_reply_count_hidden":0,"_bbp_forum_subforum_count":0,"site-sidebar-layout":"default","site-content-layout":"","ast-site-content-layout":"","site-content-style":"default","site-sidebar-style":"default","ast-global-header-display":"","ast-banner-title-visibility":"","ast-main-header-display":"","ast-hfb-above-header-display":"","ast-hfb-below-header-display":"","ast-hfb-mobile-header-display":"","site-post-title":"","ast-breadcrumbs-content":"","ast-featured-img":"","footer-sml-layout":"","theme-transparent-header-meta":"","adv-header-id-meta":"","stick-header-meta":"","header-above-stick-meta":"","header-main-stick-meta":"","header-below-stick-meta":"","astra-migrate-meta-layouts":"default","ast-page-background-enabled":"default","ast-page-background-meta":{"desktop":{"background-color":"var(--ast-global-color-4)","background-image":"","background-repeat":"repeat","background-position":"center center","background-size":"auto","background-attachment":"scroll","background-type":"","background-media":"","overlay-type":"","overlay-color":"","overlay-opacity":"","overlay-gradient":""},"tablet":{"background-color":"","background-image":"","background-repeat":"repeat","background-position":"center center","background-size":"auto","background-attachment":"scroll","background-type":"","background-media":"","overlay-type":"","overlay-color":"","overlay-opacity":"","overlay-gradient":""},"mobile":{"background-color":"","background-image":"","background-repeat":"repeat","background-position":"center center","background-size":"auto","background-attachment":"scroll","background-type":"","background-media":"","overlay-type":"","overlay-color":"","overlay-opacity":"","overlay-gradient":""}},"ast-content-background-meta":{"desktop":{"background-color":"var(--ast-global-color-5)","background-image":"","background-repeat":"repeat","background-position":"center center","background-size":"auto","background-attachment":"scroll","background-type":"","background-media":"","overlay-type":"","overlay-color":"","overlay-opacity":"","overlay-gradient":""},"tablet":{"background-color":"var(--ast-global-color-5)","background-image":"","background-repeat":"repeat","background-position":"center center","background-size":"auto","background-attachment":"scroll","background-type":"","background-media":"","overlay-type":"","overlay-color":"","overlay-opacity":"","overlay-gradient":""},"mobile":{"background-color":"var(--ast-global-color-5)","background-image":"","background-repeat":"repeat","background-position":"center center","background-size":"auto","background-attachment":"scroll","background-type":"","background-media":"","overlay-type":"","overlay-color":"","overlay-opacity":"","overlay-gradient":""}},"footnotes":""},"class_list":["post-20822","page","type-page","status-publish","hentry"],"post_mailing_queue_ids":[],"_links":{"self":[{"href":"https:\/\/agora.xtec.cat\/insserradenoet\/wp-json\/wp\/v2\/pages\/20822","targetHints":{"allow":["GET"]}}],"collection":[{"href":"https:\/\/agora.xtec.cat\/insserradenoet\/wp-json\/wp\/v2\/pages"}],"about":[{"href":"https:\/\/agora.xtec.cat\/insserradenoet\/wp-json\/wp\/v2\/types\/page"}],"author":[{"embeddable":true,"href":"https:\/\/agora.xtec.cat\/insserradenoet\/wp-json\/wp\/v2\/users\/1"}],"replies":[{"embeddable":true,"href":"https:\/\/agora.xtec.cat\/insserradenoet\/wp-json\/wp\/v2\/comments?post=20822"}],"version-history":[{"count":2,"href":"https:\/\/agora.xtec.cat\/insserradenoet\/wp-json\/wp\/v2\/pages\/20822\/revisions"}],"predecessor-version":[{"id":20866,"href":"https:\/\/agora.xtec.cat\/insserradenoet\/wp-json\/wp\/v2\/pages\/20822\/revisions\/20866"}],"up":[{"embeddable":true,"href":"https:\/\/agora.xtec.cat\/insserradenoet\/wp-json\/wp\/v2\/pages\/330"}],"wp:attachment":[{"href":"https:\/\/agora.xtec.cat\/insserradenoet\/wp-json\/wp\/v2\/media?parent=20822"}],"curies":[{"name":"wp","href":"https:\/\/api.w.org\/{rel}","templated":true}]}}