{"id":19850,"date":"2023-02-21T23:09:29","date_gmt":"2023-02-21T22:09:29","guid":{"rendered":"https:\/\/agora.xtec.cat\/insserradenoet\/?page_id=19850"},"modified":"2026-01-22T20:53:53","modified_gmt":"2026-01-22T19:53:53","slug":"recerca-creacio-i-servei-rcs","status":"publish","type":"page","link":"https:\/\/agora.xtec.cat\/insserradenoet\/projectes-dinnovacio\/recerca-creacio-i-servei-rcs\/","title":{"rendered":"Recerca, Creaci\u00f3 i Servei (RCS)"},"content":{"rendered":"<p>El Programa d&#8217;Innovaci\u00f3 Pedag\u00f2gica de Recerca, Creaci\u00f3 i Servei (RCS) est\u00e0 dirigit pel Departament d&#8217;Educaci\u00f3 i en formem part des de la primera edici\u00f3, curs 2021-22.<\/p>\n<p>Aquest programa fomenta els aprenentatges competencials a partir de reptes que proposen entitats de l&#8217;entorn, el primer curs el Departament va formar als docents i va facilitar 9 projectes fets, al segon curs, ha facilitat 6 projectes fets i al tercer, ens facilitar\u00e0 3 projectes. En el cas del nostre centre, el realitzem a 3r d&#8217;ESO, i hi dediquem quatre hores setmanals.<br \/>\nCada projecte s&#8217;estructura a partir d&#8217;una presentaci\u00f3, dels assessoraments dels experts, de les trobades amb l&#8217;entitat i d&#8217;una cloenda. Cada trimestre es proposen 3 projectes, un de cada \u00e0mbit (ling\u00fc\u00edstic-comunicatiu, expressi\u00f3-social i cient\u00edfic-tecnol\u00f2gic), per tant, l&#8217;alumnat pot triar el seu itinerari personal.<br \/>\nA m\u00e9s, es fa treball en xarxa amb entitats socials, culturals i altres, procedents de l&#8217;entorn dels centres educatius, com associacions de ve\u00efns i ve\u00efnes, museus, ONG&#8230;, es comuniquen els resultats, es resol el repte i es fa difusi\u00f3 d&#8217;all\u00f2 que es crea o produeix en una cloenda.<br \/>\nLes\u00a0 finalitats d&#8217;aquest programa s\u00f3n:<br \/>\n&#8211; Aprenentatge al llarg de la vida (Aprenentatge autoregulat, pensament cr\u00edtic i creatiu, resoluci\u00f3 de problemes).<br \/>\n&#8211;\u00a0Autogesti\u00f3 (Autoconeixement i autoestima, benestar emocional, iniciativa personal\u00a0i emprenedoria).<br \/>\n&#8211; \u00das interactiu de diversitat d&#8217;instruments i recursos (Gesti\u00f3 i comunicaci\u00f3 de la informaci\u00f3, compet\u00e8ncies tecnol\u00f2giques i digitals).<br \/>\n&#8211; Interacci\u00f3 amb altres (Treball en equip , col\u00b7laboraci\u00f3).<br \/>\n&#8211;\u00a0Interacci\u00f3 amb el m\u00f3n (Ciutadania i conviv\u00e8ncia democr\u00e0tica, Consci\u00e8ncia global i sostenibilitat).<br \/>\n&#8211; Transdisciplinarietat (Interrelaci\u00f3 de sabers en problemes complexos).<\/p>\n","protected":false},"excerpt":{"rendered":"<p>El Programa d&#8217;Innovaci\u00f3 Pedag\u00f2gica de Recerca, Creaci\u00f3 i Servei (RCS) est\u00e0 dirigit pel Departament d&#8217;Educaci\u00f3 i en formem part des de la primera edici\u00f3, curs 2021-22. Aquest programa fomenta els aprenentatges competencials a partir de reptes que proposen entitats de l&#8217;entorn, el primer curs el Departament va formar als docents i va facilitar 9 projectes [&hellip;]<\/p>\n","protected":false},"author":1,"featured_media":0,"parent":330,"menu_order":-1,"comment_status":"closed","ping_status":"closed","template":"","meta":{"_bbp_topic_count":0,"_bbp_reply_count":0,"_bbp_total_topic_count":0,"_bbp_total_reply_count":0,"_bbp_voice_count":0,"_bbp_anonymous_reply_count":0,"_bbp_topic_count_hidden":0,"_bbp_reply_count_hidden":0,"_bbp_forum_subforum_count":0,"site-sidebar-layout":"default","site-content-layout":"","ast-site-content-layout":"default","site-content-style":"default","site-sidebar-style":"default","ast-global-header-display":"","ast-banner-title-visibility":"","ast-main-header-display":"","ast-hfb-above-header-display":"","ast-hfb-below-header-display":"","ast-hfb-mobile-header-display":"","site-post-title":"","ast-breadcrumbs-content":"","ast-featured-img":"","footer-sml-layout":"","theme-transparent-header-meta":"","adv-header-id-meta":"","stick-header-meta":"","header-above-stick-meta":"","header-main-stick-meta":"","header-below-stick-meta":"","astra-migrate-meta-layouts":"set","ast-page-background-enabled":"default","ast-page-background-meta":{"desktop":{"background-color":"var(--ast-global-color-4)","background-image":"","background-repeat":"repeat","background-position":"center center","background-size":"auto","background-attachment":"scroll","background-type":"","background-media":"","overlay-type":"","overlay-color":"","overlay-opacity":"","overlay-gradient":""},"tablet":{"background-color":"","background-image":"","background-repeat":"repeat","background-position":"center center","background-size":"auto","background-attachment":"scroll","background-type":"","background-media":"","overlay-type":"","overlay-color":"","overlay-opacity":"","overlay-gradient":""},"mobile":{"background-color":"","background-image":"","background-repeat":"repeat","background-position":"center center","background-size":"auto","background-attachment":"scroll","background-type":"","background-media":"","overlay-type":"","overlay-color":"","overlay-opacity":"","overlay-gradient":""}},"ast-content-background-meta":{"desktop":{"background-color":"var(--ast-global-color-5)","background-image":"","background-repeat":"repeat","background-position":"center center","background-size":"auto","background-attachment":"scroll","background-type":"","background-media":"","overlay-type":"","overlay-color":"","overlay-opacity":"","overlay-gradient":""},"tablet":{"background-color":"var(--ast-global-color-5)","background-image":"","background-repeat":"repeat","background-position":"center center","background-size":"auto","background-attachment":"scroll","background-type":"","background-media":"","overlay-type":"","overlay-color":"","overlay-opacity":"","overlay-gradient":""},"mobile":{"background-color":"var(--ast-global-color-5)","background-image":"","background-repeat":"repeat","background-position":"center center","background-size":"auto","background-attachment":"scroll","background-type":"","background-media":"","overlay-type":"","overlay-color":"","overlay-opacity":"","overlay-gradient":""}},"footnotes":""},"class_list":["post-19850","page","type-page","status-publish","hentry"],"post_mailing_queue_ids":[],"_links":{"self":[{"href":"https:\/\/agora.xtec.cat\/insserradenoet\/wp-json\/wp\/v2\/pages\/19850","targetHints":{"allow":["GET"]}}],"collection":[{"href":"https:\/\/agora.xtec.cat\/insserradenoet\/wp-json\/wp\/v2\/pages"}],"about":[{"href":"https:\/\/agora.xtec.cat\/insserradenoet\/wp-json\/wp\/v2\/types\/page"}],"author":[{"embeddable":true,"href":"https:\/\/agora.xtec.cat\/insserradenoet\/wp-json\/wp\/v2\/users\/1"}],"replies":[{"embeddable":true,"href":"https:\/\/agora.xtec.cat\/insserradenoet\/wp-json\/wp\/v2\/comments?post=19850"}],"version-history":[{"count":3,"href":"https:\/\/agora.xtec.cat\/insserradenoet\/wp-json\/wp\/v2\/pages\/19850\/revisions"}],"predecessor-version":[{"id":21624,"href":"https:\/\/agora.xtec.cat\/insserradenoet\/wp-json\/wp\/v2\/pages\/19850\/revisions\/21624"}],"up":[{"embeddable":true,"href":"https:\/\/agora.xtec.cat\/insserradenoet\/wp-json\/wp\/v2\/pages\/330"}],"wp:attachment":[{"href":"https:\/\/agora.xtec.cat\/insserradenoet\/wp-json\/wp\/v2\/media?parent=19850"}],"curies":[{"name":"wp","href":"https:\/\/api.w.org\/{rel}","templated":true}]}}