{"id":19,"date":"2014-09-17T14:56:56","date_gmt":"2014-09-17T13:56:56","guid":{"rendered":"http:\/\/agora.xtec.cat\/insserradenoet\/\/?page_id=19"},"modified":"2023-02-21T20:25:35","modified_gmt":"2023-02-21T19:25:35","slug":"linstitut","status":"publish","type":"page","link":"https:\/\/agora.xtec.cat\/insserradenoet\/linstitut\/","title":{"rendered":"L&#8217;Institut"},"content":{"rendered":"<p style=\"margin: 0cm 0cm 15pt; text-align: justify;\"><span style=\"font-family: 'Helvetica','sans-serif'; color: #222222;\">Benvinguts al web de l&#8217;Institut Serra de Noet de Berga.<\/span><\/p>\n<p style=\"box-sizing: border-box; text-rendering: optimizeLegibility; orphans: auto; widows: auto; -webkit-text-stroke-width: 0px; word-spacing: 0px; margin: 0cm 0cm 15pt; text-align: justify;\"><span style=\"font-family: 'Helvetica','sans-serif'; color: #222222;\">El nostre Institut des dels seus inicis al 2006 s&#8217;ha anat consolidant com un centre educatiu de refer\u00e8ncia,\u00a0que ha incorporat els actuals models pedag\u00f2gics i did\u00e0ctics per a un aprenentatge integral de l&#8217;alumnat, \u00a0i potencia les noves tecnologies que demanda la societat.<\/span><\/p>\n<p style=\"box-sizing: border-box; text-rendering: optimizeLegibility; orphans: auto; widows: auto; -webkit-text-stroke-width: 0px; word-spacing: 0px; margin: 0cm 0cm 15pt; text-align: justify;\"><span style=\"font-family: 'Helvetica','sans-serif'; color: #222222;\">El Projecte Educatiu recull els trets d&#8217;identitat i el comprom\u00eds educatiu per a formar persones aut\u00f2nomes i competents, que puguin integrar-se, amb efic\u00e0cia i de la manera m\u00e9s completa possible a la societat.\u00a0<\/span><\/p>\n<p style=\"box-sizing: border-box; text-rendering: optimizeLegibility; orphans: auto; widows: auto; -webkit-text-stroke-width: 0px; word-spacing: 0px; margin: 0cm 0cm 15pt; text-align: justify;\"><span style=\"font-family: 'Helvetica','sans-serif'; color: #222222;\">L\u2019equip de professionals que integra<span class=\"apple-converted-space\">\u00a0<\/span><strong style=\"box-sizing: border-box; line-height: inherit;\"><span style=\"font-family: 'Helvetica','sans-serif';\">el claustre<\/span><\/strong><span class=\"apple-converted-space\">\u00a0<\/span>en la seva traject\u00f2ria al centre<span class=\"apple-converted-space\">\u00a0<\/span><strong style=\"box-sizing: border-box; line-height: inherit;\"><span style=\"font-family: 'Helvetica','sans-serif';\">ha demostrat la seva professionalitat, i rigorositat en la tasca docent:<\/span><\/strong><\/span><\/p>\n<p style=\"box-sizing: border-box; text-rendering: optimizeLegibility; orphans: auto; widows: auto; -webkit-text-stroke-width: 0px; word-spacing: 0px; margin: 0cm 0cm 15pt; text-align: justify;\"><span style=\"font-family: 'Helvetica','sans-serif'; color: #222222;\">&#8211;<\/span><strong style=\"box-sizing: border-box; line-height: inherit;\"><span style=\"font-family: 'Helvetica','sans-serif'; color: #222222;\">\u00a0<\/span><\/strong><span style=\"font-family: 'Helvetica','sans-serif'; color: #222222;\">Adaptant-se als canvis normatius pel desplegament del curr\u00edculum per Compet\u00e8ncies i la incorporaci\u00f3 de les Noves Tecnologies.\u00a0<\/span><\/p>\n<p style=\"box-sizing: border-box; text-rendering: optimizeLegibility; orphans: auto; widows: auto; -webkit-text-stroke-width: 0px; word-spacing: 0px; margin: 0cm 0cm 15pt; text-align: justify;\"><span style=\"font-family: 'Helvetica','sans-serif'; color: #222222;\">&#8211; Fomentant una actitud de seriositat i rigor davant dels aprenentatges ha afavorit un<span class=\"apple-converted-space\">\u00a0<\/span><strong style=\"box-sizing: border-box; line-height: inherit;\"><span style=\"font-family: 'Helvetica','sans-serif';\">alt rendiment acad\u00e8mic<\/span><\/strong><span class=\"apple-converted-space\">\u00a0<\/span>de l&#8217;alumnat, a partir de reptes o projectes per a potenciar les altes capacitats, la incorporaci\u00f3 de l&#8217;angl\u00e8s com a llengua d&#8217;aprenentatge en algunes mat\u00e8ries, etc. \u00a0<\/span><\/p>\n<p style=\"box-sizing: border-box; text-rendering: optimizeLegibility; orphans: auto; widows: auto; -webkit-text-stroke-width: 0px; word-spacing: 0px; margin: 0cm 0cm 15pt; text-align: justify;\"><span style=\"font-family: 'Helvetica','sans-serif'; color: #222222;\">&#8211;\u00a0Establint una col\u00b7laboraci\u00f3 constant amb les fam\u00edlies per tal de contribuir a una millor consecuci\u00f3 dels objectius educatius.<\/span><\/p>\n<p style=\"box-sizing: border-box; text-rendering: optimizeLegibility; orphans: auto; widows: auto; -webkit-text-stroke-width: 0px; word-spacing: 0px; margin: 0cm 0cm 15pt; text-align: justify;\"><span style=\"font-family: 'Helvetica','sans-serif'; color: #222222;\">&#8211; Mantenint\u00a0<\/span><span style=\"color: #000000;\"><span style=\"font-family: 'Helvetica','sans-serif'; color: black;\">un tracte hum\u00e0 directe, personalitzat \u00a0amb l\u2019anhel que els nostres alumnes creixin com a persones, cercant la millora cont\u00ednua.<\/span><\/span><\/p>\n<p style=\"box-sizing: border-box; text-rendering: optimizeLegibility; orphans: auto; widows: auto; -webkit-text-stroke-width: 0px; word-spacing: 0px; margin: 0cm 0cm 15pt; text-align: justify;\"><span style=\"font-family: 'Helvetica','sans-serif'; color: #222222;\">Per aix\u00f2 el professorat del centre ens considerem<strong> EDUCADORS,<\/strong> i valors com el respecte, el di\u00e0leg, la toler\u00e0ncia, l&#8217;autonomia personal, l&#8217;autosuperaci\u00f3 ens identifiquen m\u00e9s enll\u00e0 de simplement \u00a0transmetre coneixements.<\/span><\/p>\n<p style=\"box-sizing: border-box; text-rendering: optimizeLegibility; orphans: auto; widows: auto; -webkit-text-stroke-width: 0px; word-spacing: 0px; margin: 0cm 0cm 15pt; text-align: justify;\">Treballem en projectes que permeten donar coher\u00e8ncia a la pr\u00e0ctica docent, com &#8220;Recerca, Creaci\u00f3 i Servei&#8221;, &#8220;Vivim Aventures&#8221;, &#8220;Parlem per entendre&#8217;ns&#8221;, &#8220;Skamot Noet&#8221;, etc.<\/p>\n<p style=\"box-sizing: border-box; text-rendering: optimizeLegibility; orphans: auto; widows: auto; -webkit-text-stroke-width: 0px; word-spacing: 0px; margin: 0cm 0cm 15pt; text-align: justify;\"><em style=\"box-sizing: border-box; line-height: inherit;\"><span style=\"font-family: 'Helvetica','sans-serif'; color: #222222;\">US CONVIDEM A CON\u00c8IXER EL NOSTRE CENTRE. HI SEREU MOLT BENVINGUTS!!!<\/span><\/em><\/p>\n","protected":false},"excerpt":{"rendered":"<p>Benvinguts al web de l&#8217;Institut Serra de Noet de Berga. El nostre Institut des dels seus inicis al 2006 s&#8217;ha anat consolidant com un centre educatiu de refer\u00e8ncia,\u00a0que ha incorporat els actuals models pedag\u00f2gics i did\u00e0ctics per a un aprenentatge integral de l&#8217;alumnat, \u00a0i potencia les noves tecnologies que demanda la societat. El Projecte Educatiu [&hellip;]<\/p>\n","protected":false},"author":1,"featured_media":0,"parent":0,"menu_order":0,"comment_status":"closed","ping_status":"closed","template":"page-templates\/side-menu.php","meta":{"_bbp_topic_count":0,"_bbp_reply_count":0,"_bbp_total_topic_count":0,"_bbp_total_reply_count":0,"_bbp_voice_count":0,"_bbp_anonymous_reply_count":0,"_bbp_topic_count_hidden":0,"_bbp_reply_count_hidden":0,"_bbp_forum_subforum_count":0,"site-sidebar-layout":"default","site-content-layout":"","ast-site-content-layout":"","site-content-style":"default","site-sidebar-style":"default","ast-global-header-display":"","ast-banner-title-visibility":"","ast-main-header-display":"","ast-hfb-above-header-display":"","ast-hfb-below-header-display":"","ast-hfb-mobile-header-display":"","site-post-title":"","ast-breadcrumbs-content":"","ast-featured-img":"","footer-sml-layout":"","theme-transparent-header-meta":"","adv-header-id-meta":"","stick-header-meta":"","header-above-stick-meta":"","header-main-stick-meta":"","header-below-stick-meta":"","astra-migrate-meta-layouts":"default","ast-page-background-enabled":"default","ast-page-background-meta":{"desktop":{"background-color":"var(--ast-global-color-4)","background-image":"","background-repeat":"repeat","background-position":"center center","background-size":"auto","background-attachment":"scroll","background-type":"","background-media":"","overlay-type":"","overlay-color":"","overlay-opacity":"","overlay-gradient":""},"tablet":{"background-color":"","background-image":"","background-repeat":"repeat","background-position":"center center","background-size":"auto","background-attachment":"scroll","background-type":"","background-media":"","overlay-type":"","overlay-color":"","overlay-opacity":"","overlay-gradient":""},"mobile":{"background-color":"","background-image":"","background-repeat":"repeat","background-position":"center center","background-size":"auto","background-attachment":"scroll","background-type":"","background-media":"","overlay-type":"","overlay-color":"","overlay-opacity":"","overlay-gradient":""}},"ast-content-background-meta":{"desktop":{"background-color":"var(--ast-global-color-5)","background-image":"","background-repeat":"repeat","background-position":"center center","background-size":"auto","background-attachment":"scroll","background-type":"","background-media":"","overlay-type":"","overlay-color":"","overlay-opacity":"","overlay-gradient":""},"tablet":{"background-color":"var(--ast-global-color-5)","background-image":"","background-repeat":"repeat","background-position":"center center","background-size":"auto","background-attachment":"scroll","background-type":"","background-media":"","overlay-type":"","overlay-color":"","overlay-opacity":"","overlay-gradient":""},"mobile":{"background-color":"var(--ast-global-color-5)","background-image":"","background-repeat":"repeat","background-position":"center center","background-size":"auto","background-attachment":"scroll","background-type":"","background-media":"","overlay-type":"","overlay-color":"","overlay-opacity":"","overlay-gradient":""}},"footnotes":""},"class_list":["post-19","page","type-page","status-publish","hentry"],"post_mailing_queue_ids":[],"_links":{"self":[{"href":"https:\/\/agora.xtec.cat\/insserradenoet\/wp-json\/wp\/v2\/pages\/19","targetHints":{"allow":["GET"]}}],"collection":[{"href":"https:\/\/agora.xtec.cat\/insserradenoet\/wp-json\/wp\/v2\/pages"}],"about":[{"href":"https:\/\/agora.xtec.cat\/insserradenoet\/wp-json\/wp\/v2\/types\/page"}],"author":[{"embeddable":true,"href":"https:\/\/agora.xtec.cat\/insserradenoet\/wp-json\/wp\/v2\/users\/1"}],"replies":[{"embeddable":true,"href":"https:\/\/agora.xtec.cat\/insserradenoet\/wp-json\/wp\/v2\/comments?post=19"}],"version-history":[{"count":4,"href":"https:\/\/agora.xtec.cat\/insserradenoet\/wp-json\/wp\/v2\/pages\/19\/revisions"}],"predecessor-version":[{"id":19830,"href":"https:\/\/agora.xtec.cat\/insserradenoet\/wp-json\/wp\/v2\/pages\/19\/revisions\/19830"}],"wp:attachment":[{"href":"https:\/\/agora.xtec.cat\/insserradenoet\/wp-json\/wp\/v2\/media?parent=19"}],"curies":[{"name":"wp","href":"https:\/\/api.w.org\/{rel}","templated":true}]}}