{"id":1503,"date":"2015-10-24T06:56:46","date_gmt":"2015-10-24T05:56:46","guid":{"rendered":"http:\/\/agora.xtec.cat\/insserradenoet\/?page_id=1503"},"modified":"2025-09-03T08:51:48","modified_gmt":"2025-09-03T06:51:48","slug":"ampa","status":"publish","type":"page","link":"https:\/\/agora.xtec.cat\/insserradenoet\/ampa\/","title":{"rendered":"AFA"},"content":{"rendered":"<p style=\"text-align: justify;\">L&#8217;AFA, l&#8217;associaci\u00f3 de fam\u00edlies d&#8217;alumnes, t\u00e9 com a objectiu principal treballar per a la millora del centre i de l&#8217;educaci\u00f3.<\/p>\n<ul style=\"text-align: justify;\">\n<li>Participa de forma oberta i activa en la vida del centre per dinamitzar la seva\u00a0activitat i per promoure projectes complementaris a l&#8217;estudi.<\/li>\n<li>T\u00e9 vocaci\u00f3 d&#8217;aportar i de col\u00b7laborar amb la direcci\u00f3 i l&#8217;equip docent del\u00a0centre amb qui actua com a interlocutor per tractar temes que afecten tot el\u00a0col\u00b7lectiu de fam\u00edlies.<\/li>\n<li>Fomenta el treball en xarxa amb d&#8217;altres agents educatius i facilita la prestaci\u00f3\u00a0de serveis i activitats fora de l&#8217;horari lectiu.<\/li>\n<\/ul>\n<p style=\"text-align: justify;\">Des de la participaci\u00f3 volunt\u00e0ria, els pares i mares es responsabilitzen de desenvolupar\u00a0projectes i accions pel b\u00e9 de l&#8217;educaci\u00f3. Els Centres Educatius amb AMPA\u00a0cohesionada i activa obtenen un major \u00e8xit escolar entre el seu alumnat, per aix\u00f2 us\u00a0encoratgem a formar-ne part activa.<\/p>\n<p>Ferran Bustamante Sol\u00e0 &#8211; presidenta<\/p>\n<p>Sandra Esteban Canal &#8211; secret\u00e0ria<\/p>\n<p>Anna Capdevila Vilalta &#8211; secret\u00e0ria<\/p>\n<p>Maria Ripoll Roca &#8211; consell escolar<\/p>\n<p>Neus Sol\u00e9 Canal &#8211; xarxes socials<\/p>\n<p>Ester Subirana &#8211; xarxes socials<\/p>\n<p>Anna Perarnau Viladomat &#8211; tresoreria<\/p>\n<p>Albert Borrelas &#8211; tresoreria<\/p>\n<p style=\"text-align: justify;\">Contacte:\u00a0<a href=\"mailto:ampasiserradenoet@gmail.com\" target=\"_blank\" rel=\"noopener noreferrer\">ampasiserradenoet<span class=\"\">@gmail.com<\/span><\/a> \/ <a href=\"afa@serradenoet.cat\">afa@serradenoet.cat<\/a><\/p>\n","protected":false},"excerpt":{"rendered":"<p>L&#8217;AFA, l&#8217;associaci\u00f3 de fam\u00edlies d&#8217;alumnes, t\u00e9 com a objectiu principal treballar per a la millora del centre i de l&#8217;educaci\u00f3. Participa de forma oberta i activa en la vida del centre per dinamitzar la seva\u00a0activitat i per promoure projectes complementaris a l&#8217;estudi. T\u00e9 vocaci\u00f3 d&#8217;aportar i de col\u00b7laborar amb la direcci\u00f3 i l&#8217;equip docent del\u00a0centre [&hellip;]<\/p>\n","protected":false},"author":1,"featured_media":0,"parent":0,"menu_order":0,"comment_status":"closed","ping_status":"closed","template":"page-templates\/side-menu.php","meta":{"_bbp_topic_count":0,"_bbp_reply_count":0,"_bbp_total_topic_count":0,"_bbp_total_reply_count":0,"_bbp_voice_count":0,"_bbp_anonymous_reply_count":0,"_bbp_topic_count_hidden":0,"_bbp_reply_count_hidden":0,"_bbp_forum_subforum_count":0,"site-sidebar-layout":"default","site-content-layout":"","ast-site-content-layout":"","site-content-style":"default","site-sidebar-style":"default","ast-global-header-display":"","ast-banner-title-visibility":"","ast-main-header-display":"","ast-hfb-above-header-display":"","ast-hfb-below-header-display":"","ast-hfb-mobile-header-display":"","site-post-title":"","ast-breadcrumbs-content":"","ast-featured-img":"","footer-sml-layout":"","theme-transparent-header-meta":"","adv-header-id-meta":"","stick-header-meta":"","header-above-stick-meta":"","header-main-stick-meta":"","header-below-stick-meta":"","astra-migrate-meta-layouts":"default","ast-page-background-enabled":"default","ast-page-background-meta":{"desktop":{"background-color":"var(--ast-global-color-4)","background-image":"","background-repeat":"repeat","background-position":"center center","background-size":"auto","background-attachment":"scroll","background-type":"","background-media":"","overlay-type":"","overlay-color":"","overlay-opacity":"","overlay-gradient":""},"tablet":{"background-color":"","background-image":"","background-repeat":"repeat","background-position":"center center","background-size":"auto","background-attachment":"scroll","background-type":"","background-media":"","overlay-type":"","overlay-color":"","overlay-opacity":"","overlay-gradient":""},"mobile":{"background-color":"","background-image":"","background-repeat":"repeat","background-position":"center center","background-size":"auto","background-attachment":"scroll","background-type":"","background-media":"","overlay-type":"","overlay-color":"","overlay-opacity":"","overlay-gradient":""}},"ast-content-background-meta":{"desktop":{"background-color":"var(--ast-global-color-5)","background-image":"","background-repeat":"repeat","background-position":"center center","background-size":"auto","background-attachment":"scroll","background-type":"","background-media":"","overlay-type":"","overlay-color":"","overlay-opacity":"","overlay-gradient":""},"tablet":{"background-color":"var(--ast-global-color-5)","background-image":"","background-repeat":"repeat","background-position":"center center","background-size":"auto","background-attachment":"scroll","background-type":"","background-media":"","overlay-type":"","overlay-color":"","overlay-opacity":"","overlay-gradient":""},"mobile":{"background-color":"var(--ast-global-color-5)","background-image":"","background-repeat":"repeat","background-position":"center center","background-size":"auto","background-attachment":"scroll","background-type":"","background-media":"","overlay-type":"","overlay-color":"","overlay-opacity":"","overlay-gradient":""}},"footnotes":""},"class_list":["post-1503","page","type-page","status-publish","hentry"],"post_mailing_queue_ids":[],"_links":{"self":[{"href":"https:\/\/agora.xtec.cat\/insserradenoet\/wp-json\/wp\/v2\/pages\/1503","targetHints":{"allow":["GET"]}}],"collection":[{"href":"https:\/\/agora.xtec.cat\/insserradenoet\/wp-json\/wp\/v2\/pages"}],"about":[{"href":"https:\/\/agora.xtec.cat\/insserradenoet\/wp-json\/wp\/v2\/types\/page"}],"author":[{"embeddable":true,"href":"https:\/\/agora.xtec.cat\/insserradenoet\/wp-json\/wp\/v2\/users\/1"}],"replies":[{"embeddable":true,"href":"https:\/\/agora.xtec.cat\/insserradenoet\/wp-json\/wp\/v2\/comments?post=1503"}],"version-history":[{"count":6,"href":"https:\/\/agora.xtec.cat\/insserradenoet\/wp-json\/wp\/v2\/pages\/1503\/revisions"}],"predecessor-version":[{"id":21359,"href":"https:\/\/agora.xtec.cat\/insserradenoet\/wp-json\/wp\/v2\/pages\/1503\/revisions\/21359"}],"wp:attachment":[{"href":"https:\/\/agora.xtec.cat\/insserradenoet\/wp-json\/wp\/v2\/media?parent=1503"}],"curies":[{"name":"wp","href":"https:\/\/api.w.org\/{rel}","templated":true}]}}