{"id":1486,"date":"2015-10-24T06:21:12","date_gmt":"2015-10-24T05:21:12","guid":{"rendered":"http:\/\/agora.xtec.cat\/insserradenoet\/?page_id=1486"},"modified":"2026-04-17T09:30:56","modified_gmt":"2026-04-17T07:30:56","slug":"preinscripcio-i-matricula","status":"publish","type":"page","link":"https:\/\/agora.xtec.cat\/insserradenoet\/secretaria-2\/preinscripcio-i-matricula\/","title":{"rendered":"Preinscripci\u00f3 i matr\u00edcula"},"content":{"rendered":"<div>\n<table style=\"border-collapse: collapse; width: 104.565%;\">\n<tbody>\n<tr>\n<td style=\"width: 63.4767%;\">\n<h3><strong><span style=\"vertical-align: inherit;\"><span style=\"vertical-align: inherit;\">PREINSCRIPCI\u00d3 2026-27<\/span><\/span><\/strong><\/h3>\n<div>\u00a0<\/div>\n<p class=\"\" data-start=\"73\" data-end=\"127\"><a href=\"https:\/\/preinscripcio.gencat.cat\/ca\/inici\/index.html\">Informaci\u00f3 de preinscripci\u00f3 del Departament d\u2019Educaci\u00f3<\/a><\/p>\n<p class=\"\" data-start=\"129\" data-end=\"159\"><a href=\"https:\/\/drive.google.com\/file\/d\/1g3WZstKDbKI2il63OECYUJN6jB5Qam-9\/view?usp=sharing\"><strong data-start=\"129\" data-end=\"159\">Tr\u00edptic Serra Noet 2026-27<\/strong><\/a><\/p>\n<p class=\"\" data-start=\"161\" data-end=\"219\"><a href=\"https:\/\/drive.google.com\/file\/d\/1rumi1uiM0lpUeu2uItmHVE_gCzh7v0-S\/view?usp=sharing\"><strong data-start=\"161\" data-end=\"219\">Presentaci\u00f3 de portes obertes el dia 28 de febrer de 2026<\/strong><\/a><\/p>\n<p class=\"\" data-start=\"221\" data-end=\"235\"><strong data-start=\"221\" data-end=\"235\">Calendari:<\/strong><\/p>\n<ul data-start=\"237\" data-end=\"874\">\n<li class=\"\" data-start=\"237\" data-end=\"289\">\n<p class=\"\" data-start=\"239\" data-end=\"289\"><strong data-start=\"239\" data-end=\"261\">3 de mar\u00e7 de 2026<\/strong>:<a href=\"https:\/\/drive.google.com\/file\/d\/1lUj_KwdZPYPD4A2nlNN0xol6fusmhiZR\/view?usp=sharing\"> Oferta inicial de places<\/a><\/p>\n<\/li>\n<li class=\"\" data-start=\"290\" data-end=\"384\">\n<p class=\"\" data-start=\"292\" data-end=\"384\"><strong data-start=\"292\" data-end=\"353\">Del 6 al 18 de mar\u00e7 de 2026<\/strong>: Presentaci\u00f3 de sol\u00b7licituds<\/p>\n<\/li>\n<li class=\"\" data-start=\"385\" data-end=\"456\">\n<p class=\"\" data-start=\"387\" data-end=\"456\"><strong data-start=\"387\" data-end=\"409\">15 d\u2019abril de 2026<\/strong>: <a href=\"https:\/\/drive.google.com\/file\/d\/17EcympO4kUe8d1EDAC5B6dmUaBtY5m8U\/view?usp=sharing\">Publicaci\u00f3 del llistat de barem provisional<\/a><\/p>\n<\/li>\n<li class=\"\" data-start=\"457\" data-end=\"522\">\n<p class=\"\" data-start=\"459\" data-end=\"522\"><strong data-start=\"459\" data-end=\"491\">Del 15 al 20 d\u2019abril de 2026<\/strong>: Presentaci\u00f3 de reclamacions<\/p>\n<\/li>\n<li class=\"\" data-start=\"523\" data-end=\"617\">\n<p class=\"\" data-start=\"525\" data-end=\"617\"><strong data-start=\"525\" data-end=\"546\">23 d&#8217;abril de 2026<\/strong>: Publicaci\u00f3 de la llista amb la puntuaci\u00f3, resoltes les reclamacions<\/p>\n<\/li>\n<li class=\"\" data-start=\"618\" data-end=\"677\">\n<p class=\"\" data-start=\"620\" data-end=\"677\"><strong data-start=\"620\" data-end=\"641\">29 d&#8217;abril de 2026<\/strong>: Publicaci\u00f3 de la llista ordenada<\/p>\n<\/li>\n<li class=\"\" data-start=\"678\" data-end=\"734\">\n<p class=\"\" data-start=\"680\" data-end=\"734\"><strong data-start=\"680\" data-end=\"702\">10 de juny de 2026<\/strong>: Publicaci\u00f3 de l\u2019oferta final<\/p>\n<\/li>\n<li class=\"\" data-start=\"735\" data-end=\"817\">\n<p class=\"\" data-start=\"737\" data-end=\"817\"><strong data-start=\"737\" data-end=\"759\">10 de juny de 2026<\/strong>: Publicaci\u00f3 de la llista d\u2019admesos i la llista d\u2019espera<\/p>\n<\/li>\n<li class=\"\" data-start=\"818\" data-end=\"874\">\n<p class=\"\" data-start=\"820\" data-end=\"874\"><strong data-start=\"820\" data-end=\"861\">Del 22 de juny al 30 de juny de 2026<\/strong>: Matr\u00edcula<\/p>\n<\/li>\n<\/ul>\n<p class=\"\" data-start=\"876\" data-end=\"1032\">\u00a0<\/p>\n<\/td>\n<td style=\"width: 41.0888%;\"><img loading=\"lazy\" decoding=\"async\" class=\"aligncenter size-medium wp-image-21744\" src=\"https:\/\/agora.xtec.cat\/insserradenoet\/wp-content\/uploads\/usu924\/2026\/02\/CARTELL-PORTES-OBERTES-2026-300x300.jpg\" alt=\"\" width=\"300\" height=\"300\" srcset=\"https:\/\/agora.xtec.cat\/insserradenoet\/wp-content\/uploads\/usu924\/2026\/02\/CARTELL-PORTES-OBERTES-2026-300x300.jpg 300w, https:\/\/agora.xtec.cat\/insserradenoet\/wp-content\/uploads\/usu924\/2026\/02\/CARTELL-PORTES-OBERTES-2026-150x150.jpg 150w, https:\/\/agora.xtec.cat\/insserradenoet\/wp-content\/uploads\/usu924\/2026\/02\/CARTELL-PORTES-OBERTES-2026-768x768.jpg 768w, https:\/\/agora.xtec.cat\/insserradenoet\/wp-content\/uploads\/usu924\/2026\/02\/CARTELL-PORTES-OBERTES-2026.jpg 1080w\" sizes=\"auto, (max-width: 300px) 100vw, 300px\" \/><\/td>\n<\/tr>\n<\/tbody>\n<\/table>\n<\/div>\n<div>\n<table style=\"border-collapse: collapse; width: 100%;\">\n<tbody>\n<tr>\n<td style=\"width: 100%;\">\n<div><img loading=\"lazy\" decoding=\"async\" class=\"wp-image-19904 alignnone aligncenter\" src=\"https:\/\/agora.xtec.cat\/insserradenoet\/wp-content\/uploads\/usu924\/2023\/02\/1111-300x300.png\" alt=\"\" width=\"87\" height=\"87\" srcset=\"https:\/\/agora.xtec.cat\/insserradenoet\/wp-content\/uploads\/usu924\/2023\/02\/1111-300x300.png 300w, https:\/\/agora.xtec.cat\/insserradenoet\/wp-content\/uploads\/usu924\/2023\/02\/1111-150x150.png 150w, https:\/\/agora.xtec.cat\/insserradenoet\/wp-content\/uploads\/usu924\/2023\/02\/1111-768x768.png 768w, https:\/\/agora.xtec.cat\/insserradenoet\/wp-content\/uploads\/usu924\/2023\/02\/1111.png 800w\" sizes=\"auto, (max-width: 87px) 100vw, 87px\" \/><\/div>\n<div>\n<p><strong><span style=\"vertical-align: inherit;\"><span style=\"vertical-align: inherit;\">V\u00eddeos o c\u00e0psules informatives del centre d&#8217;altres anys<\/span><\/span><\/strong><\/p>\n<ul>\n<li style=\"list-style-type: none;\">\n<ul>\n<li><a href=\"https:\/\/youtu.be\/AxFlb-VIVyI\"><span style=\"vertical-align: inherit;\"><span style=\"vertical-align: inherit;\">INS Serra de Noet<\/span><\/span><\/a><\/li>\n<li><a href=\"https:\/\/www.youtube.com\/watch?v=aVimyd3fMgY\"><span style=\"vertical-align: inherit;\"><span style=\"vertical-align: inherit;\">Portes obertes 2024<\/span><\/span><\/a><\/li>\n<li><a href=\"https:\/\/youtu.be\/yxwbrHNz8mk\"><span style=\"vertical-align: inherit;\"><span style=\"vertical-align: inherit;\">Portes obertes 2024<\/span><\/span><\/a><\/li>\n<\/ul>\n<ul>\n<li><a href=\"https:\/\/youtu.be\/v-6f1to8vWg\"><span style=\"vertical-align: inherit;\"><span style=\"vertical-align: inherit;\">Anunci Institut Serra de Noet<\/span><\/span><\/a><\/li>\n<li><a href=\"https:\/\/youtu.be\/gFJubeKzc9E\"><span style=\"vertical-align: inherit;\"><span style=\"vertical-align: inherit;\">Instal\u00b7lacions Institut Serra de Noet<\/span><\/span><\/a><\/li>\n<\/ul>\n<\/li>\n<\/ul>\n<ul>\n<li style=\"list-style-type: none;\">\n<ul>\n<li style=\"list-style-type: none;\">\n<ul>\n<li style=\"list-style-type: none;\">\n<ul>\n<li><a href=\"https:\/\/youtu.be\/UfLYjE1gvRE\"><span style=\"vertical-align: inherit;\"><span style=\"vertical-align: inherit;\">C\u00e0psula Ci\u00e8ncies<\/span><\/span><\/a><\/li>\n<li><a href=\"https:\/\/youtu.be\/tRFqQFVcomc\"><span style=\"vertical-align: inherit;\"><span style=\"vertical-align: inherit;\">C\u00e0psula Matem\u00e0<\/span><\/span>tiques<\/a><\/li>\n<li><a href=\"https:\/\/youtu.be\/RYYi0F-BR1E\"><span style=\"vertical-align: inherit;\"><span style=\"vertical-align: inherit;\">C\u00e0psula Tecnologia<\/span><\/span><\/a><\/li>\n<li><a href=\"https:\/\/youtu.be\/0AMvvdcqphU\"><span style=\"vertical-align: inherit;\"><span style=\"vertical-align: inherit;\">C\u00e0psula Ci\u00e8ncies Socials<\/span><\/span><\/a><\/li>\n<\/ul>\n<\/li>\n<\/ul>\n<\/li>\n<\/ul>\n<\/li>\n<\/ul>\n<\/div>\n<\/td>\n<\/tr>\n<\/tbody>\n<\/table>\n<\/div>\n\n\n<p><\/p>\n","protected":false},"excerpt":{"rendered":"<p>PREINSCRIPCI\u00d3 2026-27 \u00a0 Informaci\u00f3 de preinscripci\u00f3 del Departament d\u2019Educaci\u00f3 Tr\u00edptic Serra Noet 2026-27 Presentaci\u00f3 de portes obertes el dia 28 de febrer de 2026 Calendari: 3 de mar\u00e7 de 2026: Oferta inicial de places Del 6 al 18 de mar\u00e7 de 2026: Presentaci\u00f3 de sol\u00b7licituds 15 d\u2019abril de 2026: Publicaci\u00f3 del llistat de barem provisional [&hellip;]<\/p>\n","protected":false},"author":1,"featured_media":0,"parent":1473,"menu_order":15,"comment_status":"closed","ping_status":"closed","template":"","meta":{"_bbp_topic_count":0,"_bbp_reply_count":0,"_bbp_total_topic_count":0,"_bbp_total_reply_count":0,"_bbp_voice_count":0,"_bbp_anonymous_reply_count":0,"_bbp_topic_count_hidden":0,"_bbp_reply_count_hidden":0,"_bbp_forum_subforum_count":0,"site-sidebar-layout":"default","site-content-layout":"","ast-site-content-layout":"default","site-content-style":"default","site-sidebar-style":"default","ast-global-header-display":"","ast-banner-title-visibility":"","ast-main-header-display":"","ast-hfb-above-header-display":"","ast-hfb-below-header-display":"","ast-hfb-mobile-header-display":"","site-post-title":"","ast-breadcrumbs-content":"","ast-featured-img":"","footer-sml-layout":"","theme-transparent-header-meta":"","adv-header-id-meta":"","stick-header-meta":"","header-above-stick-meta":"","header-main-stick-meta":"","header-below-stick-meta":"","astra-migrate-meta-layouts":"set","ast-page-background-enabled":"default","ast-page-background-meta":{"desktop":{"background-color":"var(--ast-global-color-4)","background-image":"","background-repeat":"repeat","background-position":"center center","background-size":"auto","background-attachment":"scroll","background-type":"","background-media":"","overlay-type":"","overlay-color":"","overlay-opacity":"","overlay-gradient":""},"tablet":{"background-color":"","background-image":"","background-repeat":"repeat","background-position":"center center","background-size":"auto","background-attachment":"scroll","background-type":"","background-media":"","overlay-type":"","overlay-color":"","overlay-opacity":"","overlay-gradient":""},"mobile":{"background-color":"","background-image":"","background-repeat":"repeat","background-position":"center center","background-size":"auto","background-attachment":"scroll","background-type":"","background-media":"","overlay-type":"","overlay-color":"","overlay-opacity":"","overlay-gradient":""}},"ast-content-background-meta":{"desktop":{"background-color":"var(--ast-global-color-5)","background-image":"","background-repeat":"repeat","background-position":"center center","background-size":"auto","background-attachment":"scroll","background-type":"","background-media":"","overlay-type":"","overlay-color":"","overlay-opacity":"","overlay-gradient":""},"tablet":{"background-color":"var(--ast-global-color-5)","background-image":"","background-repeat":"repeat","background-position":"center center","background-size":"auto","background-attachment":"scroll","background-type":"","background-media":"","overlay-type":"","overlay-color":"","overlay-opacity":"","overlay-gradient":""},"mobile":{"background-color":"var(--ast-global-color-5)","background-image":"","background-repeat":"repeat","background-position":"center center","background-size":"auto","background-attachment":"scroll","background-type":"","background-media":"","overlay-type":"","overlay-color":"","overlay-opacity":"","overlay-gradient":""}},"footnotes":""},"class_list":["post-1486","page","type-page","status-publish","hentry"],"post_mailing_queue_ids":[],"_links":{"self":[{"href":"https:\/\/agora.xtec.cat\/insserradenoet\/wp-json\/wp\/v2\/pages\/1486","targetHints":{"allow":["GET"]}}],"collection":[{"href":"https:\/\/agora.xtec.cat\/insserradenoet\/wp-json\/wp\/v2\/pages"}],"about":[{"href":"https:\/\/agora.xtec.cat\/insserradenoet\/wp-json\/wp\/v2\/types\/page"}],"author":[{"embeddable":true,"href":"https:\/\/agora.xtec.cat\/insserradenoet\/wp-json\/wp\/v2\/users\/1"}],"replies":[{"embeddable":true,"href":"https:\/\/agora.xtec.cat\/insserradenoet\/wp-json\/wp\/v2\/comments?post=1486"}],"version-history":[{"count":5,"href":"https:\/\/agora.xtec.cat\/insserradenoet\/wp-json\/wp\/v2\/pages\/1486\/revisions"}],"predecessor-version":[{"id":21861,"href":"https:\/\/agora.xtec.cat\/insserradenoet\/wp-json\/wp\/v2\/pages\/1486\/revisions\/21861"}],"up":[{"embeddable":true,"href":"https:\/\/agora.xtec.cat\/insserradenoet\/wp-json\/wp\/v2\/pages\/1473"}],"wp:attachment":[{"href":"https:\/\/agora.xtec.cat\/insserradenoet\/wp-json\/wp\/v2\/media?parent=1486"}],"curies":[{"name":"wp","href":"https:\/\/api.w.org\/{rel}","templated":true}]}}