{"id":944,"date":"2020-05-08T12:45:24","date_gmt":"2020-05-08T10:45:24","guid":{"rendered":"https:\/\/agora.xtec.cat\/insserrademiramar\/?page_id=944"},"modified":"2020-05-08T12:56:00","modified_gmt":"2020-05-08T10:56:00","slug":"oferta-educativa","status":"publish","type":"page","link":"https:\/\/agora.xtec.cat\/insserrademiramar\/oferta-educativa\/","title":{"rendered":"Oferta educativa"},"content":{"rendered":"<p>ESO: 1r, 2n, 3r i 4t (3 l\u00ednies de cada nivell)<\/p>\n<p>BATXILLERAT: modalitats cient\u00edfic, tecnol\u00f2gic, human\u00edstic i social (2 l\u00ednies de cada nivell)<\/p>\n<p>BATXIBAC: modalitats cient\u00edfic, tecnol\u00f2gic, human\u00edstic i social (1 l\u00ednia de cada nivell)<\/p>\n<p>BATXILLERAT DUAL AMERIC\u00c0 (un grup)<\/p>\n<p>&nbsp;<\/p>\n","protected":false},"excerpt":{"rendered":"<p>ESO: 1r, 2n, 3r i 4t (3 l\u00ednies de cada nivell)<br \/>\nBATXILLERAT: modalitats cient\u00edfic, tecnol\u00f2gic, human\u00edstic i social (2 l\u00ednies de cada nivell)<br \/>\nBATXIBAC: modalitats cient\u00edfic, tecnol\u00f2gic, human\u00edstic i social (1 l\u00ednia de cada nivell)<br \/>\nBATXILLERAT DUAL AMERIC\u00c0 (un grup)<br \/>\n&nbsp;<\/p>\n","protected":false},"author":1,"featured_media":0,"parent":0,"menu_order":0,"comment_status":"closed","ping_status":"closed","template":"","meta":{"_bbp_topic_count":0,"_bbp_reply_count":0,"_bbp_total_topic_count":0,"_bbp_total_reply_count":0,"_bbp_voice_count":0,"_bbp_anonymous_reply_count":0,"_bbp_topic_count_hidden":0,"_bbp_reply_count_hidden":0,"_bbp_forum_subforum_count":0,"footnotes":""},"class_list":["post-944","page","type-page","status-publish","hentry"],"post_mailing_queue_ids":[],"_links":{"self":[{"href":"https:\/\/agora.xtec.cat\/insserrademiramar\/wp-json\/wp\/v2\/pages\/944","targetHints":{"allow":["GET"]}}],"collection":[{"href":"https:\/\/agora.xtec.cat\/insserrademiramar\/wp-json\/wp\/v2\/pages"}],"about":[{"href":"https:\/\/agora.xtec.cat\/insserrademiramar\/wp-json\/wp\/v2\/types\/page"}],"author":[{"embeddable":true,"href":"https:\/\/agora.xtec.cat\/insserrademiramar\/wp-json\/wp\/v2\/users\/1"}],"replies":[{"embeddable":true,"href":"https:\/\/agora.xtec.cat\/insserrademiramar\/wp-json\/wp\/v2\/comments?post=944"}],"version-history":[{"count":3,"href":"https:\/\/agora.xtec.cat\/insserrademiramar\/wp-json\/wp\/v2\/pages\/944\/revisions"}],"predecessor-version":[{"id":953,"href":"https:\/\/agora.xtec.cat\/insserrademiramar\/wp-json\/wp\/v2\/pages\/944\/revisions\/953"}],"wp:attachment":[{"href":"https:\/\/agora.xtec.cat\/insserrademiramar\/wp-json\/wp\/v2\/media?parent=944"}],"curies":[{"name":"wp","href":"https:\/\/api.w.org\/{rel}","templated":true}]}}