{"id":804,"date":"2020-03-11T13:02:07","date_gmt":"2020-03-11T12:02:07","guid":{"rendered":"https:\/\/agora.xtec.cat\/insserrademiramar\/?page_id=804"},"modified":"2020-03-13T18:11:29","modified_gmt":"2020-03-13T17:11:29","slug":"revista-aixabuc","status":"publish","type":"page","link":"https:\/\/agora.xtec.cat\/insserrademiramar\/revista-aixabuc\/","title":{"rendered":"Revista AIXABUC"},"content":{"rendered":"<p><a href=\"https:\/\/agora.xtec.cat\/insserrademiramar\/wp-content\/uploads\/usu2047\/2020\/03\/Portada-Aixabuc.jpg\"><img loading=\"lazy\" decoding=\"async\" class=\"alignnone size-full wp-image-833\" src=\"https:\/\/agora.xtec.cat\/insserrademiramar\/wp-content\/uploads\/usu2047\/2020\/03\/Portada-Aixabuc.jpg\" alt=\"\" width=\"189\" height=\"267\" \/><\/a><\/p>\n<p>L<em>&#8216;<strong>Aixabuc<\/strong><\/em> \u00e9s la revista del nostre centre. Est\u00e0 feta per membres de la nostra comunitat i dirigida a tota la comunitat educativa.<\/p>\n<p><strong><em>Aixabuc<\/em><\/strong> \u00e9s una paraula molt vallenca que es troba en vies d&#8217;extinci\u00f3. Significa &#8220;aglomeraci\u00f3 de gent&#8221;. A banda de ser vallenca i original, el seu significat encaixa perfectament amb la filosofia de la revista: volem que la nostra revista sigui un aixabuc d&#8217;alumnes, pares, mares, voluntaris i personal d&#8217;administraci\u00f3 i serveis del centre que intercanvien coneixements i experi\u00e8ncies, un aixabuc d&#8217;idees i paraules.<\/p>\n<p>El primer n\u00famero va sortir el juny del 2011 i en publiquem un n\u00famero nou cada mes de juny. A partir del juny del 2019, la revista va deixar d&#8217;editar-se en paper i va ser publicada nom\u00e9s en suport digital.<\/p>\n<p>Podeu llegir-la en aquests enlla\u00e7os:<\/p>\n<p><a href=\"https:\/\/agora.xtec.cat\/insserrademiramar\/wp-content\/uploads\/usu2047\/2020\/03\/AIXABUC-9definitiva-1.pdf\" target=\"_blank\" rel=\"noopener noreferrer\">Aixabuc 9\u00a0 <\/a> <a href=\"https:\/\/www.dropbox.com\/s\/62pg2chqsoat8vs\/AIXABUC%208.pdf?dl=0\" target=\"_blank\" rel=\"noopener noreferrer\">Aixabuc 8\u00a0 \u00a0 <\/a><a href=\"https:\/\/www.dropbox.com\/s\/0wcuybi2r69y5po\/revista%20aixabuc%207.pdf?dl=0\" target=\"_blank\" rel=\"noopener noreferrer\">Aixabuc 7 \u00a0 \u00a0<\/a><a href=\"http:\/\/xtec.gencat.cat\/web\/.content\/projectes\/comunitats\/bibliografia\/AIXABUC-6-reduit.pdf\" target=\"_blank\" rel=\"noopener noreferrer\">Aixabuc 6\u00a0 <\/a> \u00a0<a href=\"http:\/\/xtec.gencat.cat\/web\/.content\/alfresco\/d\/d\/workspace\/SpacesStore\/0041\/329fd18a-4c7b-49a6-938a-6b17aa701d87\/AIXABUC-5--REVISTA-REDUIDA.pdf\" target=\"_blank\" rel=\"noopener noreferrer\">Aixabuc 5\u00a0 <\/a> \u00a0<a href=\"https:\/\/www.dropbox.com\/s\/x69x3dkonkmxgmb\/revista%20aixabuc%204.pdf?dl=0\" target=\"_blank\" rel=\"noopener noreferrer\">Aixabuc 4\u00a0 <\/a> \u00a0<a href=\"https:\/\/www.dropbox.com\/s\/9r4mwnzj7cp1bkq\/revista%20aixabuc%203.pdf?dl=0\" target=\"_blank\" rel=\"noopener noreferrer\">Aixabuc 3 \u00a0 \u00a0<\/a><a href=\"https:\/\/www.dropbox.com\/s\/3rcs113gha7knmf\/revista%20aixabuc%202.pdf?dl=0\" target=\"_blank\" rel=\"noopener noreferrer\">Aixabuc 2\u00a0 \u00a0<\/a> <a href=\"https:\/\/www.dropbox.com\/s\/45vb8doj7px9eko\/revista%20aixabuc%201.pdf?dl=0\" target=\"_blank\" rel=\"noopener noreferrer\">Aixabuc 1<\/a><\/p>\n<p>&nbsp;<\/p>\n<p><a href=\"https:\/\/agora.xtec.cat\/insserrademiramar\/wp-content\/uploads\/usu2047\/2020\/03\/Neus-Catal\u00e0-Aixabuc-5.jpg\"><img loading=\"lazy\" decoding=\"async\" class=\"size-full wp-image-835 alignright\" src=\"https:\/\/agora.xtec.cat\/insserrademiramar\/wp-content\/uploads\/usu2047\/2020\/03\/Neus-Catal\u00e0-Aixabuc-5.jpg\" alt=\"\" width=\"490\" height=\"298\" srcset=\"https:\/\/agora.xtec.cat\/insserrademiramar\/wp-content\/uploads\/usu2047\/2020\/03\/Neus-Catal\u00e0-Aixabuc-5.jpg 490w, https:\/\/agora.xtec.cat\/insserrademiramar\/wp-content\/uploads\/usu2047\/2020\/03\/Neus-Catal\u00e0-Aixabuc-5-300x182.jpg 300w\" sizes=\"auto, (max-width: 490px) 100vw, 490px\" \/><\/a><\/p>\n<div data-canvas-width=\"212.24763766656147\"><em>Quan ja ens acomiad\u00e0vem, els ulls de <\/em><em>la Neus Catal\u00e0 van brillar d\u2019emoci\u00f3 mentre, <\/em><em>impacients, intentaven comen\u00e7ar <\/em><em>a llegir a trav\u00e9s de les seves ulleres <\/em><em>de pasta el que li acab\u00e0vem de po<\/em><em>sar a les mans. Aquelles mans que <\/em><em>aguantaven amb fermesa i gratitud, <\/em><em>com si hi tingu\u00e9s el m\u00e9s gran dels <\/em><em>tresors, els exemplars de la nostra <\/em><em>revista,<\/em> l\u2019Aixabuc.<\/div>\n<div style=\"text-align: right;\" data-canvas-width=\"212.24763766656147\">\u00a0 \u00a0 \u00a0 \u00a0 \u00a0 \u00a0 \u00a0 \u00a0 \u00a0 \u00a0 \u00a0 \u00a0 \u00a0 \u00a0 \u00a0 \u00a0 \u00a0 \u00a0 \u00a0 \u00a0 \u00a0 \u00a0 \u00a0 \u00a0 \u00a0 \u00a0 \u00a0 \u00a0 \u00a0 \u00a0 Aixabuc 5, juny 2015<\/div>\n<div data-canvas-width=\"212.24763766656147\"><\/div>\n<p>&nbsp;<\/p>\n<div data-canvas-width=\"17.670772078834023\"><\/div>\n<p>&nbsp;<\/p>\n","protected":false},"excerpt":{"rendered":"<p><a href=\"https:\/\/agora.xtec.cat\/insserrademiramar\/wp-content\/uploads\/usu2047\/2020\/03\/Portada-Aixabuc.jpg\"><\/a><br \/>\nL&#8216;Aixabuc \u00e9s la revista del nostre centre. Est\u00e0 feta per membres de la nostra comunitat i dirigida a tota la comunitat educativa.<br \/>\nAixabuc \u00e9s una paraula molt vallenca que es troba en vies d&#8217;extinci\u00f3. Significa &#8220;aglomeraci\u00f3 de gent&#8221;. A banda de ser vallenca i original,&hellip;  <a href=\"https:\/\/agora.xtec.cat\/insserrademiramar\/revista-aixabuc\/\" title=\"Read Revista AIXABUC\">Llegeix m\u00e9s\u00bb<\/a><\/p>\n","protected":false},"author":1,"featured_media":0,"parent":0,"menu_order":0,"comment_status":"closed","ping_status":"closed","template":"","meta":{"_bbp_topic_count":0,"_bbp_reply_count":0,"_bbp_total_topic_count":0,"_bbp_total_reply_count":0,"_bbp_voice_count":0,"_bbp_anonymous_reply_count":0,"_bbp_topic_count_hidden":0,"_bbp_reply_count_hidden":0,"_bbp_forum_subforum_count":0,"footnotes":""},"class_list":["post-804","page","type-page","status-publish","hentry"],"post_mailing_queue_ids":[],"_links":{"self":[{"href":"https:\/\/agora.xtec.cat\/insserrademiramar\/wp-json\/wp\/v2\/pages\/804","targetHints":{"allow":["GET"]}}],"collection":[{"href":"https:\/\/agora.xtec.cat\/insserrademiramar\/wp-json\/wp\/v2\/pages"}],"about":[{"href":"https:\/\/agora.xtec.cat\/insserrademiramar\/wp-json\/wp\/v2\/types\/page"}],"author":[{"embeddable":true,"href":"https:\/\/agora.xtec.cat\/insserrademiramar\/wp-json\/wp\/v2\/users\/1"}],"replies":[{"embeddable":true,"href":"https:\/\/agora.xtec.cat\/insserrademiramar\/wp-json\/wp\/v2\/comments?post=804"}],"version-history":[{"count":3,"href":"https:\/\/agora.xtec.cat\/insserrademiramar\/wp-json\/wp\/v2\/pages\/804\/revisions"}],"predecessor-version":[{"id":838,"href":"https:\/\/agora.xtec.cat\/insserrademiramar\/wp-json\/wp\/v2\/pages\/804\/revisions\/838"}],"wp:attachment":[{"href":"https:\/\/agora.xtec.cat\/insserrademiramar\/wp-json\/wp\/v2\/media?parent=804"}],"curies":[{"name":"wp","href":"https:\/\/api.w.org\/{rel}","templated":true}]}}