{"id":778,"date":"2020-03-06T13:04:47","date_gmt":"2020-03-06T12:04:47","guid":{"rendered":"https:\/\/agora.xtec.cat\/insserrademiramar\/?page_id=778"},"modified":"2023-01-25T20:09:28","modified_gmt":"2023-01-25T19:09:28","slug":"formacio-de-professorat","status":"publish","type":"page","link":"https:\/\/agora.xtec.cat\/insserrademiramar\/formacio-de-professorat\/","title":{"rendered":"Formaci\u00f3 de professorat"},"content":{"rendered":"<p>&nbsp;<\/p>\n<p class=\"western\"><span style=\"color: #2a6099;\"><span style=\"font-size: medium;\"><b>TERT\u00daLIA realitzada el 12 de maig de 2022 on participen professorat de les CdA: IES Albericia de Santander, IES Alfonso II d\u2019Oviedo, IES San Juan Bosco de Lorca (M\u00farcia) i l\u2019IES Faust\u00ed Barber\u00e0 de Alaqu\u00e0s (Val\u00e8ncia).<\/b><\/span><\/span><\/p>\n<p>&nbsp;<\/p>\n<p><a href=\"https:\/\/agora.xtec.cat\/insserrademiramar\/wp-content\/uploads\/usu2047\/2022\/05\/fotcom1.jpg\"><img loading=\"lazy\" decoding=\"async\" class=\"size-full wp-image-1695 aligncenter\" src=\"https:\/\/agora.xtec.cat\/insserrademiramar\/wp-content\/uploads\/usu2047\/2022\/05\/fotcom1.jpg\" alt=\"\" width=\"430\" height=\"574\" srcset=\"https:\/\/agora.xtec.cat\/insserrademiramar\/wp-content\/uploads\/usu2047\/2022\/05\/fotcom1.jpg 430w, https:\/\/agora.xtec.cat\/insserrademiramar\/wp-content\/uploads\/usu2047\/2022\/05\/fotcom1-225x300.jpg 225w\" sizes=\"auto, (max-width: 430px) 100vw, 430px\" \/><\/a><\/p>\n<p>&nbsp;<\/p>\n<p><a href=\"https:\/\/agora.xtec.cat\/insserrademiramar\/wp-content\/uploads\/usu2047\/2022\/05\/fotcom4.jpg\"><img loading=\"lazy\" decoding=\"async\" class=\"size-full wp-image-1698 aligncenter\" src=\"https:\/\/agora.xtec.cat\/insserrademiramar\/wp-content\/uploads\/usu2047\/2022\/05\/fotcom4.jpg\" alt=\"\" width=\"616\" height=\"468\" srcset=\"https:\/\/agora.xtec.cat\/insserrademiramar\/wp-content\/uploads\/usu2047\/2022\/05\/fotcom4.jpg 616w, https:\/\/agora.xtec.cat\/insserrademiramar\/wp-content\/uploads\/usu2047\/2022\/05\/fotcom4-300x228.jpg 300w\" sizes=\"auto, (max-width: 616px) 100vw, 616px\" \/><\/a><\/p>\n","protected":false},"excerpt":{"rendered":"<p>&nbsp;<br \/>\nTERT\u00daLIA realitzada el 12 de maig de 2022 on participen professorat de les CdA: IES Albericia de Santander, IES Alfonso II d\u2019Oviedo, IES San Juan Bosco de Lorca (M\u00farcia) i l\u2019IES Faust\u00ed Barber\u00e0 de Alaqu\u00e0s (Val\u00e8ncia).<br \/>\n&nbsp;<br \/>\n<a href=\"https:\/\/agora.xtec.cat\/insserrademiramar\/wp-content\/uploads\/usu2047\/2022\/05\/fotcom1.jpg\"><\/a><br \/>\n&nbsp;<br \/>\n<a href=\"https:\/\/agora.xtec.cat\/insserrademiramar\/wp-content\/uploads\/usu2047\/2022\/05\/fotcom4.jpg\"><\/a><\/p>\n","protected":false},"author":1,"featured_media":0,"parent":0,"menu_order":0,"comment_status":"closed","ping_status":"closed","template":"","meta":{"_bbp_topic_count":0,"_bbp_reply_count":0,"_bbp_total_topic_count":0,"_bbp_total_reply_count":0,"_bbp_voice_count":0,"_bbp_anonymous_reply_count":0,"_bbp_topic_count_hidden":0,"_bbp_reply_count_hidden":0,"_bbp_forum_subforum_count":0,"footnotes":""},"class_list":["post-778","page","type-page","status-publish","hentry"],"post_mailing_queue_ids":[],"_links":{"self":[{"href":"https:\/\/agora.xtec.cat\/insserrademiramar\/wp-json\/wp\/v2\/pages\/778","targetHints":{"allow":["GET"]}}],"collection":[{"href":"https:\/\/agora.xtec.cat\/insserrademiramar\/wp-json\/wp\/v2\/pages"}],"about":[{"href":"https:\/\/agora.xtec.cat\/insserrademiramar\/wp-json\/wp\/v2\/types\/page"}],"author":[{"embeddable":true,"href":"https:\/\/agora.xtec.cat\/insserrademiramar\/wp-json\/wp\/v2\/users\/1"}],"replies":[{"embeddable":true,"href":"https:\/\/agora.xtec.cat\/insserrademiramar\/wp-json\/wp\/v2\/comments?post=778"}],"version-history":[{"count":3,"href":"https:\/\/agora.xtec.cat\/insserrademiramar\/wp-json\/wp\/v2\/pages\/778\/revisions"}],"predecessor-version":[{"id":1890,"href":"https:\/\/agora.xtec.cat\/insserrademiramar\/wp-json\/wp\/v2\/pages\/778\/revisions\/1890"}],"wp:attachment":[{"href":"https:\/\/agora.xtec.cat\/insserrademiramar\/wp-json\/wp\/v2\/media?parent=778"}],"curies":[{"name":"wp","href":"https:\/\/api.w.org\/{rel}","templated":true}]}}