{"id":772,"date":"2020-03-06T13:03:56","date_gmt":"2020-03-06T12:03:56","guid":{"rendered":"https:\/\/agora.xtec.cat\/insserrademiramar\/?page_id=772"},"modified":"2021-03-01T09:48:23","modified_gmt":"2021-03-01T08:48:23","slug":"model-dialogic-de-prevencio-i-resolucio-de-conflictes","status":"publish","type":"page","link":"https:\/\/agora.xtec.cat\/insserrademiramar\/model-dialogic-de-prevencio-i-resolucio-de-conflictes\/","title":{"rendered":"Model dial\u00f2gic de prevenci\u00f3 i resoluci\u00f3 de conflictes"},"content":{"rendered":"<h2>LA NORMA<\/h2>\n<p><a href=\"https:\/\/agora.xtec.cat\/insserrademiramar\/wp-content\/uploads\/usu2047\/2021\/03\/FotoWEB1.jpg\"><img loading=\"lazy\" decoding=\"async\" class=\"alignnone wp-image-1257\" src=\"https:\/\/agora.xtec.cat\/insserrademiramar\/wp-content\/uploads\/usu2047\/2021\/03\/FotoWEB1-300x124.jpg\" alt=\"\" width=\"743\" height=\"307\" srcset=\"https:\/\/agora.xtec.cat\/insserrademiramar\/wp-content\/uploads\/usu2047\/2021\/03\/FotoWEB1-300x124.jpg 300w, https:\/\/agora.xtec.cat\/insserrademiramar\/wp-content\/uploads\/usu2047\/2021\/03\/FotoWEB1-768x318.jpg 768w, https:\/\/agora.xtec.cat\/insserrademiramar\/wp-content\/uploads\/usu2047\/2021\/03\/FotoWEB1-1024x424.jpg 1024w, https:\/\/agora.xtec.cat\/insserrademiramar\/wp-content\/uploads\/usu2047\/2021\/03\/FotoWEB1.jpg 1045w\" sizes=\"auto, (max-width: 743px) 100vw, 743px\" \/><\/a><\/p>\n<p>&nbsp;<\/p>\n<h2>VIOL\u00c8NCIA 0 DES DELS 0 ANYS<\/h2>\n<p><a href=\"https:\/\/agora.xtec.cat\/insserrademiramar\/wp-content\/uploads\/usu2047\/2021\/03\/FotoWEB2.jpg\"><img loading=\"lazy\" decoding=\"async\" class=\"alignnone wp-image-1255\" src=\"https:\/\/agora.xtec.cat\/insserrademiramar\/wp-content\/uploads\/usu2047\/2021\/03\/FotoWEB2-300x213.jpg\" alt=\"\" width=\"694\" height=\"493\" srcset=\"https:\/\/agora.xtec.cat\/insserrademiramar\/wp-content\/uploads\/usu2047\/2021\/03\/FotoWEB2-300x213.jpg 300w, https:\/\/agora.xtec.cat\/insserrademiramar\/wp-content\/uploads\/usu2047\/2021\/03\/FotoWEB2-768x544.jpg 768w, https:\/\/agora.xtec.cat\/insserrademiramar\/wp-content\/uploads\/usu2047\/2021\/03\/FotoWEB2.jpg 858w\" sizes=\"auto, (max-width: 694px) 100vw, 694px\" \/><\/a><\/p>\n<p><a href=\"https:\/\/agora.xtec.cat\/insserrademiramar\/wp-content\/uploads\/usu2047\/2021\/03\/Fotoweb3.png\"><img loading=\"lazy\" decoding=\"async\" class=\"alignnone wp-image-1256\" src=\"https:\/\/agora.xtec.cat\/insserrademiramar\/wp-content\/uploads\/usu2047\/2021\/03\/Fotoweb3-300x196.png\" alt=\"\" width=\"693\" height=\"453\" srcset=\"https:\/\/agora.xtec.cat\/insserrademiramar\/wp-content\/uploads\/usu2047\/2021\/03\/Fotoweb3-300x196.png 300w, https:\/\/agora.xtec.cat\/insserrademiramar\/wp-content\/uploads\/usu2047\/2021\/03\/Fotoweb3-768x503.png 768w, https:\/\/agora.xtec.cat\/insserrademiramar\/wp-content\/uploads\/usu2047\/2021\/03\/Fotoweb3.png 868w\" sizes=\"auto, (max-width: 693px) 100vw, 693px\" \/><\/a><\/p>\n<p>&nbsp;<\/p>\n<p><iframe loading=\"lazy\" title=\"Model dial\u00f2gic de prevenci\u00f3 i resoluci\u00f3 de conflictes\" width=\"500\" height=\"375\" src=\"https:\/\/www.youtube.com\/embed\/cleEpwXQYOo?feature=oembed\" frameborder=\"0\" allow=\"accelerometer; autoplay; clipboard-write; encrypted-media; gyroscope; picture-in-picture; web-share\" referrerpolicy=\"strict-origin-when-cross-origin\" allowfullscreen><\/iframe> <\/p>\n<p>&nbsp;<\/p>\n<p>&nbsp;<\/p>\n","protected":false},"excerpt":{"rendered":"<p>LA NORMA<br \/>\n<a href=\"https:\/\/agora.xtec.cat\/insserrademiramar\/wp-content\/uploads\/usu2047\/2021\/03\/FotoWEB1.jpg\"><\/a><br \/>\n&nbsp;<br \/>\nVIOL\u00c8NCIA 0 DES DELS 0 ANYS<br \/>\n<a href=\"https:\/\/agora.xtec.cat\/insserrademiramar\/wp-content\/uploads\/usu2047\/2021\/03\/FotoWEB2.jpg\"><\/a><br \/>\n<a href=\"https:\/\/agora.xtec.cat\/insserrademiramar\/wp-content\/uploads\/usu2047\/2021\/03\/Fotoweb3.png\"><\/a><br \/>\n&nbsp;<\/p>\n<p>&nbsp;<br \/>\n&nbsp;<\/p>\n","protected":false},"author":1,"featured_media":0,"parent":0,"menu_order":0,"comment_status":"closed","ping_status":"closed","template":"","meta":{"_bbp_topic_count":0,"_bbp_reply_count":0,"_bbp_total_topic_count":0,"_bbp_total_reply_count":0,"_bbp_voice_count":0,"_bbp_anonymous_reply_count":0,"_bbp_topic_count_hidden":0,"_bbp_reply_count_hidden":0,"_bbp_forum_subforum_count":0,"footnotes":""},"class_list":["post-772","page","type-page","status-publish","hentry"],"post_mailing_queue_ids":[],"_links":{"self":[{"href":"https:\/\/agora.xtec.cat\/insserrademiramar\/wp-json\/wp\/v2\/pages\/772","targetHints":{"allow":["GET"]}}],"collection":[{"href":"https:\/\/agora.xtec.cat\/insserrademiramar\/wp-json\/wp\/v2\/pages"}],"about":[{"href":"https:\/\/agora.xtec.cat\/insserrademiramar\/wp-json\/wp\/v2\/types\/page"}],"author":[{"embeddable":true,"href":"https:\/\/agora.xtec.cat\/insserrademiramar\/wp-json\/wp\/v2\/users\/1"}],"replies":[{"embeddable":true,"href":"https:\/\/agora.xtec.cat\/insserrademiramar\/wp-json\/wp\/v2\/comments?post=772"}],"version-history":[{"count":4,"href":"https:\/\/agora.xtec.cat\/insserrademiramar\/wp-json\/wp\/v2\/pages\/772\/revisions"}],"predecessor-version":[{"id":1263,"href":"https:\/\/agora.xtec.cat\/insserrademiramar\/wp-json\/wp\/v2\/pages\/772\/revisions\/1263"}],"wp:attachment":[{"href":"https:\/\/agora.xtec.cat\/insserrademiramar\/wp-json\/wp\/v2\/media?parent=772"}],"curies":[{"name":"wp","href":"https:\/\/api.w.org\/{rel}","templated":true}]}}