{"id":724,"date":"2020-02-19T10:59:30","date_gmt":"2020-02-19T09:59:30","guid":{"rendered":"https:\/\/agora.xtec.cat\/insserrademiramar\/?page_id=724"},"modified":"2023-02-28T20:38:48","modified_gmt":"2023-02-28T19:38:48","slug":"plurilinguisme","status":"publish","type":"page","link":"https:\/\/agora.xtec.cat\/insserrademiramar\/plurilinguisme\/","title":{"rendered":"Pluriling\u00fcisme"},"content":{"rendered":"<p>L&#8217;institut Serra de Miramar aposta per un ensenyament on l&#8217;angl\u00e8s\u00a0 no es cursi nom\u00e9s durant les classes de llengua, sin\u00f3 tamb\u00e9 en altres mat\u00e8ries d&#8217;una forma m\u00e9s indirecte.\u00a0 Fa anys va apostar pel pluriling\u00fcisme formant els seus professors i professores per treballar mitjan\u00e7ant la metodologia AICLE. Tamb\u00e9 va optar per una \u00e0mpia oferta d&#8217;optativitat en angl\u00e8s en tots els cursos de l&#8217;ESO perqu\u00e8 aquells alumnes que cursin el franc\u00e8s com a 1a llengua, tinguin la possiblitat de seguir estudiant l&#8217;angl\u00e8s a trav\u00e9s d&#8217;aquestes mat\u00e8ries d&#8217;una forma m\u00e9s l\u00fadica i competencial.\u00a0 A m\u00e9s, en el darrer curs de l&#8217;ESO, gr\u00e0cies a les codoc\u00e8ncies, s&#8217;ha pogut aprofundir en l&#8217;oralitat dels nostres alumnes aconseguint un espai on els nois i noies de 4t ESO poden debatre sobre diferents temes en una llengua estrangera.<\/p>\n<p>Seguim treballant perqu\u00e8 l&#8217;aprenentatge de l&#8217;angl\u00e8s no quedi reduida nom\u00e9s a les hores de classe de llengua. . Estem segurs\u00a0 que esenyant\u00a0 l&#8217;angl\u00e8s d&#8217;una\u00a0 forma m\u00e9s plural i diversa dins de tots els \u00e0mbits i departaments far\u00e0 que millorin els resultats dels nostres alumnes en aquesta llengua.<\/p>\n<p>&nbsp;<\/p>\n<p>&nbsp;<\/p>\n<p>&nbsp;<\/p>\n","protected":false},"excerpt":{"rendered":"<p>L&#8217;institut Serra de Miramar aposta per un ensenyament on l&#8217;angl\u00e8s\u00a0 no es cursi nom\u00e9s durant les classes de llengua, sin\u00f3 tamb\u00e9 en altres mat\u00e8ries d&#8217;una forma m\u00e9s indirecte.\u00a0 Fa anys va apostar pel pluriling\u00fcisme formant els seus professors i professores per treballar mitjan\u00e7ant la metodologia&hellip;  <a href=\"https:\/\/agora.xtec.cat\/insserrademiramar\/plurilinguisme\/\" title=\"Read Pluriling\u00fcisme\">Llegeix m\u00e9s\u00bb<\/a><\/p>\n","protected":false},"author":1,"featured_media":0,"parent":0,"menu_order":0,"comment_status":"closed","ping_status":"closed","template":"","meta":{"_bbp_topic_count":0,"_bbp_reply_count":0,"_bbp_total_topic_count":0,"_bbp_total_reply_count":0,"_bbp_voice_count":0,"_bbp_anonymous_reply_count":0,"_bbp_topic_count_hidden":0,"_bbp_reply_count_hidden":0,"_bbp_forum_subforum_count":0,"footnotes":""},"class_list":["post-724","page","type-page","status-publish","hentry"],"post_mailing_queue_ids":[],"_links":{"self":[{"href":"https:\/\/agora.xtec.cat\/insserrademiramar\/wp-json\/wp\/v2\/pages\/724","targetHints":{"allow":["GET"]}}],"collection":[{"href":"https:\/\/agora.xtec.cat\/insserrademiramar\/wp-json\/wp\/v2\/pages"}],"about":[{"href":"https:\/\/agora.xtec.cat\/insserrademiramar\/wp-json\/wp\/v2\/types\/page"}],"author":[{"embeddable":true,"href":"https:\/\/agora.xtec.cat\/insserrademiramar\/wp-json\/wp\/v2\/users\/1"}],"replies":[{"embeddable":true,"href":"https:\/\/agora.xtec.cat\/insserrademiramar\/wp-json\/wp\/v2\/comments?post=724"}],"version-history":[{"count":3,"href":"https:\/\/agora.xtec.cat\/insserrademiramar\/wp-json\/wp\/v2\/pages\/724\/revisions"}],"predecessor-version":[{"id":2016,"href":"https:\/\/agora.xtec.cat\/insserrademiramar\/wp-json\/wp\/v2\/pages\/724\/revisions\/2016"}],"wp:attachment":[{"href":"https:\/\/agora.xtec.cat\/insserrademiramar\/wp-json\/wp\/v2\/media?parent=724"}],"curies":[{"name":"wp","href":"https:\/\/api.w.org\/{rel}","templated":true}]}}