{"id":705,"date":"2020-02-15T11:36:11","date_gmt":"2020-02-15T10:36:11","guid":{"rendered":"https:\/\/agora.xtec.cat\/insserrademiramar\/?page_id=705"},"modified":"2020-02-15T11:36:11","modified_gmt":"2020-02-15T10:36:11","slug":"estada-dimmersio-linguistica-en-un-pais-de-parla-anglesa-francesa","status":"publish","type":"page","link":"https:\/\/agora.xtec.cat\/insserrademiramar\/estada-dimmersio-linguistica-en-un-pais-de-parla-anglesa-francesa\/","title":{"rendered":"ESTADA  D\u2019IMMERSI\u00d3 LING\u00dc\u00cdSTICA EN UN PA\u00cdS DE PARLA ANGLESA\/ FRANCESA"},"content":{"rendered":"<p>Des del Serra de Miramar, sabem que per assolir un bon nivell en una llengua estrangera (angl\u00e8s\/ franc\u00e8s) el m\u00e9s important \u00e9s una immersi\u00f3 total en l&#8217;idioma que estan aprenent. Per aix\u00f2, oferim la possiblitat als alumnes de poder conviure durant una setmana amb una fam\u00edlia anglesa o francesa. El programa no nom\u00e9s ajuda als nostres alumnes a desenvolupar unes habilitats ling\u00fc\u00edstiques dins un context real, sin\u00f3 que a m\u00e9s,\u00a0 els serveix per cr\u00e9ixer personalment. El programa permet conviure amb una fam\u00edlia amfitriona i tenir acc\u00e9s a\u00a0 una immersi\u00f3 total i real en tots els sentits.<\/p>\n<p>Durant el programa els alumnes tamb\u00e9 tenen <span style=\"font-family: inherit; font-size: 1em;\">\u00a03 hores di\u00e0ries de classe i activitats guiades de tarda.<\/span><span style=\"font-family: inherit; font-size: 1em;\">. Sempre estan acompanyats per porfessors del centre que viatgen i s&#8217;allotgen en fam\u00edlies igual que ells i que es preocupen perqu\u00e8 tothom estigui b\u00e9 i disfruti de l&#8217;estada.\u00a0<\/span><\/p>\n<p><strong>\u2713APRENENTATGE.<\/strong> Els alumnes\u00a0 tenen\u00a0 l\u2019oportunitat d\u2019aprendre els costums i estils de vida de persones de diferent cultura.\u00a0 Per tant , els ajudar\u00e0 a desenvolupar la seva compet\u00e8ncia intercultural i a enriquir-se personalment.<\/p>\n<p><strong>\u2713EXPERI\u00c8NCIA.<\/strong> Les fam\u00edlies amfitriones que es dediquen a allotjar alumnes estrangers s\u00f3n fam\u00edlies experimentades i reconegudes per la seva afabilitat i la comoditat que transmeten als seus hostes, acceptant-los de ple a casa seva i fent-los sentir-se com un membre m\u00e9s de la fam\u00edlia.<\/p>\n","protected":false},"excerpt":{"rendered":"<p>Des del Serra de Miramar, sabem que per assolir un bon nivell en una llengua estrangera (angl\u00e8s\/ franc\u00e8s) el m\u00e9s important \u00e9s una immersi\u00f3 total en l&#8217;idioma que estan aprenent. Per aix\u00f2, oferim la possiblitat als alumnes de poder conviure durant una setmana amb una&hellip;  <a href=\"https:\/\/agora.xtec.cat\/insserrademiramar\/estada-dimmersio-linguistica-en-un-pais-de-parla-anglesa-francesa\/\" title=\"Read ESTADA  D\u2019IMMERSI\u00d3 LING\u00dc\u00cdSTICA EN UN PA\u00cdS DE PARLA ANGLESA\/ FRANCESA\">Llegeix m\u00e9s\u00bb<\/a><\/p>\n","protected":false},"author":4,"featured_media":0,"parent":0,"menu_order":0,"comment_status":"closed","ping_status":"closed","template":"","meta":{"_bbp_topic_count":0,"_bbp_reply_count":0,"_bbp_total_topic_count":0,"_bbp_total_reply_count":0,"_bbp_voice_count":0,"_bbp_anonymous_reply_count":0,"_bbp_topic_count_hidden":0,"_bbp_reply_count_hidden":0,"_bbp_forum_subforum_count":0,"footnotes":""},"class_list":["post-705","page","type-page","status-publish","hentry"],"post_mailing_queue_ids":[],"_links":{"self":[{"href":"https:\/\/agora.xtec.cat\/insserrademiramar\/wp-json\/wp\/v2\/pages\/705","targetHints":{"allow":["GET"]}}],"collection":[{"href":"https:\/\/agora.xtec.cat\/insserrademiramar\/wp-json\/wp\/v2\/pages"}],"about":[{"href":"https:\/\/agora.xtec.cat\/insserrademiramar\/wp-json\/wp\/v2\/types\/page"}],"author":[{"embeddable":true,"href":"https:\/\/agora.xtec.cat\/insserrademiramar\/wp-json\/wp\/v2\/users\/4"}],"replies":[{"embeddable":true,"href":"https:\/\/agora.xtec.cat\/insserrademiramar\/wp-json\/wp\/v2\/comments?post=705"}],"version-history":[{"count":1,"href":"https:\/\/agora.xtec.cat\/insserrademiramar\/wp-json\/wp\/v2\/pages\/705\/revisions"}],"predecessor-version":[{"id":706,"href":"https:\/\/agora.xtec.cat\/insserrademiramar\/wp-json\/wp\/v2\/pages\/705\/revisions\/706"}],"wp:attachment":[{"href":"https:\/\/agora.xtec.cat\/insserrademiramar\/wp-json\/wp\/v2\/media?parent=705"}],"curies":[{"name":"wp","href":"https:\/\/api.w.org\/{rel}","templated":true}]}}