{"id":645,"date":"2020-02-07T10:17:36","date_gmt":"2020-02-07T09:17:36","guid":{"rendered":"https:\/\/agora.xtec.cat\/insserrademiramar\/?page_id=645"},"modified":"2025-10-22T16:29:33","modified_gmt":"2025-10-22T14:29:33","slug":"departament-dorientacio-academica-i-professional","status":"publish","type":"page","link":"https:\/\/agora.xtec.cat\/insserrademiramar\/departament-dorientacio-academica-i-professional\/","title":{"rendered":"Departament d&#8217;orientaci\u00f3 personal, acad\u00e8mica i professional"},"content":{"rendered":"<p><strong>Servei d&#8217;orientaci\u00f3 a l&#8217;estudiant a nivell personal, acad\u00e8mic i professional<\/strong><\/p>\n<p>El servei d&#8217;orientaci\u00f3 al centre est\u00e0 pensat per tal d&#8217;acompanyar i guiar a l&#8217;alumne al llarg del seu proc\u00e9s d&#8217;aprenentatge al centre, oferint les eines necess\u00e0ries per poder construir plegats un full de ruta cap a possibles estudis o professions a l&#8217;acabar l&#8217;educaci\u00f3 secund\u00e0ria obligat\u00f2ria. Es treballen aspectes com l&#8217;autoestima acad\u00e8mica, la motivaci\u00f3, els h\u00e0bits i les t\u00e8cniques d&#8217;estudi, aix\u00ed com l&#8217;establiment d&#8217;un clima favorable per a l&#8217;aprenentatge.<\/p>\n<p>A partir de 3r es fa especial \u00e8mfasi en els itineraris formatius . Un cop a 4t s&#8217;ofereix una orientaci\u00f3 personalitzada per valorar les possibilitats que ens ofereix el sistema educatiu catal\u00e0 un cop acabada l&#8217;ESO.<\/p>\n<p>En el cas de Batxillerat es posa \u00e8mfasi en les condicions d&#8217;acc\u00e9s de les diferents carreres i les possibilitats de cada alumne d&#8217;accedir-hi en funci\u00f3 de les assignatures cursades i de les notes de tall.<\/p>\n<p>&nbsp;<\/p>\n<p><strong>Components del departament<\/strong><\/p>\n<p>Meritxell Paz Ramon<\/p>\n<p>Blanca Cortijo Sard\u00e0<\/p>\n<p>Tonet Mujal Canosa<\/p>\n<p>&nbsp;<\/p>\n<p>&nbsp;<\/p>\n<p><strong>El teu futur ens interessa<\/strong><\/p>\n<p>1.- Estudis. Preinscripci\u00f3. Orientaci\u00f3.\u00a0 \u00a0 <a href=\"http:\/\/queestudiar.gencat.cat\/ca\/estudis\/\">http:\/\/queestudiar.gencat.cat\/ca\/estudis\/\u00a0<\/a><\/p>\n<p>1.1. Tria educativa: nou web tem\u00e0tic que ofereix informaci\u00f3 als nois i noies que acaben l&#8217;ESO i han de decidir quina formaci\u00f3 s&#8217;ajusta m\u00e9s als seus interessos i a la posterior sortida laboral:\u00a0<a href=\"https:\/\/triaeducativa.gencat.cat\/ca\/inici\">https:\/\/triaeducativa.gencat.cat\/ca\/inici<\/a><\/p>\n<p>1.2.- Test Orienta&#8217;t adre\u00e7at als alumnes de 4t d&#8217;ESO: <a href=\"http:\/\/queestudiar.gencat.cat\/ca\/orientacio\/joves\/conec-interessos\/questionari-autoconeixement\/\">http:\/\/queestudiar.gencat.cat\/ca\/orientacio\/joves\/conec-interessos\/questionari-autoconeixement\/<\/a><\/p>\n<p>2.- Ponderacions: https:\/\/universitats.gencat.cat\/web\/.content\/01_acces_i_admissio\/preinscripcions\/documentacio\/Ponderacions-2026_v2.pdf<\/p>\n<p>3.- Estudis universitaris. PAU. Preinscripci\u00f3. Notes de tall i places universit\u00e0ries. &#8220;Canal Universitats&#8221;.\u00a0 <a href=\"http:\/\/universitats.gencat.cat\/ca\/inici\/\">http:\/\/universitats.gencat.cat\/ca\/inici\/<\/a><\/p>\n<p>4.- Posa&#8217;t a prova per les PAU. Test interactius autoavaluables.\u00a0 <a href=\"http:\/\/aplicacions.universitats.gencat.cat\/posat\/AppJava\/frontoffice\/;jsessionid=7ifpxJWVd6ZaVc8NNFJSg1c9K3hB3_Yjn1OYD5GWhDiQihyWC0tg!-1400774981!-764929179?0\">http:\/\/aplicacions.universitats.gencat.cat\/posat\/AppJava\/frontoffice\/;jsessionid=7ifpxJWVd6ZaVc8NNFJSg1c9K3hB3_Yjn1OYD5GWhDiQihyWC0tg!-1400774981!-764929179?0<\/a><\/p>\n<p>5.- Proves d&#8217;aptitud personal (PAP). <em>CAFE. Educaci\u00f3 infantil i Educaci\u00f3 prim\u00e0ria. Cinematografia. M\u00e0rqueting. Pilot d&#8217;aviaci\u00f3. Producci\u00f3 de m\u00fasica i so. Traducci\u00f3 i interpretaci\u00f3.<\/em>\u00a0\u00a0<a href=\"https:\/\/universitats.gencat.cat\/ca\/proves-acces-PAU-PAP\/sobre-proves-aptitud-personal\/\">https:\/\/universitats.gencat.cat\/ca\/proves-acces-PAU-PAP\/sobre-proves-aptitud-personal\/<\/a><\/p>\n<p>6.- FIRES D&#8217;INTER\u00c8S:<\/p>\n<p>6.1. Espai Estudiant de Valls, el\u00a0 de mar\u00e7 de 2026.\u00a0 \u00a0<a href=\"https:\/\/espaiestudiant.cat\/\">https:\/\/espaiestudiant.cat\/<\/a><\/p>\n<p>6.2. Sal\u00f3 de l&#8217;Ensenyament a Barcelona.\u00a0 <a href=\"https:\/\/www.ensenyament.com\/ca\/\">https:\/\/www.ensenyament.com\/ca\/<\/a><\/p>\n<p>7.- El NOU CURR\u00cdCULUM de Batxillerat : <a href=\"https:\/\/projectes.xtec.cat\/nou-curriculum\/batxillerat\/#\">https:\/\/projectes.xtec.cat\/nou-curriculum\/batxillerat\/#<\/a><\/p>\n<h5><\/h5>\n<p>&nbsp;<\/p>\n<p>&nbsp;<\/p>\n<p>&nbsp;<\/p>\n<p>&nbsp;<\/p>\n","protected":false},"excerpt":{"rendered":"<p>Servei d&#8217;orientaci\u00f3 a l&#8217;estudiant a nivell personal, acad\u00e8mic i professional<br \/>\nEl servei d&#8217;orientaci\u00f3 al centre est\u00e0 pensat per tal d&#8217;acompanyar i guiar a l&#8217;alumne al llarg del seu proc\u00e9s d&#8217;aprenentatge al centre, oferint les eines necess\u00e0ries per poder construir plegats un full de ruta cap a&hellip;  <a href=\"https:\/\/agora.xtec.cat\/insserrademiramar\/departament-dorientacio-academica-i-professional\/\" title=\"Read Departament d&#8217;orientaci\u00f3 personal, acad\u00e8mica i professional\">Llegeix m\u00e9s\u00bb<\/a><\/p>\n","protected":false},"author":1,"featured_media":0,"parent":0,"menu_order":0,"comment_status":"closed","ping_status":"closed","template":"","meta":{"_bbp_topic_count":0,"_bbp_reply_count":0,"_bbp_total_topic_count":0,"_bbp_total_reply_count":0,"_bbp_voice_count":0,"_bbp_anonymous_reply_count":0,"_bbp_topic_count_hidden":0,"_bbp_reply_count_hidden":0,"_bbp_forum_subforum_count":0,"footnotes":""},"class_list":["post-645","page","type-page","status-publish","hentry"],"post_mailing_queue_ids":[],"_links":{"self":[{"href":"https:\/\/agora.xtec.cat\/insserrademiramar\/wp-json\/wp\/v2\/pages\/645","targetHints":{"allow":["GET"]}}],"collection":[{"href":"https:\/\/agora.xtec.cat\/insserrademiramar\/wp-json\/wp\/v2\/pages"}],"about":[{"href":"https:\/\/agora.xtec.cat\/insserrademiramar\/wp-json\/wp\/v2\/types\/page"}],"author":[{"embeddable":true,"href":"https:\/\/agora.xtec.cat\/insserrademiramar\/wp-json\/wp\/v2\/users\/1"}],"replies":[{"embeddable":true,"href":"https:\/\/agora.xtec.cat\/insserrademiramar\/wp-json\/wp\/v2\/comments?post=645"}],"version-history":[{"count":6,"href":"https:\/\/agora.xtec.cat\/insserrademiramar\/wp-json\/wp\/v2\/pages\/645\/revisions"}],"predecessor-version":[{"id":3329,"href":"https:\/\/agora.xtec.cat\/insserrademiramar\/wp-json\/wp\/v2\/pages\/645\/revisions\/3329"}],"wp:attachment":[{"href":"https:\/\/agora.xtec.cat\/insserrademiramar\/wp-json\/wp\/v2\/media?parent=645"}],"curies":[{"name":"wp","href":"https:\/\/api.w.org\/{rel}","templated":true}]}}