{"id":604,"date":"2020-02-06T13:41:18","date_gmt":"2020-02-06T12:41:18","guid":{"rendered":"https:\/\/agora.xtec.cat\/insserrademiramar\/?page_id=604"},"modified":"2020-02-15T11:13:08","modified_gmt":"2020-02-15T10:13:08","slug":"batxillerat-dual-america-2","status":"publish","type":"page","link":"https:\/\/agora.xtec.cat\/insserrademiramar\/batxillerat-dual-america-2\/","title":{"rendered":"Batxillerat Dual Americ\u00e0"},"content":{"rendered":"<p>El <strong>Batxillerat Dual Americ\u00e0<\/strong> (BDA) \u00e9s una doble titulaci\u00f3 de Batxillerat que s&#8217;imparteix al nostre centre. Els alumnes cursen el batxillerat nord-americ\u00e0 durant 3 cursos (<strong>de 3r d&#8217;ESO fins a 1r de batxillerat<\/strong>).\u00a0 Aquests alumnes cursen els dos estudis alhora: estan matriculats al nostre insitut en l&#8217;horari lectiu normal de classe i ,simult\u00e0niament, cursen assignatures en una\u00a0 <em>High\u00a0School<\/em> als EUA,en el seu temps lliure, des de casa. El programa es realitza <b><i>online <\/i><\/b>\u00a0i se&#8217;ls adjudica un tutor al centre que els guiar\u00e0 en el seu proc\u00e9s d&#8217;aprenentatge i els ajudar\u00e0 en els problemes que els puguin anar trobant.<\/p>\n<p>La titulaci\u00f3 que obtenen, \u00e9s la mateixa que la d\u2019un alumne si an\u00e9s a classe als EUA. Per tant, es tracta d\u2019una experi\u00e8ncia \u00fanica d\u2019<strong>e-learning<\/strong>, que fomenta la pr\u00e0ctica de l\u2019angl\u00e8s a trav\u00e9s de la interacci\u00f3 tant amb professors dels EUA com amb alumnes internacionals. Aix\u00f2 proporciona a l\u2019estudiant\u00a0 un enriquiment en el\u00a0 desenvolupament de la seva autonomia, les seves compet\u00e8ncies, i una gesti\u00f3 del temps en la seva formaci\u00f3.<\/p>\n<div class=\"article-image-wrapper\" data-ck-asset-wrapper=\"\">\n<div class=\"article-image\"><\/div>\n<\/div>\n<ul>\n<li><strong>Immersi\u00f3 ling\u00fc\u00edstica<\/strong>: tot el programa es duu a terme en angl\u00e8s amb un contacte directe amb els professors dels EUA.<\/li>\n<li><strong>Immersi\u00f3 tecnol\u00f2gica<\/strong>: 100% online. Per tant,\u00a0 permet als alumnes treballar i desenvolupar-se en un entorn\u00a0 totalment digital.<\/li>\n<li><strong>Immersi\u00f3 personal<\/strong>: gran nivell d&#8217;autonomia, responsabilitat i maduresa en la gesti\u00f3 del temps i del treball.<\/li>\n<\/ul>\n<p><a href=\"https:\/\/agora.xtec.cat\/insserrademiramar\/wp-content\/uploads\/usu2047\/2020\/02\/Batxillerat-Dual-America\u0300.pdf\"><img loading=\"lazy\" decoding=\"async\" class=\"alignnone size-full wp-image-564\" src=\"https:\/\/agora.xtec.cat\/insserrademiramar\/wp-content\/uploads\/usu2047\/2020\/01\/logo.jpg\" alt=\"\" width=\"292\" height=\"173\" \/><\/a><\/p>\n","protected":false},"excerpt":{"rendered":"<p>El Batxillerat Dual Americ\u00e0 (BDA) \u00e9s una doble titulaci\u00f3 de Batxillerat que s&#8217;imparteix al nostre centre. Els alumnes cursen el batxillerat nord-americ\u00e0 durant 3 cursos (de 3r d&#8217;ESO fins a 1r de batxillerat).\u00a0 Aquests alumnes cursen els dos estudis alhora: estan matriculats al nostre insitut&hellip;  <a href=\"https:\/\/agora.xtec.cat\/insserrademiramar\/batxillerat-dual-america-2\/\" title=\"Read Batxillerat Dual Americ\u00e0\">Llegeix m\u00e9s\u00bb<\/a><\/p>\n","protected":false},"author":1,"featured_media":0,"parent":0,"menu_order":0,"comment_status":"closed","ping_status":"closed","template":"","meta":{"_bbp_topic_count":0,"_bbp_reply_count":0,"_bbp_total_topic_count":0,"_bbp_total_reply_count":0,"_bbp_voice_count":0,"_bbp_anonymous_reply_count":0,"_bbp_topic_count_hidden":0,"_bbp_reply_count_hidden":0,"_bbp_forum_subforum_count":0,"footnotes":""},"class_list":["post-604","page","type-page","status-publish","hentry"],"post_mailing_queue_ids":[],"_links":{"self":[{"href":"https:\/\/agora.xtec.cat\/insserrademiramar\/wp-json\/wp\/v2\/pages\/604","targetHints":{"allow":["GET"]}}],"collection":[{"href":"https:\/\/agora.xtec.cat\/insserrademiramar\/wp-json\/wp\/v2\/pages"}],"about":[{"href":"https:\/\/agora.xtec.cat\/insserrademiramar\/wp-json\/wp\/v2\/types\/page"}],"author":[{"embeddable":true,"href":"https:\/\/agora.xtec.cat\/insserrademiramar\/wp-json\/wp\/v2\/users\/1"}],"replies":[{"embeddable":true,"href":"https:\/\/agora.xtec.cat\/insserrademiramar\/wp-json\/wp\/v2\/comments?post=604"}],"version-history":[{"count":3,"href":"https:\/\/agora.xtec.cat\/insserrademiramar\/wp-json\/wp\/v2\/pages\/604\/revisions"}],"predecessor-version":[{"id":700,"href":"https:\/\/agora.xtec.cat\/insserrademiramar\/wp-json\/wp\/v2\/pages\/604\/revisions\/700"}],"wp:attachment":[{"href":"https:\/\/agora.xtec.cat\/insserrademiramar\/wp-json\/wp\/v2\/media?parent=604"}],"curies":[{"name":"wp","href":"https:\/\/api.w.org\/{rel}","templated":true}]}}