{"id":590,"date":"2020-01-28T10:07:36","date_gmt":"2020-01-28T09:07:36","guid":{"rendered":"https:\/\/agora.xtec.cat\/insserrademiramar\/?page_id=590"},"modified":"2025-10-02T10:47:53","modified_gmt":"2025-10-02T08:47:53","slug":"departament-de-llengues-estrangeres","status":"publish","type":"page","link":"https:\/\/agora.xtec.cat\/insserrademiramar\/departament-de-llengues-estrangeres\/","title":{"rendered":"Departament de lleng\u00fces estrangeres"},"content":{"rendered":"<p><strong>PROFESSORAT DEL DEPARTAMENT DE LLENG\u00dcES ESTRANGERES<\/strong><\/p>\n<p>&nbsp;<\/p>\n<p><strong>FRANC\u00c8S<\/strong><\/p>\n<p>Marta Mart\u00ednez Alemany\u00a0 (ESO, BATXIBAC, Coordinadora del 2n Cicle de l&#8217;ESO, Tutora de 1r i 2n de Batxibac)<\/p>\n<p>Marta Quejido Bosch (ESO i BATXIBAC, Coordinadora de l&#8217;Estada a l&#8217;empresa)<\/p>\n<p>M\u00edriam Batista Maym\u00fas\u00a0 (ESO, Tutora de 1r d&#8217;ESO A)<\/p>\n<p><strong>ANGL\u00c8S<\/strong><\/p>\n<p>Imma Ma\u00f1\u00e9 Palau (ESO, Coordinadora del BDA, Tutora de 3r d&#8217;ESO C)<\/p>\n<p>Pilar Ruiz de Castoviejo Alonso (ESO i BATX)<\/p>\n<p>Rosa Paula (ESO i BATX)<\/p>\n<p>S\u00edlvia Icart de Bofarull (ESO, Coordinadora 1r Cicle ESO, Tutora de 2n d&#8217;ESO B)<\/p>\n<p>Simon Jones (ESO i BATX, Cap de Departament)<\/p>\n<p>Stephanie Segarra Ariol (ESO i BATX i Coordinadora de Projectes Europeus)<\/p>\n<p>&nbsp;<\/p>\n<p><a href=\"https:\/\/agora.xtec.cat\/insserrademiramar\/departament-de-llengues-estrangeres\/programacions-didactiques\/\">PROGRAMACIONS DID\u00c0CTIQUES<\/a><\/p>\n<p><a href=\"https:\/\/agora.xtec.cat\/insserrademiramar\/estada-dimmersio-linguistica-en-un-pais-de-parla-anglesa-francesa\/\">ESTADA D\u2019IMMERSI\u00d3 LING\u00dc\u00cdSTICA EN UN PA\u00cdS DE PARLA ANGLESA\/ FRANCESA<\/a><\/p>\n<p><a href=\"https:\/\/youtu.be\/t2vIoMd9x5I\">VIATGES LING\u00dc\u00cdSTICS A FRAN\u00c7A<\/a><\/p>\n<p><a href=\"https:\/\/agora.xtec.cat\/insserrademiramar\/examens-de-cambridge\/\">EX\u00c0MENS DE CAMBRIDGE<\/a><\/p>\n<p><a href=\"https:\/\/agora.xtec.cat\/insserrademiramar\/programes-europeus\/\">PROGRAMES EUROPEUS<\/a><\/p>\n<p>AUXILIAR DE CONVERSA FRANC\u00d2FONA<\/p>\n<p>BATXILLERAT DUAL AMERIC\u00c0<\/p>\n<p>&nbsp;<\/p>\n<p>&nbsp;<\/p>\n","protected":false},"excerpt":{"rendered":"<p>PROFESSORAT DEL DEPARTAMENT DE LLENG\u00dcES ESTRANGERES<br \/>\n&nbsp;<br \/>\nFRANC\u00c8S<br \/>\nMarta Mart\u00ednez Alemany\u00a0 (ESO, BATXIBAC, Coordinadora del 2n Cicle de l&#8217;ESO, Tutora de 1r i 2n de Batxibac)<br \/>\nMarta Quejido Bosch (ESO i BATXIBAC, Coordinadora de l&#8217;Estada a l&#8217;empresa)<br \/>\nM\u00edriam Batista Maym\u00fas\u00a0 (ESO, Tutora de 1r d&#8217;ESO A)<br \/>\nANGL\u00c8S<br \/>\nImma Ma\u00f1\u00e9 Palau (ESO, Coordinadora&hellip;  <a href=\"https:\/\/agora.xtec.cat\/insserrademiramar\/departament-de-llengues-estrangeres\/\" title=\"Read Departament de lleng\u00fces estrangeres\">Llegeix m\u00e9s\u00bb<\/a><\/p>\n","protected":false},"author":5,"featured_media":0,"parent":0,"menu_order":0,"comment_status":"closed","ping_status":"closed","template":"","meta":{"_bbp_topic_count":0,"_bbp_reply_count":0,"_bbp_total_topic_count":0,"_bbp_total_reply_count":0,"_bbp_voice_count":0,"_bbp_anonymous_reply_count":0,"_bbp_topic_count_hidden":0,"_bbp_reply_count_hidden":0,"_bbp_forum_subforum_count":0,"footnotes":""},"class_list":["post-590","page","type-page","status-publish","hentry"],"post_mailing_queue_ids":[],"_links":{"self":[{"href":"https:\/\/agora.xtec.cat\/insserrademiramar\/wp-json\/wp\/v2\/pages\/590","targetHints":{"allow":["GET"]}}],"collection":[{"href":"https:\/\/agora.xtec.cat\/insserrademiramar\/wp-json\/wp\/v2\/pages"}],"about":[{"href":"https:\/\/agora.xtec.cat\/insserrademiramar\/wp-json\/wp\/v2\/types\/page"}],"author":[{"embeddable":true,"href":"https:\/\/agora.xtec.cat\/insserrademiramar\/wp-json\/wp\/v2\/users\/5"}],"replies":[{"embeddable":true,"href":"https:\/\/agora.xtec.cat\/insserrademiramar\/wp-json\/wp\/v2\/comments?post=590"}],"version-history":[{"count":6,"href":"https:\/\/agora.xtec.cat\/insserrademiramar\/wp-json\/wp\/v2\/pages\/590\/revisions"}],"predecessor-version":[{"id":3248,"href":"https:\/\/agora.xtec.cat\/insserrademiramar\/wp-json\/wp\/v2\/pages\/590\/revisions\/3248"}],"wp:attachment":[{"href":"https:\/\/agora.xtec.cat\/insserrademiramar\/wp-json\/wp\/v2\/media?parent=590"}],"curies":[{"name":"wp","href":"https:\/\/api.w.org\/{rel}","templated":true}]}}