{"id":588,"date":"2020-01-28T10:07:08","date_gmt":"2020-01-28T09:07:08","guid":{"rendered":"https:\/\/agora.xtec.cat\/insserrademiramar\/?page_id=588"},"modified":"2025-12-03T12:44:26","modified_gmt":"2025-12-03T11:44:26","slug":"departament-de-llengues","status":"publish","type":"page","link":"https:\/\/agora.xtec.cat\/insserrademiramar\/departament-de-llengues\/","title":{"rendered":"Departament de Lleng\u00fces"},"content":{"rendered":"<p><span style=\"text-decoration: underline;\"><strong>MEMBRES DEL DEPARTAMENT<\/strong><\/span><\/p>\n<ul>\n<li><strong>Llengua i cultura llatines<\/strong><\/li>\n<\/ul>\n<p>Josep Maria Mart\u00ed (ESO i BATX)<\/p>\n<p>Irene Castro (ESO i BATX)<\/p>\n<ul>\n<li><strong>Llengua catalana i literatura<\/strong><\/li>\n<\/ul>\n<p>S\u00edlvia G\u00fcell (ESO, BATX i Coordinaci\u00f3 LIC)<\/p>\n<p>Marta Oller (ESO i BATX)<\/p>\n<p>Maria Artigal (ESO i Coordinadora de Biblioteca)<\/p>\n<p>N\u00faria Lafuerza (ESO)<\/p>\n<p>Josep Maria Selva (ESO)<\/p>\n<p>Merc\u00e8 Tu\u00e0 (ESO i BATX)<\/p>\n<ul>\n<li><strong>Llengua castellana i literatura<\/strong><\/li>\n<\/ul>\n<p>Eva Rodr\u00edguez (BATX i Coordinadora ASE)<\/p>\n<p>Gala del Castillo (ESO, BATX i\u00a0 Cap de Departament)<\/p>\n<p>Roc\u00edo Ripoll\u00e9s (ESO)<\/p>\n<p>Sara Carlos (ESO)<\/p>\n<p><span style=\"text-decoration: underline;\"><strong>PROGRAMACIONS CURS 2025 &#8211; 2026<\/strong><\/span><\/p>\n<ul>\n<li><strong>Llengua catalana i literatura<\/strong><\/li>\n<\/ul>\n<p><a href=\"https:\/\/agora.xtec.cat\/insserrademiramar\/wp-content\/uploads\/usu2047\/2025\/12\/PROGRAMACIO-ANUAL-LC-1r-ESO-25-26.pdf\">1r ESO<\/a>, <a href=\"https:\/\/agora.xtec.cat\/insserrademiramar\/wp-content\/uploads\/usu2047\/2025\/12\/PROGRAMACIO-ANUAL-LC-2n-ESO-25-26.pdf\">2n ESO<\/a>, <a href=\"https:\/\/agora.xtec.cat\/insserrademiramar\/wp-content\/uploads\/usu2047\/2025\/12\/PROGRAMACIO-ANUAL-LC-3r-ESO-25-26.pdf\">3r ESO<\/a><a href=\"https:\/\/agora.xtec.cat\/insserrademiramar\/wp-content\/uploads\/usu2047\/2025\/01\/PROGRAMACIO-ANUAL-LC-3r-ESO-1.pdf\">, <\/a><a href=\"https:\/\/agora.xtec.cat\/insserrademiramar\/wp-content\/uploads\/usu2047\/2025\/12\/4-ESO-PROGRAMACIO-ANUAL-LLENGUA-CATALANA-I-LITERATURA.pdf\">4 ESO<\/a>, <a href=\"https:\/\/agora.xtec.cat\/insserrademiramar\/wp-content\/uploads\/usu2047\/2025\/12\/PROGRAMACIO-ANUAL-LC-Aula-dAcollida-25-26.pdf\">AULA D&#8217;ACOLLIDA<\/a>, <a href=\"https:\/\/agora.xtec.cat\/insserrademiramar\/wp-content\/uploads\/usu2047\/2025\/12\/PROGRAMACIO-ANUAL-LECTURA-3r-ESO-25-26.pdf\">\u00a0LECTURA 3 ESO<\/a>,\u00a0 <a href=\"https:\/\/agora.xtec.cat\/insserrademiramar\/wp-content\/uploads\/usu2047\/2025\/12\/PROGRAMACIO-ANUAL-LC-1-BAT-25-26.pdf\">1 BATX<\/a>, <a href=\"https:\/\/agora.xtec.cat\/insserrademiramar\/wp-content\/uploads\/usu2047\/2025\/12\/PROGRAMACIO-ANUAL-LC-2n-BAT-25-26.pdf\">\u00a02n BAT<\/a>, <a href=\"https:\/\/agora.xtec.cat\/insserrademiramar\/wp-content\/uploads\/usu2047\/2025\/12\/PROGRAMACIO-ANUAL-CREACIO-LITERARIA-1r-BAT.pdf\">CREACI\u00d3 LITER\u00c0RIA 1r BAT, <\/a><a href=\"https:\/\/agora.xtec.cat\/insserrademiramar\/wp-content\/uploads\/usu2047\/2025\/12\/PROGRAMACIO-ANUAL-LIT.-UNIV.-1r-BAT.pdf\">\u00a0LITERATURA UNIVERSAL 1r BAT, <\/a><a href=\"https:\/\/agora.xtec.cat\/insserrademiramar\/wp-content\/uploads\/usu2047\/2025\/12\/PROGRAMACIO-ANUAL-LIT.-CAT.-2n-BAT-25-26-1.pdf\">\u00a0LITERATURA CATALANA 2n BAT <\/a><\/p>\n<ul>\n<li><strong>Llengua castellana i literatura<\/strong><\/li>\n<\/ul>\n<p><a href=\"https:\/\/agora.xtec.cat\/insserrademiramar\/wp-content\/uploads\/usu2047\/2025\/12\/PROGRAMACIO-ANUAL-LE-1r-ESO.pdf\">1r ESO<\/a>, <a href=\"https:\/\/agora.xtec.cat\/insserrademiramar\/wp-content\/uploads\/usu2047\/2025\/12\/PROGRAMACIO-ANUAL-LE-2n-ESO.pdf\">2n ESO<\/a>, <a href=\"https:\/\/agora.xtec.cat\/insserrademiramar\/wp-content\/uploads\/usu2047\/2025\/12\/PROGRAMACIO-ANUAL-LE-3r-ESO.pdf\">3r ESO<\/a>, <a href=\"https:\/\/agora.xtec.cat\/insserrademiramar\/wp-content\/uploads\/usu2047\/2025\/12\/PROGRAMACIO-ANUAL-LE-4t-ESO-.pdf\">4t ESO<\/a>, <a href=\"https:\/\/agora.xtec.cat\/insserrademiramar\/wp-content\/uploads\/usu2047\/2025\/12\/PROGRAMACIO-ANUAL-LE-1r-BAT.pdf\">1r BAT<\/a>, <a href=\"https:\/\/agora.xtec.cat\/insserrademiramar\/wp-content\/uploads\/usu2047\/2025\/12\/PROGRAMACIO-ANUAL-LE-2n-BAT.pdf\">\u00a02n BAT<\/a>, <a href=\"https:\/\/agora.xtec.cat\/insserrademiramar\/wp-content\/uploads\/usu2047\/2025\/12\/PROGRAMACIO-ANUAL-LIT.CAST_.-2n-BAT.pdf\">LITERATURA CASTELLANA 2n BAT<\/a><\/p>\n<ul>\n<li><strong>Llengua i cultura llatines<\/strong><\/li>\n<\/ul>\n<p><a href=\"https:\/\/agora.xtec.cat\/insserrademiramar\/wp-content\/uploads\/usu2047\/2025\/12\/PROGRAMACIO-ANUAL-CULTURA-CLASICA-2n-ESO-1.pdf\">CULTURA CLASICA 2n ESO<\/a><a href=\"https:\/\/agora.xtec.cat\/insserrademiramar\/wp-content\/uploads\/usu2047\/2025\/12\/PROGRAMACIO-ANUAL-CULTURA-CLASICA-2n-ESO.pdf\">,<\/a> <a href=\"https:\/\/agora.xtec.cat\/insserrademiramar\/wp-content\/uploads\/usu2047\/2025\/12\/2025-26-PROGRAMACIO-ANUAL-LLATI-4t-ESO-1.pdf\">\u00a0LLAT\u00cd 4t ESO<\/a>, <a href=\"https:\/\/agora.xtec.cat\/insserrademiramar\/wp-content\/uploads\/usu2047\/2025\/12\/PROGRAMACIO-ANUAL-LLATI-1r-BAT-1.pdf\">\u00a0LLAT\u00cd 1r BAT<\/a>, <a href=\"https:\/\/agora.xtec.cat\/insserrademiramar\/wp-content\/uploads\/usu2047\/2025\/12\/PROGRAMACIO-ANUAL-LLATI-2n-BAT-1.pdf\">\u00a0LLAT\u00cd 2n BAT<\/a><\/p>\n<p>&nbsp;<\/p>\n<p style=\"font-family: 'Helvetica Neue', Helvetica, Helvetica, Arial, sans-serif; font-size: 16px;\"><span style=\"text-decoration: underline;\"><strong>PROJECTES<\/strong><\/span><\/p>\n<p style=\"font-family: 'Helvetica Neue', Helvetica, Helvetica, Arial, sans-serif; font-size: 16px;\">Des del curs 2023-24, el centre forma part del programa d\u2019innovaci\u00f3 pedag\u00f2gica\u00a0<strong>Recerca, Creaci\u00f3 i Servei (RCS)<\/strong>, que consisteix en la realitzaci\u00f3 de tres projectes trimestrals, un dels quals \u00e9s de l\u2019\u00e0mbit comunicatiu.<\/p>\n<p style=\"font-family: 'Helvetica Neue', Helvetica, Helvetica, Arial, sans-serif; font-size: 16px;\">El programa va destinat a tres grups de 3r d\u2019ESO, que disposen d\u2019una franja de 4 hores setmanals en la qual s\u2019elabora el projecte en col\u00b7laboraci\u00f3 amb l\u2019entitat externa i l\u2019acompanyament del professorat del centre.<\/p>\n<p style=\"font-family: 'Helvetica Neue', Helvetica, Helvetica, Arial, sans-serif; font-size: 16px;\">Les\u00a0<strong>entitats<\/strong>\u00a0amb les quals treballem aquest curs s\u00f3n les seg\u00fcents:<\/p>\n<table style=\"border-collapse: collapse; width: 100%;\">\n<tbody>\n<tr>\n<td style=\"width: 25%;\"><strong>\u00c0MBIT COMUNICATIU<\/strong><\/td>\n<td style=\"width: 25%; text-align: center;\"><strong>1r trimestre<\/strong><\/td>\n<td style=\"width: 25%; text-align: center;\"><strong>2n trimestre<\/strong><\/td>\n<td style=\"width: 25%; text-align: center;\"><strong>3r trimestre<\/strong><\/td>\n<\/tr>\n<tr>\n<td style=\"width: 25%;\"><strong>Entitat externa<\/strong><\/td>\n<td style=\"width: 25%; text-align: center;\">Betev\u00e9<\/td>\n<td style=\"width: 25%; text-align: center;\">Laboratori de Lletres<\/td>\n<td style=\"width: 25%; text-align: center;\">Biblioteca Carles Card\u00f3<\/td>\n<\/tr>\n<tr>\n<td style=\"width: 25%;\"><strong>Repte<\/strong><\/td>\n<td style=\"width: 25%; text-align: center;\">P\u00f2dcast<\/td>\n<td style=\"width: 25%; text-align: center;\">Autopublicaci\u00f3 d&#8217;un llibre<\/td>\n<td style=\"width: 25%; text-align: center;\">Bibliotr\u00e0iler<\/td>\n<\/tr>\n<\/tbody>\n<\/table>\n<p style=\"font-family: 'Helvetica Neue', Helvetica, Helvetica, Arial, sans-serif; font-size: 16px;\"><a href=\"https:\/\/agora.xtec.cat\/insserrademiramar\/avancem\/\">AVANCEM<\/a>. Tractament integral de les lleng\u00fces de centre.<\/p>\n<p>\u00a0BATX<a style=\"font-family: inherit; font-size: 1em;\" href=\"https:\/\/agora.xtec.cat\/insserrademiramar\/wp-content\/uploads\/usu2047\/2021\/04\/PHOTO-2019-04-12-11-05-59.jpg\"><img loading=\"lazy\" decoding=\"async\" class=\"alignnone size-large wp-image-1319\" src=\"https:\/\/agora.xtec.cat\/insserrademiramar\/wp-content\/uploads\/usu2047\/2021\/04\/PHOTO-2019-04-12-11-05-59-768x1024.jpg\" alt=\"\" width=\"768\" height=\"1024\" srcset=\"https:\/\/agora.xtec.cat\/insserrademiramar\/wp-content\/uploads\/usu2047\/2021\/04\/PHOTO-2019-04-12-11-05-59-768x1024.jpg 768w, https:\/\/agora.xtec.cat\/insserrademiramar\/wp-content\/uploads\/usu2047\/2021\/04\/PHOTO-2019-04-12-11-05-59-225x300.jpg 225w, https:\/\/agora.xtec.cat\/insserrademiramar\/wp-content\/uploads\/usu2047\/2021\/04\/PHOTO-2019-04-12-11-05-59.jpg 1200w\" sizes=\"auto, (max-width: 768px) 100vw, 768px\" \/><\/a><\/p>\n<p>&nbsp;<\/p>\n<p><strong>Dia Mundial de la Poesia<\/strong><\/p>\n<p><a href=\"https:\/\/agora.xtec.cat\/insserrademiramar\/wp-content\/uploads\/usu2047\/2021\/04\/PHOTO-2021-03-17-10-20-30.jpg\"><img loading=\"lazy\" decoding=\"async\" class=\"alignnone size-large wp-image-1320\" src=\"https:\/\/agora.xtec.cat\/insserrademiramar\/wp-content\/uploads\/usu2047\/2021\/04\/PHOTO-2021-03-17-10-20-30-1024x768.jpg\" alt=\"\" width=\"1024\" height=\"768\" srcset=\"https:\/\/agora.xtec.cat\/insserrademiramar\/wp-content\/uploads\/usu2047\/2021\/04\/PHOTO-2021-03-17-10-20-30.jpg 1024w, https:\/\/agora.xtec.cat\/insserrademiramar\/wp-content\/uploads\/usu2047\/2021\/04\/PHOTO-2021-03-17-10-20-30-300x225.jpg 300w, https:\/\/agora.xtec.cat\/insserrademiramar\/wp-content\/uploads\/usu2047\/2021\/04\/PHOTO-2021-03-17-10-20-30-768x576.jpg 768w, https:\/\/agora.xtec.cat\/insserrademiramar\/wp-content\/uploads\/usu2047\/2021\/04\/PHOTO-2021-03-17-10-20-30-200x150.jpg 200w\" sizes=\"auto, (max-width: 1024px) 100vw, 1024px\" \/><\/a><\/p>\n<p><a href=\"https:\/\/agora.xtec.cat\/insserrademiramar\/wp-content\/uploads\/usu2047\/2021\/04\/PHOTO-2021-03-17-10-20-29.jpg\"><img loading=\"lazy\" decoding=\"async\" class=\"alignnone size-large wp-image-1321\" src=\"https:\/\/agora.xtec.cat\/insserrademiramar\/wp-content\/uploads\/usu2047\/2021\/04\/PHOTO-2021-03-17-10-20-29-768x1024.jpg\" alt=\"\" width=\"768\" height=\"1024\" srcset=\"https:\/\/agora.xtec.cat\/insserrademiramar\/wp-content\/uploads\/usu2047\/2021\/04\/PHOTO-2021-03-17-10-20-29.jpg 768w, https:\/\/agora.xtec.cat\/insserrademiramar\/wp-content\/uploads\/usu2047\/2021\/04\/PHOTO-2021-03-17-10-20-29-225x300.jpg 225w\" sizes=\"auto, (max-width: 768px) 100vw, 768px\" \/><\/a><\/p>\n<p>&nbsp;<\/p>\n<p><strong>Treballs de Cultura cl\u00e0ssica<\/strong><\/p>\n<p><a href=\"https:\/\/agora.xtec.cat\/insserrademiramar\/wp-content\/uploads\/usu2047\/2021\/10\/A7CCE800-2A38-4C65-9363-74A9A17E98BB.png\"><img loading=\"lazy\" decoding=\"async\" class=\"alignnone size-large wp-image-1436\" src=\"https:\/\/agora.xtec.cat\/insserrademiramar\/wp-content\/uploads\/usu2047\/2021\/10\/A7CCE800-2A38-4C65-9363-74A9A17E98BB-724x1024.png\" alt=\"\" width=\"724\" height=\"1024\" srcset=\"https:\/\/agora.xtec.cat\/insserrademiramar\/wp-content\/uploads\/usu2047\/2021\/10\/A7CCE800-2A38-4C65-9363-74A9A17E98BB-724x1024.png 724w, https:\/\/agora.xtec.cat\/insserrademiramar\/wp-content\/uploads\/usu2047\/2021\/10\/A7CCE800-2A38-4C65-9363-74A9A17E98BB-212x300.png 212w, https:\/\/agora.xtec.cat\/insserrademiramar\/wp-content\/uploads\/usu2047\/2021\/10\/A7CCE800-2A38-4C65-9363-74A9A17E98BB-768x1086.png 768w, https:\/\/agora.xtec.cat\/insserrademiramar\/wp-content\/uploads\/usu2047\/2021\/10\/A7CCE800-2A38-4C65-9363-74A9A17E98BB-1086x1536.png 1086w, https:\/\/agora.xtec.cat\/insserrademiramar\/wp-content\/uploads\/usu2047\/2021\/10\/A7CCE800-2A38-4C65-9363-74A9A17E98BB.png 1414w\" sizes=\"auto, (max-width: 724px) 100vw, 724px\" \/><\/a><\/p>\n<p><a href=\"https:\/\/agora.xtec.cat\/insserrademiramar\/wp-content\/uploads\/usu2047\/2022\/05\/deus-olimpics.jpg\"><img loading=\"lazy\" decoding=\"async\" class=\"alignnone size-large wp-image-1668\" src=\"https:\/\/agora.xtec.cat\/insserrademiramar\/wp-content\/uploads\/usu2047\/2022\/05\/deus-olimpics-852x1024.jpg\" alt=\"\" width=\"852\" height=\"1024\" srcset=\"https:\/\/agora.xtec.cat\/insserrademiramar\/wp-content\/uploads\/usu2047\/2022\/05\/deus-olimpics-852x1024.jpg 852w, https:\/\/agora.xtec.cat\/insserrademiramar\/wp-content\/uploads\/usu2047\/2022\/05\/deus-olimpics-250x300.jpg 250w, https:\/\/agora.xtec.cat\/insserrademiramar\/wp-content\/uploads\/usu2047\/2022\/05\/deus-olimpics-768x923.jpg 768w, https:\/\/agora.xtec.cat\/insserrademiramar\/wp-content\/uploads\/usu2047\/2022\/05\/deus-olimpics-1279x1536.jpg 1279w, https:\/\/agora.xtec.cat\/insserrademiramar\/wp-content\/uploads\/usu2047\/2022\/05\/deus-olimpics.jpg 1321w\" sizes=\"auto, (max-width: 852px) 100vw, 852px\" \/><\/a><\/p>\n","protected":false},"excerpt":{"rendered":"<p>MEMBRES DEL DEPARTAMENT<\/p>\n<ul>\n<li>Llengua i cultura llatines<\/li>\n<\/ul>\n<p>Josep Maria Mart\u00ed (ESO i BATX)<br \/>\nIrene Castro (ESO i BATX)<\/p>\n<ul>\n<li>Llengua catalana i literatura<\/li>\n<\/ul>\n<p>S\u00edlvia G\u00fcell (ESO, BATX i Coordinaci\u00f3 LIC)<br \/>\nMarta Oller (ESO i BATX)<br \/>\nMaria Artigal (ESO i Coordinadora de Biblioteca)<br \/>\nN\u00faria Lafuerza (ESO)<br \/>\nJosep Maria Selva (ESO)<br \/>\nMerc\u00e8 Tu\u00e0 (ESO i BATX)<\/p>\n<ul>\n<li>Llengua castellana i&hellip;  <a href=\"https:\/\/agora.xtec.cat\/insserrademiramar\/departament-de-llengues\/\" title=\"Read Departament de Lleng\u00fces\">Llegeix m\u00e9s\u00bb<\/a><br \/>\n","protected":false},"author":5,"featured_media":0,"parent":0,"menu_order":0,"comment_status":"closed","ping_status":"closed","template":"","meta":{"_bbp_topic_count":0,"_bbp_reply_count":0,"_bbp_total_topic_count":0,"_bbp_total_reply_count":0,"_bbp_voice_count":0,"_bbp_anonymous_reply_count":0,"_bbp_topic_count_hidden":0,"_bbp_reply_count_hidden":0,"_bbp_forum_subforum_count":0,"footnotes":""},"class_list":["post-588","page","type-page","status-publish","hentry"],"post_mailing_queue_ids":[],"_links":{"self":[{"href":"https:\/\/agora.xtec.cat\/insserrademiramar\/wp-json\/wp\/v2\/pages\/588","targetHints":{"allow":["GET"]}}],"collection":[{"href":"https:\/\/agora.xtec.cat\/insserrademiramar\/wp-json\/wp\/v2\/pages"}],"about":[{"href":"https:\/\/agora.xtec.cat\/insserrademiramar\/wp-json\/wp\/v2\/types\/page"}],"author":[{"embeddable":true,"href":"https:\/\/agora.xtec.cat\/insserrademiramar\/wp-json\/wp\/v2\/users\/5"}],"replies":[{"embeddable":true,"href":"https:\/\/agora.xtec.cat\/insserrademiramar\/wp-json\/wp\/v2\/comments?post=588"}],"version-history":[{"count":7,"href":"https:\/\/agora.xtec.cat\/insserrademiramar\/wp-json\/wp\/v2\/pages\/588\/revisions"}],"predecessor-version":[{"id":3452,"href":"https:\/\/agora.xtec.cat\/insserrademiramar\/wp-json\/wp\/v2\/pages\/588\/revisions\/3452"}],"wp:attachment":[{"href":"https:\/\/agora.xtec.cat\/insserrademiramar\/wp-json\/wp\/v2\/media?parent=588"}],"curies":[{"name":"wp","href":"https:\/\/api.w.org\/{rel}","templated":true}]}}