{"id":582,"date":"2020-01-28T09:48:01","date_gmt":"2020-01-28T08:48:01","guid":{"rendered":"https:\/\/agora.xtec.cat\/insserrademiramar\/?page_id=582"},"modified":"2025-12-02T15:52:36","modified_gmt":"2025-12-02T14:52:36","slug":"departament-ciencies-socials","status":"publish","type":"page","link":"https:\/\/agora.xtec.cat\/insserrademiramar\/departament-ciencies-socials\/","title":{"rendered":"Departament Ci\u00e8ncies Socials"},"content":{"rendered":"<p style=\"text-align: left;\"><strong>Membres del Departament de Socials curs 2025-26<\/strong><\/p>\n<ul>\n<li><strong>Departament de Geografia i Hist\u00f2ria:<\/strong><\/li>\n<\/ul>\n<p>Francesc Xavier Bertran (ESO i Batxillerat. Tutor de 4t d&#8217;ESO C)<\/p>\n<p>Marc Juanhuix (ESO)<\/p>\n<p>Montse Papiol (ESO i Batxillerat. Directora del centre)<\/p>\n<p>Marisa Parra (ESO i Batxillerat. Cap de departament i comissi\u00f3 Erasmus Plus)<\/p>\n<p>Ramon Ripoll\u00e8s (ESO i Batxillerat. Tutor de 3r d&#8217;ESO B)<\/p>\n<ul>\n<li><strong>Seminari d&#8217;Economia:<\/strong><\/li>\n<\/ul>\n<p>Patricia Mart\u00ednez (ESO i Batxillerat)<\/p>\n<ul>\n<li><strong>Seminari de Filosofia:<\/strong><\/li>\n<\/ul>\n<p>Rafel Cabr\u00e9 (ESO i Batxillerat. Tutor de 2n de Batxillerat A)<\/p>\n<p><strong>PROJECTES<\/strong><\/p>\n<ul>\n<li>Participaci\u00f3 en projectes <em>eTwinning<\/em> a trav\u00e9s de l&#8217;optativa de 1r d&#8217;ESO <em>Discovering continents<\/em> on els alumnes treballen en llengua anglesa els principals elements geogr\u00e0fics i culturals dels diferents continents i participen en projectes europeus amb altres instituts per tal de con\u00e8ixer i compartir les caracter\u00edstiques de la cultura dels seus respectius pa\u00efsos<\/li>\n<li>Utilitzaci\u00f3 de la t\u00e8cnica del Visual<em> Thinking<\/em> per tal de treballar l&#8217;art Rom\u00e0nic i G\u00f2tic a partir de diferents imatges, fomentant el treball en grups.<\/li>\n<li>Activitats d&#8217;aprenentatge basades en metodologia CLIL en alguns dels cursos: la prehist\u00f2ria, la revoluci\u00f3 americana en angl\u00e8s mitjan\u00e7ant can\u00e7ons a 4t ESO, l&#8217;esclat de la 1a guerra mundial&#8230;<\/li>\n<li>Activitats digitals creades espec\u00edficament per a les necessitats del nostre alumnat a trav\u00e9s de diferents plataformes educatives<\/li>\n<\/ul>\n<p><strong>PROGRAMACIONS DID\u00c0CTIQUES<\/strong><\/p>\n<p>Criteris d&#8217;avaluaci\u00f3 del Departament de Ci\u00e8ncies Socials: <a href=\"https:\/\/agora.xtec.cat\/insserrademiramar\/wp-content\/uploads\/usu2047\/2025\/12\/2025-26-Criteris-avaluacio-Departament-Ciencies-Socials-3.pdf\">Criteris d&#8217;avaluaci\u00f3 2025-26<\/a><\/p>\n<p>ESO<\/p>\n<ul>\n<li>Ci\u00e8ncies Socials: <a href=\"https:\/\/agora.xtec.cat\/insserrademiramar\/wp-content\/uploads\/usu2047\/2025\/12\/Ciencies-Socials-1r-ESO-2025-26.docx-3.pdf\">1r ESO<\/a>, <a href=\"https:\/\/agora.xtec.cat\/insserrademiramar\/wp-content\/uploads\/usu2047\/2025\/12\/Ciencies-Socials-2ESO-2025-2026.docx-2.pdf\">2n ESO<\/a>, <a href=\"https:\/\/agora.xtec.cat\/insserrademiramar\/wp-content\/uploads\/usu2047\/2025\/12\/GEOGRAFIA-3r-ESO-2025-26-1-2.pdf\">3r ESO<\/a>, <a href=\"https:\/\/agora.xtec.cat\/insserrademiramar\/wp-content\/uploads\/usu2047\/2025\/12\/Ciencies-Socials-4t-ESO-2025-26-2.pdf\">4t ESO<\/a><\/li>\n<li>Filosofia: <a href=\"https:\/\/agora.xtec.cat\/insserrademiramar\/wp-content\/uploads\/usu2047\/2025\/10\/Optativa-Filosofia-4eso-2025-26.pdf\">Optativa Filosofia 4eso 2025-26<\/a><\/li>\n<li>Economia: <a href=\"https:\/\/agora.xtec.cat\/insserrademiramar\/wp-content\/uploads\/usu2047\/2025\/01\/4ESO-Programacio-Anual-ECONOMIA-BASICA-2024-25.pdf\">4t ESO<\/a><\/li>\n<\/ul>\n<p>Batxillerat<\/p>\n<ul>\n<li>Hist\u00f2ria contempor\u00e0nia: <a href=\"https:\/\/agora.xtec.cat\/insserrademiramar\/wp-content\/uploads\/usu2047\/2025\/12\/Quadre-1r-Bat-Historia-contemporania-2025-26.pdf\">1r Bat Hist\u00f2ria contempor\u00e0nia<\/a><\/li>\n<li>Filosofia: <a href=\"https:\/\/agora.xtec.cat\/insserrademiramar\/wp-content\/uploads\/usu2047\/2025\/10\/Filosofia-1r-bat-2025-26.pdf\">1r Bat Filosofia<\/a>, <a href=\"https:\/\/agora.xtec.cat\/insserrademiramar\/wp-content\/uploads\/usu2047\/2025\/10\/Historia-de-la-Filosofia-2n-bat-2025-26.pdf\">2n Bat Hist\u00f2ria de la Filosofia<\/a><\/li>\n<li>Economia: <a href=\"https:\/\/agora.xtec.cat\/insserrademiramar\/wp-content\/uploads\/usu2047\/2025\/12\/4ESO-Programacio-Anual-ECONOMIA-BASICA-2025-26.pdf\">4t ESO Economia B\u00e0sica,<\/a> <a href=\"https:\/\/agora.xtec.cat\/insserrademiramar\/wp-content\/uploads\/usu2047\/2025\/12\/1-BAT-Programacio-Anual-ECONOMIA-2025-26.pdf\">1r Bat Economia<\/a>, 1r Bat Funcionament de l&#8217;empresa, 2n Bat Funcionament de l&#8217;empresa<\/li>\n<li>Hist\u00f2ria de l&#8217;art: <a href=\"https:\/\/agora.xtec.cat\/insserrademiramar\/wp-content\/uploads\/usu2047\/2025\/12\/Historia-de-lArt-2n-Bat-2025-26.pdf\">Hist\u00f2ria de l&#8217;Art 2n Bat<\/a><\/li>\n<li>Hist\u00f2ria d&#8217;Espanya: <a href=\"https:\/\/agora.xtec.cat\/insserrademiramar\/wp-content\/uploads\/usu2047\/2025\/12\/Historia-dEspanya-2n-Batx-2025-26.pdf\">Hist\u00f2ria d&#8217;Espanya 2n Bat<\/a><\/li>\n<li>Geografia: <a href=\"https:\/\/agora.xtec.cat\/insserrademiramar\/wp-content\/uploads\/usu2047\/2025\/12\/Geografia-2n-Batxillerat-2025-26.docx.pdf\">Geografia 2n Bat<\/a><\/li>\n<\/ul>\n<p>&nbsp;<\/p>\n<p>&nbsp;<\/p>\n<p>&nbsp;<\/p>\n","protected":false},"excerpt":{"rendered":"<p>Membres del Departament de Socials curs 2025-26<\/p>\n<ul>\n<li>Departament de Geografia i Hist\u00f2ria:<\/li>\n<\/ul>\n<p>Francesc Xavier Bertran (ESO i Batxillerat. Tutor de 4t d&#8217;ESO C)<br \/>\nMarc Juanhuix (ESO)<br \/>\nMontse Papiol (ESO i Batxillerat. Directora del centre)<br \/>\nMarisa Parra (ESO i Batxillerat. Cap de departament i comissi\u00f3 Erasmus Plus)<br \/>\nRamon Ripoll\u00e8s (ESO i Batxillerat.&hellip;  <a href=\"https:\/\/agora.xtec.cat\/insserrademiramar\/departament-ciencies-socials\/\" title=\"Read Departament Ci\u00e8ncies Socials\">Llegeix m\u00e9s\u00bb<\/a><\/p>\n","protected":false},"author":5,"featured_media":0,"parent":0,"menu_order":0,"comment_status":"closed","ping_status":"closed","template":"","meta":{"_bbp_topic_count":0,"_bbp_reply_count":0,"_bbp_total_topic_count":0,"_bbp_total_reply_count":0,"_bbp_voice_count":0,"_bbp_anonymous_reply_count":0,"_bbp_topic_count_hidden":0,"_bbp_reply_count_hidden":0,"_bbp_forum_subforum_count":0,"footnotes":""},"class_list":["post-582","page","type-page","status-publish","hentry"],"post_mailing_queue_ids":[],"_links":{"self":[{"href":"https:\/\/agora.xtec.cat\/insserrademiramar\/wp-json\/wp\/v2\/pages\/582","targetHints":{"allow":["GET"]}}],"collection":[{"href":"https:\/\/agora.xtec.cat\/insserrademiramar\/wp-json\/wp\/v2\/pages"}],"about":[{"href":"https:\/\/agora.xtec.cat\/insserrademiramar\/wp-json\/wp\/v2\/types\/page"}],"author":[{"embeddable":true,"href":"https:\/\/agora.xtec.cat\/insserrademiramar\/wp-json\/wp\/v2\/users\/5"}],"replies":[{"embeddable":true,"href":"https:\/\/agora.xtec.cat\/insserrademiramar\/wp-json\/wp\/v2\/comments?post=582"}],"version-history":[{"count":6,"href":"https:\/\/agora.xtec.cat\/insserrademiramar\/wp-json\/wp\/v2\/pages\/582\/revisions"}],"predecessor-version":[{"id":3420,"href":"https:\/\/agora.xtec.cat\/insserrademiramar\/wp-json\/wp\/v2\/pages\/582\/revisions\/3420"}],"wp:attachment":[{"href":"https:\/\/agora.xtec.cat\/insserrademiramar\/wp-json\/wp\/v2\/media?parent=582"}],"curies":[{"name":"wp","href":"https:\/\/api.w.org\/{rel}","templated":true}]}}