{"id":578,"date":"2020-01-28T09:38:42","date_gmt":"2020-01-28T08:38:42","guid":{"rendered":"https:\/\/agora.xtec.cat\/insserrademiramar\/?page_id=578"},"modified":"2025-10-03T08:12:30","modified_gmt":"2025-10-03T06:12:30","slug":"departament-de-ciencies-i-tecnologia","status":"publish","type":"page","link":"https:\/\/agora.xtec.cat\/insserrademiramar\/departament-de-ciencies-i-tecnologia\/","title":{"rendered":"Departament cientificotecnol\u00f2gic"},"content":{"rendered":"<p><strong>COMPONENTS DEL DEPARTAMENT CURS 2025\/26<\/strong><\/p>\n<p><strong>Xavier Ametller<\/strong><\/p>\n<ul>\n<li>Professor de Tecnologia.<\/li>\n<li>Coordinador TIC (Tecnologies de la Informaci\u00f3 i la Comunicaci\u00f3).<\/li>\n<li>Membre de l&#8217;equip TAC (Tecnologies de l&#8217;Aprenentatge i el Coneixement).<\/li>\n<\/ul>\n<p><strong>Joan Figa<\/strong><\/p>\n<ul>\n<li>Professor de F\u00edsica i Qu\u00edmica.<\/li>\n<li>Tutor de 3r d&#8217;ESO A.<\/li>\n<li>Membre de l&#8217;Equip impulsor del Programa Recerca, Creaci\u00f3 i Servei.<\/li>\n<\/ul>\n<p><strong>Txell Fontova<\/strong><\/p>\n<ul>\n<li>Professora de Biologia i Geologia.<\/li>\n<li>Membre de l&#8217;Equip d&#8217;Escoles Verdes.<\/li>\n<\/ul>\n<p><strong>Jordi Gaya<\/strong><\/p>\n<ul>\n<li>Professor de F\u00edsica i Qu\u00edmica.<\/li>\n<li>Cap del Departament cient\u00edfico-tecnol\u00f2gic.<\/li>\n<\/ul>\n<p><strong>Sergi Gonz\u00e1lez<\/strong><\/p>\n<ul>\n<li>Professor de Tecnologia.<\/li>\n<\/ul>\n<p><strong>N\u00faria Juncosa<\/strong><\/p>\n<ul>\n<li>Professora de Tecnologia.<\/li>\n<li>Tutora de 2n d&#8217;ESO A.<\/li>\n<\/ul>\n<p><strong>Alexis Plana<\/strong><\/p>\n<ul>\n<li>Professor de Tecnologia.<\/li>\n<li>Tutor de 1r d&#8217;ESO D.<\/li>\n<li>Coordinador web.<\/li>\n<li>Membre de l&#8217;equip TAC (Tecnologies de l&#8217;Aprenentatge i el Coneixement).<\/li>\n<\/ul>\n<p><strong>Teresa Planella<\/strong><\/p>\n<ul>\n<li>Professora de Biologia i Geologia.<\/li>\n<li>Coordinadora mediambiental.<\/li>\n<li>Membre de l&#8217;Equip d&#8217;Escoles Verdes.<\/li>\n<\/ul>\n<p><strong>Oliver Polo<\/strong><\/p>\n<ul>\n<li>Professor de Biologia i Geologia.<\/li>\n<\/ul>\n<p><strong>Adri\u00e0 Puig<\/strong><\/p>\n<ul>\n<li>Professor de Biologia i Geologia.<\/li>\n<li>Membre de l&#8217;Equip d&#8217;Escoles Verdes.<\/li>\n<\/ul>\n<p><strong>Alba Traguany<\/strong><\/p>\n<ul>\n<li>Professora de F\u00edsica i Qu\u00edmica.<\/li>\n<li>Tutora de 4t d&#8217;ESO A.<\/li>\n<li>Coordinadora de Riscos Laborals.<\/li>\n<\/ul>\n<p><strong>Marta Vendrell<\/strong><\/p>\n<ul>\n<li>Professora de Tecnologia.<\/li>\n<\/ul>\n<p>&nbsp;<\/p>\n<p><strong>PROJECTES<\/strong><\/p>\n<ul>\n<li><a href=\"https:\/\/agora.xtec.cat\/insserrademiramar\/?s=recerca+creaci%C3%B3+servei\"><strong>Recerca, Creaci\u00f3 i Servei.<\/strong><\/a><\/li>\n<\/ul>\n<p style=\"text-align: left;\">Des del curs passat 2023\/24 es forma part del programa d&#8217;innovaci\u00f3 <a href=\"https:\/\/xtec.gencat.cat\/ca\/innovacio\/programes_innovacio\/educacio-secundaria-obligatoria-i-batxillerat\/programa-recerca-creacio-i-servei\/\">Recerca, Creaci\u00f3 i Servei<\/a> , que consisteix en la realitzaci\u00f3 de tres projectes trimestrals, un d&#8217;ells de l&#8217;\u00e0mbit cientificotecnol\u00f2gic. Es dur a terme a 3r d&#8217;ESO durant quatre hores lectives setmanals.<\/p>\n<ul>\n<li><strong>Educaci\u00f3 ambiental: <a href=\"https:\/\/agora.xtec.cat\/insserrademiramar\/?s=escoles+verdes\">Escoles Verdes.<\/a><\/strong><\/li>\n<\/ul>\n<p style=\"text-align: left;\">El PEC remarca la necessitat de treballar en els objectius de millorar el consum responsable i<br \/>\nel respecte a la natura i al medi urb\u00e0.<br \/>\nDes de les diverses \u00e0rees s\u2019est\u00e0 treballant en valors relacionats amb el medi ambient:<br \/>\nTecnologia en fonts naturals d\u2019energia; Educaci\u00f3 F\u00edsica en el reconeixement dels valors de<br \/>\nl\u2019entorn, i la salut; Ci\u00e8ncies Socials en problem\u00e0tiques globals; Ci\u00e8ncies Naturals en la<br \/>\nnecessitat del respecte a la natura; Tutoria els h\u00e0bits per millorar les actituds en consum i en la minimitzaci\u00f3 dels residus.<br \/>\nEs tracta d\u2019un projecte d\u2019educaci\u00f3 ambiental per tal de millorar els h\u00e0bits i valors dels alumnes<br \/>\nen relaci\u00f3 amb l\u2019entorn amb la col\u00b7laboraci\u00f3 del professorat, les fam\u00edlies i l\u2019Ajuntament.<br \/>\nEns proposem un triple objectiu: la conscienciaci\u00f3 vers la sostenibilitat, la reducci\u00f3 del<br \/>\nconsum i la minimitzaci\u00f3 de residus.<\/p>\n<p><a href=\"https:\/\/agora.xtec.cat\/insserrademiramar\/categoria\/escola-verda\/\"><img loading=\"lazy\" decoding=\"async\" class=\"alignnone wp-image-761\" src=\"https:\/\/agora.xtec.cat\/insserrademiramar\/wp-content\/uploads\/usu2047\/2020\/03\/escolaverda.jpg\" alt=\"\" width=\"170\" height=\"170\" srcset=\"https:\/\/agora.xtec.cat\/insserrademiramar\/wp-content\/uploads\/usu2047\/2020\/03\/escolaverda.jpg 225w, https:\/\/agora.xtec.cat\/insserrademiramar\/wp-content\/uploads\/usu2047\/2020\/03\/escolaverda-150x150.jpg 150w\" sizes=\"auto, (max-width: 170px) 100vw, 170px\" \/><\/a><\/p>\n<ul>\n<li><a href=\"https:\/\/agora.xtec.cat\/insserrademiramar\/robotica\/\"><strong>Rob\u00f2tica.<\/strong><\/a><\/li>\n<\/ul>\n<p>El centre compta amb una l\u00ednia de rob\u00f2tica des de primer fins a 1r de batxillerat:<\/p>\n<ul>\n<li>\u00a0A 1r d\u2019ESO s\u2019inicia amb la programaci\u00f3 amb la plataforma CODE i en la rob\u00f2tica amb els<br \/>\nrobots EV3 de LEGO.<\/li>\n<li>A 2n d\u2019ESO es continua amb les activitats de programaci\u00f3 mitjan\u00e7ant els robots EV3 i<br \/>\ns\u2019inicia la programaci\u00f3 de jocs amb la plataforma UNITY.<\/li>\n<li>A 3r d\u2019ESO es creen aplicacions de m\u00f2bil.<\/li>\n<li>A 4t d\u2019ESO es munten i programen robots.<\/li>\n<li>A 1r de BATXILLERAT s\u2019inicia el sistema operatiu Linux, i es programa amb python, php i<br \/>\nhtml, tot orientat a la intel\u00b7lig\u00e8ncia artificial.<\/li>\n<\/ul>\n<p>&#8211; Des de l\u2019extraescolar de rob\u00f2tica, es participa a la First Lego League.<br \/>\n&#8211; Organitzem la <a href=\"https:\/\/agora.xtec.cat\/insserrademiramar\/?s=fitac\">Fitac<\/a> (Fira de tecnologia de l\u2019Alt Camp).<\/p>\n<p>&nbsp;<\/p>\n<p><strong><a href=\"https:\/\/agora.xtec.cat\/insserrademiramar\/?page_id=2907&amp;preview=true\">PROGRAMACIONS ANUALS CURS 2024\/25<\/a><\/strong><\/p>\n<p>&nbsp;<\/p>\n<p>&nbsp;<\/p>\n<p>&nbsp;<\/p>\n<p>&nbsp;<\/p>\n","protected":false},"excerpt":{"rendered":"<p>COMPONENTS DEL DEPARTAMENT CURS 2025\/26<br \/>\nXavier Ametller<\/p>\n<ul>\n<li>Professor de Tecnologia.<\/li>\n<li>Coordinador TIC (Tecnologies de la Informaci\u00f3 i la Comunicaci\u00f3).<\/li>\n<li>Membre de l&#8217;equip TAC (Tecnologies de l&#8217;Aprenentatge i el Coneixement).<\/li>\n<\/ul>\n<p>Joan Figa<\/p>\n<ul>\n<li>Professor de F\u00edsica i Qu\u00edmica.<\/li>\n<li>Tutor de 3r d&#8217;ESO A.<\/li>\n<li>Membre de l&#8217;Equip impulsor del Programa Recerca, Creaci\u00f3 i Servei.<\/li>\n<\/ul>\n<p>Txell Fontova<\/p>\n<ul>\n<li>Professora de&hellip;  <a href=\"https:\/\/agora.xtec.cat\/insserrademiramar\/departament-de-ciencies-i-tecnologia\/\" title=\"Read Departament cientificotecnol\u00f2gic\">Llegeix m\u00e9s\u00bb<\/a><br \/>\n","protected":false},"author":5,"featured_media":0,"parent":0,"menu_order":0,"comment_status":"closed","ping_status":"closed","template":"","meta":{"_bbp_topic_count":0,"_bbp_reply_count":0,"_bbp_total_topic_count":0,"_bbp_total_reply_count":0,"_bbp_voice_count":0,"_bbp_anonymous_reply_count":0,"_bbp_topic_count_hidden":0,"_bbp_reply_count_hidden":0,"_bbp_forum_subforum_count":0,"footnotes":""},"class_list":["post-578","page","type-page","status-publish","hentry"],"post_mailing_queue_ids":[],"_links":{"self":[{"href":"https:\/\/agora.xtec.cat\/insserrademiramar\/wp-json\/wp\/v2\/pages\/578","targetHints":{"allow":["GET"]}}],"collection":[{"href":"https:\/\/agora.xtec.cat\/insserrademiramar\/wp-json\/wp\/v2\/pages"}],"about":[{"href":"https:\/\/agora.xtec.cat\/insserrademiramar\/wp-json\/wp\/v2\/types\/page"}],"author":[{"embeddable":true,"href":"https:\/\/agora.xtec.cat\/insserrademiramar\/wp-json\/wp\/v2\/users\/5"}],"replies":[{"embeddable":true,"href":"https:\/\/agora.xtec.cat\/insserrademiramar\/wp-json\/wp\/v2\/comments?post=578"}],"version-history":[{"count":7,"href":"https:\/\/agora.xtec.cat\/insserrademiramar\/wp-json\/wp\/v2\/pages\/578\/revisions"}],"predecessor-version":[{"id":3256,"href":"https:\/\/agora.xtec.cat\/insserrademiramar\/wp-json\/wp\/v2\/pages\/578\/revisions\/3256"}],"wp:attachment":[{"href":"https:\/\/agora.xtec.cat\/insserrademiramar\/wp-json\/wp\/v2\/media?parent=578"}],"curies":[{"name":"wp","href":"https:\/\/api.w.org\/{rel}","templated":true}]}}