{"id":542,"date":"2019-12-04T13:45:50","date_gmt":"2019-12-04T12:45:50","guid":{"rendered":"https:\/\/agora.xtec.cat\/insserrademiramar\/?page_id=542"},"modified":"2024-02-19T19:04:05","modified_gmt":"2024-02-19T18:04:05","slug":"benvinguda","status":"publish","type":"page","link":"https:\/\/agora.xtec.cat\/insserrademiramar\/benvinguda\/","title":{"rendered":"Benvinguda"},"content":{"rendered":"<p style=\"text-align: justify;\">Benvolgut-da visitant,<\/p>\n<p style=\"text-align: justify;\">Et donem la benvinguda al web de l\u2019Institut Serra de Miramar, un espai on podr\u00e0s con\u00e8ixer quins s\u00f3n els nostres trets d\u2019identitat, la metodologia ensenyament-aprenentatge que ens caracteritza, els projectes que duem a terme i l\u2019oferta educativa del centre. A m\u00e9s, hi podr\u00e0s llegir els esdeveniments m\u00e9s rellevants del dia a dia a l\u2019institut, visualitzar els nostres reportatges fotogr\u00e0fics o informar-te de les actuacions de l\u2019AMPA.<\/p>\n<p style=\"text-align: justify;\">Et recomanem que visitis els espais dels diferents departaments del centre i els espais dedicats als projectes. D\u2019aquesta manera ens podr\u00e0s con\u00e8ixer una mica m\u00e9s.<\/p>\n<p style=\"text-align: justify;\">Si vols contactar amb nosaltres, el nostre tel\u00e8fon \u00e9s el 977609150 i si ens vols con\u00e8ixer personalment et convidem a visitar-nos a la pla\u00e7a del Quarter s\/n de Valls.<\/p>\n<p style=\"text-align: justify;\">Gr\u00e0cies per visitar la nostra p\u00e0gina web.<\/p>\n<p style=\"text-align: justify;\">Montse Papiol<br \/>\nDirectora<\/p>\n","protected":false},"excerpt":{"rendered":"<p>Benvolgut-da visitant,<br \/>\nEt donem la benvinguda al web de l\u2019Institut Serra de Miramar, un espai on podr\u00e0s con\u00e8ixer quins s\u00f3n els nostres trets d\u2019identitat, la metodologia ensenyament-aprenentatge que ens caracteritza, els projectes que duem a terme i l\u2019oferta educativa del centre. A m\u00e9s, hi podr\u00e0s llegir&hellip;  <a href=\"https:\/\/agora.xtec.cat\/insserrademiramar\/benvinguda\/\" title=\"Read Benvinguda\">Llegeix m\u00e9s\u00bb<\/a><\/p>\n","protected":false},"author":1,"featured_media":0,"parent":0,"menu_order":0,"comment_status":"closed","ping_status":"closed","template":"","meta":{"_bbp_topic_count":0,"_bbp_reply_count":0,"_bbp_total_topic_count":0,"_bbp_total_reply_count":0,"_bbp_voice_count":0,"_bbp_anonymous_reply_count":0,"_bbp_topic_count_hidden":0,"_bbp_reply_count_hidden":0,"_bbp_forum_subforum_count":0,"footnotes":""},"class_list":["post-542","page","type-page","status-publish","hentry"],"post_mailing_queue_ids":[],"_links":{"self":[{"href":"https:\/\/agora.xtec.cat\/insserrademiramar\/wp-json\/wp\/v2\/pages\/542","targetHints":{"allow":["GET"]}}],"collection":[{"href":"https:\/\/agora.xtec.cat\/insserrademiramar\/wp-json\/wp\/v2\/pages"}],"about":[{"href":"https:\/\/agora.xtec.cat\/insserrademiramar\/wp-json\/wp\/v2\/types\/page"}],"author":[{"embeddable":true,"href":"https:\/\/agora.xtec.cat\/insserrademiramar\/wp-json\/wp\/v2\/users\/1"}],"replies":[{"embeddable":true,"href":"https:\/\/agora.xtec.cat\/insserrademiramar\/wp-json\/wp\/v2\/comments?post=542"}],"version-history":[{"count":3,"href":"https:\/\/agora.xtec.cat\/insserrademiramar\/wp-json\/wp\/v2\/pages\/542\/revisions"}],"predecessor-version":[{"id":2388,"href":"https:\/\/agora.xtec.cat\/insserrademiramar\/wp-json\/wp\/v2\/pages\/542\/revisions\/2388"}],"wp:attachment":[{"href":"https:\/\/agora.xtec.cat\/insserrademiramar\/wp-json\/wp\/v2\/media?parent=542"}],"curies":[{"name":"wp","href":"https:\/\/api.w.org\/{rel}","templated":true}]}}