{"id":46,"date":"2014-09-17T16:53:45","date_gmt":"2014-09-17T16:53:45","guid":{"rendered":"http:\/\/agora.xtec.cat\/insserrademiramar\/?page_id=46"},"modified":"2025-11-17T19:27:56","modified_gmt":"2025-11-17T18:27:56","slug":"organigrama","status":"publish","type":"page","link":"https:\/\/agora.xtec.cat\/insserrademiramar\/linstitut\/organigrama\/","title":{"rendered":"Organigrama"},"content":{"rendered":"<p><strong>EQUIP DIRECTIU\u00a0 \u00a0 \u00a0 \u00a0 \u00a0 \u00a0 \u00a0 \u00a0 \u00a0 \u00a0 \u00a0 \u00a0 \u00a0 \u00a0 \u00a0 \u00a0 \u00a0 \u00a0 \u00a0 \u00a0 \u00a0 \u00a0 \u00a0 \u00a0 \u00a0 \u00a0 \u00a0 \u00a0 \u00a0 \u00a0 \u00a0 \u00a0 \u00a0 \u00a0 \u00a0 \u00a0 \u00a0 \u00a0 \u00a0\u00a0<\/strong><\/p>\n<ul>\n<li>Directora: Montse Papiol<\/li>\n<li>Secret\u00e0ria: Hilda Calbet<\/li>\n<li>Cap d\u2019Estudis: Andreu Ruiz<\/li>\n<li>Coordinador Pedag\u00f2gic: Tonet Mujal<\/li>\n<\/ul>\n<p><strong>COORDINADORS<\/strong><\/p>\n<ul>\n<li>Coordinadora de 1r cicle: S\u00edlvia Icart<\/li>\n<li>Coordinadora de 2n cicle: Marta Mart\u00ednez<\/li>\n<li>Coordinador de batxillerat: Gustau Mu\u00f1oz<\/li>\n<li>Prevenci\u00f3 de riscos laborals: Alba Traguany<\/li>\n<li>Coordinadora LIC: S\u00edlvia G\u00fcell<\/li>\n<li>Coordinador TIC: Xavi Ametller<\/li>\n<li>Coordinador web i moodle: Alexis Plana<\/li>\n<li>Activitats i Serveis Escolars: Eva Rodr\u00edguez<\/li>\n<li>Coordinador coeducaci\u00f3: Meritxell Paz<\/li>\n<li>Coordinadora biblioteca: Maria Artigal<\/li>\n<\/ul>\n<p><strong>CAPS DE DEPARTAMENT<\/strong><\/p>\n<ul>\n<li>Departament de lleng\u00fces estrangeres : Simon Jones<\/li>\n<li>Departament de lleng\u00fces: Gala del Castillo<\/li>\n<li>Departament de matem\u00e0tiques: Eugenia Torres<\/li>\n<li>Departament cient\u00edfic-tecnol\u00f2gic: Jordi Gaya<\/li>\n<li>Departament d&#8217;expressi\u00f3: N\u00faria Gonz\u00e1lez<\/li>\n<li>Departament de ci\u00e8ncies socials: Marisa Parra<\/li>\n<li>Departament d&#8217;orientaci\u00f3: Antoni Mujal<\/li>\n<\/ul>\n<p><strong>TUTORIES<\/strong><\/p>\n<ul>\n<li>1A: M\u00edriam Batista<\/li>\n<li>1B: Meritxell Paz<\/li>\n<li>1C: Joan Ferrando<\/li>\n<li>1D: Alexis Plana<\/li>\n<li>2A: N\u00faria Juncosa<\/li>\n<li>2B: S\u00edlvia Icart<\/li>\n<li>2C: Marta Oller<\/li>\n<li>3A: Joan Figa<\/li>\n<li>3B: Ramon Ripoll\u00e8s<\/li>\n<li>3C: Imma Ma\u00f1\u00e9<\/li>\n<li>3D\u00a0 Maria Artigal<\/li>\n<li>4A: Alba Traguany<\/li>\n<li>4B: Sara Carlos<\/li>\n<li>4C: Xavi Bertran<\/li>\n<li>4D\u00a0 Albert Ribas<\/li>\n<li>1BAT A :Judit Boronat<\/li>\n<li>1BAT B: Merc\u00e8 Tu\u00e0<\/li>\n<li>2BAT A\u00a0 Rafel Cabr\u00e9<\/li>\n<li>2BAT B: Eva Rodriguez<\/li>\n<li>1r i 2n BATXIBAC Marta Mart\u00ednez<\/li>\n<\/ul>\n","protected":false},"excerpt":{"rendered":"<p>EQUIP DIRECTIU\u00a0 \u00a0 \u00a0 \u00a0 \u00a0 \u00a0 \u00a0 \u00a0 \u00a0 \u00a0 \u00a0 \u00a0 \u00a0 \u00a0 \u00a0 \u00a0 \u00a0 \u00a0 \u00a0 \u00a0 \u00a0 \u00a0 \u00a0 \u00a0 \u00a0 \u00a0 \u00a0 \u00a0 \u00a0 \u00a0 \u00a0 \u00a0 \u00a0 \u00a0 \u00a0 \u00a0 \u00a0 \u00a0 \u00a0\u00a0<\/p>\n<ul>\n<li>Directora: Montse Papiol<\/li>\n<li>Secret\u00e0ria: Hilda Calbet<\/li>\n<li>Cap d\u2019Estudis:&hellip;  <a href=\"https:\/\/agora.xtec.cat\/insserrademiramar\/linstitut\/organigrama\/\" title=\"Read Organigrama\">Llegeix m\u00e9s\u00bb<\/a><br \/>\n","protected":false},"author":1,"featured_media":0,"parent":19,"menu_order":50,"comment_status":"closed","ping_status":"closed","template":"page-templates\/side-menu.php","meta":{"_bbp_topic_count":0,"_bbp_reply_count":0,"_bbp_total_topic_count":0,"_bbp_total_reply_count":0,"_bbp_voice_count":0,"_bbp_anonymous_reply_count":0,"_bbp_topic_count_hidden":0,"_bbp_reply_count_hidden":0,"_bbp_forum_subforum_count":0,"footnotes":""},"class_list":["post-46","page","type-page","status-publish","hentry"],"post_mailing_queue_ids":[],"_links":{"self":[{"href":"https:\/\/agora.xtec.cat\/insserrademiramar\/wp-json\/wp\/v2\/pages\/46","targetHints":{"allow":["GET"]}}],"collection":[{"href":"https:\/\/agora.xtec.cat\/insserrademiramar\/wp-json\/wp\/v2\/pages"}],"about":[{"href":"https:\/\/agora.xtec.cat\/insserrademiramar\/wp-json\/wp\/v2\/types\/page"}],"author":[{"embeddable":true,"href":"https:\/\/agora.xtec.cat\/insserrademiramar\/wp-json\/wp\/v2\/users\/1"}],"replies":[{"embeddable":true,"href":"https:\/\/agora.xtec.cat\/insserrademiramar\/wp-json\/wp\/v2\/comments?post=46"}],"version-history":[{"count":5,"href":"https:\/\/agora.xtec.cat\/insserrademiramar\/wp-json\/wp\/v2\/pages\/46\/revisions"}],"predecessor-version":[{"id":3375,"href":"https:\/\/agora.xtec.cat\/insserrademiramar\/wp-json\/wp\/v2\/pages\/46\/revisions\/3375"}],"up":[{"embeddable":true,"href":"https:\/\/agora.xtec.cat\/insserrademiramar\/wp-json\/wp\/v2\/pages\/19"}],"wp:attachment":[{"href":"https:\/\/agora.xtec.cat\/insserrademiramar\/wp-json\/wp\/v2\/media?parent=46"}],"curies":[{"name":"wp","href":"https:\/\/api.w.org\/{rel}","templated":true}]}}