{"id":3212,"date":"2025-07-08T12:44:48","date_gmt":"2025-07-08T10:44:48","guid":{"rendered":"https:\/\/agora.xtec.cat\/insserrademiramar\/?page_id=3212"},"modified":"2025-07-08T12:44:48","modified_gmt":"2025-07-08T10:44:48","slug":"practiques-del-master-universitari-de-formacio-del-professorat-mufps","status":"publish","type":"page","link":"https:\/\/agora.xtec.cat\/insserrademiramar\/practiques-del-master-universitari-de-formacio-del-professorat-mufps\/","title":{"rendered":"Pr\u00e0ctiques del M\u00e0ster Universitari de Formaci\u00f3 del Professorat (MUFPS)"},"content":{"rendered":"<p style=\"text-align: justify;\"><img decoding=\"async\" class=\"sFlh5c FyHeAf iPVvYb\" src=\"https:\/\/projectes.xtec.cat\/centresformadors\/wp-content\/uploads\/usu1341\/2020\/12\/LogoCF.png\" alt=\"centres formadors | Centres Formadors\" \/><\/p>\n<p style=\"text-align: justify;\">Des del curs 2022-23, l\u2019Institut Serra de Miramar forma part del programa d\u2019innovaci\u00f3 pedag\u00f2gica MUFPS.<br \/>\nAquest programa es fonamenta en donar valor als centres per formar en l\u2019exercici de la formaci\u00f3 docent inicial. Ajuda a professionalitzar la tasca d\u2019acompanyament dels mentors. Fa que l\u2019estudiant participi de manera activa en el projecte educatiu del centre.<br \/>\nI per \u00faltim promou la col\u00b7laboraci\u00f3 entre el centre formatiu i la universitat de proced\u00e8ncia de l\u2019estudiant.<br \/>\nEl centre compta amb un equip impulsor format i que ha format a la resta del claustre per acollir als nous docents.<\/p>\n","protected":false},"excerpt":{"rendered":"<p>Des del curs 2022-23, l\u2019Institut Serra de Miramar forma part del programa d\u2019innovaci\u00f3 pedag\u00f2gica MUFPS.<br \/>\nAquest programa es fonamenta en donar valor als centres per formar en l\u2019exercici de la formaci\u00f3 docent inicial. Ajuda a professionalitzar la tasca d\u2019acompanyament dels mentors. Fa que l\u2019estudiant participi de&hellip;  <a href=\"https:\/\/agora.xtec.cat\/insserrademiramar\/practiques-del-master-universitari-de-formacio-del-professorat-mufps\/\" title=\"Read Pr\u00e0ctiques del M\u00e0ster Universitari de Formaci\u00f3 del Professorat (MUFPS)\">Llegeix m\u00e9s\u00bb<\/a><\/p>\n","protected":false},"author":1,"featured_media":0,"parent":0,"menu_order":0,"comment_status":"closed","ping_status":"closed","template":"","meta":{"_bbp_topic_count":0,"_bbp_reply_count":0,"_bbp_total_topic_count":0,"_bbp_total_reply_count":0,"_bbp_voice_count":0,"_bbp_anonymous_reply_count":0,"_bbp_topic_count_hidden":0,"_bbp_reply_count_hidden":0,"_bbp_forum_subforum_count":0,"footnotes":""},"class_list":["post-3212","page","type-page","status-publish","hentry"],"post_mailing_queue_ids":[],"_links":{"self":[{"href":"https:\/\/agora.xtec.cat\/insserrademiramar\/wp-json\/wp\/v2\/pages\/3212","targetHints":{"allow":["GET"]}}],"collection":[{"href":"https:\/\/agora.xtec.cat\/insserrademiramar\/wp-json\/wp\/v2\/pages"}],"about":[{"href":"https:\/\/agora.xtec.cat\/insserrademiramar\/wp-json\/wp\/v2\/types\/page"}],"author":[{"embeddable":true,"href":"https:\/\/agora.xtec.cat\/insserrademiramar\/wp-json\/wp\/v2\/users\/1"}],"replies":[{"embeddable":true,"href":"https:\/\/agora.xtec.cat\/insserrademiramar\/wp-json\/wp\/v2\/comments?post=3212"}],"version-history":[{"count":1,"href":"https:\/\/agora.xtec.cat\/insserrademiramar\/wp-json\/wp\/v2\/pages\/3212\/revisions"}],"predecessor-version":[{"id":3213,"href":"https:\/\/agora.xtec.cat\/insserrademiramar\/wp-json\/wp\/v2\/pages\/3212\/revisions\/3213"}],"wp:attachment":[{"href":"https:\/\/agora.xtec.cat\/insserrademiramar\/wp-json\/wp\/v2\/media?parent=3212"}],"curies":[{"name":"wp","href":"https:\/\/api.w.org\/{rel}","templated":true}]}}