{"id":2989,"date":"2025-02-20T22:20:29","date_gmt":"2025-02-20T21:20:29","guid":{"rendered":"https:\/\/agora.xtec.cat\/insserrademiramar\/?page_id=2989"},"modified":"2025-02-20T22:20:29","modified_gmt":"2025-02-20T21:20:29","slug":"la-nostra-historia","status":"publish","type":"page","link":"https:\/\/agora.xtec.cat\/insserrademiramar\/la-nostra-historia\/","title":{"rendered":"La nostra hist\u00f2ria"},"content":{"rendered":"<p style=\"text-align: justify;\">El mes de setembre de 2007 obrim portes a Valls amb el repte de construir un nou projecte educatiu per la ciutat i la comarca, on la innovaci\u00f3, l\u2019esfor\u00e7 i el tracte personalitzat faci que l\u2019alumnat aconsegueixi l\u2019\u00e8xit personal i acad\u00e8mic.<\/p>\n<p style=\"text-align: justify;\">El 7 d\u2019abril de 2008 s\u2019aprova en consell escolar el nom del centre: Institut Serra de Miramar. Aquesta serra \u00e9s un referent per als vallencs i vallenques. Fer un cim suposa un esfor\u00e7 i una recompensa igual que passa amb l\u2019educaci\u00f3.<\/p>\n<p style=\"text-align: justify;\">De mica en mica anem creixent i el curs 2013-14, del Departament d\u2019Ensenyament autoritza una l\u00ednia dels estudis de batxillerat de les modalitats cient\u00edfic-tecnol\u00f2gic i human\u00edstic i social. La no massificaci\u00f3 de l\u2019alumnat, l\u2019equip docent i l\u2019orientaci\u00f3 acad\u00e8mica fa que treballem per aconseguir que els i les joves puguin accedir als estudis superiors que desitgin amb \u00e8xit i escollir la millor sortida professional .<\/p>\n<p style=\"text-align: justify;\">L\u2019any 2015 l\u2019institut canvia el seu empla\u00e7ament i es trasllada al centre de la ciutat, ocupant l\u2019edifici de l\u2019antic quarter militar situat a la pla\u00e7a del mateix nom. L\u2019edifici es va adaptar a l\u2019\u00fas educatiu a partir de 1941. Ha sigut la seu de l\u2019Escola del Treball, de l\u2019institut Narc\u00eds Oller, de l\u2019escola Enxaneta i actualment del Serra.<\/p>\n<p style=\"text-align: justify;\">Al mes de setembre de 2016 el centre \u00e9s autoritzat a impartir els estudis de Batxillerat i Baccalaur\u00e9at, doble titulaci\u00f3 que permet obtenir el batxillerat de l\u2019estat espanyol i del franc\u00e8s i amplia el coneixement de la llengua francesa i la possibilitat d\u2019acc\u00e9s a les universitats dels dos pa\u00efsos.<\/p>\n<p style=\"text-align: justify;\">Actualment, el centre compta amb tres l\u00ednies a l\u2019ESO i dues al Batxillerat (una del cient\u00edfic-tecnol\u00f2gic i un altre de l\u2019human\u00edstic i social).<\/p>\n<p>Us convidem a venir a con\u00e8ixer el centre i el projecte.<\/p>\n","protected":false},"excerpt":{"rendered":"<p>El mes de setembre de 2007 obrim portes a Valls amb el repte de construir un nou projecte educatiu per la ciutat i la comarca, on la innovaci\u00f3, l\u2019esfor\u00e7 i el tracte personalitzat faci que l\u2019alumnat aconsegueixi l\u2019\u00e8xit personal i acad\u00e8mic.<br \/>\nEl 7 d\u2019abril de 2008&hellip;  <a href=\"https:\/\/agora.xtec.cat\/insserrademiramar\/la-nostra-historia\/\" title=\"Read La nostra hist\u00f2ria\">Llegeix m\u00e9s\u00bb<\/a><\/p>\n","protected":false},"author":1,"featured_media":0,"parent":0,"menu_order":0,"comment_status":"closed","ping_status":"closed","template":"","meta":{"_bbp_topic_count":0,"_bbp_reply_count":0,"_bbp_total_topic_count":0,"_bbp_total_reply_count":0,"_bbp_voice_count":0,"_bbp_anonymous_reply_count":0,"_bbp_topic_count_hidden":0,"_bbp_reply_count_hidden":0,"_bbp_forum_subforum_count":0,"footnotes":""},"class_list":["post-2989","page","type-page","status-publish","hentry"],"post_mailing_queue_ids":[],"_links":{"self":[{"href":"https:\/\/agora.xtec.cat\/insserrademiramar\/wp-json\/wp\/v2\/pages\/2989","targetHints":{"allow":["GET"]}}],"collection":[{"href":"https:\/\/agora.xtec.cat\/insserrademiramar\/wp-json\/wp\/v2\/pages"}],"about":[{"href":"https:\/\/agora.xtec.cat\/insserrademiramar\/wp-json\/wp\/v2\/types\/page"}],"author":[{"embeddable":true,"href":"https:\/\/agora.xtec.cat\/insserrademiramar\/wp-json\/wp\/v2\/users\/1"}],"replies":[{"embeddable":true,"href":"https:\/\/agora.xtec.cat\/insserrademiramar\/wp-json\/wp\/v2\/comments?post=2989"}],"version-history":[{"count":1,"href":"https:\/\/agora.xtec.cat\/insserrademiramar\/wp-json\/wp\/v2\/pages\/2989\/revisions"}],"predecessor-version":[{"id":2990,"href":"https:\/\/agora.xtec.cat\/insserrademiramar\/wp-json\/wp\/v2\/pages\/2989\/revisions\/2990"}],"wp:attachment":[{"href":"https:\/\/agora.xtec.cat\/insserrademiramar\/wp-json\/wp\/v2\/media?parent=2989"}],"curies":[{"name":"wp","href":"https:\/\/api.w.org\/{rel}","templated":true}]}}