{"id":2966,"date":"2025-02-19T13:57:47","date_gmt":"2025-02-19T12:57:47","guid":{"rendered":"https:\/\/agora.xtec.cat\/insserrademiramar\/?page_id=2966"},"modified":"2025-02-20T06:48:37","modified_gmt":"2025-02-20T05:48:37","slug":"recerca-creacio-i-servei","status":"publish","type":"page","link":"https:\/\/agora.xtec.cat\/insserrademiramar\/recerca-creacio-i-servei\/","title":{"rendered":"Recerca Creaci\u00f3 i Servei"},"content":{"rendered":"<p><a href=\"https:\/\/agora.xtec.cat\/insserrademiramar\/wp-content\/uploads\/usu2047\/2025\/02\/capRCS.jpg\"><img loading=\"lazy\" decoding=\"async\" class=\"aligncenter size-full wp-image-2968\" src=\"https:\/\/agora.xtec.cat\/insserrademiramar\/wp-content\/uploads\/usu2047\/2025\/02\/capRCS.jpg\" alt=\"\" width=\"1147\" height=\"193\" srcset=\"https:\/\/agora.xtec.cat\/insserrademiramar\/wp-content\/uploads\/usu2047\/2025\/02\/capRCS.jpg 1147w, https:\/\/agora.xtec.cat\/insserrademiramar\/wp-content\/uploads\/usu2047\/2025\/02\/capRCS-300x50.jpg 300w, https:\/\/agora.xtec.cat\/insserrademiramar\/wp-content\/uploads\/usu2047\/2025\/02\/capRCS-1024x172.jpg 1024w, https:\/\/agora.xtec.cat\/insserrademiramar\/wp-content\/uploads\/usu2047\/2025\/02\/capRCS-768x129.jpg 768w\" sizes=\"auto, (max-width: 1147px) 100vw, 1147px\" \/><\/a><\/p>\n<p style=\"text-align: justify;\">Des del curs 2023-24, l\u2019Institut Serra de Miramar forma part del programa d\u2019innovaci\u00f3 pedag\u00f2gica Recerca, Creaci\u00f3 i Servei (RCS).<\/p>\n<p style=\"text-align: justify;\">Aquest programa es fonamenta en el plantejament de reptes a l\u2019alumnat de 3r d\u2019ESO per part d\u2019entitats socials procedents de l\u2019entorn dels centres educatius, com ara associacions de ve\u00efns i ve\u00efnes, museus, ONGs, etc.<\/p>\n<p style=\"text-align: justify;\">L\u2019objectiu \u00e9s generar entorns d\u2019aprenentatge que incloguin tasques aut\u00e8ntiques i reals, que transfereixin el poder de decisi\u00f3 i execuci\u00f3 a l\u2019alumnat, per tal de promoure aprenentatges amb sentit i valor personal, i fomentar l\u2019inter\u00e8s dels joves en all\u00f2 que passa al seu entorn, des d\u2019una perspectiva cr\u00edtica i amb capacitat de comprom\u00eds i intervenci\u00f3.<\/p>\n<p style=\"text-align: justify;\">El programa va destinat a tres grups de 3r d\u2019ESO, que disposen d\u2019una franja de 4 hores setmanals en la qual s\u2019elabora el projecte en col\u00b7laboraci\u00f3 amb l\u2019entitat externa i l\u2019acompanyament del professorat del centre.<\/p>\n<p>Les entitats amb les quals treballem aquest curs s\u00f3n les seg\u00fcents:<\/p>\n<p><a href=\"https:\/\/agora.xtec.cat\/insserrademiramar\/wp-content\/uploads\/usu2047\/2025\/02\/taulaRCS2.jpg\"><img loading=\"lazy\" decoding=\"async\" class=\"aligncenter size-large wp-image-2986\" src=\"https:\/\/agora.xtec.cat\/insserrademiramar\/wp-content\/uploads\/usu2047\/2025\/02\/taulaRCS2-1024x392.jpg\" alt=\"\" width=\"1024\" height=\"392\" srcset=\"https:\/\/agora.xtec.cat\/insserrademiramar\/wp-content\/uploads\/usu2047\/2025\/02\/taulaRCS2-1024x392.jpg 1024w, https:\/\/agora.xtec.cat\/insserrademiramar\/wp-content\/uploads\/usu2047\/2025\/02\/taulaRCS2-300x115.jpg 300w, https:\/\/agora.xtec.cat\/insserrademiramar\/wp-content\/uploads\/usu2047\/2025\/02\/taulaRCS2-768x294.jpg 768w, https:\/\/agora.xtec.cat\/insserrademiramar\/wp-content\/uploads\/usu2047\/2025\/02\/taulaRCS2.jpg 1147w\" sizes=\"auto, (max-width: 1024px) 100vw, 1024px\" \/><\/a><\/p>\n","protected":false},"excerpt":{"rendered":"<p><a href=\"https:\/\/agora.xtec.cat\/insserrademiramar\/wp-content\/uploads\/usu2047\/2025\/02\/capRCS.jpg\"><\/a><br \/>\nDes del curs 2023-24, l\u2019Institut Serra de Miramar forma part del programa d\u2019innovaci\u00f3 pedag\u00f2gica Recerca, Creaci\u00f3 i Servei (RCS).<br \/>\nAquest programa es fonamenta en el plantejament de reptes a l\u2019alumnat de 3r d\u2019ESO per part d\u2019entitats socials procedents de l\u2019entorn dels centres educatius, com ara&hellip;  <a href=\"https:\/\/agora.xtec.cat\/insserrademiramar\/recerca-creacio-i-servei\/\" title=\"Read Recerca Creaci\u00f3 i Servei\">Llegeix m\u00e9s\u00bb<\/a><\/p>\n","protected":false},"author":1,"featured_media":0,"parent":0,"menu_order":0,"comment_status":"closed","ping_status":"closed","template":"","meta":{"_bbp_topic_count":0,"_bbp_reply_count":0,"_bbp_total_topic_count":0,"_bbp_total_reply_count":0,"_bbp_voice_count":0,"_bbp_anonymous_reply_count":0,"_bbp_topic_count_hidden":0,"_bbp_reply_count_hidden":0,"_bbp_forum_subforum_count":0,"footnotes":""},"class_list":["post-2966","page","type-page","status-publish","hentry"],"post_mailing_queue_ids":[],"_links":{"self":[{"href":"https:\/\/agora.xtec.cat\/insserrademiramar\/wp-json\/wp\/v2\/pages\/2966","targetHints":{"allow":["GET"]}}],"collection":[{"href":"https:\/\/agora.xtec.cat\/insserrademiramar\/wp-json\/wp\/v2\/pages"}],"about":[{"href":"https:\/\/agora.xtec.cat\/insserrademiramar\/wp-json\/wp\/v2\/types\/page"}],"author":[{"embeddable":true,"href":"https:\/\/agora.xtec.cat\/insserrademiramar\/wp-json\/wp\/v2\/users\/1"}],"replies":[{"embeddable":true,"href":"https:\/\/agora.xtec.cat\/insserrademiramar\/wp-json\/wp\/v2\/comments?post=2966"}],"version-history":[{"count":2,"href":"https:\/\/agora.xtec.cat\/insserrademiramar\/wp-json\/wp\/v2\/pages\/2966\/revisions"}],"predecessor-version":[{"id":2987,"href":"https:\/\/agora.xtec.cat\/insserrademiramar\/wp-json\/wp\/v2\/pages\/2966\/revisions\/2987"}],"wp:attachment":[{"href":"https:\/\/agora.xtec.cat\/insserrademiramar\/wp-json\/wp\/v2\/media?parent=2966"}],"curies":[{"name":"wp","href":"https:\/\/api.w.org\/{rel}","templated":true}]}}