{"id":2678,"date":"2024-10-28T11:27:10","date_gmt":"2024-10-28T10:27:10","guid":{"rendered":"https:\/\/agora.xtec.cat\/insserrademiramar\/?page_id=2678"},"modified":"2025-11-19T20:09:05","modified_gmt":"2025-11-19T19:09:05","slug":"programacions-curs-2025-26","status":"publish","type":"page","link":"https:\/\/agora.xtec.cat\/insserrademiramar\/programacions-curs-2025-26\/","title":{"rendered":"Programacions curs 2025-26"},"content":{"rendered":"<p><a href=\"https:\/\/agora.xtec.cat\/insserrademiramar\/wp-content\/uploads\/usu2047\/2025\/10\/1ESO-Programacio-anual-Matematiques-per-competencies-2025-26.pdf\">1ESO Programaci\u00f3 anual Matem\u00e0tiques per compet\u00e8ncies 2025-26<\/a><\/p>\n<p><a href=\"https:\/\/agora.xtec.cat\/insserrademiramar\/wp-content\/uploads\/usu2047\/2025\/10\/2ESO-Programacio-anual-Matematiques-per-competencies-2025-26.pdf\">2ESO Programaci\u00f3 anual Matem\u00e0tiques per compet\u00e8ncies 2025-26<\/a><\/p>\n<p><a href=\"https:\/\/agora.xtec.cat\/insserrademiramar\/wp-content\/uploads\/usu2047\/2025\/10\/3ESO-Programacio-anual-Matematiques-per-competencies-2025-26.pdf\">3ESO Programaci\u00f3 anual Matem\u00e0tiques per compet\u00e8ncies 2025-26<\/a><\/p>\n<p><a href=\"https:\/\/agora.xtec.cat\/insserrademiramar\/wp-content\/uploads\/usu2047\/2025\/10\/4ESO-Programacio-anual-Matematiques-per-competencies-2025-26.pdf\">4ESO Programaci\u00f3 anual Matem\u00e0tiques per compet\u00e8ncies 2025-26<\/a><\/p>\n<p><a href=\"https:\/\/agora.xtec.cat\/insserrademiramar\/wp-content\/uploads\/usu2047\/2025\/11\/1BAT-Programacio-anual-Matematiques-Aplicades-a-les-CCSS-per-competencies-2025-26.pdf\">1BAT Programaci\u00f3 anual Matem\u00e0tiques Aplicades a les CCSS per compet\u00e8ncies 2025-26<\/a><\/p>\n<p><a href=\"https:\/\/agora.xtec.cat\/insserrademiramar\/wp-content\/uploads\/usu2047\/2025\/11\/1BAT-Programacio-anual-Matematiques-per-competencies-2025-26.pdf\">1BAT Programaci\u00f3 anual Matem\u00e0tiques per compet\u00e8ncies 2025-26<\/a><\/p>\n<p><a href=\"https:\/\/agora.xtec.cat\/insserrademiramar\/wp-content\/uploads\/usu2047\/2025\/11\/1BAT-Programacio-anual-OPTATIVA-Matematiques-Aplicades-per-competencies-2025-26.pdf\">1BAT Programaci\u00f3 anual OPTATIVA Matem\u00e0tiques Aplicades per compet\u00e8ncies 2025-26<\/a><\/p>\n<p><a href=\"https:\/\/agora.xtec.cat\/insserrademiramar\/wp-content\/uploads\/usu2047\/2025\/11\/2BAT-Programacio-anual-Matematiques-Aplicades-a-les-CCSS-per-competencies-2025-26.pdf\">2BAT Programaci\u00f3 anual Matem\u00e0tiques Aplicades a les CCSS per compet\u00e8ncies 2025-26<\/a><\/p>\n<p><a href=\"https:\/\/agora.xtec.cat\/insserrademiramar\/wp-content\/uploads\/usu2047\/2025\/11\/2BAT-Programacio-anual-Matematiques-per-competencies-2025-26.pdf\">2BAT Programaci\u00f3 anual Matem\u00e0tiques per compet\u00e8ncies 2025-26<\/a><\/p>\n","protected":false},"excerpt":{"rendered":"<p><a href=\"https:\/\/agora.xtec.cat\/insserrademiramar\/wp-content\/uploads\/usu2047\/2025\/10\/1ESO-Programacio-anual-Matematiques-per-competencies-2025-26.pdf\">1ESO Programaci\u00f3 anual Matem\u00e0tiques per compet\u00e8ncies 2025-26<\/a><br \/>\n<a href=\"https:\/\/agora.xtec.cat\/insserrademiramar\/wp-content\/uploads\/usu2047\/2025\/10\/2ESO-Programacio-anual-Matematiques-per-competencies-2025-26.pdf\">2ESO Programaci\u00f3 anual Matem\u00e0tiques per compet\u00e8ncies 2025-26<\/a><br \/>\n<a href=\"https:\/\/agora.xtec.cat\/insserrademiramar\/wp-content\/uploads\/usu2047\/2025\/10\/3ESO-Programacio-anual-Matematiques-per-competencies-2025-26.pdf\">3ESO Programaci\u00f3 anual Matem\u00e0tiques per compet\u00e8ncies 2025-26<\/a><br \/>\n<a href=\"https:\/\/agora.xtec.cat\/insserrademiramar\/wp-content\/uploads\/usu2047\/2025\/10\/4ESO-Programacio-anual-Matematiques-per-competencies-2025-26.pdf\">4ESO Programaci\u00f3 anual Matem\u00e0tiques per compet\u00e8ncies 2025-26<\/a><br \/>\n<a href=\"https:\/\/agora.xtec.cat\/insserrademiramar\/wp-content\/uploads\/usu2047\/2025\/11\/1BAT-Programacio-anual-Matematiques-Aplicades-a-les-CCSS-per-competencies-2025-26.pdf\">1BAT Programaci\u00f3 anual Matem\u00e0tiques Aplicades a les CCSS per compet\u00e8ncies 2025-26<\/a><br \/>\n<a href=\"https:\/\/agora.xtec.cat\/insserrademiramar\/wp-content\/uploads\/usu2047\/2025\/11\/1BAT-Programacio-anual-Matematiques-per-competencies-2025-26.pdf\">1BAT Programaci\u00f3 anual Matem\u00e0tiques per&hellip;  <a href=\"https:\/\/agora.xtec.cat\/insserrademiramar\/programacions-curs-2025-26\/\" title=\"Read Programacions curs 2025-26\">Llegeix m\u00e9s\u00bb<\/a><\/p>\n","protected":false},"author":5,"featured_media":0,"parent":0,"menu_order":0,"comment_status":"closed","ping_status":"closed","template":"","meta":{"_bbp_topic_count":0,"_bbp_reply_count":0,"_bbp_total_topic_count":0,"_bbp_total_reply_count":0,"_bbp_voice_count":0,"_bbp_anonymous_reply_count":0,"_bbp_topic_count_hidden":0,"_bbp_reply_count_hidden":0,"_bbp_forum_subforum_count":0,"footnotes":""},"class_list":["post-2678","page","type-page","status-publish","hentry"],"post_mailing_queue_ids":[],"_links":{"self":[{"href":"https:\/\/agora.xtec.cat\/insserrademiramar\/wp-json\/wp\/v2\/pages\/2678","targetHints":{"allow":["GET"]}}],"collection":[{"href":"https:\/\/agora.xtec.cat\/insserrademiramar\/wp-json\/wp\/v2\/pages"}],"about":[{"href":"https:\/\/agora.xtec.cat\/insserrademiramar\/wp-json\/wp\/v2\/types\/page"}],"author":[{"embeddable":true,"href":"https:\/\/agora.xtec.cat\/insserrademiramar\/wp-json\/wp\/v2\/users\/5"}],"replies":[{"embeddable":true,"href":"https:\/\/agora.xtec.cat\/insserrademiramar\/wp-json\/wp\/v2\/comments?post=2678"}],"version-history":[{"count":7,"href":"https:\/\/agora.xtec.cat\/insserrademiramar\/wp-json\/wp\/v2\/pages\/2678\/revisions"}],"predecessor-version":[{"id":3393,"href":"https:\/\/agora.xtec.cat\/insserrademiramar\/wp-json\/wp\/v2\/pages\/2678\/revisions\/3393"}],"wp:attachment":[{"href":"https:\/\/agora.xtec.cat\/insserrademiramar\/wp-json\/wp\/v2\/media?parent=2678"}],"curies":[{"name":"wp","href":"https:\/\/api.w.org\/{rel}","templated":true}]}}