{"id":2209,"date":"2023-10-02T10:40:37","date_gmt":"2023-10-02T08:40:37","guid":{"rendered":"https:\/\/agora.xtec.cat\/insserrademiramar\/?page_id=2209"},"modified":"2025-10-06T12:15:02","modified_gmt":"2025-10-06T10:15:02","slug":"xerrada-i-taller-criptografia-1batxillerat","status":"publish","type":"page","link":"https:\/\/agora.xtec.cat\/insserrademiramar\/departament-de-matematiques\/xerrada-i-taller-criptografia-1batxillerat\/","title":{"rendered":"XERRADA i TALLER CRIPTOGRAFIA 1BATXILLERAT"},"content":{"rendered":"<p>El dimecres 17 de desembre del 2025 es dur\u00e0 terme la seg\u00fcent activitat divulgativa per TOT l&#8217;alumnat de 1BAT:<\/p>\n<p>-Xerrada sobre Alan Turing<\/p>\n<p>-Taller de criptografia en 2 sessions de 30 alumnes<\/p>\n<p>Es tracta d&#8217;un apropament a la hist\u00f2ria de la criptografia tot desvelant una aplicaci\u00f3 l\u00fadica i apassionant de les matem\u00e0tiques<\/p>\n<p>A c\u00e0rrec d&#8217;\u00d2scar Font, ponent i tallerista de l&#8217;activitat.<\/p>\n<p>L&#8217;activitat est\u00e0 patrocinada per l&#8217;AMPA del Serra de Miramar.<\/p>\n<p>&nbsp;<\/p>\n","protected":false},"excerpt":{"rendered":"<p>El dimecres 17 de desembre del 2025 es dur\u00e0 terme la seg\u00fcent activitat divulgativa per TOT l&#8217;alumnat de 1BAT:<br \/>\n-Xerrada sobre Alan Turing<br \/>\n-Taller de criptografia en 2 sessions de 30 alumnes<br \/>\nEs tracta d&#8217;un apropament a la hist\u00f2ria de la criptografia tot desvelant una aplicaci\u00f3 l\u00fadica i&hellip;  <a href=\"https:\/\/agora.xtec.cat\/insserrademiramar\/departament-de-matematiques\/xerrada-i-taller-criptografia-1batxillerat\/\" title=\"Read XERRADA i TALLER CRIPTOGRAFIA 1BATXILLERAT\">Llegeix m\u00e9s\u00bb<\/a><\/p>\n","protected":false},"author":5,"featured_media":0,"parent":586,"menu_order":0,"comment_status":"closed","ping_status":"closed","template":"","meta":{"_bbp_topic_count":0,"_bbp_reply_count":0,"_bbp_total_topic_count":0,"_bbp_total_reply_count":0,"_bbp_voice_count":0,"_bbp_anonymous_reply_count":0,"_bbp_topic_count_hidden":0,"_bbp_reply_count_hidden":0,"_bbp_forum_subforum_count":0,"footnotes":""},"class_list":["post-2209","page","type-page","status-publish","hentry"],"post_mailing_queue_ids":[],"_links":{"self":[{"href":"https:\/\/agora.xtec.cat\/insserrademiramar\/wp-json\/wp\/v2\/pages\/2209","targetHints":{"allow":["GET"]}}],"collection":[{"href":"https:\/\/agora.xtec.cat\/insserrademiramar\/wp-json\/wp\/v2\/pages"}],"about":[{"href":"https:\/\/agora.xtec.cat\/insserrademiramar\/wp-json\/wp\/v2\/types\/page"}],"author":[{"embeddable":true,"href":"https:\/\/agora.xtec.cat\/insserrademiramar\/wp-json\/wp\/v2\/users\/5"}],"replies":[{"embeddable":true,"href":"https:\/\/agora.xtec.cat\/insserrademiramar\/wp-json\/wp\/v2\/comments?post=2209"}],"version-history":[{"count":3,"href":"https:\/\/agora.xtec.cat\/insserrademiramar\/wp-json\/wp\/v2\/pages\/2209\/revisions"}],"predecessor-version":[{"id":3257,"href":"https:\/\/agora.xtec.cat\/insserrademiramar\/wp-json\/wp\/v2\/pages\/2209\/revisions\/3257"}],"up":[{"embeddable":true,"href":"https:\/\/agora.xtec.cat\/insserrademiramar\/wp-json\/wp\/v2\/pages\/586"}],"wp:attachment":[{"href":"https:\/\/agora.xtec.cat\/insserrademiramar\/wp-json\/wp\/v2\/media?parent=2209"}],"curies":[{"name":"wp","href":"https:\/\/api.w.org\/{rel}","templated":true}]}}