{"id":1739,"date":"2022-06-16T11:08:16","date_gmt":"2022-06-16T09:08:16","guid":{"rendered":"https:\/\/agora.xtec.cat\/insserrademiramar\/?page_id=1739"},"modified":"2023-05-15T13:35:12","modified_gmt":"2023-05-15T11:35:12","slug":"avaluacio","status":"publish","type":"page","link":"https:\/\/agora.xtec.cat\/insserrademiramar\/estrategia-digital-de-centre\/estrategia-digital\/avaluacio\/","title":{"rendered":"Avaluaci\u00f3"},"content":{"rendered":"<p>L&#8217;Assoliment de les activitats planificades s&#8217;analitzen internament i aqu\u00ed mostrem els resultats<\/p>\n<p><iframe loading=\"lazy\" src=\"https:\/\/docs.google.com\/spreadsheets\/d\/e\/2PACX-1vQW6RkoaWOqhmLo6UO_HaumDgnTmBhNTtXk4DllQVPsxW0VoE0VLd-qxQEimuJ9lrpfXEG6DUDjDIfa\/pubchart?oid=368453033&amp;format=interactive\" width=\"475\" height=\"294\" frameborder=\"0\" scrolling=\"no\" seamless=\"\"><\/iframe><\/p>\n<table dir=\"ltr\" border=\"1\" cellspacing=\"0\" cellpadding=\"0\">\n<colgroup>\n<col width=\"41\" \/>\n<col width=\"278\" \/><\/colgroup>\n<tbody>\n<tr>\n<td data-sheets-value=\"{&quot;1&quot;:2,&quot;2&quot;:&quot;N obj&quot;}\">N obj<\/td>\n<td data-sheets-value=\"{&quot;1&quot;:2,&quot;2&quot;:&quot;Objectius&quot;}\">Objectius<\/td>\n<\/tr>\n<tr>\n<td data-sheets-value=\"{&quot;1&quot;:2,&quot;2&quot;:&quot;O1&quot;}\" data-sheets-formula=\"=Objectius!R[0]C[0]\">O1<\/td>\n<td data-sheets-value=\"{&quot;1&quot;:2,&quot;2&quot;:&quot;Elaborar el document de l'EDC per complir amb els objectius del PEDC.&quot;}\" data-sheets-formula=\"=iferror(VLOOKUP(R[0]C[-1];Objectius!C[-1]:C[1];3;false);&quot;Introduir ref. de l'objectiu&quot;)\">Elaborar el document de l&#8217;EDC per complir amb els objectius del PEDC.<\/td>\n<\/tr>\n<tr>\n<td data-sheets-value=\"{&quot;1&quot;:2,&quot;2&quot;:&quot;O2&quot;}\" data-sheets-formula=\"=Objectius!R[0]C[0]\">O2<\/td>\n<td data-sheets-value=\"{&quot;1&quot;:2,&quot;2&quot;:&quot;Identificar normes sobre drets d'autor, llic\u00e8ncies d'\u00fas i seguretat a internet per conscienciar i evitar riscos.&quot;}\" data-sheets-formula=\"=iferror(VLOOKUP(R[0]C[-1];Objectius!C[-1]:C[1];3;false);&quot;Introduir ref. de l'objectiu&quot;)\">Identificar normes sobre drets d&#8217;autor, llic\u00e8ncies d&#8217;\u00fas i seguretat a internet per conscienciar i evitar riscos.<\/td>\n<\/tr>\n<tr>\n<td data-sheets-value=\"{&quot;1&quot;:2,&quot;2&quot;:&quot;O3&quot;}\" data-sheets-formula=\"=Objectius!R[0]C[0]\">O3<\/td>\n<td data-sheets-value=\"{&quot;1&quot;:2,&quot;2&quot;:&quot;Optimitzar l'\u00fas de la gesti\u00f3 digital amb les aplicacions o mecanismes necessaris per millorar la comunicaci\u00f3 amb les fam\u00edlies i la reducci\u00f3 de l'\u00fas de paper.&quot;}\" data-sheets-formula=\"=iferror(VLOOKUP(R[0]C[-1];Objectius!C[-1]:C[1];3;false);&quot;Introduir ref. de l'objectiu&quot;)\">Optimitzar l&#8217;\u00fas de la gesti\u00f3 digital amb les aplicacions o mecanismes necessaris per millorar la comunicaci\u00f3 amb les fam\u00edlies i la reducci\u00f3 de l&#8217;\u00fas de paper.<\/td>\n<\/tr>\n<tr>\n<td data-sheets-value=\"{&quot;1&quot;:2,&quot;2&quot;:&quot;O4&quot;}\" data-sheets-formula=\"=Objectius!R[0]C[0]\">O4<\/td>\n<td data-sheets-value=\"{&quot;1&quot;:2,&quot;2&quot;:&quot;Fomentar l'\u00fas i creaci\u00f3 de dossier d'aprenentatge amb alumnat&quot;}\" data-sheets-formula=\"=iferror(VLOOKUP(R[0]C[-1];Objectius!C[-1]:C[1];3;false);&quot;Introduir ref. de l'objectiu&quot;)\">Fomentar l&#8217;\u00fas i creaci\u00f3 de dossier d&#8217;aprenentatge amb alumnat<\/td>\n<\/tr>\n<tr>\n<td data-sheets-value=\"{&quot;1&quot;:2,&quot;2&quot;:&quot;O5&quot;}\" data-sheets-formula=\"=Objectius!R[0]C[0]\">O5<\/td>\n<td data-sheets-value=\"{&quot;1&quot;:2,&quot;2&quot;:&quot;Enfocar, seq\u00fcenciar i avaluar l'\u00fas de les tecnologies per a la Compet\u00e8ncia Digital de l'Alumnat (CDA)&quot;}\" data-sheets-formula=\"=iferror(VLOOKUP(R[0]C[-1];Objectius!C[-1]:C[1];3;false);&quot;Introduir ref. de l'objectiu&quot;)\">Enfocar, seq\u00fcenciar i avaluar l&#8217;\u00fas de les tecnologies per a la Compet\u00e8ncia Digital de l&#8217;Alumnat (CDA)<\/td>\n<\/tr>\n<tr>\n<td data-sheets-value=\"{&quot;1&quot;:2,&quot;2&quot;:&quot;O6&quot;}\" data-sheets-formula=\"=Objectius!R[0]C[0]\">O6<\/td>\n<td data-sheets-value=\"{&quot;1&quot;:2,&quot;2&quot;:&quot;Fer formaci\u00f3 digital per al professorat del centre per tal que sigui digitalment compent&quot;}\" data-sheets-formula=\"=iferror(VLOOKUP(R[0]C[-1];Objectius!C[-1]:C[1];3;false);&quot;Introduir ref. de l'objectiu&quot;)\">Fer formaci\u00f3 digital per al professorat del centre per tal que sigui digitalment compent<\/td>\n<\/tr>\n<tr>\n<td data-sheets-value=\"{&quot;1&quot;:2,&quot;2&quot;:&quot;O7&quot;}\" data-sheets-formula=\"=Objectius!R[0]C[0]\">O7<\/td>\n<td data-sheets-value=\"{&quot;1&quot;:2,&quot;2&quot;:&quot;Programar i fer manteniment, altes i baixes d'usuaris a les plataformes, gestionar equips del centre i incid\u00e8ncies t\u00e8cniques per optimitzar els recursos.&quot;}\" data-sheets-formula=\"=iferror(VLOOKUP(R[0]C[-1];Objectius!C[-1]:C[1];3;false);&quot;Introduir ref. de l'objectiu&quot;)\">Programar i fer manteniment, altes i baixes d&#8217;usuaris a les plataformes, gestionar equips del centre i incid\u00e8ncies t\u00e8cniques per optimitzar els recursos.<\/td>\n<\/tr>\n<\/tbody>\n<\/table>\n","protected":false},"excerpt":{"rendered":"<p>L&#8217;Assoliment de les activitats planificades s&#8217;analitzen internament i aqu\u00ed mostrem els resultats<\/p>\n<p>N obj<br \/>\nObjectius<\/p>\n<p>O1<br \/>\nElaborar el document de l&#8217;EDC per complir amb els objectius del PEDC.<\/p>\n<p>O2<br \/>\nIdentificar normes sobre drets d&#8217;autor, llic\u00e8ncies d&#8217;\u00fas i seguretat a internet per conscienciar i evitar riscos.<\/p>\n<p>O3<br \/>\nOptimitzar l&#8217;\u00fas de la gesti\u00f3 digital amb&hellip;  <a href=\"https:\/\/agora.xtec.cat\/insserrademiramar\/estrategia-digital-de-centre\/estrategia-digital\/avaluacio\/\" title=\"Read Avaluaci\u00f3\">Llegeix m\u00e9s\u00bb<\/a><\/p>\n","protected":false},"author":1,"featured_media":0,"parent":1727,"menu_order":0,"comment_status":"closed","ping_status":"closed","template":"page-templates\/side-menu.php","meta":{"_bbp_topic_count":0,"_bbp_reply_count":0,"_bbp_total_topic_count":0,"_bbp_total_reply_count":0,"_bbp_voice_count":0,"_bbp_anonymous_reply_count":0,"_bbp_topic_count_hidden":0,"_bbp_reply_count_hidden":0,"_bbp_forum_subforum_count":0,"footnotes":""},"class_list":["post-1739","page","type-page","status-publish","hentry"],"post_mailing_queue_ids":[],"_links":{"self":[{"href":"https:\/\/agora.xtec.cat\/insserrademiramar\/wp-json\/wp\/v2\/pages\/1739","targetHints":{"allow":["GET"]}}],"collection":[{"href":"https:\/\/agora.xtec.cat\/insserrademiramar\/wp-json\/wp\/v2\/pages"}],"about":[{"href":"https:\/\/agora.xtec.cat\/insserrademiramar\/wp-json\/wp\/v2\/types\/page"}],"author":[{"embeddable":true,"href":"https:\/\/agora.xtec.cat\/insserrademiramar\/wp-json\/wp\/v2\/users\/1"}],"replies":[{"embeddable":true,"href":"https:\/\/agora.xtec.cat\/insserrademiramar\/wp-json\/wp\/v2\/comments?post=1739"}],"version-history":[{"count":3,"href":"https:\/\/agora.xtec.cat\/insserrademiramar\/wp-json\/wp\/v2\/pages\/1739\/revisions"}],"predecessor-version":[{"id":2099,"href":"https:\/\/agora.xtec.cat\/insserrademiramar\/wp-json\/wp\/v2\/pages\/1739\/revisions\/2099"}],"up":[{"embeddable":true,"href":"https:\/\/agora.xtec.cat\/insserrademiramar\/wp-json\/wp\/v2\/pages\/1727"}],"wp:attachment":[{"href":"https:\/\/agora.xtec.cat\/insserrademiramar\/wp-json\/wp\/v2\/media?parent=1739"}],"curies":[{"name":"wp","href":"https:\/\/api.w.org\/{rel}","templated":true}]}}