{"id":1730,"date":"2022-06-16T10:55:32","date_gmt":"2022-06-16T08:55:32","guid":{"rendered":"https:\/\/agora.xtec.cat\/insserrademiramar\/?page_id=1730"},"modified":"2023-11-13T12:59:34","modified_gmt":"2023-11-13T11:59:34","slug":"objectius","status":"publish","type":"page","link":"https:\/\/agora.xtec.cat\/insserrademiramar\/estrategia-digital-de-centre\/estrategia-digital\/objectius\/","title":{"rendered":"Objectius"},"content":{"rendered":"<p><iframe loading=\"lazy\" src=\"https:\/\/docs.google.com\/spreadsheets\/d\/e\/2PACX-1vQfWFSjE8lSIXMqauuUz437U7Q094CPHX7mdo9SF2Sg1oclLa5MZWrJBDgV_sGYF-CVj2GEZJj8GEgK\/pubhtml?widget=true&amp;headers=false\" width=\"980\" height=\"500\"><span style=\"display: inline-block; width: 0px; overflow: hidden; line-height: 0;\" data-mce-type=\"bookmark\" class=\"mce_SELRES_start\">\ufeff<\/span><\/iframe><\/p>\n<p>Objectius pel curs 22-23<\/p>\n<ul>\n<li>Elaborar el document de l&#8217;EDC per complir amb els objectius del PEDC.<\/li>\n<li>Identificar normes sobre drets d&#8217;autor, llic\u00e8ncies d&#8217;\u00fas i seguretat a internet per conscienciar i evitar riscos.<\/li>\n<li>Optimitzar l&#8217;\u00fas de la gesti\u00f3 digital amb les aplicacions o mecanismes necessaris per millorar la comunicaci\u00f3 amb les fam\u00edlies i la reducci\u00f3 de l&#8217;\u00fas de paper.<\/li>\n<li>Enfocar, seq\u00fcenciar i avaluar l&#8217;\u00fas de les tecnologies per a la Compet\u00e8ncia Digital de l&#8217;Alumnat (CDA)<\/li>\n<li>Fer formaci\u00f3 digital per al professorat del centre per tal que sigui digitalment compent<\/li>\n<li>Programar i fer manteniment, altes i baixes d&#8217;usuaris a les plataformes, gestionar equips del centre i incid\u00e8ncies t\u00e8cniques per optimitzar els recursos.<\/li>\n<\/ul>\n<p>Objectius pel curs 23-24<\/p>\n<ul>\n<li>Fomentar l&#8217;\u00fas i creaci\u00f3 de dossier d&#8217;aprenentatge amb alumnat<\/li>\n<li>Enfocar, seq\u00fcenciar i avaluar l&#8217;\u00fas de les tecnologies per a la Compet\u00e8ncia Digital de l&#8217;Alumnat (CDA)<\/li>\n<\/ul>\n","protected":false},"excerpt":{"rendered":"<p>\ufeff<br \/>\nObjectius pel curs 22-23<\/p>\n<ul>\n<li>Elaborar el document de l&#8217;EDC per complir amb els objectius del PEDC.<\/li>\n<li>Identificar normes sobre drets d&#8217;autor, llic\u00e8ncies d&#8217;\u00fas i seguretat a internet per conscienciar i evitar riscos.<\/li>\n<li>Optimitzar l&#8217;\u00fas de la gesti\u00f3 digital amb les aplicacions o mecanismes necessaris per millorar la comunicaci\u00f3&hellip;  <a href=\"https:\/\/agora.xtec.cat\/insserrademiramar\/estrategia-digital-de-centre\/estrategia-digital\/objectius\/\" title=\"Read Objectius\">Llegeix m\u00e9s\u00bb<\/a><br \/>\n","protected":false},"author":1,"featured_media":0,"parent":1727,"menu_order":0,"comment_status":"closed","ping_status":"closed","template":"page-templates\/side-menu.php","meta":{"_bbp_topic_count":0,"_bbp_reply_count":0,"_bbp_total_topic_count":0,"_bbp_total_reply_count":0,"_bbp_voice_count":0,"_bbp_anonymous_reply_count":0,"_bbp_topic_count_hidden":0,"_bbp_reply_count_hidden":0,"_bbp_forum_subforum_count":0,"footnotes":""},"class_list":["post-1730","page","type-page","status-publish","hentry"],"post_mailing_queue_ids":[],"_links":{"self":[{"href":"https:\/\/agora.xtec.cat\/insserrademiramar\/wp-json\/wp\/v2\/pages\/1730","targetHints":{"allow":["GET"]}}],"collection":[{"href":"https:\/\/agora.xtec.cat\/insserrademiramar\/wp-json\/wp\/v2\/pages"}],"about":[{"href":"https:\/\/agora.xtec.cat\/insserrademiramar\/wp-json\/wp\/v2\/types\/page"}],"author":[{"embeddable":true,"href":"https:\/\/agora.xtec.cat\/insserrademiramar\/wp-json\/wp\/v2\/users\/1"}],"replies":[{"embeddable":true,"href":"https:\/\/agora.xtec.cat\/insserrademiramar\/wp-json\/wp\/v2\/comments?post=1730"}],"version-history":[{"count":5,"href":"https:\/\/agora.xtec.cat\/insserrademiramar\/wp-json\/wp\/v2\/pages\/1730\/revisions"}],"predecessor-version":[{"id":2281,"href":"https:\/\/agora.xtec.cat\/insserrademiramar\/wp-json\/wp\/v2\/pages\/1730\/revisions\/2281"}],"up":[{"embeddable":true,"href":"https:\/\/agora.xtec.cat\/insserrademiramar\/wp-json\/wp\/v2\/pages\/1727"}],"wp:attachment":[{"href":"https:\/\/agora.xtec.cat\/insserrademiramar\/wp-json\/wp\/v2\/media?parent=1730"}],"curies":[{"name":"wp","href":"https:\/\/api.w.org\/{rel}","templated":true}]}}