{"id":9,"date":"2022-08-31T20:25:01","date_gmt":"2022-08-31T18:25:01","guid":{"rendered":"http:\/\/agora.xtec.cat\/inssantquirzelloret\/?page_id=9"},"modified":"2026-05-04T08:03:59","modified_gmt":"2026-05-04T06:03:59","slug":"pagina-dinici-buida","status":"publish","type":"page","link":"https:\/\/agora.xtec.cat\/inssantquirzelloret\/","title":{"rendered":"Ens presentem"},"content":{"rendered":"<h3 style=\"text-align: center;\">PREINSCRIPCI\u00d3 2026-2027<\/h3>\n<p style=\"text-align: center;\"><a href=\"https:\/\/docs.google.com\/presentation\/d\/1lxKn6p2Pv1tieuX-Feyke_YCD2YuPWlUpxoD2_QkY5Q\/edit?usp=drive_link\">Enlla\u00e7 a la presentaci\u00f3 de les Portes Obertes<\/a><\/p>\n<p style=\"text-align: center;\">Concertar hora per tel\u00e8fon (972654131 &#8211; 677071297) o b\u00e9 enviant correu al centre (b7010700@xtec)<\/p>\n<p style=\"text-align: center;\"><a href=\"https:\/\/drive.google.com\/file\/d\/19nSF3uu45TainWkGG-gs9dzbl_SHN-bQ\/view?usp=drive_link\">Oferta inicial Batxillerat (8-4-2026)<\/a><\/p>\n<p style=\"text-align: center;\"><a href=\"https:\/\/drive.google.com\/file\/d\/1Zd2nSJCJl0cu7XDJ2KiF-KzJ_GH2v4QA\/view?usp=drive_link\">Barem provisional ESO (15-4-2026)<\/a><\/p>\n<p style=\"text-align: center;\"><a href=\"https:\/\/drive.google.com\/file\/d\/19kMQn2cv7p6Y6WWRNZnQqV9hUarnKApV\/view?usp=drive_link\">Barem amb puntuacions ESO (23-4-2026)<\/a><\/p>\n<p style=\"text-align: center;\"><a href=\"https:\/\/drive.google.com\/file\/d\/103UnUgYvtfmrxfIQoyjOt4bCkPzBqjkV\/view?usp=drive_link\">Barem definitiu ordenat (29-4-2026)<\/a><\/p>\n<p>&nbsp;<\/p>\n<p>&nbsp;<\/p>\n<p>&nbsp;<\/p>\n<h3><\/h3>\n<h3 style=\"text-align: center;\"><b>Convocat\u00f2ria proves GESO 2026<\/b><\/h3>\n<p><a href=\"https:\/\/dogc.gencat.cat\/ca\/document-del-dogc\/?documentId=991146\"><span style=\"font-weight: 400;\">RESOLUCI\u00d3 EDU\/2730\/2024, de 16 de juliol<\/span><\/a><span style=\"font-weight: 400;\">, per la qual es regula la convocat\u00f2ria anual de la prova per a l&#8217;obtenci\u00f3 del t\u00edtol de graduat o graduada en educaci\u00f3 secund\u00e0ria obligat\u00f2ria per a l&#8217;alumnat que no l&#8217;hagi obtingut en finalitzar l&#8217;etapa esmentada.<\/span><\/p>\n<h4 style=\"text-align: center;\"><b>Calendari<\/b><\/h4>\n<p><b>Inscripci\u00f3:\u00a0<\/b><span style=\"font-weight: 400;\">Del 2 al 13 de febrer en l\u2019horari habitual de la secretaria, de 8:15 a 14:45.<\/span><\/p>\n<p><b>Calendari de proves i llistes de persones admeses i excloses:\u00a0<\/b><span style=\"font-weight: 400;\">Fins al 2 de mar\u00e7 de 2026. Tamb\u00e9 s&#8217;inclouran les mat\u00e8ries objecte de la prova.<\/span><\/p>\n<p><span style=\"font-weight: 400;\">Del 3 al 5 de mar\u00e7 de 2026, els aspirants exclosos poden presentar una <\/span><span style=\"font-weight: 400;\">reclamaci\u00f3 davant la direcci\u00f3 del centre.<\/span><\/p>\n<p><b>Realitzaci\u00f3 de la prova: <\/b><span style=\"font-weight: 400;\">Durant el mes de mar\u00e7 de 2026. Els alumnes han de portar l&#8217;original del DNI, targeta de resid\u00e8ncia, passaport o qualsevol altre document identificatiu oficial en vigor.\u00a0<\/span><\/p>\n<p><b>Curr\u00edculum: <\/b><a href=\"https:\/\/docs.google.com\/document\/d\/1ccCSM1cWdd0vpbErKSHRMjkGvRLOIYUKE-mrttnALS4\/edit?usp=sharing\"><span style=\"font-weight: 400;\" data-rich-links=\"{&quot;fple-t&quot;:&quot;Curr\u00edmulum mat\u00e8ries 4t ESO GESO &quot;,&quot;fple-u&quot;:&quot;https:\/\/docs.google.com\/document\/d\/1ccCSM1cWdd0vpbErKSHRMjkGvRLOIYUKE-mrttnALS4\/edit?usp=sharing&quot;,&quot;fple-mt&quot;:&quot;application\/vnd.google-apps.document&quot;,&quot;type&quot;:&quot;first-party-link&quot;}\">Curr\u00edmulum mat\u00e8ries 4t ESO GESO <\/span><\/a><\/p>\n<p>&nbsp;<\/p>\n","protected":false},"excerpt":{"rendered":"<p>PREINSCRIPCI\u00d3 2026-2027<br \/>\n<a href=\"https:\/\/docs.google.com\/presentation\/d\/1lxKn6p2Pv1tieuX-Feyke_YCD2YuPWlUpxoD2_QkY5Q\/edit?usp=drive_link\">Enlla\u00e7 a la presentaci\u00f3 de les Portes Obertes<\/a><br \/>\nConcertar hora per tel\u00e8fon (972654131 &#8211; 677071297) o b\u00e9 enviant correu al centre (b7010700@xtec)<br \/>\n<a href=\"https:\/\/drive.google.com\/file\/d\/19nSF3uu45TainWkGG-gs9dzbl_SHN-bQ\/view?usp=drive_link\">Oferta inicial Batxillerat (8-4-2026)<\/a><br \/>\n<a href=\"https:\/\/drive.google.com\/file\/d\/1Zd2nSJCJl0cu7XDJ2KiF-KzJ_GH2v4QA\/view?usp=drive_link\">Barem provisional ESO (15-4-2026)<\/a><br \/>\n<a href=\"https:\/\/drive.google.com\/file\/d\/19kMQn2cv7p6Y6WWRNZnQqV9hUarnKApV\/view?usp=drive_link\">Barem amb puntuacions ESO (23-4-2026)<\/a><br \/>\n<a href=\"https:\/\/drive.google.com\/file\/d\/103UnUgYvtfmrxfIQoyjOt4bCkPzBqjkV\/view?usp=drive_link\">Barem definitiu ordenat (29-4-2026)<\/a><br \/>\n&nbsp;<br \/>\n&nbsp;<br \/>\n&nbsp;<\/p>\n<p>Convocat\u00f2ria proves GESO 2026<br \/>\n<a href=\"https:\/\/dogc.gencat.cat\/ca\/document-del-dogc\/?documentId=991146\">RESOLUCI\u00d3 EDU\/2730\/2024,&hellip;  <a href=\"https:\/\/agora.xtec.cat\/inssantquirzelloret\/\" title=\"Read Ens presentem\">Llegeix m\u00e9s\u00bb<\/a><\/p>\n","protected":false},"author":1,"featured_media":0,"parent":7,"menu_order":1,"comment_status":"closed","ping_status":"closed","template":"page-templates\/front-page.php","meta":{"_bbp_topic_count":0,"_bbp_reply_count":0,"_bbp_total_topic_count":0,"_bbp_total_reply_count":0,"_bbp_voice_count":0,"_bbp_anonymous_reply_count":0,"_bbp_topic_count_hidden":0,"_bbp_reply_count_hidden":0,"_bbp_forum_subforum_count":0,"footnotes":""},"class_list":["post-9","page","type-page","status-publish","hentry"],"post_mailing_queue_ids":[],"_links":{"self":[{"href":"https:\/\/agora.xtec.cat\/inssantquirzelloret\/wp-json\/wp\/v2\/pages\/9","targetHints":{"allow":["GET"]}}],"collection":[{"href":"https:\/\/agora.xtec.cat\/inssantquirzelloret\/wp-json\/wp\/v2\/pages"}],"about":[{"href":"https:\/\/agora.xtec.cat\/inssantquirzelloret\/wp-json\/wp\/v2\/types\/page"}],"author":[{"embeddable":true,"href":"https:\/\/agora.xtec.cat\/inssantquirzelloret\/wp-json\/wp\/v2\/users\/1"}],"replies":[{"embeddable":true,"href":"https:\/\/agora.xtec.cat\/inssantquirzelloret\/wp-json\/wp\/v2\/comments?post=9"}],"version-history":[{"count":7,"href":"https:\/\/agora.xtec.cat\/inssantquirzelloret\/wp-json\/wp\/v2\/pages\/9\/revisions"}],"predecessor-version":[{"id":2634,"href":"https:\/\/agora.xtec.cat\/inssantquirzelloret\/wp-json\/wp\/v2\/pages\/9\/revisions\/2634"}],"up":[{"embeddable":true,"href":"https:\/\/agora.xtec.cat\/inssantquirzelloret\/wp-json\/wp\/v2\/pages\/7"}],"wp:attachment":[{"href":"https:\/\/agora.xtec.cat\/inssantquirzelloret\/wp-json\/wp\/v2\/media?parent=9"}],"curies":[{"name":"wp","href":"https:\/\/api.w.org\/{rel}","templated":true}]}}