{"id":816,"date":"2020-04-13T19:53:12","date_gmt":"2020-04-13T17:53:12","guid":{"rendered":"https:\/\/agora.xtec.cat\/inssantquirzelloret\/?page_id=816"},"modified":"2025-02-14T12:03:49","modified_gmt":"2025-02-14T11:03:49","slug":"biblioteca","status":"publish","type":"page","link":"https:\/\/agora.xtec.cat\/inssantquirzelloret\/biblioteca\/","title":{"rendered":"BIBLIOTECA"},"content":{"rendered":"<p><a href=\"https:\/\/aplicacions.gestioeducativa.gencat.cat\/epergam\/web\/biblioteca.jsp?codi=17010700\" target=\"_blank\" rel=\"noopener noreferrer\"><img loading=\"lazy\" decoding=\"async\" class=\"alignleft wp-image-822 size-full\" src=\"https:\/\/agora.xtec.cat\/inssantquirzelloret\/wp-content\/uploads\/usu996\/2020\/04\/epergam.png\" alt=\"\" width=\"150\" height=\"47\" \/><\/a>Des d&#8217;aquesta p\u00e0gina podeu accedir al cat\u00e0leg de la biblioteca i veure les diferents activitats que proposem. Enlla\u00e7:<a href=\"https:\/\/aplicacions.gestioeducativa.gencat.cat\/epergam\/web\/biblioteca.jsp\">https:\/\/aplicacions.gestioeducativa.gencat.cat\/epergam\/web\/biblioteca.jsp<\/a><\/p>\n<p><a href=\"https:\/\/agora.xtec.cat\/inssantquirzelloret\/wp-content\/uploads\/usu996\/2020\/04\/20190924_103849.jpg\"><img loading=\"lazy\" decoding=\"async\" class=\"size-medium wp-image-818 alignnone\" src=\"https:\/\/agora.xtec.cat\/inssantquirzelloret\/wp-content\/uploads\/usu996\/2020\/04\/20190924_103849-300x180.jpg\" alt=\"\" width=\"300\" height=\"180\" srcset=\"https:\/\/agora.xtec.cat\/inssantquirzelloret\/wp-content\/uploads\/usu996\/2020\/04\/20190924_103849-300x180.jpg 300w, https:\/\/agora.xtec.cat\/inssantquirzelloret\/wp-content\/uploads\/usu996\/2020\/04\/20190924_103849-768x461.jpg 768w, https:\/\/agora.xtec.cat\/inssantquirzelloret\/wp-content\/uploads\/usu996\/2020\/04\/20190924_103849-1024x614.jpg 1024w\" sizes=\"auto, (max-width: 300px) 100vw, 300px\" \/><\/a><\/p>\n<p>Aqu\u00ed teniu una guia per usar el cat\u00e0leg de llibres, tant si sou part del professorat com de l&#8217;alumnat:<\/p>\n<p><a href=\"https:\/\/agora.xtec.cat\/inssantquirzelloret\/wp-content\/uploads\/usu996\/2020\/06\/Instruccions-funcionament-eP\u00e8rgam-Sant-Quirze.pdf\">Instruccions funcionament eP\u00e8rgam Sant Quirze<\/a><\/p>\n","protected":false},"excerpt":{"rendered":"<p><a href=\"https:\/\/aplicacions.gestioeducativa.gencat.cat\/epergam\/web\/biblioteca.jsp?codi=17010700\" target=\"_blank\" rel=\"noopener noreferrer\"><\/a>Des d&#8217;aquesta p\u00e0gina podeu accedir al cat\u00e0leg de la biblioteca i veure les diferents activitats que proposem. Enlla\u00e7:<a href=\"https:\/\/aplicacions.gestioeducativa.gencat.cat\/epergam\/web\/biblioteca.jsp\">https:\/\/aplicacions.gestioeducativa.gencat.cat\/epergam\/web\/biblioteca.jsp<\/a><br \/>\n<a href=\"https:\/\/agora.xtec.cat\/inssantquirzelloret\/wp-content\/uploads\/usu996\/2020\/04\/20190924_103849.jpg\"><\/a><br \/>\nAqu\u00ed teniu una guia per usar el cat\u00e0leg de llibres, tant si sou part del professorat com de l&#8217;alumnat:<br \/>\n<a href=\"https:\/\/agora.xtec.cat\/inssantquirzelloret\/wp-content\/uploads\/usu996\/2020\/06\/Instruccions-funcionament-eP\u00e8rgam-Sant-Quirze.pdf\">Instruccions funcionament eP\u00e8rgam&hellip;  <a href=\"https:\/\/agora.xtec.cat\/inssantquirzelloret\/biblioteca\/\" title=\"Read BIBLIOTECA\">Llegeix m\u00e9s\u00bb<\/a><\/p>\n","protected":false},"author":1,"featured_media":0,"parent":0,"menu_order":0,"comment_status":"closed","ping_status":"closed","template":"","meta":{"_bbp_topic_count":0,"_bbp_reply_count":0,"_bbp_total_topic_count":0,"_bbp_total_reply_count":0,"_bbp_voice_count":0,"_bbp_anonymous_reply_count":0,"_bbp_topic_count_hidden":0,"_bbp_reply_count_hidden":0,"_bbp_forum_subforum_count":0,"footnotes":""},"class_list":["post-816","page","type-page","status-publish","hentry"],"post_mailing_queue_ids":[],"_links":{"self":[{"href":"https:\/\/agora.xtec.cat\/inssantquirzelloret\/wp-json\/wp\/v2\/pages\/816","targetHints":{"allow":["GET"]}}],"collection":[{"href":"https:\/\/agora.xtec.cat\/inssantquirzelloret\/wp-json\/wp\/v2\/pages"}],"about":[{"href":"https:\/\/agora.xtec.cat\/inssantquirzelloret\/wp-json\/wp\/v2\/types\/page"}],"author":[{"embeddable":true,"href":"https:\/\/agora.xtec.cat\/inssantquirzelloret\/wp-json\/wp\/v2\/users\/1"}],"replies":[{"embeddable":true,"href":"https:\/\/agora.xtec.cat\/inssantquirzelloret\/wp-json\/wp\/v2\/comments?post=816"}],"version-history":[{"count":6,"href":"https:\/\/agora.xtec.cat\/inssantquirzelloret\/wp-json\/wp\/v2\/pages\/816\/revisions"}],"predecessor-version":[{"id":2165,"href":"https:\/\/agora.xtec.cat\/inssantquirzelloret\/wp-json\/wp\/v2\/pages\/816\/revisions\/2165"}],"wp:attachment":[{"href":"https:\/\/agora.xtec.cat\/inssantquirzelloret\/wp-json\/wp\/v2\/media?parent=816"}],"curies":[{"name":"wp","href":"https:\/\/api.w.org\/{rel}","templated":true}]}}